
{"id":86501,"date":"2025-04-08T13:54:33","date_gmt":"2025-04-08T12:54:33","guid":{"rendered":"https:\/\/smeclimatehub.org\/sme-climate-hub-undersokningen\/"},"modified":"2025-08-01T10:16:28","modified_gmt":"2025-08-01T09:16:28","slug":"sme-climate-hub-undersokningen","status":"publish","type":"page","link":"https:\/\/smeclimatehub.org\/sv\/sme-climate-hub-undersokningen\/","title":{"rendered":"SME Climate Hub-unders\u00f6kningen"},"content":{"rendered":"<section id=\"block-67ed198892b6c\"  class=\"hero-section align-content-top secondary-bg middle-image\">\n\t<div class=\"container\">\n\t\t<div class=\"content\">\n\t\t\t<div class=\"text\">\n\t\t\t\t<div class=\"acf-innerblocks-container\">\n\n<h2 class=\"wp-block-heading\">SME Climate Hub 2025-unders\u00f6kningen<\/h2>\n\n\n\n<p>L\u00e4r dig hur sm\u00e5 och medelstora f\u00f6retag hanterar klimatf\u00f6r\u00e4ndringarna<\/p>\n\n<\/div>\t\t\t\t\t\t\t\t\t\t\t\t\t\t\t\t\t<a target=\"_self\" class=\"button\" href=\"#readMore\">L\u00e4s mer<\/a>\n\t\t\t\t\t\t\t\t\t\t\t<\/div>\n\t\t\t\t\t\t\t\t\t\t<div class=\"image\">\n\t\t\t\t\t<img fetchpriority=\"high\" decoding=\"async\" width=\"612\" height=\"792\" src=\"https:\/\/smeclimatehub.org\/wp-content\/uploads\/2025\/04\/Title-Page.jpg\" class=\"attachment-full size-full\" alt=\"\" loading=\"eager\" srcset=\"https:\/\/smeclimatehub.org\/wp-content\/uploads\/2025\/04\/Title-Page.jpg 612w, https:\/\/smeclimatehub.org\/wp-content\/uploads\/2025\/04\/Title-Page-232x300.jpg 232w\" sizes=\"(max-width: 612px) 100vw, 612px\" \/>\t\t\t\t<\/div>\n\t\t\t\t\t\t\t\t<\/div>\n\t<\/div>\n<\/section>\n\n<section id=\"block-67f3e1966310f\" class=\"content-editor-section light-bg pt-full pb-full\">\n\t<div class=\"container\">\n\t\t<div class=\"content-block \">\n\t\t\t<div class=\"text\">\n\t\t\t\t<div class=\"acf-innerblocks-container\">\n\n<h2 class=\"wp-block-heading\">Mobilisera sm\u00e5f\u00f6retag mot netto noll<\/h2>\n\n\n\n<p>SME Climate Hub unders\u00f6kte sin globala gemenskap av sm\u00e5 och medelstora f\u00f6retag (SMF) och samlade in insikter fr\u00e5n 471 sm\u00e5 och medelstora f\u00f6retag i 53 l\u00e4nder i olika skeden av sin klimat\u00e5tg\u00e4rdsresa.<\/p>\n\n\n\n<p>Resultaten visar att en viktig trend accelererar: Sm\u00e5 och medelstora f\u00f6retag vidtar klimat\u00e5tg\u00e4rder inte bara f\u00f6r att det \u00e4r r\u00e4tt sak att g\u00f6ra, utan f\u00f6r att det \u00e4r aff\u00e4rsm\u00e4ssigt vettigt. Sm\u00e5 och medelstora f\u00f6retag beh\u00f6ver dock r\u00e4tt ekosystemst\u00f6d f\u00f6r att s\u00e4tta upp och n\u00e5 nettonollutsl\u00e4ppsm\u00e5l. <\/p>\n\n\n\n<p><a href=\"#readMore\" data-type=\"internal\" data-id=\"#readMore\">Ladda ner unders\u00f6kningen<\/a> idag f\u00f6r att b\u00e4ttre f\u00f6rst\u00e5 den drivkraft som driver sm\u00e5 och medelstora f\u00f6retags klimat\u00e5tg\u00e4rder, de hinder som kvarst\u00e5r och det politiska st\u00f6d som f\u00f6retag beh\u00f6ver f\u00f6r att minska utsl\u00e4ppen.<\/p>\n\n<\/div>\t\t\t\t\t\t\t<\/div>\n\t\t\t\t\t<\/div>\n\t<\/div>\n<\/section><section id=\"readMore\"  class=\"survey-section align-content-top light-bg\">\n\t<div class=\"container\">\n\t\t<div class=\"content\">\n\t\t\t<div class=\"form\">\n\t\t\t<form action=\"#\" id=\"downloadSurvey\" data-target=\"downloadSurvey\">\n    <div class=\"fields-group\">\n<h3>Ladda ner SME Climate Hub 2025-unders\u00f6kningen<\/h3>\n<p>L\u00e4r dig hur sm\u00e5 och medelstora f\u00f6retag hanterar klimatf\u00f6r\u00e4ndringarna.<\/p>\n\t\t\t\t\t\t\t\t\t\t\t\t\t\t\t\t\t\n<div class=\"row\">\n<div class=\"field mb-10\">\n<label for=\"f_name\">First name*<\/label>\n<input value=\"\" class=\"grey\" required=\"\" id=\"f_name\" name=\"f_name\" type=\"text\">\n<div data-target=\"error_message\" data-error-for=\"f_name\" class=\"error-message\"><\/div>\n<\/div>\t\n<div class=\"field mb-10\">\n<label for=\"l_name\">Last name*<\/label>\n<input value=\"\" class=\"grey\" required=\"\" id=\"l_name\" name=\"l_name\" type=\"text\">\n<div data-target=\"error_message\" data-error-for=\"l_name\" class=\"error-message\"><\/div>\n<\/div>\n<\/div>\n<div class=\"row\">\n<div class=\"field mb-10\">\n<label for=\"email\">E-postadress*<\/label>\n<input value=\"\" class=\"grey\" required=\"\" id=\"email\" name=\"email\" type=\"email\">\n<div data-target=\"error_message\" data-error-for=\"email\" class=\"error-message\"><\/div>\n<\/div>\n<div class=\"field mb-10\">\n<label for=\"company\">Company name*<\/label>\n<input value=\"\" class=\"grey\" required=\"\" id=\"company\" name=\"company\" type=\"text\">\n<div data-target=\"error_message\" class=\"error-message\" data-error-for=\"company\"><\/div>\n<\/div>\t\n<\/div>\n\n<div class=\"field mb-10\">\n<label for=\"organization_type\">Vilken typ av organisation \u00e4r du?*<\/label>\n            <select class=\"grey\" required=\"\" name=\"organization_type\" id=\"organization_type\">\n                <option disabled=\"disabled\" selected=\"\" value=\"\">Vilken typ av organisation \u00e4r du?*<\/option>\n                 <option value=\"SME (1-500 employees)\">SME (1-500 anst\u00e4llda)<\/option>\n                 <option value=\"Large corporate (500+ employees)\">St\u00f6rre f\u00f6retag  (>500 anst\u00e4llda)<\/option>\n                 <option value=\"Government\">Statlig<\/option>\n                 <option value=\"Bank \/ Financial institution\">Bank\/Finansiell Institution<\/option>\n                 <option value=\"Other\">Annan<\/option>\n                 <\/select>\n   \n                 <div data-target=\"error_message\" class=\"error-message\" data-error-for=\"organization_type\"><\/div>\n        <\/div>\n        <div class=\"field mb-10\" style=\"display:none;\" id=\"moreInfo\">\n<label for=\"more_info\">V\u00e4nligen ange organisationstyp<\/label>\n<input value=\"\" class=\"grey\" id=\"more_info\" name=\"more_info\" type=\"text\">\n<\/div>\t\n        <div class=\"checkbox-wrapper mb-10\">\n                <input  id=\"agree\" name=\"agree\" type=\"checkbox\" required>\n                <label for=\"agree\">Jag har l\u00e4st och accepterar SME Climate Hubs <a href=\"https:\/\/smeclimatehub.org\/privacy-policy\/\">dataskydds- och integritetspolicy<\/a> och samtycker till att l\u00e4mna mina uppgifter f\u00f6r att f\u00e5 tillg\u00e5ng till resurser p\u00e5 SME Climate Hub.*<\/label>\n                <div data-target=\"error_message\" data-error-for=\"agree\" class=\"error-message\"><\/div>\n        <\/div>\n\n        <div class=\"checkbox-wrapper mb-10\">\n                <input  id=\"newsleter\" name=\"newsleter\" type=\"checkbox\">\n                <label for=\"newsleter\">Jag vill anm\u00e4la mig till SME Climate Hubs nyhetsbrev och f\u00e5 nyhetsuppdateringar om de senaste klimatutvecklingarna.<\/label>\n        <\/div>\n            <\/div>\n<input name=\"action\" value=\"download_survey_new\" type=\"hidden\">\n\n<div class=\"wp-block-button\">\n\t\t<input type=\"hidden\" name=\"file_id\" value=\"81360\">\n\n<button type=\"button\" class=\"button\" data-target=\"downloadButton\">Download<\/button>\n\t<\/div>\n<div class=\"overlay-container\" id=\"overlay\">\n<div class=\"inside-overlay\">\n<img decoding=\"async\" src=\"https:\/\/smeclimatehub.org\/wp-content\/themes\/newsme\/assets\/images\/check.png\">\n<h3>Thank you for downloading our survey<\/h3>\n<\/div>\n<\/div>\n<\/form>\n\n\t\t\t<\/div>\n<div class=\"image\">\n<img decoding=\"async\" src=\"https:\/\/smeclimatehub.org\/wp-content\/uploads\/2025\/04\/Title-Page.jpg\">\n<\/div>\n\n\t\n\t\t<\/div>\n\n\t<\/div>\n<\/section><section id=\"block-67ee32df9e848\"  class=\"previous-surveys align-content-top light-bg\">\n<div class=\"container\">\n<div class=\"content\">\n<div class=\"title\">\nTidigare unders\u00f6kningar<\/div>\n\t        <div class=\"surveys-wrapper\">\n<div class=\"survey-block\" data-url=\"https:\/\/smeclimatehub.org\/wp-content\/uploads\/2025\/04\/SME_Climate_Hub_2024_Survey.pdf\">\n<div class=\"image\">\n<img decoding=\"async\" src=\"https:\/\/smeclimatehub.org\/wp-content\/uploads\/2025\/04\/2024-sme-survey.jpg\">\n<\/div>\n\t    <div class=\"info\">\n      <div class=\"title\">\n      Mobilisera sm\u00e5f\u00f6retag till netto noll      <\/div>\n       <div class=\"date\">\n      <p>Published<\/p>\n      <p> april 2024<\/p>\n       <\/div>\n    <\/div>\n<\/div>\n\n        <div class=\"survey-block\" data-url=\"https:\/\/smeclimatehub.org\/wp-content\/uploads\/2025\/04\/SME-Climate-Hub-Survey-2023-1.pdf\">\n<div class=\"image\">\n<img decoding=\"async\" src=\"https:\/\/smeclimatehub.org\/wp-content\/uploads\/2025\/04\/2023-sme-survey.jpg\">\n<\/div>\n\t    <div class=\"info\">\n      <div class=\"title\">\n      Klimat\u00e5tg\u00e4rder f\u00f6r sm\u00e5f\u00f6retag      <\/div>\n       <div class=\"date\">\n      <p>Published<\/p>\n      <p> april 2023<\/p>\n       <\/div>\n    <\/div>\n<\/div>\n\n        \n\n<\/div>\n<\/div>\n<\/div>\n<\/section>","protected":false},"excerpt":{"rendered":"","protected":false},"author":10027,"featured_media":0,"parent":0,"menu_order":0,"comment_status":"closed","ping_status":"closed","template":"","meta":{"_acf_changed":false,"inline_featured_image":false,"footnotes":""},"class_list":["post-86501","page","type-page","status-publish","hentry"],"acf":[],"yoast_head":"<title>SME Climate Hub-unders\u00f6kningen - SME Climate Hub<\/title>\n<meta name=\"robots\" content=\"index, follow, max-snippet:-1, max-image-preview:large, max-video-preview:-1\" \/>\n<link rel=\"canonical\" href=\"https:\/\/smeclimatehub.org\/sv\/sme-climate-hub-undersokningen\/\" \/>\n<meta property=\"og:locale\" content=\"sv_SE\" \/>\n<meta property=\"og:type\" content=\"article\" \/>\n<meta property=\"og:title\" content=\"SME Climate Hub-unders\u00f6kningen - SME Climate Hub\" \/>\n<meta property=\"og:url\" content=\"https:\/\/smeclimatehub.org\/sv\/sme-climate-hub-undersokningen\/\" \/>\n<meta property=\"og:site_name\" content=\"SME Climate Hub\" \/>\n<meta property=\"article:modified_time\" content=\"2025-08-01T09:16:28+00:00\" \/>\n<meta property=\"og:image\" content=\"https:\/\/smeclimatehub.org\/wp-content\/uploads\/2024\/08\/Preview_four.png\" \/>\n\t<meta property=\"og:image:width\" content=\"2000\" \/>\n\t<meta property=\"og:image:height\" content=\"1124\" \/>\n\t<meta property=\"og:image:type\" content=\"image\/png\" \/>\n<meta name=\"twitter:card\" content=\"summary_large_image\" \/>\n<meta name=\"twitter:label1\" content=\"Est. reading time\" \/>\n\t<meta name=\"twitter:data1\" content=\"1 minut\" \/>\n<script type=\"application\/ld+json\" class=\"yoast-schema-graph\">{\"@context\":\"https:\/\/schema.org\",\"@graph\":[{\"@type\":\"WebPage\",\"@id\":\"https:\/\/smeclimatehub.org\/sv\/sme-climate-hub-undersokningen\/\",\"url\":\"https:\/\/smeclimatehub.org\/sv\/sme-climate-hub-undersokningen\/\",\"name\":\"SME Climate Hub-unders\u00f6kningen - SME Climate Hub\",\"isPartOf\":{\"@id\":\"https:\/\/businessclimatehub.org\/es\/#website\"},\"datePublished\":\"2025-04-08T12:54:33+00:00\",\"dateModified\":\"2025-08-01T09:16:28+00:00\",\"breadcrumb\":{\"@id\":\"https:\/\/smeclimatehub.org\/sv\/sme-climate-hub-undersokningen\/#breadcrumb\"},\"inLanguage\":\"sv-SE\",\"potentialAction\":[{\"@type\":\"ReadAction\",\"target\":[\"https:\/\/smeclimatehub.org\/sv\/sme-climate-hub-undersokningen\/\"]}]},{\"@type\":\"BreadcrumbList\",\"@id\":\"https:\/\/smeclimatehub.org\/sv\/sme-climate-hub-undersokningen\/#breadcrumb\",\"itemListElement\":[{\"@type\":\"ListItem\",\"position\":1,\"name\":\"Home\",\"item\":\"https:\/\/smeclimatehub.org\/sv\/\"},{\"@type\":\"ListItem\",\"position\":2,\"name\":\"SME Climate Hub-unders\u00f6kningen\"}]},{\"@type\":\"WebSite\",\"@id\":\"https:\/\/businessclimatehub.org\/es\/#website\",\"url\":\"https:\/\/businessclimatehub.org\/es\/\",\"name\":\"SME Climate hub\",\"description\":\"\",\"publisher\":{\"@id\":\"https:\/\/businessclimatehub.org\/es\/#organization\"},\"potentialAction\":[{\"@type\":\"SearchAction\",\"target\":{\"@type\":\"EntryPoint\",\"urlTemplate\":\"https:\/\/businessclimatehub.org\/es\/?s={search_term_string}\"},\"query-input\":{\"@type\":\"PropertyValueSpecification\",\"valueRequired\":true,\"valueName\":\"search_term_string\"}}],\"inLanguage\":\"sv-SE\"},{\"@type\":\"Organization\",\"@id\":\"https:\/\/businessclimatehub.org\/es\/#organization\",\"name\":\"SME Climate hub\",\"url\":\"https:\/\/businessclimatehub.org\/es\/\",\"logo\":{\"@type\":\"ImageObject\",\"inLanguage\":\"sv-SE\",\"@id\":\"https:\/\/businessclimatehub.org\/es\/#\/schema\/logo\/image\/\",\"url\":\"https:\/\/smeclimatehub.org\/wp-content\/uploads\/2025\/03\/smeLogo-1.png\",\"contentUrl\":\"https:\/\/smeclimatehub.org\/wp-content\/uploads\/2025\/03\/smeLogo-1.png\",\"width\":465,\"height\":245,\"caption\":\"SME Climate hub\"},\"image\":{\"@id\":\"https:\/\/businessclimatehub.org\/es\/#\/schema\/logo\/image\/\"}}]}<\/script>","yoast_head_json":{"title":"SME Climate Hub-unders\u00f6kningen - SME Climate Hub","robots":{"index":"index","follow":"follow","max-snippet":"max-snippet:-1","max-image-preview":"max-image-preview:large","max-video-preview":"max-video-preview:-1"},"canonical":"https:\/\/smeclimatehub.org\/sv\/sme-climate-hub-undersokningen\/","og_locale":"sv_SE","og_type":"article","og_title":"SME Climate Hub-unders\u00f6kningen - SME Climate Hub","og_url":"https:\/\/smeclimatehub.org\/sv\/sme-climate-hub-undersokningen\/","og_site_name":"SME Climate Hub","article_modified_time":"2025-08-01T09:16:28+00:00","og_image":[{"width":2000,"height":1124,"url":"https:\/\/smeclimatehub.org\/wp-content\/uploads\/2024\/08\/Preview_four.png","type":"image\/png"}],"twitter_card":"summary_large_image","twitter_misc":{"Est. reading time":"1 minut"},"schema":{"@context":"https:\/\/schema.org","@graph":[{"@type":"WebPage","@id":"https:\/\/smeclimatehub.org\/sv\/sme-climate-hub-undersokningen\/","url":"https:\/\/smeclimatehub.org\/sv\/sme-climate-hub-undersokningen\/","name":"SME Climate Hub-unders\u00f6kningen - SME Climate Hub","isPartOf":{"@id":"https:\/\/businessclimatehub.org\/es\/#website"},"datePublished":"2025-04-08T12:54:33+00:00","dateModified":"2025-08-01T09:16:28+00:00","breadcrumb":{"@id":"https:\/\/smeclimatehub.org\/sv\/sme-climate-hub-undersokningen\/#breadcrumb"},"inLanguage":"sv-SE","potentialAction":[{"@type":"ReadAction","target":["https:\/\/smeclimatehub.org\/sv\/sme-climate-hub-undersokningen\/"]}]},{"@type":"BreadcrumbList","@id":"https:\/\/smeclimatehub.org\/sv\/sme-climate-hub-undersokningen\/#breadcrumb","itemListElement":[{"@type":"ListItem","position":1,"name":"Home","item":"https:\/\/smeclimatehub.org\/sv\/"},{"@type":"ListItem","position":2,"name":"SME Climate Hub-unders\u00f6kningen"}]},{"@type":"WebSite","@id":"https:\/\/businessclimatehub.org\/es\/#website","url":"https:\/\/businessclimatehub.org\/es\/","name":"SME Climate hub","description":"","publisher":{"@id":"https:\/\/businessclimatehub.org\/es\/#organization"},"potentialAction":[{"@type":"SearchAction","target":{"@type":"EntryPoint","urlTemplate":"https:\/\/businessclimatehub.org\/es\/?s={search_term_string}"},"query-input":{"@type":"PropertyValueSpecification","valueRequired":true,"valueName":"search_term_string"}}],"inLanguage":"sv-SE"},{"@type":"Organization","@id":"https:\/\/businessclimatehub.org\/es\/#organization","name":"SME Climate hub","url":"https:\/\/businessclimatehub.org\/es\/","logo":{"@type":"ImageObject","inLanguage":"sv-SE","@id":"https:\/\/businessclimatehub.org\/es\/#\/schema\/logo\/image\/","url":"https:\/\/smeclimatehub.org\/wp-content\/uploads\/2025\/03\/smeLogo-1.png","contentUrl":"https:\/\/smeclimatehub.org\/wp-content\/uploads\/2025\/03\/smeLogo-1.png","width":465,"height":245,"caption":"SME Climate hub"},"image":{"@id":"https:\/\/businessclimatehub.org\/es\/#\/schema\/logo\/image\/"}}]}},"_links":{"self":[{"href":"https:\/\/smeclimatehub.org\/sv\/wp-json\/wp\/v2\/pages\/86501","targetHints":{"allow":["GET"]}}],"collection":[{"href":"https:\/\/smeclimatehub.org\/sv\/wp-json\/wp\/v2\/pages"}],"about":[{"href":"https:\/\/smeclimatehub.org\/sv\/wp-json\/wp\/v2\/types\/page"}],"author":[{"embeddable":true,"href":"https:\/\/smeclimatehub.org\/sv\/wp-json\/wp\/v2\/users\/10027"}],"replies":[{"embeddable":true,"href":"https:\/\/smeclimatehub.org\/sv\/wp-json\/wp\/v2\/comments?post=86501"}],"version-history":[{"count":0,"href":"https:\/\/smeclimatehub.org\/sv\/wp-json\/wp\/v2\/pages\/86501\/revisions"}],"wp:attachment":[{"href":"https:\/\/smeclimatehub.org\/sv\/wp-json\/wp\/v2\/media?parent=86501"}],"curies":[{"name":"wp","href":"https:\/\/api.w.org\/{rel}","templated":true}]}}