
{"id":86369,"date":"2024-04-09T18:53:44","date_gmt":"2024-04-09T17:53:44","guid":{"rendered":"https:\/\/smeclimatehub.org\/ladda-ner-sme-climate-hub-2024-undersokningen\/"},"modified":"2025-07-31T10:45:15","modified_gmt":"2025-07-31T09:45:15","slug":"ladda-ner-sme-climate-hub-2024-undersokningen","status":"publish","type":"page","link":"https:\/\/smeclimatehub.org\/sv\/ladda-ner-sme-climate-hub-2024-undersokningen\/","title":{"rendered":"Ladda ner SME Climate Hub 2024-unders\u00f6kningen"},"content":{"rendered":"<section class=\"survey registration-form content-block light-bg white pt-half pb-half\">\r\n    <div class=\"container\">\r\n    <div class=\"content-block\">\r\n    <form action=\"#\" id=\"downloadSurvey\" data-target=\"downloadSurvey\">\r\n    <div class=\"fields-group\">\r\n<h3>Download the SME Climate Hub 2024 Survey<\/h3>\r\n<h4>Learn how small and medium-sized businesses are tackling climate change.<\/h4>\t\t\t\t\t\t\t\t\t\t\t\t\t\t\t\t\t\r\n<div class=\"row\">\r\n<div class=\"field mb-10\">\r\n<label for=\"f_name\">Fullst\u00e4ndigt namn*<\/label>\r\n<input value=\"\" class=\"grey\" required=\"\" id=\"f_name\" name=\"f_name\" type=\"text\">\r\n<div data-target=\"error_message\" data-error-for=\"f_name\" class=\"error-message\"><\/div>\r\n<\/div>\t\r\n<div class=\"field mb-10\">\r\n<label for=\"email\">E-postadress*<\/label>\r\n<input value=\"\" class=\"grey\" required=\"\" id=\"email\" name=\"email\" type=\"email\">\r\n<div data-target=\"error_message\" data-error-for=\"email\" class=\"error-message\"><\/div>\r\n<\/div>\r\n<\/div>\r\n<div class=\"field mb-10\">\r\n<label for=\"company\">Company name*<\/label>\r\n<input value=\"\" class=\"grey\" required=\"\" id=\"company\" name=\"company\" type=\"text\">\r\n<div data-target=\"error_message\" class=\"error-message\" data-error-for=\"company\"><\/div>\r\n<\/div>\t\r\n<div class=\"field mb-10\">\r\n<label for=\"organization_type\">Vilken typ av organisation \u00e4r du?*<\/label>\r\n            <select class=\"grey\" required=\"\" name=\"organization_type\" id=\"organization_type\">\r\n                <option disabled=\"disabled\" selected=\"\" value=\"\">Vilken typ av organisation \u00e4r du?*<\/option>\r\n                 <option value=\"SME (1-500 employees)\">SME (1-500 anst\u00e4llda)<\/option>\r\n                 <option value=\"Large corporate (500+ employees)\">St\u00f6rre f\u00f6retag  (>500 anst\u00e4llda)<\/option>\r\n                 <option value=\"Government\">Statlig<\/option>\r\n                 <option value=\"Bank \/ Financial institution\">Bank\/Finansiell Institution<\/option>\r\n                 <option value=\"Other\">Annan<\/option>\r\n                 <\/select>\r\n   \r\n                 <div data-target=\"error_message\" class=\"error-message\" data-error-for=\"organization_type\"><\/div>\r\n        <\/div>\r\n        <div class=\"field mb-10\" style=\"display:none;\" id=\"moreInfo\">\r\n<label for=\"more_info\">V\u00e4nligen ange organisationstyp<\/label>\r\n<input value=\"\" class=\"grey\" id=\"more_info\" name=\"more_info\" type=\"text\">\r\n<\/div>\t\r\n        <div class=\"checkbox-wrapper mb-10\">\r\n                <input  id=\"agree\" name=\"agree\" type=\"checkbox\" required>\r\n                <label for=\"agree\">Jag har l\u00e4st och accepterar SME Climate Hubs <a href=\"https:\/\/smeclimatehub.org\/privacy-policy\/\">dataskydds- och integritetspolicy<\/a> och samtycker till att l\u00e4mna mina uppgifter f\u00f6r att f\u00e5 tillg\u00e5ng till resurser p\u00e5 SME Climate Hub.*<\/label>\r\n                <div data-target=\"error_message\" data-error-for=\"agree\" class=\"error-message\"><\/div>\r\n        <\/div>\r\n\r\n        <div class=\"checkbox-wrapper mb-10\">\r\n                <input  id=\"newsleter\" name=\"newsleter\" type=\"checkbox\">\r\n                <label for=\"newsleter\">Jag vill anm\u00e4la mig till SME Climate Hubs nyhetsbrev och f\u00e5 nyhetsuppdateringar om de senaste klimatutvecklingarna.<\/label>\r\n        <\/div>\r\n            <\/div>\r\n<input name=\"action\" value=\"download_survey\" type=\"hidden\">\r\n\r\n<div class=\"wp-block-button\">\r\n<button type=\"button\" class=\"wp-block-button__link wp-element-button\" data-target=\"downloadButton\">Download<\/button>\r\n<\/div>\r\n<\/form>\r\n<\/div>\r\n<div class=\"overlay-container\" id=\"overlay\">\r\n<div class=\"inside-overlay\">\r\n<img decoding=\"async\" src=\"https:\/\/smeclimatehub.org\/wp-content\/plugins\/report-downloads\/images\/check.png\">\r\n<h3>Thank you for downloading our survey<\/h3>\r\n<\/div>\r\n<\/div>\r\n\r\n<\/div>\r\n    <\/div>\r\n<\/section>\n","protected":false},"excerpt":{"rendered":"","protected":false},"author":10027,"featured_media":0,"parent":0,"menu_order":0,"comment_status":"closed","ping_status":"closed","template":"","meta":{"_acf_changed":false,"inline_featured_image":false,"footnotes":""},"class_list":["post-86369","page","type-page","status-publish","hentry"],"acf":[],"yoast_head":"<title>Ladda ner SME Climate Hub 2024-unders\u00f6kningen - SME Climate Hub<\/title>\n<meta name=\"robots\" content=\"index, follow, max-snippet:-1, max-image-preview:large, max-video-preview:-1\" \/>\n<link rel=\"canonical\" href=\"https:\/\/smeclimatehub.org\/sv\/ladda-ner-sme-climate-hub-2024-undersokningen\/\" \/>\n<meta property=\"og:locale\" content=\"sv_SE\" \/>\n<meta property=\"og:type\" content=\"article\" \/>\n<meta property=\"og:title\" content=\"Ladda ner SME Climate Hub 2024-unders\u00f6kningen - SME Climate Hub\" \/>\n<meta property=\"og:url\" content=\"https:\/\/smeclimatehub.org\/sv\/ladda-ner-sme-climate-hub-2024-undersokningen\/\" \/>\n<meta property=\"og:site_name\" content=\"SME Climate Hub\" \/>\n<meta property=\"article:modified_time\" content=\"2025-07-31T09:45:15+00:00\" \/>\n<meta property=\"og:image\" content=\"https:\/\/smeclimatehub.org\/wp-content\/uploads\/2024\/08\/Preview_four.png\" \/>\n\t<meta property=\"og:image:width\" content=\"2000\" \/>\n\t<meta property=\"og:image:height\" content=\"1124\" \/>\n\t<meta property=\"og:image:type\" content=\"image\/png\" \/>\n<meta name=\"twitter:card\" content=\"summary_large_image\" \/>\n<script type=\"application\/ld+json\" class=\"yoast-schema-graph\">{\"@context\":\"https:\/\/schema.org\",\"@graph\":[{\"@type\":\"WebPage\",\"@id\":\"https:\/\/smeclimatehub.org\/sv\/ladda-ner-sme-climate-hub-2024-undersokningen\/\",\"url\":\"https:\/\/smeclimatehub.org\/sv\/ladda-ner-sme-climate-hub-2024-undersokningen\/\",\"name\":\"Ladda ner SME Climate Hub 2024-unders\u00f6kningen - SME Climate Hub\",\"isPartOf\":{\"@id\":\"https:\/\/businessclimatehub.org\/es\/#website\"},\"datePublished\":\"2024-04-09T17:53:44+00:00\",\"dateModified\":\"2025-07-31T09:45:15+00:00\",\"breadcrumb\":{\"@id\":\"https:\/\/smeclimatehub.org\/sv\/ladda-ner-sme-climate-hub-2024-undersokningen\/#breadcrumb\"},\"inLanguage\":\"sv-SE\",\"potentialAction\":[{\"@type\":\"ReadAction\",\"target\":[\"https:\/\/smeclimatehub.org\/sv\/ladda-ner-sme-climate-hub-2024-undersokningen\/\"]}]},{\"@type\":\"BreadcrumbList\",\"@id\":\"https:\/\/smeclimatehub.org\/sv\/ladda-ner-sme-climate-hub-2024-undersokningen\/#breadcrumb\",\"itemListElement\":[{\"@type\":\"ListItem\",\"position\":1,\"name\":\"Home\",\"item\":\"https:\/\/smeclimatehub.org\/sv\/\"},{\"@type\":\"ListItem\",\"position\":2,\"name\":\"Ladda ner SME Climate Hub 2024-unders\u00f6kningen\"}]},{\"@type\":\"WebSite\",\"@id\":\"https:\/\/businessclimatehub.org\/es\/#website\",\"url\":\"https:\/\/businessclimatehub.org\/es\/\",\"name\":\"SME Climate hub\",\"description\":\"\",\"publisher\":{\"@id\":\"https:\/\/businessclimatehub.org\/es\/#organization\"},\"potentialAction\":[{\"@type\":\"SearchAction\",\"target\":{\"@type\":\"EntryPoint\",\"urlTemplate\":\"https:\/\/businessclimatehub.org\/es\/?s={search_term_string}\"},\"query-input\":{\"@type\":\"PropertyValueSpecification\",\"valueRequired\":true,\"valueName\":\"search_term_string\"}}],\"inLanguage\":\"sv-SE\"},{\"@type\":\"Organization\",\"@id\":\"https:\/\/businessclimatehub.org\/es\/#organization\",\"name\":\"SME Climate hub\",\"url\":\"https:\/\/businessclimatehub.org\/es\/\",\"logo\":{\"@type\":\"ImageObject\",\"inLanguage\":\"sv-SE\",\"@id\":\"https:\/\/businessclimatehub.org\/es\/#\/schema\/logo\/image\/\",\"url\":\"https:\/\/smeclimatehub.org\/wp-content\/uploads\/2025\/03\/smeLogo-1.png\",\"contentUrl\":\"https:\/\/smeclimatehub.org\/wp-content\/uploads\/2025\/03\/smeLogo-1.png\",\"width\":465,\"height\":245,\"caption\":\"SME Climate hub\"},\"image\":{\"@id\":\"https:\/\/businessclimatehub.org\/es\/#\/schema\/logo\/image\/\"}}]}<\/script>","yoast_head_json":{"title":"Ladda ner SME Climate Hub 2024-unders\u00f6kningen - SME Climate Hub","robots":{"index":"index","follow":"follow","max-snippet":"max-snippet:-1","max-image-preview":"max-image-preview:large","max-video-preview":"max-video-preview:-1"},"canonical":"https:\/\/smeclimatehub.org\/sv\/ladda-ner-sme-climate-hub-2024-undersokningen\/","og_locale":"sv_SE","og_type":"article","og_title":"Ladda ner SME Climate Hub 2024-unders\u00f6kningen - SME Climate Hub","og_url":"https:\/\/smeclimatehub.org\/sv\/ladda-ner-sme-climate-hub-2024-undersokningen\/","og_site_name":"SME Climate Hub","article_modified_time":"2025-07-31T09:45:15+00:00","og_image":[{"width":2000,"height":1124,"url":"https:\/\/smeclimatehub.org\/wp-content\/uploads\/2024\/08\/Preview_four.png","type":"image\/png"}],"twitter_card":"summary_large_image","schema":{"@context":"https:\/\/schema.org","@graph":[{"@type":"WebPage","@id":"https:\/\/smeclimatehub.org\/sv\/ladda-ner-sme-climate-hub-2024-undersokningen\/","url":"https:\/\/smeclimatehub.org\/sv\/ladda-ner-sme-climate-hub-2024-undersokningen\/","name":"Ladda ner SME Climate Hub 2024-unders\u00f6kningen - SME Climate Hub","isPartOf":{"@id":"https:\/\/businessclimatehub.org\/es\/#website"},"datePublished":"2024-04-09T17:53:44+00:00","dateModified":"2025-07-31T09:45:15+00:00","breadcrumb":{"@id":"https:\/\/smeclimatehub.org\/sv\/ladda-ner-sme-climate-hub-2024-undersokningen\/#breadcrumb"},"inLanguage":"sv-SE","potentialAction":[{"@type":"ReadAction","target":["https:\/\/smeclimatehub.org\/sv\/ladda-ner-sme-climate-hub-2024-undersokningen\/"]}]},{"@type":"BreadcrumbList","@id":"https:\/\/smeclimatehub.org\/sv\/ladda-ner-sme-climate-hub-2024-undersokningen\/#breadcrumb","itemListElement":[{"@type":"ListItem","position":1,"name":"Home","item":"https:\/\/smeclimatehub.org\/sv\/"},{"@type":"ListItem","position":2,"name":"Ladda ner SME Climate Hub 2024-unders\u00f6kningen"}]},{"@type":"WebSite","@id":"https:\/\/businessclimatehub.org\/es\/#website","url":"https:\/\/businessclimatehub.org\/es\/","name":"SME Climate hub","description":"","publisher":{"@id":"https:\/\/businessclimatehub.org\/es\/#organization"},"potentialAction":[{"@type":"SearchAction","target":{"@type":"EntryPoint","urlTemplate":"https:\/\/businessclimatehub.org\/es\/?s={search_term_string}"},"query-input":{"@type":"PropertyValueSpecification","valueRequired":true,"valueName":"search_term_string"}}],"inLanguage":"sv-SE"},{"@type":"Organization","@id":"https:\/\/businessclimatehub.org\/es\/#organization","name":"SME Climate hub","url":"https:\/\/businessclimatehub.org\/es\/","logo":{"@type":"ImageObject","inLanguage":"sv-SE","@id":"https:\/\/businessclimatehub.org\/es\/#\/schema\/logo\/image\/","url":"https:\/\/smeclimatehub.org\/wp-content\/uploads\/2025\/03\/smeLogo-1.png","contentUrl":"https:\/\/smeclimatehub.org\/wp-content\/uploads\/2025\/03\/smeLogo-1.png","width":465,"height":245,"caption":"SME Climate hub"},"image":{"@id":"https:\/\/businessclimatehub.org\/es\/#\/schema\/logo\/image\/"}}]}},"_links":{"self":[{"href":"https:\/\/smeclimatehub.org\/sv\/wp-json\/wp\/v2\/pages\/86369","targetHints":{"allow":["GET"]}}],"collection":[{"href":"https:\/\/smeclimatehub.org\/sv\/wp-json\/wp\/v2\/pages"}],"about":[{"href":"https:\/\/smeclimatehub.org\/sv\/wp-json\/wp\/v2\/types\/page"}],"author":[{"embeddable":true,"href":"https:\/\/smeclimatehub.org\/sv\/wp-json\/wp\/v2\/users\/10027"}],"replies":[{"embeddable":true,"href":"https:\/\/smeclimatehub.org\/sv\/wp-json\/wp\/v2\/comments?post=86369"}],"version-history":[{"count":0,"href":"https:\/\/smeclimatehub.org\/sv\/wp-json\/wp\/v2\/pages\/86369\/revisions"}],"wp:attachment":[{"href":"https:\/\/smeclimatehub.org\/sv\/wp-json\/wp\/v2\/media?parent=86369"}],"curies":[{"name":"wp","href":"https:\/\/api.w.org\/{rel}","templated":true}]}}