
{"id":86366,"date":"2022-04-20T10:15:31","date_gmt":"2022-04-20T09:15:31","guid":{"rendered":"https:\/\/smeclimatehub.org\/engagemang\/"},"modified":"2026-04-17T15:47:22","modified_gmt":"2026-04-17T14:47:22","slug":"engagemang","status":"publish","type":"page","link":"https:\/\/smeclimatehub.org\/sv\/engagemang\/","title":{"rendered":"Engagemang"},"content":{"rendered":"<section id=\"block-6426c876b27bb\"  class=\"hero-section align-content-center secondary-bg no-image\">\n\t<div class=\"container\">\n\t\t<div class=\"content\">\n\t\t\t<div class=\"text\">\n\t\t\t\t<div class=\"acf-innerblocks-container\">\n\n<h1 class=\"wp-block-heading\">Klimat\u00e5tagande f\u00f6r sm\u00e5 och medelstora f\u00f6retag<\/h1>\n\n\n\n<p>\u00c5tg\u00e4rda dig idag f\u00f6r att framtidss\u00e4kra ditt f\u00f6retag<\/p>\n\n<\/div>\t\t\t\t\t\t\t\t\t\t\t\t\t\t\t\t\t\t\t<\/div>\n\t\t\t\t\t\t\t\t\t\t\t<\/div>\n\t<\/div>\n<\/section>\n\n\n\n<section id=\"block-69e247f921826\"  class=\"text-attachment-section content-block light-bg white right-side heading-center row pt-full pb-full default\">\n\t<div class=\"container\">\n\t\t<div class=\"content-block\">\n\t\t\t\t\t\t\t\t\t\t\t\t\t\t\t\t\t\t\t\t\t\t\t\t\t\t\t\t\n\t\t\t\t\t\t<div class=\"text\">\n\t\t\t\t\t\t\t<h2 style=\"text-align: center;\">Sm\u00e5 och medelstora f\u00f6retags klimat\u00e5tagande<\/h2>\n<p>I erk\u00e4nnande av att klimatf\u00f6r\u00e4ndringarna utg\u00f6r ett hot mot ekonomin, naturen och samh\u00e4llet i stort, \u00e5tar sig v\u00e5rt f\u00f6retag att omedelbart vidta \u00e5tg\u00e4rder f\u00f6r att:<\/p>\n<ul class=\"wp-block-list\">\n<li><strong>Halvera v\u00e5ra utsl\u00e4pp av v\u00e4xthusgaser f\u00f6re 2030<\/strong><\/li>\n<li><strong>Uppn\u00e5 nettonollutsl\u00e4pp f\u00f6re 2050<\/strong><\/li>\n<li><strong>Rapportera v\u00e5ra framsteg \u00e5rligen<\/strong><\/li>\n<\/ul>\n<p>Genom att g\u00f6ra det \u00e4r vi stolta \u00f6ver att bli erk\u00e4nda av FN:s klimatf\u00f6r\u00e4ndringsf\u00f6respr\u00e5kares kampanj Race to Zero, och att ansluta oss till regeringar, f\u00f6retag, st\u00e4der, regioner och universitet runt om i v\u00e4rlden som delar samma uppdrag.<\/p>\n\t\t\t\t\t\t<\/div>\n\t\t\t\t\t\n\t\t\t\t\t\t\t\t\t\t<div class=\"content\">\n\t\t\t\t<div class=\"text\">\n\t\t\t\t\t\t\t\t\t\t\t\t\t\t\t\t\t\t\t\t\t\t\t<div class=\"acf-innerblocks-container\"><\/div>\t\t\t\t<\/div>\n\n\t\t\t<\/div>\n\t\t\t\t\t\t\t<div class=\"button-wrapper\">\n\t\t\t\t\t\t\t\t\t\t<a class=\"button\" target=\"_self\" href=\"https:\/\/smeclimatehub.org\/register\/committed-user\">\n\t\t\t\t\t\tTa steget \t\t\t\t\t<\/a>\n\t\t\t\t\t\t\t\t\t\t\t\t\t\t\t\t<a class=\"second-btn\" target=\"_blank\" href=\"https:\/\/faq.smeclimatehub.org\/hc\/en-us\/categories\/17678950560658-The-SME-Climate-Commitment\">\n\t\t\t\t\t\tOm klimat\u00e5tagandet f\u00f6r sm\u00e5 och medelstora f\u00f6retag \t\t\t\t\t<\/a>\n\t\t\t\t\t\t\t\t\t<\/div>\n\t\t\t\t\t<\/div>\n\t<\/div>\n<\/section>\n\n\n<p><\/p>\n","protected":false},"excerpt":{"rendered":"","protected":false},"author":1320,"featured_media":0,"parent":0,"menu_order":0,"comment_status":"closed","ping_status":"closed","template":"template-full-width.php","meta":{"_acf_changed":true,"inline_featured_image":false,"footnotes":""},"class_list":["post-86366","page","type-page","status-publish","hentry"],"acf":[],"yoast_head":"<title>Engagemang - SME Climate Hub<\/title>\n<meta name=\"robots\" content=\"index, follow, max-snippet:-1, max-image-preview:large, max-video-preview:-1\" \/>\n<link rel=\"canonical\" href=\"https:\/\/smeclimatehub.org\/sv\/engagemang\/\" \/>\n<meta property=\"og:locale\" content=\"sv_SE\" \/>\n<meta property=\"og:type\" content=\"article\" \/>\n<meta property=\"og:title\" content=\"Engagemang - SME Climate Hub\" \/>\n<meta property=\"og:url\" content=\"https:\/\/smeclimatehub.org\/sv\/engagemang\/\" \/>\n<meta property=\"og:site_name\" content=\"SME Climate Hub\" \/>\n<meta property=\"article:modified_time\" content=\"2026-04-17T14:47:22+00:00\" \/>\n<meta property=\"og:image\" content=\"https:\/\/smeclimatehub.org\/wp-content\/uploads\/2022\/11\/SMECH-General-thumbnail-1024x576.png\" \/>\n<meta name=\"twitter:card\" content=\"summary_large_image\" \/>\n<meta name=\"twitter:image\" content=\"https:\/\/smeclimatehub.org\/wp-content\/uploads\/2022\/11\/SMECH-General-thumbnail-1024x576.png\" \/>\n<meta name=\"twitter:label1\" content=\"Est. reading time\" \/>\n\t<meta name=\"twitter:data1\" content=\"1 minut\" \/>\n<script type=\"application\/ld+json\" class=\"yoast-schema-graph\">{\"@context\":\"https:\\\/\\\/schema.org\",\"@graph\":[{\"@type\":\"WebPage\",\"@id\":\"https:\\\/\\\/smeclimatehub.org\\\/sv\\\/engagemang\\\/\",\"url\":\"https:\\\/\\\/smeclimatehub.org\\\/sv\\\/engagemang\\\/\",\"name\":\"Engagemang - SME Climate Hub\",\"isPartOf\":{\"@id\":\"https:\\\/\\\/businessclimatehub.org\\\/es\\\/#website\"},\"datePublished\":\"2022-04-20T09:15:31+00:00\",\"dateModified\":\"2026-04-17T14:47:22+00:00\",\"breadcrumb\":{\"@id\":\"https:\\\/\\\/smeclimatehub.org\\\/sv\\\/engagemang\\\/#breadcrumb\"},\"inLanguage\":\"sv-SE\",\"potentialAction\":[{\"@type\":\"ReadAction\",\"target\":[\"https:\\\/\\\/smeclimatehub.org\\\/sv\\\/engagemang\\\/\"]}]},{\"@type\":\"BreadcrumbList\",\"@id\":\"https:\\\/\\\/smeclimatehub.org\\\/sv\\\/engagemang\\\/#breadcrumb\",\"itemListElement\":[{\"@type\":\"ListItem\",\"position\":1,\"name\":\"Home\",\"item\":\"https:\\\/\\\/smeclimatehub.org\\\/sv\\\/\"},{\"@type\":\"ListItem\",\"position\":2,\"name\":\"Engagemang\"}]},{\"@type\":\"WebSite\",\"@id\":\"https:\\\/\\\/businessclimatehub.org\\\/es\\\/#website\",\"url\":\"https:\\\/\\\/businessclimatehub.org\\\/es\\\/\",\"name\":\"SME Climate hub\",\"description\":\"\",\"publisher\":{\"@id\":\"https:\\\/\\\/businessclimatehub.org\\\/es\\\/#organization\"},\"potentialAction\":[{\"@type\":\"SearchAction\",\"target\":{\"@type\":\"EntryPoint\",\"urlTemplate\":\"https:\\\/\\\/businessclimatehub.org\\\/es\\\/?s={search_term_string}\"},\"query-input\":{\"@type\":\"PropertyValueSpecification\",\"valueRequired\":true,\"valueName\":\"search_term_string\"}}],\"inLanguage\":\"sv-SE\"},{\"@type\":\"Organization\",\"@id\":\"https:\\\/\\\/businessclimatehub.org\\\/es\\\/#organization\",\"name\":\"SME Climate hub\",\"url\":\"https:\\\/\\\/businessclimatehub.org\\\/es\\\/\",\"logo\":{\"@type\":\"ImageObject\",\"inLanguage\":\"sv-SE\",\"@id\":\"https:\\\/\\\/businessclimatehub.org\\\/es\\\/#\\\/schema\\\/logo\\\/image\\\/\",\"url\":\"https:\\\/\\\/smeclimatehub.org\\\/wp-content\\\/uploads\\\/2026\\\/04\\\/57478-SME-Climate-Hub-logo-teal_1-cropped.svg\",\"contentUrl\":\"https:\\\/\\\/smeclimatehub.org\\\/wp-content\\\/uploads\\\/2026\\\/04\\\/57478-SME-Climate-Hub-logo-teal_1-cropped.svg\",\"caption\":\"SME Climate hub\"},\"image\":{\"@id\":\"https:\\\/\\\/businessclimatehub.org\\\/es\\\/#\\\/schema\\\/logo\\\/image\\\/\"}}]}<\/script>","yoast_head_json":{"title":"Engagemang - SME Climate Hub","robots":{"index":"index","follow":"follow","max-snippet":"max-snippet:-1","max-image-preview":"max-image-preview:large","max-video-preview":"max-video-preview:-1"},"canonical":"https:\/\/smeclimatehub.org\/sv\/engagemang\/","og_locale":"sv_SE","og_type":"article","og_title":"Engagemang - SME Climate Hub","og_url":"https:\/\/smeclimatehub.org\/sv\/engagemang\/","og_site_name":"SME Climate Hub","article_modified_time":"2026-04-17T14:47:22+00:00","og_image":[{"url":"https:\/\/smeclimatehub.org\/wp-content\/uploads\/2022\/11\/SMECH-General-thumbnail-1024x576.png","type":"","width":"","height":""}],"twitter_card":"summary_large_image","twitter_image":"https:\/\/smeclimatehub.org\/wp-content\/uploads\/2022\/11\/SMECH-General-thumbnail-1024x576.png","twitter_misc":{"Est. reading time":"1 minut"},"schema":{"@context":"https:\/\/schema.org","@graph":[{"@type":"WebPage","@id":"https:\/\/smeclimatehub.org\/sv\/engagemang\/","url":"https:\/\/smeclimatehub.org\/sv\/engagemang\/","name":"Engagemang - SME Climate Hub","isPartOf":{"@id":"https:\/\/businessclimatehub.org\/es\/#website"},"datePublished":"2022-04-20T09:15:31+00:00","dateModified":"2026-04-17T14:47:22+00:00","breadcrumb":{"@id":"https:\/\/smeclimatehub.org\/sv\/engagemang\/#breadcrumb"},"inLanguage":"sv-SE","potentialAction":[{"@type":"ReadAction","target":["https:\/\/smeclimatehub.org\/sv\/engagemang\/"]}]},{"@type":"BreadcrumbList","@id":"https:\/\/smeclimatehub.org\/sv\/engagemang\/#breadcrumb","itemListElement":[{"@type":"ListItem","position":1,"name":"Home","item":"https:\/\/smeclimatehub.org\/sv\/"},{"@type":"ListItem","position":2,"name":"Engagemang"}]},{"@type":"WebSite","@id":"https:\/\/businessclimatehub.org\/es\/#website","url":"https:\/\/businessclimatehub.org\/es\/","name":"SME Climate hub","description":"","publisher":{"@id":"https:\/\/businessclimatehub.org\/es\/#organization"},"potentialAction":[{"@type":"SearchAction","target":{"@type":"EntryPoint","urlTemplate":"https:\/\/businessclimatehub.org\/es\/?s={search_term_string}"},"query-input":{"@type":"PropertyValueSpecification","valueRequired":true,"valueName":"search_term_string"}}],"inLanguage":"sv-SE"},{"@type":"Organization","@id":"https:\/\/businessclimatehub.org\/es\/#organization","name":"SME Climate hub","url":"https:\/\/businessclimatehub.org\/es\/","logo":{"@type":"ImageObject","inLanguage":"sv-SE","@id":"https:\/\/businessclimatehub.org\/es\/#\/schema\/logo\/image\/","url":"https:\/\/smeclimatehub.org\/wp-content\/uploads\/2026\/04\/57478-SME-Climate-Hub-logo-teal_1-cropped.svg","contentUrl":"https:\/\/smeclimatehub.org\/wp-content\/uploads\/2026\/04\/57478-SME-Climate-Hub-logo-teal_1-cropped.svg","caption":"SME Climate hub"},"image":{"@id":"https:\/\/businessclimatehub.org\/es\/#\/schema\/logo\/image\/"}}]}},"_links":{"self":[{"href":"https:\/\/smeclimatehub.org\/sv\/wp-json\/wp\/v2\/pages\/86366","targetHints":{"allow":["GET"]}}],"collection":[{"href":"https:\/\/smeclimatehub.org\/sv\/wp-json\/wp\/v2\/pages"}],"about":[{"href":"https:\/\/smeclimatehub.org\/sv\/wp-json\/wp\/v2\/types\/page"}],"author":[{"embeddable":true,"href":"https:\/\/smeclimatehub.org\/sv\/wp-json\/wp\/v2\/users\/1320"}],"replies":[{"embeddable":true,"href":"https:\/\/smeclimatehub.org\/sv\/wp-json\/wp\/v2\/comments?post=86366"}],"version-history":[{"count":0,"href":"https:\/\/smeclimatehub.org\/sv\/wp-json\/wp\/v2\/pages\/86366\/revisions"}],"wp:attachment":[{"href":"https:\/\/smeclimatehub.org\/sv\/wp-json\/wp\/v2\/media?parent=86366"}],"curies":[{"name":"wp","href":"https:\/\/api.w.org\/{rel}","templated":true}]}}