
{"id":86365,"date":"2021-12-14T09:40:46","date_gmt":"2021-12-14T08:40:46","guid":{"rendered":"https:\/\/smeclimatehub.org\/klimatpassning\/"},"modified":"2025-07-31T10:43:18","modified_gmt":"2025-07-31T09:43:18","slug":"klimatpassning","status":"publish","type":"page","link":"https:\/\/smeclimatehub.org\/sv\/klimatpassning\/","title":{"rendered":"Klimatpassning"},"content":{"rendered":"\n<section id=\"block-650bfa3078f32\" class=\"content-editor-section light-bg pt-half pb-full\">\n\t<div class=\"container\">\n\t\t<div class=\"content-block \">\n\t\t\t<div class=\"text\">\n\t\t\t\t<div class=\"acf-innerblocks-container\">\n\n<figure class=\"wp-block-image size-large is-resized\"><img loading=\"lazy\" decoding=\"async\" width=\"1024\" height=\"580\" src=\"https:\/\/smeclimatehub.org\/wp-content\/uploads\/2023\/10\/climateFitBanner-1024x580.jpg\" alt=\"\" class=\"wp-image-19434\" style=\"aspect-ratio:1.7655172413793103;width:1024px;height:auto\" srcset=\"https:\/\/smeclimatehub.org\/wp-content\/uploads\/2023\/10\/climateFitBanner-1024x580.jpg 1024w, https:\/\/smeclimatehub.org\/wp-content\/uploads\/2023\/10\/climateFitBanner-300x170.jpg 300w, https:\/\/smeclimatehub.org\/wp-content\/uploads\/2023\/10\/climateFitBanner-768x435.jpg 768w, https:\/\/smeclimatehub.org\/wp-content\/uploads\/2023\/10\/climateFitBanner-1536x871.jpg 1536w, https:\/\/smeclimatehub.org\/wp-content\/uploads\/2023\/10\/climateFitBanner-2048x1161.jpg 2048w\" sizes=\"auto, (max-width: 1024px) 100vw, 1024px\" \/><\/figure>\n\n\n\n<p>Climate Fit \u00e4r en kostnadsfri onlineutbildning som ger sm\u00e5 och medelstora f\u00f6retag praktisk steg-f\u00f6r-steg-v\u00e4gledning om hur man vidtar klimat\u00e5tg\u00e4rder i hela f\u00f6retaget. Climate Fit best\u00e5r av sju kurser p\u00e5 20\u201330 minuter vardera. <\/p>\n\n\n\n<p class=\"button-wrapper\"><a class=\"button\" target=\"blank\" href=\"https:\/\/academy.smeclimatehub.org\/climate-fit-courses\" rel=\"noopener\">F\u00e5 tillg\u00e5ng till Climate Fit-kurser<\/a><\/p>\n\n<\/div>\t\t\t\t\t\t\t<\/div>\n\t\t\t\t\t<\/div>\n\t<\/div>\n<\/section>\n<section id=\"block-650bfeac11298\" class=\"content-editor-section content-block light-bg white pt-half pb-half\">\n\t<div class=\"container\">\n\t\t<div class=\"content-block \">\n\t\t\t<div class=\"text\">\n\t\t\t\t<div class=\"acf-innerblocks-container\">\n\n<h2 class=\"wp-block-heading\">Vem \u00e4r det f\u00f6r?<\/h2>\n\n\n\n<p>Climate Fit har utformats specifikt f\u00f6r sm\u00e5 och medelstora f\u00f6retag.<\/p>\n\n\n\n<p>Vi f\u00f6rst\u00e5r att n\u00e4r det g\u00e4ller att hantera klimatf\u00f6r\u00e4ndringarna kan det vara sv\u00e5rt att veta var man ska b\u00f6rja. Den stora omfattningen av de utmaningar som ligger framf\u00f6r oss, i kombination med brist p\u00e5 information och begr\u00e4nsade resurser f\u00f6r att initiera f\u00f6r\u00e4ndringar, g\u00f6r att m\u00e5nga \u00e4r os\u00e4kra p\u00e5 hur de ska agera. <\/p>\n\n\n\n<p>Oavsett var ni befinner er i v\u00e4rlden, och oavsett om ni \u00e4r ett team p\u00e5 tv\u00e5 eller har en trupp p\u00e5 100 personer, syftar den h\u00e4r kursen till att hj\u00e4lpa sm\u00e5 och medelstora f\u00f6retag att navigera v\u00e4gen mot nettonollutsl\u00e4pp, i sju uppn\u00e5eliga steg.<\/p>\n\n<\/div>\t\t\t\t\t\t\t<\/div>\n\t\t\t\t\t<\/div>\n\t<\/div>\n<\/section>\n<section id=\"block-650bfeac112d9\" class=\"content-editor-section content-block no-paddings-inside light-bg white pt-half pb-half\">\n\t<div class=\"container\">\n\t\t<div class=\"content-block \">\n\t\t\t<div class=\"text\">\n\t\t\t\t<div class=\"acf-innerblocks-container\">\n\n<div id=\"block-650bfed8d75eb\"  class=\"youtube-video\">\n\t\t\t<div data-target=\"youtube_video\" data-video-id=\"Bjo5HKj55iE\" class=\"video\"><\/div>\n\t<\/div>\n<\/div>\t\t\t\t\t\t\t<\/div>\n\t\t\t\t\t<\/div>\n\t<\/div>\n<\/section>\n<section id=\"block-650c042b63e98\" class=\"content-editor-section content-block light-bg white pt-half pb-half\">\n\t<div class=\"container\">\n\t\t<div class=\"content-block \">\n\t\t\t<div class=\"text\">\n\t\t\t\t<div class=\"acf-innerblocks-container\">\n\n<h2 class=\"wp-block-heading\">Agera i 7 m\u00f6jliga steg<\/h2>\n\n\n\t<ul id=\"block-650c055fd8081\"  class=\"list-with-icons no-list\">\n\t\t\t\t\t<li>\n\t\t\t\t\t\t\t\t\t<div class=\"icon\">\n\t\t\t\t\t\t<img decoding=\"async\" width=\"60\" height=\"41\" src=\"https:\/\/smeclimatehub.org\/wp-content\/uploads\/2023\/10\/Copy-of-Climate-Fit-icon_strategy-_-governance1-1-1.png\" class=\"attachment-full size-full\" alt=\"\" loading=\"lazy\" \/>\t\t\t\t\t<\/div>\n\t\t\t\t\t\t\t\t\t\t\t\t\t<p><strong><a href=\"https:\/\/smeclimatehub.org\/wp-json\/lw\/v1\/sso?redirectUrl=https%3A%2F%2Facademy.smeclimatehub.org%2Fcourse%2Fclimate-strategy-and-governance\" target=\"_blank\" rel=\"noopener\">Styrning och strategi<\/a> :<\/strong> Integrera h\u00e5llbarhet i hj\u00e4rtat av din aff\u00e4rsstrategi och identifiera var du kan g\u00f6ra st\u00f6rst skillnad<\/p>\n\t\t\t\t\t\t\t<\/li>\n\t\t\t\t\t<li>\n\t\t\t\t\t\t\t\t\t<div class=\"icon\">\n\t\t\t\t\t\t<img decoding=\"async\" width=\"31\" height=\"40\" src=\"https:\/\/smeclimatehub.org\/wp-content\/uploads\/2023\/10\/Copy-of-Climate-Fit-icon_operations2New-1.png\" class=\"attachment-full size-full\" alt=\"\" loading=\"lazy\" \/>\t\t\t\t\t<\/div>\n\t\t\t\t\t\t\t\t\t\t\t\t\t<p><strong><a href=\"https:\/\/smeclimatehub.org\/wp-json\/lw\/v1\/sso?redirectUrl=https%3A%2F%2Facademy.smeclimatehub.org%2Fcourse%2Fclimate-action-for-your-operations\" target=\"_blank\" rel=\"noopener\">Verksamhet<\/a> :<\/strong> Uppt\u00e4ck hur du kan f\u00f6rb\u00e4ttra din energieffektivitet, minska utsl\u00e4pp och implementera f\u00f6rnybar energi<\/p>\n\t\t\t\t\t\t\t<\/li>\n\t\t\t\t\t<li>\n\t\t\t\t\t\t\t\t\t<div class=\"icon\">\n\t\t\t\t\t\t<img decoding=\"async\" width=\"34\" height=\"40\" src=\"https:\/\/smeclimatehub.org\/wp-content\/uploads\/2023\/10\/Copy-of-Climate-Fit-icon_supply-chain3-1-1.png\" class=\"attachment-full size-full\" alt=\"\" loading=\"lazy\" \/>\t\t\t\t\t<\/div>\n\t\t\t\t\t\t\t\t\t\t\t\t\t<p><strong><a href=\"https:\/\/smeclimatehub.org\/wp-json\/lw\/v1\/sso?redirectUrl=https%3A%2F%2Facademy.smeclimatehub.org%2Fcourse%2Freducing-emissions-in-your-supply-chain\" target=\"_blank\" rel=\"noopener\">Leveranskedja<\/a> :<\/strong> Integrera klimath\u00e4nsyn i era vanliga upphandlingsprocesser<\/p>\n\t\t\t\t\t\t\t<\/li>\n\t\t\t\t\t<li>\n\t\t\t\t\t\t\t\t\t<div class=\"icon\">\n\t\t\t\t\t\t<img decoding=\"async\" width=\"40\" height=\"40\" src=\"https:\/\/smeclimatehub.org\/wp-content\/uploads\/2023\/10\/Copy-of-Climate-Fit-icon_product-design4-copy-1.png\" class=\"attachment-full size-full\" alt=\"\" loading=\"lazy\" \/>\t\t\t\t\t<\/div>\n\t\t\t\t\t\t\t\t\t\t\t\t\t<p><strong><a href=\"https:\/\/smeclimatehub.org\/wp-json\/lw\/v1\/sso?redirectUrl=https%3A%2F%2Facademy.smeclimatehub.org%2Fcourse%2Fdesign-for-net-zero\" target=\"_blank\" rel=\"noopener\">Design<\/a> :<\/strong> L\u00e4r dig hur du till\u00e4mpar ett livscykelt\u00e4nkande inom design, g\u00f6r smarta materialval och designar f\u00f6r b\u00e4sta prestanda med minimal p\u00e5verkan.<\/p>\n\t\t\t\t\t\t\t<\/li>\n\t\t\t\t\t<li>\n\t\t\t\t\t\t\t\t\t<div class=\"icon\">\n\t\t\t\t\t\t<img decoding=\"async\" width=\"34\" height=\"40\" src=\"https:\/\/smeclimatehub.org\/wp-content\/uploads\/2023\/10\/Copy-of-Climate-Fit-icon_finance5-1.png\" class=\"attachment-full size-full\" alt=\"\" loading=\"lazy\" \/>\t\t\t\t\t<\/div>\n\t\t\t\t\t\t\t\t\t\t\t\t\t<p><strong><a href=\"https:\/\/smeclimatehub.org\/wp-json\/lw\/v1\/sso?redirectUrl=https%3A%2F%2Facademy.smeclimatehub.org%2Fcourse%2Ffinancing-net-zero-transition\" target=\"_blank\" rel=\"noopener\">Finansiering<\/a> :<\/strong> Bygg en solid aff\u00e4rsmodell och uppt\u00e4ck hur du s\u00e4krar gr\u00f6n finansiering.<\/p>\n\t\t\t\t\t\t\t<\/li>\n\t\t\t\t\t<li>\n\t\t\t\t\t\t\t\t\t<div class=\"icon\">\n\t\t\t\t\t\t<img decoding=\"async\" width=\"59\" height=\"40\" src=\"https:\/\/smeclimatehub.org\/wp-content\/uploads\/2023\/10\/Copy-of-Climate-Fit-icon_people-_-community6-2.png\" class=\"attachment-full size-full\" alt=\"\" loading=\"lazy\" \/>\t\t\t\t\t<\/div>\n\t\t\t\t\t\t\t\t\t\t\t\t\t<p><strong><a href=\"https:\/\/smeclimatehub.org\/wp-json\/lw\/v1\/sso?redirectUrl=https%3A%2F%2Facademy.smeclimatehub.org%2Fcourse%2Fengaging-your-people-and-community-in-your-climate-ambitions\" target=\"_blank\" rel=\"noopener\">M\u00e4nniskor och samh\u00e4llen<\/a> :<\/strong> Engagera och inspirera dina anst\u00e4llda f\u00f6rst, sedan ditt samh\u00e4lle, och ta med dig m\u00e4nniskor p\u00e5 din nettonollresa<\/p>\n\t\t\t\t\t\t\t<\/li>\n\t\t\t\t\t<li>\n\t\t\t\t\t\t\t\t\t<div class=\"icon\">\n\t\t\t\t\t\t<img decoding=\"async\" width=\"60\" height=\"29\" src=\"https:\/\/smeclimatehub.org\/wp-content\/uploads\/2023\/10\/Copy-of-Climate-Fit-icon_storytelling7-2.png\" class=\"attachment-full size-full\" alt=\"\" loading=\"lazy\" \/>\t\t\t\t\t<\/div>\n\t\t\t\t\t\t\t\t\t\t\t\t\t<p><strong><a href=\"https:\/\/smeclimatehub.org\/wp-json\/lw\/v1\/sso?redirectUrl=https%3A%2F%2Facademy.smeclimatehub.org%2Fcourse%2Fnet-zero-storytelling\" target=\"_blank\" rel=\"noopener\">Netto noll storytelling<\/a> :<\/strong> Kommunicera framsteg och m\u00e5l med olika m\u00e5lgrupper, i linje med ditt f\u00f6retags mission och vision<\/p>\n\t\t\t\t\t\t\t<\/li>\n\t\t\t<\/ul>\n\n<\/div>\t\t\t\t\t\t\t<\/div>\n\t\t\t\t\t<\/div>\n\t<\/div>\n<\/section>\n<section id=\"block-650c08c35c447\" class=\"content-editor-section content-block light-bg white pt-half pb-half\">\n\t<div class=\"container\">\n\t\t<div class=\"content-block \">\n\t\t\t<div class=\"text\">\n\t\t\t\t<div class=\"acf-innerblocks-container\">\n\n<h2 class=\"wp-block-heading\">Hur det fungerar:<\/h2>\n\n\n\n<ul class=\"wp-block-list more-space\">\n<li><strong>Gratis och \u00f6ppet f\u00f6r alla sm\u00e5 och medelstora f\u00f6retag<\/strong> , f\u00e5 tillg\u00e5ng till kurserna online, var du \u00e4n befinner dig i v\u00e4rlden.<\/li>\n\n\n\n<li><strong>Sju kurser<\/strong> som delar upp uppgifterna i uppn\u00e5eliga steg.<\/li>\n\n\n\n<li>Dessa kurser <strong>\u00e4r 20\u201330 minuter l\u00e5nga per kurs<\/strong> och \u00e4r utformade s\u00e5 att du kan best\u00e4mma takten.<\/li>\n\n\n\n<li><strong>Mycket interaktiv<\/strong> med videor, aktiviteter och fr\u00e5gesporter som st\u00f6djer din inl\u00e4rningsresa.<\/li>\n\n\n\n<li><strong>L\u00e4r dig av dina kollegor<\/strong> , med fallstudier om andra f\u00f6retag som \u00e4r ledande inom klimat\u00e5tg\u00e4rder<\/li>\n\n\n\n<li><strong>S\u00e4tt konkreta \u00e5tg\u00e4rder<\/strong> som du kan ta med dig tillbaka till ditt f\u00f6retag f\u00f6r att effektivt genomf\u00f6ra f\u00f6r\u00e4ndringar<\/li>\n\n\n\n<li><strong>Spr\u00e5kalternativ<\/strong> \u2013 spansk \u00f6vers\u00e4ttning kommer snart!<\/li>\n\n\n\n<li><strong>Guidade av v\u00e5ra eko-idrottare<\/strong> som motiverar dig varje steg p\u00e5 v\u00e4gen.<\/li>\n<\/ul>\n\n<\/div>\t\t\t\t\t\t\t<\/div>\n\t\t\t\t\t<\/div>\n\t<\/div>\n<\/section>\n<section id=\"block-650c0cc0a278a\" class=\"content-editor-section content-block light-bg white pt-half pb-half\">\n\t<div class=\"container\">\n\t\t<div class=\"content-block \">\n\t\t\t<div class=\"text\">\n\t\t\t\t<div class=\"acf-innerblocks-container\">\n\n<h2 class=\"wp-block-heading\">Vad f\u00e5r du ut av det?<\/h2>\n\n\n\n<p>Om det inte r\u00e4cker med att skydda planeten jorden f\u00f6r kommande generationer kan ditt f\u00f6retag genom att vidta klimat\u00e5tg\u00e4rder:<\/p>\n\n\n\n<ul class=\"wp-block-list more-space\">\n<li>M\u00f6t den v\u00e4xande konsumentefterfr\u00e5gan p\u00e5 h\u00e5llbara varum\u00e4rken<\/li>\n\n\n\n<li>Uppt\u00e4ck hur du kan spara pengar och skapa nya int\u00e4kter genom h\u00e5llbara metoder<\/li>\n\n\n\n<li>Vinn och beh\u00e5ll aff\u00e4rer med ledande f\u00f6retag som f\u00f6rv\u00e4ntar sig h\u00e5llbarhet fr\u00e5n sina leverant\u00f6rer<\/li>\n\n\n\n<li>Hantera risker och f\u00f6rb\u00e4ttra motst\u00e5ndskraften<\/li>\n\n\n\n<li>F\u00f6rb\u00e4ttra din tillg\u00e5ng till kapital<\/li>\n\n\n\n<li>Attrahera och beh\u00e5lla topptalanger som vill arbeta med h\u00e5llbarhetsfokuserade organisationer<\/li>\n\n\n\n<li>Ligg steget f\u00f6re med regel\u00e4ndringar<\/li>\n<\/ul>\n\n<\/div>\t\t\t\t\t\t\t<\/div>\n\t\t\t\t\t<\/div>\n\t<\/div>\n<\/section>\n<section id=\"block-650c0cc0a27d0\" class=\"content-editor-section content-block light-bg white pt-half pb-half\">\n\t<div class=\"container\">\n\t\t<div class=\"content-block with-link\">\n\t\t\t<div class=\"text\">\n\t\t\t\t<div class=\"acf-innerblocks-container\">\n\n<h2 class=\"wp-block-heading\">Utvecklad av experter inom n\u00e4ringsliv och h\u00e5llbarhet:<\/h2>\n\n\n\n<figure class=\"wp-block-image size-full\"><img decoding=\"async\" src=\"http:\/\/localhost\/newsme\/wp-content\/uploads\/2023\/09\/CISL_logo_RGB_HIRES-1-1-1.png\" alt=\"\" class=\"wp-image-3142\"\/><\/figure>\n\n\n\n<p><a href=\"https:\/\/www.cisl.cam.ac.uk\/\" data-type=\"URL\" data-id=\"https:\/\/www.cisl.cam.ac.uk\/\">University of Cambridge Institute for Sustainability Leadership<\/a> \u00e4r ett globalt inflytelserikt institut som utvecklar ledarskap och l\u00f6sningar f\u00f6r en h\u00e5llbar ekonomi. Under de senaste 30 \u00e5ren har CISL byggt upp ett <a href=\"https:\/\/www.cisl.cam.ac.uk\/network\" data-type=\"URL\" data-id=\"https:\/\/www.cisl.cam.ac.uk\/network\">ledarskapsn\u00e4tverk<\/a> med \u00f6ver 20 000 seniora ledare och yrkesverksamma fr\u00e5n n\u00e4ringsliv, myndigheter och civilsamh\u00e4llet, som har en inverkan i alla sektorer och p\u00e5 alla kontinenter. <\/p>\n\n\n\n<figure class=\"wp-block-image size-full\"><img decoding=\"async\" src=\"http:\/\/localhost\/newsme\/wp-content\/uploads\/2023\/09\/BSR-1-300x118-1-1.png\" alt=\"\" class=\"wp-image-3157\"\/><\/figure>\n\n\n\n<p><a href=\"https:\/\/www.bsr.org\/en\/\">BSR\u2122<\/a> \u00e4r en organisation av experter p\u00e5 h\u00e5llbart f\u00f6retagande som arbetar med sitt globala n\u00e4tverk av v\u00e4rldens ledande f\u00f6retag f\u00f6r att bygga en r\u00e4ttvis och h\u00e5llbar v\u00e4rld. Med kontor i Asien, Europa och Nordamerika erbjuder BSR\u2122 insikter, r\u00e5d och samarbetsinitiativ som hj\u00e4lper dig att se en f\u00f6r\u00e4nderlig v\u00e4rld tydligare, skapa l\u00e5ngsiktigt aff\u00e4rsv\u00e4rde och \u00f6ka din inverkan. <\/p>\n\n<\/div>\t\t\t\t\t\t\t<\/div>\n\t\t\t\t\t\t\t<div class=\"link\">\n\t\t\t\t\t<a target=\"_blank\" href=\"https:\/\/academy.smeclimatehub.org\/climate-fit-courses\">Vad v\u00e4ntar du p\u00e5? B\u00f6rja din Climate Fit-tr\u00e4ning idag. <\/a>\n\t\t\t\t<\/div>\n\t\t\t\t\t<\/div>\n\t<\/div>\n<\/section>\n<section id=\"block-650c0f8992bd2\" class=\"content-editor-section content-block light-bg white pt-half none\">\n\t<div class=\"container\">\n\t\t<div class=\"content-block \">\n\t\t\t<div class=\"text\">\n\t\t\t\t<div class=\"acf-innerblocks-container\">\n\n<h2 class=\"wp-block-heading\">Vill du veta mer?<\/h2>\n\n\n\n<p>F\u00f6r mer information om Climate Fit, kolla in v\u00e5r webbinariuminspelning som ger en genomg\u00e5ng av kursen.<\/p>\n\n\n\n<p><a href=\"https:\/\/www.youtube.com\/watch?v=SCgRNzLLf-I\">Lanseringen av Climate Fit: gratis och l\u00e4ttillg\u00e4nglig utbildning i nettonollutsl\u00e4pp f\u00f6r sm\u00e5 och medelstora f\u00f6retag<\/a><\/p>\n\n\n\n<div id=\"block-650c0f8992c06\"  class=\"youtube-video\">\n\t\t\t<div data-target=\"youtube_video\" data-video-id=\"SCgRNzLLf-I\" class=\"video\"><\/div>\n\t<\/div>\n<\/div>\t\t\t\t\t\t\t<\/div>\n\t\t\t\t\t<\/div>\n\t<\/div>\n<\/section>\n<script>jQuery(document).ready(function ($) {\nlang_code = Transifex.live.detectLanguage();\nif (lang_code == \"es\"){\n    var link = '\/courses\/bienvenido-al-clima-fit\/';\n    $(\"div.courseLink a\").attr(\"href\", link);\n}else{\n    var link = '\/courses\/education\/';\n    $(\"div.courseLink a\").attr(\"href\", link);\n}\nTransifex.live.onTranslatePage(function(language_code) {\n  if (language_code === \"es\") {\n            var link = '\/courses\/bienvenido-al-clima-fit\/';\n            $(\"div.courseLink a\").attr(\"href\", link);\n        } else {\n            var link = '\/courses\/education\/';\n            $(\"div.courseLink a\").attr(\"href\", link);\n        }\n});\n});\n\n<\/script>\n\n<p><\/p>\n","protected":false},"excerpt":{"rendered":"","protected":false},"author":1320,"featured_media":0,"parent":0,"menu_order":0,"comment_status":"closed","ping_status":"closed","template":"","meta":{"_acf_changed":false,"inline_featured_image":false,"footnotes":""},"class_list":["post-86365","page","type-page","status-publish","hentry"],"acf":[],"yoast_head":"<title>Klimatpassning - SME Climate Hub<\/title>\n<meta name=\"robots\" content=\"index, follow, max-snippet:-1, max-image-preview:large, max-video-preview:-1\" \/>\n<link rel=\"canonical\" href=\"https:\/\/smeclimatehub.org\/sv\/klimatpassning\/\" \/>\n<meta property=\"og:locale\" content=\"sv_SE\" \/>\n<meta property=\"og:type\" content=\"article\" \/>\n<meta property=\"og:title\" content=\"Klimatpassning - SME Climate Hub\" \/>\n<meta property=\"og:url\" content=\"https:\/\/smeclimatehub.org\/sv\/klimatpassning\/\" \/>\n<meta property=\"og:site_name\" content=\"SME Climate Hub\" \/>\n<meta property=\"article:modified_time\" content=\"2025-07-31T09:43:18+00:00\" \/>\n<meta property=\"og:image\" content=\"https:\/\/smeclimatehub.org\/wp-content\/uploads\/2023\/10\/climateFitBanner.jpg\" \/>\n\t<meta property=\"og:image:width\" content=\"2131\" \/>\n\t<meta property=\"og:image:height\" content=\"1208\" \/>\n\t<meta property=\"og:image:type\" content=\"image\/jpeg\" \/>\n<meta name=\"twitter:card\" content=\"summary_large_image\" \/>\n<meta name=\"twitter:label1\" content=\"Est. reading time\" \/>\n\t<meta name=\"twitter:data1\" content=\"3 minuter\" \/>\n<script type=\"application\/ld+json\" class=\"yoast-schema-graph\">{\"@context\":\"https:\/\/schema.org\",\"@graph\":[{\"@type\":\"WebPage\",\"@id\":\"https:\/\/smeclimatehub.org\/sv\/klimatpassning\/\",\"url\":\"https:\/\/smeclimatehub.org\/sv\/klimatpassning\/\",\"name\":\"Klimatpassning - SME Climate Hub\",\"isPartOf\":{\"@id\":\"https:\/\/businessclimatehub.org\/es\/#website\"},\"primaryImageOfPage\":{\"@id\":\"https:\/\/smeclimatehub.org\/sv\/klimatpassning\/#primaryimage\"},\"image\":{\"@id\":\"https:\/\/smeclimatehub.org\/sv\/klimatpassning\/#primaryimage\"},\"thumbnailUrl\":\"https:\/\/smeclimatehub.org\/wp-content\/uploads\/2023\/10\/climateFitBanner-1024x580.jpg\",\"datePublished\":\"2021-12-14T08:40:46+00:00\",\"dateModified\":\"2025-07-31T09:43:18+00:00\",\"breadcrumb\":{\"@id\":\"https:\/\/smeclimatehub.org\/sv\/klimatpassning\/#breadcrumb\"},\"inLanguage\":\"sv-SE\",\"potentialAction\":[{\"@type\":\"ReadAction\",\"target\":[\"https:\/\/smeclimatehub.org\/sv\/klimatpassning\/\"]}]},{\"@type\":\"ImageObject\",\"inLanguage\":\"sv-SE\",\"@id\":\"https:\/\/smeclimatehub.org\/sv\/klimatpassning\/#primaryimage\",\"url\":\"https:\/\/smeclimatehub.org\/wp-content\/uploads\/2023\/10\/climateFitBanner-1024x580.jpg\",\"contentUrl\":\"https:\/\/smeclimatehub.org\/wp-content\/uploads\/2023\/10\/climateFitBanner-1024x580.jpg\"},{\"@type\":\"BreadcrumbList\",\"@id\":\"https:\/\/smeclimatehub.org\/sv\/klimatpassning\/#breadcrumb\",\"itemListElement\":[{\"@type\":\"ListItem\",\"position\":1,\"name\":\"Home\",\"item\":\"https:\/\/smeclimatehub.org\/sv\/\"},{\"@type\":\"ListItem\",\"position\":2,\"name\":\"Klimatpassning\"}]},{\"@type\":\"WebSite\",\"@id\":\"https:\/\/businessclimatehub.org\/es\/#website\",\"url\":\"https:\/\/businessclimatehub.org\/es\/\",\"name\":\"SME Climate hub\",\"description\":\"\",\"publisher\":{\"@id\":\"https:\/\/businessclimatehub.org\/es\/#organization\"},\"potentialAction\":[{\"@type\":\"SearchAction\",\"target\":{\"@type\":\"EntryPoint\",\"urlTemplate\":\"https:\/\/businessclimatehub.org\/es\/?s={search_term_string}\"},\"query-input\":{\"@type\":\"PropertyValueSpecification\",\"valueRequired\":true,\"valueName\":\"search_term_string\"}}],\"inLanguage\":\"sv-SE\"},{\"@type\":\"Organization\",\"@id\":\"https:\/\/businessclimatehub.org\/es\/#organization\",\"name\":\"SME Climate hub\",\"url\":\"https:\/\/businessclimatehub.org\/es\/\",\"logo\":{\"@type\":\"ImageObject\",\"inLanguage\":\"sv-SE\",\"@id\":\"https:\/\/businessclimatehub.org\/es\/#\/schema\/logo\/image\/\",\"url\":\"https:\/\/smeclimatehub.org\/wp-content\/uploads\/2025\/03\/smeLogo-1.png\",\"contentUrl\":\"https:\/\/smeclimatehub.org\/wp-content\/uploads\/2025\/03\/smeLogo-1.png\",\"width\":465,\"height\":245,\"caption\":\"SME Climate hub\"},\"image\":{\"@id\":\"https:\/\/businessclimatehub.org\/es\/#\/schema\/logo\/image\/\"}}]}<\/script>","yoast_head_json":{"title":"Klimatpassning - SME Climate Hub","robots":{"index":"index","follow":"follow","max-snippet":"max-snippet:-1","max-image-preview":"max-image-preview:large","max-video-preview":"max-video-preview:-1"},"canonical":"https:\/\/smeclimatehub.org\/sv\/klimatpassning\/","og_locale":"sv_SE","og_type":"article","og_title":"Klimatpassning - SME Climate Hub","og_url":"https:\/\/smeclimatehub.org\/sv\/klimatpassning\/","og_site_name":"SME Climate Hub","article_modified_time":"2025-07-31T09:43:18+00:00","og_image":[{"width":2131,"height":1208,"url":"https:\/\/smeclimatehub.org\/wp-content\/uploads\/2023\/10\/climateFitBanner.jpg","type":"image\/jpeg"}],"twitter_card":"summary_large_image","twitter_misc":{"Est. reading time":"3 minuter"},"schema":{"@context":"https:\/\/schema.org","@graph":[{"@type":"WebPage","@id":"https:\/\/smeclimatehub.org\/sv\/klimatpassning\/","url":"https:\/\/smeclimatehub.org\/sv\/klimatpassning\/","name":"Klimatpassning - SME Climate Hub","isPartOf":{"@id":"https:\/\/businessclimatehub.org\/es\/#website"},"primaryImageOfPage":{"@id":"https:\/\/smeclimatehub.org\/sv\/klimatpassning\/#primaryimage"},"image":{"@id":"https:\/\/smeclimatehub.org\/sv\/klimatpassning\/#primaryimage"},"thumbnailUrl":"https:\/\/smeclimatehub.org\/wp-content\/uploads\/2023\/10\/climateFitBanner-1024x580.jpg","datePublished":"2021-12-14T08:40:46+00:00","dateModified":"2025-07-31T09:43:18+00:00","breadcrumb":{"@id":"https:\/\/smeclimatehub.org\/sv\/klimatpassning\/#breadcrumb"},"inLanguage":"sv-SE","potentialAction":[{"@type":"ReadAction","target":["https:\/\/smeclimatehub.org\/sv\/klimatpassning\/"]}]},{"@type":"ImageObject","inLanguage":"sv-SE","@id":"https:\/\/smeclimatehub.org\/sv\/klimatpassning\/#primaryimage","url":"https:\/\/smeclimatehub.org\/wp-content\/uploads\/2023\/10\/climateFitBanner-1024x580.jpg","contentUrl":"https:\/\/smeclimatehub.org\/wp-content\/uploads\/2023\/10\/climateFitBanner-1024x580.jpg"},{"@type":"BreadcrumbList","@id":"https:\/\/smeclimatehub.org\/sv\/klimatpassning\/#breadcrumb","itemListElement":[{"@type":"ListItem","position":1,"name":"Home","item":"https:\/\/smeclimatehub.org\/sv\/"},{"@type":"ListItem","position":2,"name":"Klimatpassning"}]},{"@type":"WebSite","@id":"https:\/\/businessclimatehub.org\/es\/#website","url":"https:\/\/businessclimatehub.org\/es\/","name":"SME Climate hub","description":"","publisher":{"@id":"https:\/\/businessclimatehub.org\/es\/#organization"},"potentialAction":[{"@type":"SearchAction","target":{"@type":"EntryPoint","urlTemplate":"https:\/\/businessclimatehub.org\/es\/?s={search_term_string}"},"query-input":{"@type":"PropertyValueSpecification","valueRequired":true,"valueName":"search_term_string"}}],"inLanguage":"sv-SE"},{"@type":"Organization","@id":"https:\/\/businessclimatehub.org\/es\/#organization","name":"SME Climate hub","url":"https:\/\/businessclimatehub.org\/es\/","logo":{"@type":"ImageObject","inLanguage":"sv-SE","@id":"https:\/\/businessclimatehub.org\/es\/#\/schema\/logo\/image\/","url":"https:\/\/smeclimatehub.org\/wp-content\/uploads\/2025\/03\/smeLogo-1.png","contentUrl":"https:\/\/smeclimatehub.org\/wp-content\/uploads\/2025\/03\/smeLogo-1.png","width":465,"height":245,"caption":"SME Climate hub"},"image":{"@id":"https:\/\/businessclimatehub.org\/es\/#\/schema\/logo\/image\/"}}]}},"_links":{"self":[{"href":"https:\/\/smeclimatehub.org\/sv\/wp-json\/wp\/v2\/pages\/86365","targetHints":{"allow":["GET"]}}],"collection":[{"href":"https:\/\/smeclimatehub.org\/sv\/wp-json\/wp\/v2\/pages"}],"about":[{"href":"https:\/\/smeclimatehub.org\/sv\/wp-json\/wp\/v2\/types\/page"}],"author":[{"embeddable":true,"href":"https:\/\/smeclimatehub.org\/sv\/wp-json\/wp\/v2\/users\/1320"}],"replies":[{"embeddable":true,"href":"https:\/\/smeclimatehub.org\/sv\/wp-json\/wp\/v2\/comments?post=86365"}],"version-history":[{"count":0,"href":"https:\/\/smeclimatehub.org\/sv\/wp-json\/wp\/v2\/pages\/86365\/revisions"}],"wp:attachment":[{"href":"https:\/\/smeclimatehub.org\/sv\/wp-json\/wp\/v2\/media?parent=86365"}],"curies":[{"name":"wp","href":"https:\/\/api.w.org\/{rel}","templated":true}]}}