
{"id":92796,"date":"2022-04-20T10:15:31","date_gmt":"2022-04-20T09:15:31","guid":{"rendered":"https:\/\/smeclimatehub.org\/compromisso\/"},"modified":"2026-04-17T15:53:34","modified_gmt":"2026-04-17T14:53:34","slug":"sme-climate-commitment","status":"publish","type":"page","link":"https:\/\/smeclimatehub.org\/pt-br\/sme-climate-commitment\/","title":{"rendered":"Commitment"},"content":{"rendered":"<section id=\"block-6426c876b27bb\"  class=\"hero-section align-content-center secondary-bg no-image\">\n\t<div class=\"container\">\n\t\t<div class=\"content\">\n\t\t\t<div class=\"text\">\n\t\t\t\t<div class=\"acf-innerblocks-container\">\n\n<h1 class=\"wp-block-heading\">Compromisso das PMEs com o Clima<\/h1>\n\n\n\n<p>Comprometa-se hoje a garantir o futuro do seu neg\u00f3cio.<br><\/p>\n\n<\/div>\t\t\t\t\t\t\t\t\t\t\t\t\t\t\t\t\t\t\t<\/div>\n\t\t\t\t\t\t\t\t\t\t\t<\/div>\n\t<\/div>\n<\/section>\n\n\n\n<section id=\"block-69e2496ce6aa4\"  class=\"text-attachment-section content-block light-bg white right-side heading-center row pt-full pb-full default\">\n\t<div class=\"container\">\n\t\t<div class=\"content-block\">\n\t\t\t\t\t\t\t\t\t\t\t\t\t\t\t\t\t\t\t\t\t\t\t\t\t\t\t\t\n\t\t\t\t\t\t<div class=\"text\">\n\t\t\t\t\t\t\t<h2 style=\"text-align: center;\">O Compromisso Clim\u00e1tico das PMEs<\/h2>\n<p>Reconhecendo que as mudan\u00e7as clim\u00e1ticas representam uma amea\u00e7a para a economia, a natureza e a sociedade em geral, nossa empresa se compromete a agir imediatamente para:<\/p>\n<ul class=\"wp-block-list\">\n<li><strong>Reduzir pela metade nossas emiss\u00f5es de gases de efeito estufa antes de 2030.<\/strong><\/li>\n<li><strong>Atingir emiss\u00f5es l\u00edquidas zero antes de 2050<\/strong><\/li>\n<li><strong>Divulgar nosso progresso anualmente.<\/strong><\/li>\n<\/ul>\n<p>Ao fazermos isso, orgulhamo-nos de sermos reconhecidos pela campanha Race to Zero dos Campe\u00f5es de Alto N\u00edvel da ONU para as Mudan\u00e7as Clim\u00e1ticas e de nos unirmos a governos, empresas, cidades, regi\u00f5es e universidades de todo o mundo que partilham a mesma miss\u00e3o.<\/p>\n\t\t\t\t\t\t<\/div>\n\t\t\t\t\t\n\t\t\t\t\t\t\t\t\t\t<div class=\"content\">\n\t\t\t\t<div class=\"text\">\n\t\t\t\t\t\t\t\t\t\t\t\t\t\t\t\t\t\t\t\t\t\t\t<div class=\"acf-innerblocks-container\"><\/div>\t\t\t\t<\/div>\n\n\t\t\t<\/div>\n\t\t\t\t\t\t\t<div class=\"button-wrapper\">\n\t\t\t\t\t\t\t\t\t\t<a class=\"button\" target=\"_self\" href=\"https:\/\/smeclimatehub.org\/register\/committed-user\">\n\t\t\t\t\t\tAssuma o compromisso \t\t\t\t\t<\/a>\n\t\t\t\t\t\t\t\t\t\t\t\t\t\t\t\t<a class=\"second-btn\" target=\"_blank\" href=\"https:\/\/faq.smeclimatehub.org\/hc\/en-us\/categories\/17678950560658-The-SME-Climate-Commitment\">\n\t\t\t\t\t\tSobre o Compromisso Clim\u00e1tico das PMEs \t\t\t\t\t<\/a>\n\t\t\t\t\t\t\t\t\t<\/div>\n\t\t\t\t\t<\/div>\n\t<\/div>\n<\/section>\n\n\n<p><\/p>\n","protected":false},"excerpt":{"rendered":"","protected":false},"author":1320,"featured_media":0,"parent":0,"menu_order":0,"comment_status":"closed","ping_status":"closed","template":"template-full-width.php","meta":{"_acf_changed":true,"inline_featured_image":false,"footnotes":""},"class_list":["post-92796","page","type-page","status-publish","hentry"],"acf":[],"yoast_head":"<title>Commitment - SME Climate Hub<\/title>\n<meta name=\"robots\" content=\"index, follow, max-snippet:-1, max-image-preview:large, max-video-preview:-1\" \/>\n<link rel=\"canonical\" href=\"https:\/\/smeclimatehub.org\/pt-br\/sme-climate-commitment\/\" \/>\n<meta property=\"og:locale\" content=\"pt_BR\" \/>\n<meta property=\"og:type\" content=\"article\" \/>\n<meta property=\"og:title\" content=\"Commitment - SME Climate Hub\" \/>\n<meta property=\"og:url\" content=\"https:\/\/smeclimatehub.org\/pt-br\/sme-climate-commitment\/\" \/>\n<meta property=\"og:site_name\" content=\"SME Climate Hub\" \/>\n<meta property=\"article:modified_time\" content=\"2026-04-17T14:53:34+00:00\" \/>\n<meta property=\"og:image\" content=\"https:\/\/smeclimatehub.org\/wp-content\/uploads\/2024\/08\/Preview_four.png\" \/>\n\t<meta property=\"og:image:width\" content=\"2000\" \/>\n\t<meta property=\"og:image:height\" content=\"1124\" \/>\n\t<meta property=\"og:image:type\" content=\"image\/png\" \/>\n<meta name=\"twitter:card\" content=\"summary_large_image\" \/>\n<meta name=\"twitter:label1\" content=\"Est. reading time\" \/>\n\t<meta name=\"twitter:data1\" content=\"1 minuto\" \/>\n<script type=\"application\/ld+json\" class=\"yoast-schema-graph\">{\"@context\":\"https:\/\/schema.org\",\"@graph\":[{\"@type\":\"WebPage\",\"@id\":\"https:\/\/smeclimatehub.org\/pt-br\/sme-climate-commitment\/\",\"url\":\"https:\/\/smeclimatehub.org\/pt-br\/sme-climate-commitment\/\",\"name\":\"Commitment - SME Climate Hub\",\"isPartOf\":{\"@id\":\"https:\/\/businessclimatehub.org\/es\/#website\"},\"datePublished\":\"2022-04-20T09:15:31+00:00\",\"dateModified\":\"2026-04-17T14:53:34+00:00\",\"breadcrumb\":{\"@id\":\"https:\/\/smeclimatehub.org\/pt-br\/sme-climate-commitment\/#breadcrumb\"},\"inLanguage\":\"pt-BR\",\"potentialAction\":[{\"@type\":\"ReadAction\",\"target\":[\"https:\/\/smeclimatehub.org\/pt-br\/sme-climate-commitment\/\"]}]},{\"@type\":\"BreadcrumbList\",\"@id\":\"https:\/\/smeclimatehub.org\/pt-br\/sme-climate-commitment\/#breadcrumb\",\"itemListElement\":[{\"@type\":\"ListItem\",\"position\":1,\"name\":\"Home\",\"item\":\"https:\/\/smeclimatehub.org\/pt-br\/\"},{\"@type\":\"ListItem\",\"position\":2,\"name\":\"Commitment\"}]},{\"@type\":\"WebSite\",\"@id\":\"https:\/\/businessclimatehub.org\/es\/#website\",\"url\":\"https:\/\/businessclimatehub.org\/es\/\",\"name\":\"SME Climate hub\",\"description\":\"\",\"publisher\":{\"@id\":\"https:\/\/businessclimatehub.org\/es\/#organization\"},\"potentialAction\":[{\"@type\":\"SearchAction\",\"target\":{\"@type\":\"EntryPoint\",\"urlTemplate\":\"https:\/\/businessclimatehub.org\/es\/?s={search_term_string}\"},\"query-input\":{\"@type\":\"PropertyValueSpecification\",\"valueRequired\":true,\"valueName\":\"search_term_string\"}}],\"inLanguage\":\"pt-BR\"},{\"@type\":\"Organization\",\"@id\":\"https:\/\/businessclimatehub.org\/es\/#organization\",\"name\":\"SME Climate hub\",\"url\":\"https:\/\/businessclimatehub.org\/es\/\",\"logo\":{\"@type\":\"ImageObject\",\"inLanguage\":\"pt-BR\",\"@id\":\"https:\/\/businessclimatehub.org\/es\/#\/schema\/logo\/image\/\",\"url\":\"https:\/\/smeclimatehub.org\/wp-content\/uploads\/2026\/04\/57478-SME-Climate-Hub-logo-teal_1-cropped.svg\",\"contentUrl\":\"https:\/\/smeclimatehub.org\/wp-content\/uploads\/2026\/04\/57478-SME-Climate-Hub-logo-teal_1-cropped.svg\",\"caption\":\"SME Climate hub\"},\"image\":{\"@id\":\"https:\/\/businessclimatehub.org\/es\/#\/schema\/logo\/image\/\"}}]}<\/script>","yoast_head_json":{"title":"Commitment - SME Climate Hub","robots":{"index":"index","follow":"follow","max-snippet":"max-snippet:-1","max-image-preview":"max-image-preview:large","max-video-preview":"max-video-preview:-1"},"canonical":"https:\/\/smeclimatehub.org\/pt-br\/sme-climate-commitment\/","og_locale":"pt_BR","og_type":"article","og_title":"Commitment - SME Climate Hub","og_url":"https:\/\/smeclimatehub.org\/pt-br\/sme-climate-commitment\/","og_site_name":"SME Climate Hub","article_modified_time":"2026-04-17T14:53:34+00:00","og_image":[{"width":2000,"height":1124,"url":"https:\/\/smeclimatehub.org\/wp-content\/uploads\/2024\/08\/Preview_four.png","type":"image\/png"}],"twitter_card":"summary_large_image","twitter_misc":{"Est. reading time":"1 minuto"},"schema":{"@context":"https:\/\/schema.org","@graph":[{"@type":"WebPage","@id":"https:\/\/smeclimatehub.org\/pt-br\/sme-climate-commitment\/","url":"https:\/\/smeclimatehub.org\/pt-br\/sme-climate-commitment\/","name":"Commitment - SME Climate Hub","isPartOf":{"@id":"https:\/\/businessclimatehub.org\/es\/#website"},"datePublished":"2022-04-20T09:15:31+00:00","dateModified":"2026-04-17T14:53:34+00:00","breadcrumb":{"@id":"https:\/\/smeclimatehub.org\/pt-br\/sme-climate-commitment\/#breadcrumb"},"inLanguage":"pt-BR","potentialAction":[{"@type":"ReadAction","target":["https:\/\/smeclimatehub.org\/pt-br\/sme-climate-commitment\/"]}]},{"@type":"BreadcrumbList","@id":"https:\/\/smeclimatehub.org\/pt-br\/sme-climate-commitment\/#breadcrumb","itemListElement":[{"@type":"ListItem","position":1,"name":"Home","item":"https:\/\/smeclimatehub.org\/pt-br\/"},{"@type":"ListItem","position":2,"name":"Commitment"}]},{"@type":"WebSite","@id":"https:\/\/businessclimatehub.org\/es\/#website","url":"https:\/\/businessclimatehub.org\/es\/","name":"SME Climate hub","description":"","publisher":{"@id":"https:\/\/businessclimatehub.org\/es\/#organization"},"potentialAction":[{"@type":"SearchAction","target":{"@type":"EntryPoint","urlTemplate":"https:\/\/businessclimatehub.org\/es\/?s={search_term_string}"},"query-input":{"@type":"PropertyValueSpecification","valueRequired":true,"valueName":"search_term_string"}}],"inLanguage":"pt-BR"},{"@type":"Organization","@id":"https:\/\/businessclimatehub.org\/es\/#organization","name":"SME Climate hub","url":"https:\/\/businessclimatehub.org\/es\/","logo":{"@type":"ImageObject","inLanguage":"pt-BR","@id":"https:\/\/businessclimatehub.org\/es\/#\/schema\/logo\/image\/","url":"https:\/\/smeclimatehub.org\/wp-content\/uploads\/2026\/04\/57478-SME-Climate-Hub-logo-teal_1-cropped.svg","contentUrl":"https:\/\/smeclimatehub.org\/wp-content\/uploads\/2026\/04\/57478-SME-Climate-Hub-logo-teal_1-cropped.svg","caption":"SME Climate hub"},"image":{"@id":"https:\/\/businessclimatehub.org\/es\/#\/schema\/logo\/image\/"}}]}},"_links":{"self":[{"href":"https:\/\/smeclimatehub.org\/pt-br\/wp-json\/wp\/v2\/pages\/92796","targetHints":{"allow":["GET"]}}],"collection":[{"href":"https:\/\/smeclimatehub.org\/pt-br\/wp-json\/wp\/v2\/pages"}],"about":[{"href":"https:\/\/smeclimatehub.org\/pt-br\/wp-json\/wp\/v2\/types\/page"}],"author":[{"embeddable":true,"href":"https:\/\/smeclimatehub.org\/pt-br\/wp-json\/wp\/v2\/users\/1320"}],"replies":[{"embeddable":true,"href":"https:\/\/smeclimatehub.org\/pt-br\/wp-json\/wp\/v2\/comments?post=92796"}],"version-history":[{"count":0,"href":"https:\/\/smeclimatehub.org\/pt-br\/wp-json\/wp\/v2\/pages\/92796\/revisions"}],"wp:attachment":[{"href":"https:\/\/smeclimatehub.org\/pt-br\/wp-json\/wp\/v2\/media?parent=92796"}],"curies":[{"name":"wp","href":"https:\/\/api.w.org\/{rel}","templated":true}]}}