
{"id":92624,"date":"2021-12-14T09:40:46","date_gmt":"2021-12-14T08:40:46","guid":{"rendered":"https:\/\/smeclimatehub.org\/ajuste-ao-clima\/"},"modified":"2025-11-06T18:22:58","modified_gmt":"2025-11-06T17:22:58","slug":"ajuste-ao-clima","status":"publish","type":"page","link":"https:\/\/smeclimatehub.org\/pt-br\/ajuste-ao-clima\/","title":{"rendered":"Ajuste ao clima"},"content":{"rendered":"\n<section id=\"block-650bfa3078f32\" class=\"content-editor-section light-bg pt-half pb-full\">\n\t<div class=\"container\">\n\t\t<div class=\"content-block \">\n\t\t\t<div class=\"text\">\n\t\t\t\t<div class=\"acf-innerblocks-container\">\n\n<figure class=\"wp-block-image size-large is-resized\"><img loading=\"lazy\" decoding=\"async\" width=\"1024\" height=\"580\" src=\"https:\/\/smeclimatehub.org\/wp-content\/uploads\/2023\/10\/climateFitBanner-1024x580.jpg\" alt=\"\" class=\"wp-image-19434\" style=\"aspect-ratio:1.7655172413793103;width:1024px;height:auto\" srcset=\"https:\/\/smeclimatehub.org\/wp-content\/uploads\/2023\/10\/climateFitBanner-1024x580.jpg 1024w, https:\/\/smeclimatehub.org\/wp-content\/uploads\/2023\/10\/climateFitBanner-300x170.jpg 300w, https:\/\/smeclimatehub.org\/wp-content\/uploads\/2023\/10\/climateFitBanner-768x435.jpg 768w, https:\/\/smeclimatehub.org\/wp-content\/uploads\/2023\/10\/climateFitBanner-1536x871.jpg 1536w, https:\/\/smeclimatehub.org\/wp-content\/uploads\/2023\/10\/climateFitBanner-2048x1161.jpg 2048w\" sizes=\"auto, (max-width: 1024px) 100vw, 1024px\" \/><\/figure>\n\n\n\n<p>O Climate Fit \u00e9 um curso de treinamento online gratuito que oferece \u00e0s PMEs orienta\u00e7\u00f5es pr\u00e1ticas, passo a passo, sobre como implementar a\u00e7\u00f5es clim\u00e1ticas em toda a empresa. O Climate Fit consiste em sete m\u00f3dulos de 20 a 30 minutos cada. <\/p>\n\n\n\n<p class=\"button-wrapper\"><a class=\"button\" target=\"blank\" href=\"https:\/\/academy.smeclimatehub.org\/climate-fit-courses\" rel=\"noopener\">Acesse os cursos do Climate Fit<\/a><\/p>\n\n<\/div>\t\t\t\t\t\t\t<\/div>\n\t\t\t\t\t<\/div>\n\t<\/div>\n<\/section>\n\n\n<section id=\"block-650bfeac11298\" class=\"content-editor-section content-block light-bg white pt-half pb-half\">\n\t<div class=\"container\">\n\t\t<div class=\"content-block \">\n\t\t\t<div class=\"text\">\n\t\t\t\t<div class=\"acf-innerblocks-container\">\n\n<h2 class=\"wp-block-heading\">Para quem \u00e9?<\/h2>\n\n\n\n<p>O Climate Fit foi projetado especificamente para PMEs.<\/p>\n\n\n\n<p>We understand that when it comes to addressing climate change it can be hard to know where to start. The sheer scale of the challenges ahead, coupled with a lack of information and limited resources to initiate change, leaves many unsure how to take action. <\/p>\n\n\n\n<p>N\u00e3o importa onde voc\u00ea esteja no mundo, seja voc\u00ea uma equipe de duas pessoas ou um grupo de 100 pessoas, este curso tem como objetivo ajudar pequenas e m\u00e9dias empresas a trilhar o caminho rumo \u00e0 neutralidade de carbono, em sete etapas alcan\u00e7\u00e1veis.<\/p>\n\n<\/div>\t\t\t\t\t\t\t<\/div>\n\t\t\t\t\t<\/div>\n\t<\/div>\n<\/section>\n\n\n<section id=\"block-650bfeac112d9\" class=\"content-editor-section content-block no-paddings-inside light-bg white pt-half pb-half\">\n\t<div class=\"container\">\n\t\t<div class=\"content-block \">\n\t\t\t<div class=\"text\">\n\t\t\t\t<div class=\"acf-innerblocks-container\">\n\n<div id=\"block-650bfed8d75eb\"  class=\"youtube-video\">\n\t\t\t<div data-target=\"youtube_video\" data-video-id=\"Bjo5HKj55iE\" class=\"video\"><\/div>\n\t<\/div>\n<\/div>\t\t\t\t\t\t\t<\/div>\n\t\t\t\t\t<\/div>\n\t<\/div>\n<\/section>\n\n\n<section id=\"block-650c042b63e98\" class=\"content-editor-section content-block light-bg white pt-half pb-half\">\n\t<div class=\"container\">\n\t\t<div class=\"content-block \">\n\t\t\t<div class=\"text\">\n\t\t\t\t<div class=\"acf-innerblocks-container\">\n\n<h2 class=\"wp-block-heading\">Aja em 7 etapas alcan\u00e7\u00e1veis<\/h2>\n\n\n\t<ul id=\"block-650c055fd8081\"  class=\"list-with-icons no-list\">\n\t\t\t\t\t<li>\n\t\t\t\t\t\t\t\t\t<div class=\"icon\">\n\t\t\t\t\t\t<img decoding=\"async\" width=\"60\" height=\"41\" src=\"https:\/\/smeclimatehub.org\/wp-content\/uploads\/2023\/10\/Copy-of-Climate-Fit-icon_strategy-_-governance1-1-1.png\" class=\"attachment-full size-full\" alt=\"\" loading=\"lazy\" \/>\t\t\t\t\t<\/div>\n\t\t\t\t\t\t\t\t\t\t\t\t\t<p><strong><a href=\"https:\/\/smeclimatehub.org\/wp-json\/lw\/v1\/sso?redirectUrl=https%3A%2F%2Facademy.smeclimatehub.org%2Fcourse%2Fclimate-strategy-and-governance\" target=\"_blank\" rel=\"noopener\">Governan\u00e7a e estrat\u00e9gia<\/a> :<\/strong> Incorpore a sustentabilidade no cerne da sua estrat\u00e9gia de neg\u00f3cios e identifique onde voc\u00ea pode gerar o maior impacto.<\/p>\n\t\t\t\t\t\t\t<\/li>\n\t\t\t\t\t<li>\n\t\t\t\t\t\t\t\t\t<div class=\"icon\">\n\t\t\t\t\t\t<img decoding=\"async\" width=\"31\" height=\"40\" src=\"https:\/\/smeclimatehub.org\/wp-content\/uploads\/2023\/10\/Copy-of-Climate-Fit-icon_operations2New-1.png\" class=\"attachment-full size-full\" alt=\"\" loading=\"lazy\" \/>\t\t\t\t\t<\/div>\n\t\t\t\t\t\t\t\t\t\t\t\t\t<p><strong><a href=\"https:\/\/smeclimatehub.org\/wp-json\/lw\/v1\/sso?redirectUrl=https%3A%2F%2Facademy.smeclimatehub.org%2Fcourse%2Fclimate-action-for-your-operations\" target=\"_blank\" rel=\"noopener\">Opera\u00e7\u00f5es<\/a> :<\/strong> Descubra como melhorar a sua efici\u00eancia energ\u00e9tica, reduzir as emiss\u00f5es e implementar energias renov\u00e1veis.<\/p>\n\t\t\t\t\t\t\t<\/li>\n\t\t\t\t\t<li>\n\t\t\t\t\t\t\t\t\t<div class=\"icon\">\n\t\t\t\t\t\t<img decoding=\"async\" width=\"34\" height=\"40\" src=\"https:\/\/smeclimatehub.org\/wp-content\/uploads\/2023\/10\/Copy-of-Climate-Fit-icon_supply-chain3-1-1.png\" class=\"attachment-full size-full\" alt=\"\" loading=\"lazy\" \/>\t\t\t\t\t<\/div>\n\t\t\t\t\t\t\t\t\t\t\t\t\t<p><strong><a href=\"https:\/\/smeclimatehub.org\/wp-json\/lw\/v1\/sso?redirectUrl=https%3A%2F%2Facademy.smeclimatehub.org%2Fcourse%2Freducing-emissions-in-your-supply-chain\" target=\"_blank\" rel=\"noopener\">Cadeia de suprimentos<\/a> :<\/strong> Integre as considera\u00e7\u00f5es clim\u00e1ticas aos seus processos de aquisi\u00e7\u00e3o padr\u00e3o.<\/p>\n\t\t\t\t\t\t\t<\/li>\n\t\t\t\t\t<li>\n\t\t\t\t\t\t\t\t\t<div class=\"icon\">\n\t\t\t\t\t\t<img decoding=\"async\" width=\"40\" height=\"40\" src=\"https:\/\/smeclimatehub.org\/wp-content\/uploads\/2023\/10\/Copy-of-Climate-Fit-icon_product-design4-copy-1.png\" class=\"attachment-full size-full\" alt=\"\" loading=\"lazy\" \/>\t\t\t\t\t<\/div>\n\t\t\t\t\t\t\t\t\t\t\t\t\t<p><strong><a href=\"https:\/\/smeclimatehub.org\/wp-json\/lw\/v1\/sso?redirectUrl=https%3A%2F%2Facademy.smeclimatehub.org%2Fcourse%2Fdesign-for-net-zero\" target=\"_blank\" rel=\"noopener\">Design<\/a> :<\/strong> Aprenda a aplicar uma abordagem de pensamento de ciclo de vida ao design, fa\u00e7a escolhas inteligentes de materiais e projete para o melhor desempenho com o m\u00ednimo impacto.<\/p>\n\t\t\t\t\t\t\t<\/li>\n\t\t\t\t\t<li>\n\t\t\t\t\t\t\t\t\t<div class=\"icon\">\n\t\t\t\t\t\t<img decoding=\"async\" width=\"34\" height=\"40\" src=\"https:\/\/smeclimatehub.org\/wp-content\/uploads\/2023\/10\/Copy-of-Climate-Fit-icon_finance5-1.png\" class=\"attachment-full size-full\" alt=\"\" loading=\"lazy\" \/>\t\t\t\t\t<\/div>\n\t\t\t\t\t\t\t\t\t\t\t\t\t<p><strong><a href=\"https:\/\/smeclimatehub.org\/wp-json\/lw\/v1\/sso?redirectUrl=https%3A%2F%2Facademy.smeclimatehub.org%2Fcourse%2Ffinancing-net-zero-transition\" target=\"_blank\" rel=\"noopener\">Finan\u00e7as<\/a> :<\/strong> Elabore um plano de neg\u00f3cios s\u00f3lido e descubra como garantir financiamento verde.<\/p>\n\t\t\t\t\t\t\t<\/li>\n\t\t\t\t\t<li>\n\t\t\t\t\t\t\t\t\t<div class=\"icon\">\n\t\t\t\t\t\t<img decoding=\"async\" width=\"59\" height=\"40\" src=\"https:\/\/smeclimatehub.org\/wp-content\/uploads\/2023\/10\/Copy-of-Climate-Fit-icon_people-_-community6-2.png\" class=\"attachment-full size-full\" alt=\"\" loading=\"lazy\" \/>\t\t\t\t\t<\/div>\n\t\t\t\t\t\t\t\t\t\t\t\t\t<p><strong><a href=\"https:\/\/smeclimatehub.org\/wp-json\/lw\/v1\/sso?redirectUrl=https%3A%2F%2Facademy.smeclimatehub.org%2Fcourse%2Fengaging-your-people-and-community-in-your-climate-ambitions\" target=\"_blank\" rel=\"noopener\">Pessoas e comunidades<\/a> :<\/strong> Envolva e inspire primeiro seus funcion\u00e1rios, depois sua comunidade, e traga as pessoas com voc\u00ea em sua jornada rumo ao carbono zero.<\/p>\n\t\t\t\t\t\t\t<\/li>\n\t\t\t\t\t<li>\n\t\t\t\t\t\t\t\t\t<div class=\"icon\">\n\t\t\t\t\t\t<img decoding=\"async\" width=\"60\" height=\"29\" src=\"https:\/\/smeclimatehub.org\/wp-content\/uploads\/2023\/10\/Copy-of-Climate-Fit-icon_storytelling7-2.png\" class=\"attachment-full size-full\" alt=\"\" loading=\"lazy\" \/>\t\t\t\t\t<\/div>\n\t\t\t\t\t\t\t\t\t\t\t\t\t<p><strong><a href=\"https:\/\/smeclimatehub.org\/wp-json\/lw\/v1\/sso?redirectUrl=https%3A%2F%2Facademy.smeclimatehub.org%2Fcourse%2Fnet-zero-storytelling\" target=\"_blank\" rel=\"noopener\">Narrativa sobre emiss\u00f5es l\u00edquidas zero<\/a> :<\/strong> Comunique o progresso e as metas a diferentes p\u00fablicos, alinhando-os com a miss\u00e3o e a vis\u00e3o da sua empresa.<\/p>\n\t\t\t\t\t\t\t<\/li>\n\t\t\t<\/ul>\n\n<\/div>\t\t\t\t\t\t\t<\/div>\n\t\t\t\t\t<\/div>\n\t<\/div>\n<\/section>\n\n\n<section id=\"block-650c08c35c447\" class=\"content-editor-section content-block light-bg white pt-half pb-half\">\n\t<div class=\"container\">\n\t\t<div class=\"content-block \">\n\t\t\t<div class=\"text\">\n\t\t\t\t<div class=\"acf-innerblocks-container\">\n\n<h2 class=\"wp-block-heading\">Como funciona:<\/h2>\n\n\n\n<ul class=\"wp-block-list more-space\">\n<li><strong>Free and open to all SMEs<\/strong>, access the courses online, wherever you are in the world<\/li>\n\n\n\n<li><strong>Sete cursos<\/strong> que dividem as tarefas em etapas realiz\u00e1veis.<\/li>\n\n\n\n<li><strong>Com dura\u00e7\u00e3o de 20 a 30 minutos por curso<\/strong> , esses cursos autoguiados s\u00e3o projetados para que voc\u00ea possa definir o seu pr\u00f3prio ritmo.<\/li>\n\n\n\n<li><strong>Altamente interativo<\/strong> , com v\u00eddeos, atividades e question\u00e1rios para auxiliar sua jornada de aprendizado.<\/li>\n\n\n\n<li><strong>Aprenda com seus colegas<\/strong> , com estudos de caso de outras empresas que est\u00e3o liderando o caminho na a\u00e7\u00e3o clim\u00e1tica.<\/li>\n\n\n\n<li>Defina a\u00e7\u00f5es concretas que voc\u00ea possa levar de volta para sua empresa para implementar mudan\u00e7as de forma eficaz.<\/li>\n\n\n\n<li><strong>Op\u00e7\u00f5es de idioma<\/strong> \u2013 Tradu\u00e7\u00e3o para espanhol em breve!<\/li>\n\n\n\n<li><strong>Guiados por nossos eco-atletas<\/strong> , que te motivam a cada passo do caminho.<\/li>\n<\/ul>\n\n<\/div>\t\t\t\t\t\t\t<\/div>\n\t\t\t\t\t<\/div>\n\t<\/div>\n<\/section>\n\n\n<section id=\"block-650c0cc0a278a\" class=\"content-editor-section content-block light-bg white pt-half pb-half\">\n\t<div class=\"container\">\n\t\t<div class=\"content-block \">\n\t\t\t<div class=\"text\">\n\t\t\t\t<div class=\"acf-innerblocks-container\">\n\n<h2 class=\"wp-block-heading\">O que voc\u00ea ganha com isso?<\/h2>\n\n\n\n<p>Caso proteger o planeta Terra para as futuras gera\u00e7\u00f5es n\u00e3o fosse suficiente, ao tomar medidas clim\u00e1ticas, sua empresa pode:<\/p>\n\n\n\n<ul class=\"wp-block-list more-space\">\n<li>Atenda \u00e0 crescente demanda do consumidor por marcas sustent\u00e1veis.<\/li>\n\n\n\n<li>Descubra como voc\u00ea pode economizar dinheiro e gerar novas receitas por meio de pr\u00e1ticas sustent\u00e1veis.<\/li>\n\n\n\n<li>Conquiste e fidelize neg\u00f3cios com empresas l\u00edderes que esperam sustentabilidade de seus fornecedores.<\/li>\n\n\n\n<li>Gerenciar riscos e melhorar a resili\u00eancia<\/li>\n\n\n\n<li>Aumente seu acesso a capital<\/li>\n\n\n\n<li>Atrair e reter os melhores talentos que buscam trabalhar em organiza\u00e7\u00f5es com foco em sustentabilidade.<\/li>\n\n\n\n<li>Antecipe-se \u00e0s mudan\u00e7as regulat\u00f3rias<\/li>\n<\/ul>\n\n<\/div>\t\t\t\t\t\t\t<\/div>\n\t\t\t\t\t<\/div>\n\t<\/div>\n<\/section>\n\n\n<section id=\"block-650c0cc0a27d0\" class=\"content-editor-section content-block light-bg white pt-half pb-half\">\n\t<div class=\"container\">\n\t\t<div class=\"content-block with-link\">\n\t\t\t<div class=\"text\">\n\t\t\t\t<div class=\"acf-innerblocks-container\">\n\n<h2 class=\"wp-block-heading\">Desenvolvido por especialistas em neg\u00f3cios e sustentabilidade:<\/h2>\n\n\n\n<figure class=\"wp-block-image size-full\"><img decoding=\"async\" src=\"http:\/\/localhost\/newsme\/wp-content\/uploads\/2023\/09\/CISL_logo_RGB_HIRES-1-1-1.png\" alt=\"\" class=\"wp-image-3142\"\/><\/figure>\n\n\n\n<p><a href=\"https:\/\/www.cisl.cam.ac.uk\/\" data-type=\"URL\" data-id=\"https:\/\/www.cisl.cam.ac.uk\/\">O Instituto de Lideran\u00e7a em Sustentabilidade da Universidade de Cambridge<\/a> \u00e9 uma institui\u00e7\u00e3o de influ\u00eancia global que desenvolve lideran\u00e7a e solu\u00e7\u00f5es para uma economia sustent\u00e1vel. Ao longo dos \u00faltimos 30 anos, o CISL construiu uma <a href=\"https:\/\/www.cisl.cam.ac.uk\/network\" data-type=\"URL\" data-id=\"https:\/\/www.cisl.cam.ac.uk\/network\">rede de lideran\u00e7a<\/a> com mais de 20.000 l\u00edderes e profissionais seniores dos setores empresarial, governamental e da sociedade civil, que impactam todos os setores e continentes. <\/p>\n\n\n\n<figure class=\"wp-block-image size-full\"><img decoding=\"async\" src=\"http:\/\/localhost\/newsme\/wp-content\/uploads\/2023\/09\/BSR-1-300x118-1-1.png\" alt=\"\" class=\"wp-image-3157\"\/><\/figure>\n\n\n\n<p><a href=\"https:\/\/www.bsr.org\/en\/\">A BSR\u2122<\/a> \u00e9 uma organiza\u00e7\u00e3o de especialistas em neg\u00f3cios sustent\u00e1veis que trabalha com sua rede global de empresas l\u00edderes mundiais para construir um mundo justo e sustent\u00e1vel. Com escrit\u00f3rios na \u00c1sia, Europa e Am\u00e9rica do Norte, a BSR\u2122 oferece conhecimento, consultoria e iniciativas colaborativas para ajud\u00e1-lo a enxergar um mundo em transforma\u00e7\u00e3o com mais clareza, criar valor comercial a longo prazo e ampliar seu impacto. <\/p>\n\n<\/div>\t\t\t\t\t\t\t<\/div>\n\t\t\t\t\t\t\t<div class=\"link\">\n\t\t\t\t\t<a target=\"_blank\" href=\"https:\/\/academy.smeclimatehub.org\/climate-fit-courses\">O que voc\u00ea est\u00e1 esperando? Comece seu treinamento Climate Fit hoje mesmo. <\/a>\n\t\t\t\t<\/div>\n\t\t\t\t\t<\/div>\n\t<\/div>\n<\/section>\n\n\n<section id=\"block-650c0f8992bd2\" class=\"content-editor-section content-block light-bg white pt-half none\">\n\t<div class=\"container\">\n\t\t<div class=\"content-block \">\n\t\t\t<div class=\"text\">\n\t\t\t\t<div class=\"acf-innerblocks-container\">\n\n<h2 class=\"wp-block-heading\">Quer saber mais?<\/h2>\n\n\n\n<p>Para obter mais informa\u00e7\u00f5es sobre o Climate Fit, confira a grava\u00e7\u00e3o do nosso webinar, que apresenta um resumo do curso.<\/p>\n\n\n\n<p><a href=\"https:\/\/www.youtube.com\/watch?v=SCgRNzLLf-I\">Lan\u00e7amento do Climate Fit: treinamento gratuito e de f\u00e1cil acesso para PMEs em neutralidade de carbono.<\/a><\/p>\n\n\n\n<div id=\"block-650c0f8992c06\"  class=\"youtube-video\">\n\t\t\t<div data-target=\"youtube_video\" data-video-id=\"SCgRNzLLf-I\" class=\"video\"><\/div>\n\t<\/div>\n<\/div>\t\t\t\t\t\t\t<\/div>\n\t\t\t\t\t<\/div>\n\t<\/div>\n<\/section>\n\n\n<script>jQuery(document).ready(function ($) {\nlang_code = Transifex.live.detectLanguage();\nif (lang_code == \"es\"){\n    var link = '\/courses\/bienvenido-al-clima-fit\/';\n    $(\"div.courseLink a\").attr(\"href\", link);\n}else{\n    var link = '\/courses\/education\/';\n    $(\"div.courseLink a\").attr(\"href\", link);\n}\nTransifex.live.onTranslatePage(function(language_code) {\n  if (language_code === \"es\") {\n            var link = '\/courses\/bienvenido-al-clima-fit\/';\n            $(\"div.courseLink a\").attr(\"href\", link);\n        } else {\n            var link = '\/courses\/education\/';\n            $(\"div.courseLink a\").attr(\"href\", link);\n        }\n});\n});\n\n<\/script>\n\n\n\n<p><\/p>\n","protected":false},"excerpt":{"rendered":"","protected":false},"author":1320,"featured_media":0,"parent":0,"menu_order":0,"comment_status":"closed","ping_status":"closed","template":"","meta":{"_acf_changed":true,"inline_featured_image":false,"footnotes":""},"class_list":["post-92624","page","type-page","status-publish","hentry"],"acf":[],"yoast_head":"<title>Ajuste ao clima - SME Climate Hub<\/title>\n<meta name=\"robots\" content=\"index, follow, max-snippet:-1, max-image-preview:large, max-video-preview:-1\" \/>\n<link rel=\"canonical\" href=\"https:\/\/smeclimatehub.org\/pt-br\/ajuste-ao-clima\/\" \/>\n<meta property=\"og:locale\" content=\"pt_BR\" \/>\n<meta property=\"og:type\" content=\"article\" \/>\n<meta property=\"og:title\" content=\"Ajuste ao clima - SME Climate Hub\" \/>\n<meta property=\"og:url\" content=\"https:\/\/smeclimatehub.org\/pt-br\/ajuste-ao-clima\/\" \/>\n<meta property=\"og:site_name\" content=\"SME Climate Hub\" \/>\n<meta property=\"article:modified_time\" content=\"2025-11-06T17:22:58+00:00\" \/>\n<meta property=\"og:image\" content=\"https:\/\/smeclimatehub.org\/wp-content\/uploads\/2023\/10\/climateFitBanner.jpg\" \/>\n\t<meta property=\"og:image:width\" content=\"2131\" \/>\n\t<meta property=\"og:image:height\" content=\"1208\" \/>\n\t<meta property=\"og:image:type\" content=\"image\/jpeg\" \/>\n<meta name=\"twitter:card\" content=\"summary_large_image\" \/>\n<meta name=\"twitter:label1\" content=\"Est. reading time\" \/>\n\t<meta name=\"twitter:data1\" content=\"4 minutos\" \/>\n<script type=\"application\/ld+json\" class=\"yoast-schema-graph\">{\"@context\":\"https:\/\/schema.org\",\"@graph\":[{\"@type\":\"WebPage\",\"@id\":\"https:\/\/smeclimatehub.org\/pt-br\/ajuste-ao-clima\/\",\"url\":\"https:\/\/smeclimatehub.org\/pt-br\/ajuste-ao-clima\/\",\"name\":\"Ajuste ao clima - SME Climate Hub\",\"isPartOf\":{\"@id\":\"https:\/\/businessclimatehub.org\/es\/#website\"},\"primaryImageOfPage\":{\"@id\":\"https:\/\/smeclimatehub.org\/pt-br\/ajuste-ao-clima\/#primaryimage\"},\"image\":{\"@id\":\"https:\/\/smeclimatehub.org\/pt-br\/ajuste-ao-clima\/#primaryimage\"},\"thumbnailUrl\":\"https:\/\/smeclimatehub.org\/wp-content\/uploads\/2023\/10\/climateFitBanner-1024x580.jpg\",\"datePublished\":\"2021-12-14T08:40:46+00:00\",\"dateModified\":\"2025-11-06T17:22:58+00:00\",\"breadcrumb\":{\"@id\":\"https:\/\/smeclimatehub.org\/pt-br\/ajuste-ao-clima\/#breadcrumb\"},\"inLanguage\":\"pt-BR\",\"potentialAction\":[{\"@type\":\"ReadAction\",\"target\":[\"https:\/\/smeclimatehub.org\/pt-br\/ajuste-ao-clima\/\"]}]},{\"@type\":\"ImageObject\",\"inLanguage\":\"pt-BR\",\"@id\":\"https:\/\/smeclimatehub.org\/pt-br\/ajuste-ao-clima\/#primaryimage\",\"url\":\"https:\/\/smeclimatehub.org\/wp-content\/uploads\/2023\/10\/climateFitBanner-1024x580.jpg\",\"contentUrl\":\"https:\/\/smeclimatehub.org\/wp-content\/uploads\/2023\/10\/climateFitBanner-1024x580.jpg\"},{\"@type\":\"BreadcrumbList\",\"@id\":\"https:\/\/smeclimatehub.org\/pt-br\/ajuste-ao-clima\/#breadcrumb\",\"itemListElement\":[{\"@type\":\"ListItem\",\"position\":1,\"name\":\"Home\",\"item\":\"https:\/\/smeclimatehub.org\/pt-br\/\"},{\"@type\":\"ListItem\",\"position\":2,\"name\":\"Ajuste ao clima\"}]},{\"@type\":\"WebSite\",\"@id\":\"https:\/\/businessclimatehub.org\/es\/#website\",\"url\":\"https:\/\/businessclimatehub.org\/es\/\",\"name\":\"SME Climate hub\",\"description\":\"\",\"publisher\":{\"@id\":\"https:\/\/businessclimatehub.org\/es\/#organization\"},\"potentialAction\":[{\"@type\":\"SearchAction\",\"target\":{\"@type\":\"EntryPoint\",\"urlTemplate\":\"https:\/\/businessclimatehub.org\/es\/?s={search_term_string}\"},\"query-input\":{\"@type\":\"PropertyValueSpecification\",\"valueRequired\":true,\"valueName\":\"search_term_string\"}}],\"inLanguage\":\"pt-BR\"},{\"@type\":\"Organization\",\"@id\":\"https:\/\/businessclimatehub.org\/es\/#organization\",\"name\":\"SME Climate hub\",\"url\":\"https:\/\/businessclimatehub.org\/es\/\",\"logo\":{\"@type\":\"ImageObject\",\"inLanguage\":\"pt-BR\",\"@id\":\"https:\/\/businessclimatehub.org\/es\/#\/schema\/logo\/image\/\",\"url\":\"https:\/\/smeclimatehub.org\/wp-content\/uploads\/2025\/03\/smeLogo-1.png\",\"contentUrl\":\"https:\/\/smeclimatehub.org\/wp-content\/uploads\/2025\/03\/smeLogo-1.png\",\"width\":465,\"height\":245,\"caption\":\"SME Climate hub\"},\"image\":{\"@id\":\"https:\/\/businessclimatehub.org\/es\/#\/schema\/logo\/image\/\"}}]}<\/script>","yoast_head_json":{"title":"Ajuste ao clima - SME Climate Hub","robots":{"index":"index","follow":"follow","max-snippet":"max-snippet:-1","max-image-preview":"max-image-preview:large","max-video-preview":"max-video-preview:-1"},"canonical":"https:\/\/smeclimatehub.org\/pt-br\/ajuste-ao-clima\/","og_locale":"pt_BR","og_type":"article","og_title":"Ajuste ao clima - SME Climate Hub","og_url":"https:\/\/smeclimatehub.org\/pt-br\/ajuste-ao-clima\/","og_site_name":"SME Climate Hub","article_modified_time":"2025-11-06T17:22:58+00:00","og_image":[{"width":2131,"height":1208,"url":"https:\/\/smeclimatehub.org\/wp-content\/uploads\/2023\/10\/climateFitBanner.jpg","type":"image\/jpeg"}],"twitter_card":"summary_large_image","twitter_misc":{"Est. reading time":"4 minutos"},"schema":{"@context":"https:\/\/schema.org","@graph":[{"@type":"WebPage","@id":"https:\/\/smeclimatehub.org\/pt-br\/ajuste-ao-clima\/","url":"https:\/\/smeclimatehub.org\/pt-br\/ajuste-ao-clima\/","name":"Ajuste ao clima - SME Climate Hub","isPartOf":{"@id":"https:\/\/businessclimatehub.org\/es\/#website"},"primaryImageOfPage":{"@id":"https:\/\/smeclimatehub.org\/pt-br\/ajuste-ao-clima\/#primaryimage"},"image":{"@id":"https:\/\/smeclimatehub.org\/pt-br\/ajuste-ao-clima\/#primaryimage"},"thumbnailUrl":"https:\/\/smeclimatehub.org\/wp-content\/uploads\/2023\/10\/climateFitBanner-1024x580.jpg","datePublished":"2021-12-14T08:40:46+00:00","dateModified":"2025-11-06T17:22:58+00:00","breadcrumb":{"@id":"https:\/\/smeclimatehub.org\/pt-br\/ajuste-ao-clima\/#breadcrumb"},"inLanguage":"pt-BR","potentialAction":[{"@type":"ReadAction","target":["https:\/\/smeclimatehub.org\/pt-br\/ajuste-ao-clima\/"]}]},{"@type":"ImageObject","inLanguage":"pt-BR","@id":"https:\/\/smeclimatehub.org\/pt-br\/ajuste-ao-clima\/#primaryimage","url":"https:\/\/smeclimatehub.org\/wp-content\/uploads\/2023\/10\/climateFitBanner-1024x580.jpg","contentUrl":"https:\/\/smeclimatehub.org\/wp-content\/uploads\/2023\/10\/climateFitBanner-1024x580.jpg"},{"@type":"BreadcrumbList","@id":"https:\/\/smeclimatehub.org\/pt-br\/ajuste-ao-clima\/#breadcrumb","itemListElement":[{"@type":"ListItem","position":1,"name":"Home","item":"https:\/\/smeclimatehub.org\/pt-br\/"},{"@type":"ListItem","position":2,"name":"Ajuste ao clima"}]},{"@type":"WebSite","@id":"https:\/\/businessclimatehub.org\/es\/#website","url":"https:\/\/businessclimatehub.org\/es\/","name":"SME Climate hub","description":"","publisher":{"@id":"https:\/\/businessclimatehub.org\/es\/#organization"},"potentialAction":[{"@type":"SearchAction","target":{"@type":"EntryPoint","urlTemplate":"https:\/\/businessclimatehub.org\/es\/?s={search_term_string}"},"query-input":{"@type":"PropertyValueSpecification","valueRequired":true,"valueName":"search_term_string"}}],"inLanguage":"pt-BR"},{"@type":"Organization","@id":"https:\/\/businessclimatehub.org\/es\/#organization","name":"SME Climate hub","url":"https:\/\/businessclimatehub.org\/es\/","logo":{"@type":"ImageObject","inLanguage":"pt-BR","@id":"https:\/\/businessclimatehub.org\/es\/#\/schema\/logo\/image\/","url":"https:\/\/smeclimatehub.org\/wp-content\/uploads\/2025\/03\/smeLogo-1.png","contentUrl":"https:\/\/smeclimatehub.org\/wp-content\/uploads\/2025\/03\/smeLogo-1.png","width":465,"height":245,"caption":"SME Climate hub"},"image":{"@id":"https:\/\/businessclimatehub.org\/es\/#\/schema\/logo\/image\/"}}]}},"_links":{"self":[{"href":"https:\/\/smeclimatehub.org\/pt-br\/wp-json\/wp\/v2\/pages\/92624","targetHints":{"allow":["GET"]}}],"collection":[{"href":"https:\/\/smeclimatehub.org\/pt-br\/wp-json\/wp\/v2\/pages"}],"about":[{"href":"https:\/\/smeclimatehub.org\/pt-br\/wp-json\/wp\/v2\/types\/page"}],"author":[{"embeddable":true,"href":"https:\/\/smeclimatehub.org\/pt-br\/wp-json\/wp\/v2\/users\/1320"}],"replies":[{"embeddable":true,"href":"https:\/\/smeclimatehub.org\/pt-br\/wp-json\/wp\/v2\/comments?post=92624"}],"version-history":[{"count":0,"href":"https:\/\/smeclimatehub.org\/pt-br\/wp-json\/wp\/v2\/pages\/92624\/revisions"}],"wp:attachment":[{"href":"https:\/\/smeclimatehub.org\/pt-br\/wp-json\/wp\/v2\/media?parent=92624"}],"curies":[{"name":"wp","href":"https:\/\/api.w.org\/{rel}","templated":true}]}}