
{"id":92550,"date":"2022-03-13T19:51:27","date_gmt":"2022-03-13T18:51:27","guid":{"rendered":"https:\/\/smeclimatehub.org\/how-it-works\/"},"modified":"2025-11-06T16:35:35","modified_gmt":"2025-11-06T15:35:35","slug":"como-funciona","status":"publish","type":"page","link":"https:\/\/smeclimatehub.org\/pt-br\/como-funciona\/","title":{"rendered":"Como funciona"},"content":{"rendered":"<section id=\"block-6424578fe7d74\"  class=\"hero-section align-content-top secondary-bg none\">\n\t<div class=\"container\">\n\t\t<div class=\"content\">\n\t\t\t<div class=\"text\">\n\t\t\t\t<div class=\"acf-innerblocks-container\">\n\n<h1 class=\"wp-block-heading\">Comece sua jornada rumo ao zero l\u00edquido<\/h1>\n\n\n\n<p>Veja as medidas que sua empresa pode tomar para um futuro mais sustent\u00e1vel por meio de nossos recursos abertos.<\/p>\n\n<\/div>\t\t\t\t\t\t\t\t\t\t\t\t\t\t\t\t\t\t\t<\/div>\n\t\t\t\t\t\t\t\t\t\t<div class=\"image\">\n\t\t\t\t\t<img fetchpriority=\"high\" decoding=\"async\" width=\"868\" height=\"821\" src=\"https:\/\/smeclimatehub.org\/wp-content\/uploads\/2023\/10\/hero-2.png\" class=\"attachment-full size-full\" alt=\"\" loading=\"eager\" srcset=\"https:\/\/smeclimatehub.org\/wp-content\/uploads\/2023\/10\/hero-2.png 868w, https:\/\/smeclimatehub.org\/wp-content\/uploads\/2023\/10\/hero-2-300x284.png 300w, https:\/\/smeclimatehub.org\/wp-content\/uploads\/2023\/10\/hero-2-768x726.png 768w\" sizes=\"(max-width: 868px) 100vw, 868px\" \/>\t\t\t\t<\/div>\n\t\t\t\t\t\t\t\t<\/div>\n\t<\/div>\n<\/section>\n\n\n\n<section id=\"block-642539b6207ce\"  class=\"how-it-works content-block light-bg white pt-full none\">\n\t<div class=\"container\">\n\t\t<div class=\"groups-wrapper\">\n\t\t\t<div class=\"acf-innerblocks-container\">\n\n<div id=\"block-642539b6207dd\"  class=\"group\">\n\t\t\t<h2 class=\"title\">\n\t\t\tCompreenda suas emiss\u00f5es e tome medidas para reduzi-las\t\t<\/h2>\n\t\t\t\t<p>Saiba mais sobre o que est\u00e1 em jogo e o seu papel na crise clim\u00e1tica. Avalie suas pr\u00f3prias emiss\u00f5es e conhe\u00e7a as ferramentas gratuitas dispon\u00edveis para ajud\u00e1-lo a reduzi-las. <\/p>\n\t\t<div class=\"acf-innerblocks-container\">\n\n<div id=\"block-64254290e0c99\"  data-accordion-init=\"false\" data-target=\"accordion\" class=\"accordion-block content-block open\">\n\t<div class=\"header\">\n\t\t\t\t\t<h3>\n\t\t\t\tNo\u00e7\u00f5es b\u00e1sicas de neg\u00f3cios\t\t\t<\/h3>\n\t\t\t\t\t\t\t<p>\n\t\t\t\tCompreenda os fundamentos do neg\u00f3cio e as etapas principais, como medir as emiss\u00f5es e definir metas clim\u00e1ticas.\t\t\t<\/p>\n\t\t\t\t<svg width=\"18\" height=\"12\" viewBox=\"0 0 18 12\" fill=\"none\" xmlns=\"http:\/\/www.w3.org\/2000\/svg\">\n\t\t\t<g>\n\t\t\t\t<path d=\"M2.115 0L9 7.417L15.885 0L18 2.2834L9 12L0 2.2834L2.115 0Z\" fill=\"black\" \/>\n\t\t\t<\/g>\n\t\t\t<defs>\n\t\t\t\t<clipPath>\n\t\t\t\t\t<rect width=\"18\" height=\"12\" fill=\"white\" transform=\"matrix(-1 0 0 1 18 0)\" \/>\n\t\t\t\t<\/clipPath>\n\t\t\t<\/defs>\n\t\t<\/svg>\n\t<\/div>\n\t<div class=\"content\">\n\t\t<div class=\"acf-innerblocks-container\">\n<div id=\"block-64254290e0ca2\"  class=\"text-image\">\n\t\t\t<div class=\"image\">\n\t\t\t<img decoding=\"async\" width=\"2560\" height=\"1463\" src=\"https:\/\/smeclimatehub.org\/wp-content\/uploads\/2024\/10\/business-basics-1-scaled-1.jpg\" class=\"attachment-full size-full\" alt=\"\" loading=\"lazy\" srcset=\"https:\/\/smeclimatehub.org\/wp-content\/uploads\/2024\/10\/business-basics-1-scaled-1.jpg 2560w, https:\/\/smeclimatehub.org\/wp-content\/uploads\/2024\/10\/business-basics-1-scaled-1-300x171.jpg 300w, https:\/\/smeclimatehub.org\/wp-content\/uploads\/2024\/10\/business-basics-1-scaled-1-1024x585.jpg 1024w, https:\/\/smeclimatehub.org\/wp-content\/uploads\/2024\/10\/business-basics-1-scaled-1-768x439.jpg 768w, https:\/\/smeclimatehub.org\/wp-content\/uploads\/2024\/10\/business-basics-1-scaled-1-1536x878.jpg 1536w, https:\/\/smeclimatehub.org\/wp-content\/uploads\/2024\/10\/business-basics-1-scaled-1-2048x1170.jpg 2048w\" sizes=\"auto, (max-width: 2560px) 100vw, 2560px\" \/>\t\t<\/div>\n\t\t<div class=\"text\">\n\t\t\t\t\t\t\t<p>\n\t\t\t\tPor meio das ferramentas Business Basics, as empresas podem medir suas emiss\u00f5es, definir metas de zero emiss\u00f5es l\u00edquidas e acessar apoio financeiro para a\u00e7\u00f5es clim\u00e1ticas.\t\t\t<\/p>\n\t\t\t\t\t\t\t<a class=\"button\" target=\"_self\" href=\"https:\/\/smeclimatehub.org\/action-space\/business-basics\/\">No\u00e7\u00f5es b\u00e1sicas de neg\u00f3cios<\/a>\n\t\t\t<\/div>\n<\/div>\n<\/div>\t<\/div>\n<\/div>\n\n\n<div id=\"block-64255a0933c3e\"  data-accordion-init=\"false\" data-target=\"accordion\" class=\"accordion-block content-block\">\n\t<div class=\"header\">\n\t\t\t\t\t<h3>\n\t\t\t\tEmiss\u00f5es operacionais\t\t\t<\/h3>\n\t\t\t\t\t\t\t<p>\n\t\t\t\tTome medidas para reduzir as emiss\u00f5es operacionais.\t\t\t<\/p>\n\t\t\t\t<svg width=\"18\" height=\"12\" viewBox=\"0 0 18 12\" fill=\"none\" xmlns=\"http:\/\/www.w3.org\/2000\/svg\">\n\t\t\t<g>\n\t\t\t\t<path d=\"M2.115 0L9 7.417L15.885 0L18 2.2834L9 12L0 2.2834L2.115 0Z\" fill=\"black\" \/>\n\t\t\t<\/g>\n\t\t\t<defs>\n\t\t\t\t<clipPath>\n\t\t\t\t\t<rect width=\"18\" height=\"12\" fill=\"white\" transform=\"matrix(-1 0 0 1 18 0)\" \/>\n\t\t\t\t<\/clipPath>\n\t\t\t<\/defs>\n\t\t<\/svg>\n\t<\/div>\n\t<div class=\"content\">\n\t\t<div class=\"acf-innerblocks-container\">\n<div id=\"block-64255a0933ccd\"  class=\"text-image\">\n\t\t\t<div class=\"image\">\n\t\t\t<img decoding=\"async\" width=\"2399\" height=\"1369\" src=\"https:\/\/smeclimatehub.org\/wp-content\/uploads\/2024\/10\/Group-1171275214.jpg\" class=\"attachment-full size-full\" alt=\"\" loading=\"lazy\" srcset=\"https:\/\/smeclimatehub.org\/wp-content\/uploads\/2024\/10\/Group-1171275214.jpg 2399w, https:\/\/smeclimatehub.org\/wp-content\/uploads\/2024\/10\/Group-1171275214-300x171.jpg 300w, https:\/\/smeclimatehub.org\/wp-content\/uploads\/2024\/10\/Group-1171275214-1024x584.jpg 1024w, https:\/\/smeclimatehub.org\/wp-content\/uploads\/2024\/10\/Group-1171275214-768x438.jpg 768w, https:\/\/smeclimatehub.org\/wp-content\/uploads\/2024\/10\/Group-1171275214-1536x877.jpg 1536w, https:\/\/smeclimatehub.org\/wp-content\/uploads\/2024\/10\/Group-1171275214-2048x1169.jpg 2048w\" sizes=\"auto, (max-width: 2399px) 100vw, 2399px\" \/>\t\t<\/div>\n\t\t<div class=\"text\">\n\t\t\t\t\t\t\t<p>\n\t\t\t\tAcesse cursos e recursos educacionais para aprender t\u00e1ticas para reduzir as emiss\u00f5es em todas as opera\u00e7\u00f5es da sua empresa, incluindo edif\u00edcios comerciais, viagens e fontes de energia.\t\t\t<\/p>\n\t\t\t\t\t\t\t<a class=\"button\" target=\"_self\" href=\"https:\/\/smeclimatehub.org\/action-space\/operational-emissions\/\">Emiss\u00f5es operacionais<\/a>\n\t\t\t<\/div>\n<\/div>\n<\/div>\t<\/div>\n<\/div>\n\n\n<div id=\"block-64255a59b3777\"  data-accordion-init=\"false\" data-target=\"accordion\" class=\"accordion-block content-block\">\n\t<div class=\"header\">\n\t\t\t\t\t<h3>\n\t\t\t\tAprofundando\t\t\t<\/h3>\n\t\t\t\t\t\t\t<p>\n\t\t\t\tAprofunde-se para expandir e acelerar suas metas de redu\u00e7\u00e3o de emiss\u00f5es.\t\t\t<\/p>\n\t\t\t\t<svg width=\"18\" height=\"12\" viewBox=\"0 0 18 12\" fill=\"none\" xmlns=\"http:\/\/www.w3.org\/2000\/svg\">\n\t\t\t<g>\n\t\t\t\t<path d=\"M2.115 0L9 7.417L15.885 0L18 2.2834L9 12L0 2.2834L2.115 0Z\" fill=\"black\" \/>\n\t\t\t<\/g>\n\t\t\t<defs>\n\t\t\t\t<clipPath>\n\t\t\t\t\t<rect width=\"18\" height=\"12\" fill=\"white\" transform=\"matrix(-1 0 0 1 18 0)\" \/>\n\t\t\t\t<\/clipPath>\n\t\t\t<\/defs>\n\t\t<\/svg>\n\t<\/div>\n\t<div class=\"content\">\n\t\t<div class=\"acf-innerblocks-container\">\n\n\t<div id=\"block-64255a59b3783\"  data-target=\"slider_inside_accordion\" class=\"blocks swiper\">\n\t\t<div class=\"swiper-wrapper\">\n\t\t\t\t\t\t\t<div class=\"block swiper-slide\">\n\t\t\t\t\t<div class=\"inner\">\n\t\t\t\t\t\t\t\t\t\t\t\t\t<div class=\"image\">\n\t\t\t\t\t\t\t\t<img decoding=\"async\" width=\"2400\" height=\"987\" src=\"https:\/\/smeclimatehub.org\/wp-content\/uploads\/2024\/10\/supplyChain-emissions-1.jpg\" class=\"attachment-full size-full\" alt=\"\" loading=\"lazy\" srcset=\"https:\/\/smeclimatehub.org\/wp-content\/uploads\/2024\/10\/supplyChain-emissions-1.jpg 2400w, https:\/\/smeclimatehub.org\/wp-content\/uploads\/2024\/10\/supplyChain-emissions-1-300x123.jpg 300w, https:\/\/smeclimatehub.org\/wp-content\/uploads\/2024\/10\/supplyChain-emissions-1-1024x421.jpg 1024w, https:\/\/smeclimatehub.org\/wp-content\/uploads\/2024\/10\/supplyChain-emissions-1-768x316.jpg 768w, https:\/\/smeclimatehub.org\/wp-content\/uploads\/2024\/10\/supplyChain-emissions-1-1536x632.jpg 1536w, https:\/\/smeclimatehub.org\/wp-content\/uploads\/2024\/10\/supplyChain-emissions-1-2048x842.jpg 2048w\" sizes=\"auto, (max-width: 2400px) 100vw, 2400px\" \/>\t\t\t\t\t\t\t<\/div>\n\t\t\t\t\t\t\t\t\t\t\t\t\t\t\t\t\t\t\t<div class=\"text\">\n\t\t\t\t\t\t\t\t\t\t\t\t\t\t\t\t\t<h4>\n\t\t\t\t\t\t\t\t\t\tCadeias de abastecimento\t\t\t\t\t\t\t\t\t<\/h4>\n\t\t\t\t\t\t\t\t\t\t\t\t\t\t\t\t\t\t\t\t\t\t\t\t\t<p>\n\t\t\t\t\t\t\t\t\t\tIdentifique e trate as emiss\u00f5es da sua cadeia de abastecimento por meio do envolvimento e da a\u00e7\u00e3o.\t\t\t\t\t\t\t\t\t<\/p>\n\t\t\t\t\t\t\t\t\t\t\t\t\t\t\t<\/div>\n\t\t\t\t\t\t\t\t\t\t\t\t\t\t\t\t\t\t\t<a href=\"https:\/\/smeclimatehub.org\/action-space\/supply-chains\/\" target=\"_self\" class=\"link\"><\/a>\n\t\t\t\t\t\t\t\t\t\t\t<\/div>\n\t\t\t\t<\/div>\n\t\t\t\t\t\t\t<div class=\"block swiper-slide\">\n\t\t\t\t\t<div class=\"inner\">\n\t\t\t\t\t\t\t\t\t\t\t\t\t<div class=\"image\">\n\t\t\t\t\t\t\t\t<img decoding=\"async\" width=\"2400\" height=\"1200\" src=\"https:\/\/smeclimatehub.org\/wp-content\/uploads\/2024\/10\/finance-1.jpg\" class=\"attachment-full size-full\" alt=\"\" loading=\"lazy\" srcset=\"https:\/\/smeclimatehub.org\/wp-content\/uploads\/2024\/10\/finance-1.jpg 2400w, https:\/\/smeclimatehub.org\/wp-content\/uploads\/2024\/10\/finance-1-300x150.jpg 300w, https:\/\/smeclimatehub.org\/wp-content\/uploads\/2024\/10\/finance-1-1024x512.jpg 1024w, https:\/\/smeclimatehub.org\/wp-content\/uploads\/2024\/10\/finance-1-768x384.jpg 768w, https:\/\/smeclimatehub.org\/wp-content\/uploads\/2024\/10\/finance-1-1536x768.jpg 1536w, https:\/\/smeclimatehub.org\/wp-content\/uploads\/2024\/10\/finance-1-2048x1024.jpg 2048w\" sizes=\"auto, (max-width: 2400px) 100vw, 2400px\" \/>\t\t\t\t\t\t\t<\/div>\n\t\t\t\t\t\t\t\t\t\t\t\t\t\t\t\t\t\t\t<div class=\"text\">\n\t\t\t\t\t\t\t\t\t\t\t\t\t\t\t\t\t<h4>\n\t\t\t\t\t\t\t\t\t\tFinan\u00e7as\t\t\t\t\t\t\t\t\t<\/h4>\n\t\t\t\t\t\t\t\t\t\t\t\t\t\t\t\t\t\t\t\t\t\t\t\t\t<p>\n\t\t\t\t\t\t\t\t\t\tEntenda como financiar suas ambi\u00e7\u00f5es clim\u00e1ticas.\t\t\t\t\t\t\t\t\t<\/p>\n\t\t\t\t\t\t\t\t\t\t\t\t\t\t\t<\/div>\n\t\t\t\t\t\t\t\t\t\t\t\t\t\t\t\t\t\t\t<a href=\"https:\/\/smeclimatehub.org\/action-space\/finance\/\" target=\"_self\" class=\"link\"><\/a>\n\t\t\t\t\t\t\t\t\t\t\t<\/div>\n\t\t\t\t<\/div>\n\t\t\t\t\t\t\t<div class=\"block swiper-slide\">\n\t\t\t\t\t<div class=\"inner\">\n\t\t\t\t\t\t\t\t\t\t\t\t\t<div class=\"image\">\n\t\t\t\t\t\t\t\t<img decoding=\"async\" width=\"2560\" height=\"1705\" src=\"https:\/\/smeclimatehub.org\/wp-content\/uploads\/2024\/10\/ebebd5731c3ababc6eea1cce8ae10948-1.jpg\" class=\"attachment-full size-full\" alt=\"\" loading=\"lazy\" srcset=\"https:\/\/smeclimatehub.org\/wp-content\/uploads\/2024\/10\/ebebd5731c3ababc6eea1cce8ae10948-1.jpg 2560w, https:\/\/smeclimatehub.org\/wp-content\/uploads\/2024\/10\/ebebd5731c3ababc6eea1cce8ae10948-1-300x200.jpg 300w, https:\/\/smeclimatehub.org\/wp-content\/uploads\/2024\/10\/ebebd5731c3ababc6eea1cce8ae10948-1-1024x682.jpg 1024w, https:\/\/smeclimatehub.org\/wp-content\/uploads\/2024\/10\/ebebd5731c3ababc6eea1cce8ae10948-1-768x512.jpg 768w, https:\/\/smeclimatehub.org\/wp-content\/uploads\/2024\/10\/ebebd5731c3ababc6eea1cce8ae10948-1-1536x1023.jpg 1536w, https:\/\/smeclimatehub.org\/wp-content\/uploads\/2024\/10\/ebebd5731c3ababc6eea1cce8ae10948-1-2048x1364.jpg 2048w\" sizes=\"auto, (max-width: 2560px) 100vw, 2560px\" \/>\t\t\t\t\t\t\t<\/div>\n\t\t\t\t\t\t\t\t\t\t\t\t\t\t\t\t\t\t\t<div class=\"text\">\n\t\t\t\t\t\t\t\t\t\t\t\t\t\t\t\t\t<h4>\n\t\t\t\t\t\t\t\t\t\tEspa\u00e7o de a\u00e7\u00e3o\t\t\t\t\t\t\t\t\t<\/h4>\n\t\t\t\t\t\t\t\t\t\t\t\t\t\t\t\t\t\t\t\t\t\t\t\t\t<p>\n\t\t\t\t\t\t\t\t\t\tExplore mais t\u00f3picos em nosso Espa\u00e7o de A\u00e7\u00e3o.\t\t\t\t\t\t\t\t\t<\/p>\n\t\t\t\t\t\t\t\t\t\t\t\t\t\t\t<\/div>\n\t\t\t\t\t\t\t\t\t\t\t\t\t\t\t\t\t\t\t<a href=\"\/tools\/\" target=\"_self\" class=\"link\"><\/a>\n\t\t\t\t\t\t\t\t\t\t\t<\/div>\n\t\t\t\t<\/div>\n\t\t\t\t\t<\/div>\n\t<\/div>\n\n<\/div>\t<\/div>\n<\/div>\n<\/div><\/div>\n\n\n<div id=\"block-6425649d47d16\"  class=\"group\">\n\t\t\t<h2 class=\"title\">\n\t\t\tComprometer-se publicamente\t\t<\/h2>\n\t\t\t\t<p>Junte-se a milhares de outras empresas na campanha Race to Zero pelo planeta e pela sua empresa.<\/p>\n\t\t<div class=\"acf-innerblocks-container\">\n\n<div id=\"block-6425649d47d5e\"  data-accordion-init=\"false\" data-target=\"accordion\" class=\"accordion-block content-block\">\n\t<div class=\"header\">\n\t\t\t\t\t<h3>\n\t\t\t\tComprometa-se a reduzir\t\t\t<\/h3>\n\t\t\t\t\t\t\t<p>\n\t\t\t\tAssuma um compromisso p\u00fablico simples de reduzir as emiss\u00f5es\t\t\t<\/p>\n\t\t\t\t<svg width=\"18\" height=\"12\" viewBox=\"0 0 18 12\" fill=\"none\" xmlns=\"http:\/\/www.w3.org\/2000\/svg\">\n\t\t\t<g>\n\t\t\t\t<path d=\"M2.115 0L9 7.417L15.885 0L18 2.2834L9 12L0 2.2834L2.115 0Z\" fill=\"black\" \/>\n\t\t\t<\/g>\n\t\t\t<defs>\n\t\t\t\t<clipPath>\n\t\t\t\t\t<rect width=\"18\" height=\"12\" fill=\"white\" transform=\"matrix(-1 0 0 1 18 0)\" \/>\n\t\t\t\t<\/clipPath>\n\t\t\t<\/defs>\n\t\t<\/svg>\n\t<\/div>\n\t<div class=\"content\">\n\t\t<div class=\"acf-innerblocks-container\">\n\n<div id=\"block-6425667a125a2\"  class=\"list\">\n\t<div class=\"acf-innerblocks-container\">\n\n<ul class=\"wp-block-list\">\n<li><strong>Reduza suas emiss\u00f5es pela metade at\u00e9 2030<\/strong><\/li>\n\n\n\n<li><strong>Reduza suas emiss\u00f5es a zero antes de 2050<\/strong><\/li>\n\n\n\n<li><strong>Compartilhe seu progresso anualmente<\/strong><\/li>\n<\/ul>\n\n<\/div>\t\t\t<a target=\"_self\" class=\"button\" href=\"https:\/\/smeclimatehub.org\/pt-br\/compromisso\/\">Comprometa-se agora<\/a>\n\t<\/div>\n<\/div>\t<\/div>\n<\/div>\n\n\n<div id=\"block-64256aeb4a91c\"  data-accordion-init=\"false\" data-target=\"accordion\" class=\"accordion-block content-block\">\n\t<div class=\"header\">\n\t\t\t\t\t<h3>\n\t\t\t\tSeja reconhecido\t\t\t<\/h3>\n\t\t\t\t\t\t\t<p>\n\t\t\t\tMostre seu compromisso com o clima com o selo SME Climate Hub\t\t\t<\/p>\n\t\t\t\t<svg width=\"18\" height=\"12\" viewBox=\"0 0 18 12\" fill=\"none\" xmlns=\"http:\/\/www.w3.org\/2000\/svg\">\n\t\t\t<g>\n\t\t\t\t<path d=\"M2.115 0L9 7.417L15.885 0L18 2.2834L9 12L0 2.2834L2.115 0Z\" fill=\"black\" \/>\n\t\t\t<\/g>\n\t\t\t<defs>\n\t\t\t\t<clipPath>\n\t\t\t\t\t<rect width=\"18\" height=\"12\" fill=\"white\" transform=\"matrix(-1 0 0 1 18 0)\" \/>\n\t\t\t\t<\/clipPath>\n\t\t\t<\/defs>\n\t\t<\/svg>\n\t<\/div>\n\t<div class=\"content\">\n\t\t<div class=\"acf-innerblocks-container\">\n\n<div id=\"block-65607461cecdb\"  class=\"list\">\n\t<div class=\"acf-innerblocks-container\">\n\n<ul class=\"wp-block-list\">\n<li><\/li>\n<\/ul>\n\n<\/div>\t\t\t<a target=\"_self\" class=\"button\" href=\"https:\/\/smeclimatehub.org\/pt-br\/compromisso\/\">Comprometa-se agora<\/a>\n\t<\/div>\n<\/div>\t<\/div>\n<\/div>\n<\/div><\/div>\n\n\n<div id=\"block-64256aeb4a8c9\"  class=\"group\">\n\t\t\t<h2 class=\"title\">\n\t\t\tMostre sua lideran\u00e7a clim\u00e1tica\t\t<\/h2>\n\t\t\t<div class=\"acf-innerblocks-container\">\n\n<div id=\"block-64256aeb4a8e8\"  data-accordion-init=\"false\" data-target=\"accordion\" class=\"accordion-block content-block\">\n\t<div class=\"header\">\n\t\t\t\t\t<h3>\n\t\t\t\tRelat\u00f3rio\t\t\t<\/h3>\n\t\t\t\t\t\t\t<p>\n\t\t\t\tCarregue ou crie seu pr\u00f3prio relat\u00f3rio clim\u00e1tico utilizando a Ferramenta de Relat\u00f3rios para PME.\t\t\t<\/p>\n\t\t\t\t<svg width=\"18\" height=\"12\" viewBox=\"0 0 18 12\" fill=\"none\" xmlns=\"http:\/\/www.w3.org\/2000\/svg\">\n\t\t\t<g>\n\t\t\t\t<path d=\"M2.115 0L9 7.417L15.885 0L18 2.2834L9 12L0 2.2834L2.115 0Z\" fill=\"black\" \/>\n\t\t\t<\/g>\n\t\t\t<defs>\n\t\t\t\t<clipPath>\n\t\t\t\t\t<rect width=\"18\" height=\"12\" fill=\"white\" transform=\"matrix(-1 0 0 1 18 0)\" \/>\n\t\t\t\t<\/clipPath>\n\t\t\t<\/defs>\n\t\t<\/svg>\n\t<\/div>\n\t<div class=\"content\">\n\t\t<div class=\"acf-innerblocks-container\">\n\n<div id=\"block-670d1e307fc6f\"  class=\"list\">\n\t<div class=\"acf-innerblocks-container\">\n\n<ul class=\"wp-block-list\">\n<li><\/li>\n<\/ul>\n\n<\/div>\t\t\t<a target=\"_self\" class=\"button\" href=\"https:\/\/smeclimatehub.org\/pt-br\/relatorio-sobre-o-progresso\/\">Relat\u00f3rio sobre o progresso<\/a>\n\t<\/div>\n<\/div>\t<\/div>\n<\/div>\n\n\n<div id=\"block-65775bf2ecfae\"  data-accordion-init=\"false\" data-target=\"accordion\" class=\"accordion-block content-block\">\n\t<div class=\"header\">\n\t\t\t\t\t<h3>\n\t\t\t\tTorne-se um estudo de caso\t\t\t<\/h3>\n\t\t\t\t\t\t\t<p>\n\t\t\t\tEst\u00e1 interessado em compartilhar sua pr\u00f3pria jornada clim\u00e1tica para ser considerada como destaque empresarial?\t\t\t<\/p>\n\t\t\t\t<svg width=\"18\" height=\"12\" viewBox=\"0 0 18 12\" fill=\"none\" xmlns=\"http:\/\/www.w3.org\/2000\/svg\">\n\t\t\t<g>\n\t\t\t\t<path d=\"M2.115 0L9 7.417L15.885 0L18 2.2834L9 12L0 2.2834L2.115 0Z\" fill=\"black\" \/>\n\t\t\t<\/g>\n\t\t\t<defs>\n\t\t\t\t<clipPath>\n\t\t\t\t\t<rect width=\"18\" height=\"12\" fill=\"white\" transform=\"matrix(-1 0 0 1 18 0)\" \/>\n\t\t\t\t<\/clipPath>\n\t\t\t<\/defs>\n\t\t<\/svg>\n\t<\/div>\n\t<div class=\"content\">\n\t\t<div class=\"acf-innerblocks-container\">\n<div id=\"block-65775bf2ed07a\"  class=\"text-image\">\n\t\t<div class=\"text\">\n\t\t\t\t\t\t\t<p>\n\t\t\t\tSubmit the form below to be considered for case studies, social media campaigns, and speaking opportunities.\t\t\t<\/p>\n\t\t\t\t\t<\/div>\n<\/div>\n\n\n<div id=\"block-670d1e307fd05\"  class=\"list\">\n\t<div class=\"acf-innerblocks-container\">\n\n<ul class=\"wp-block-list\">\n<li><\/li>\n<\/ul>\n\n<\/div>\t\t\t<a target=\"_self\" class=\"button\" href=\"https:\/\/www.surveymonkey.com\/r\/5BJJ9QW\">Compartilhe sua hist\u00f3ria<\/a>\n\t<\/div>\n<\/div>\t<\/div>\n<\/div>\n<\/div><\/div>\n<\/div>\t\t<\/div>\n\t<\/div>\n<\/section>\n\n\n<div class=\"stay-updated-block darkBackground \">\n\t<div class=\"container\">\n<div class=\"column\">\n<h2>Mantenha-se atualizado<\/h2>\n<p>Inscreva-se em nossa newsletter para se manter atualizado com as \u00faltimas novidades sobre o clima.<\/p>\n<\/div>\n<div class=\"column\">\n\t<button data-popup-button=\"stay-updated-form\" type=\"button\" class=\"button none\">Inscreva-se<\/button>\n<\/div>\n<\/div>\n\n<\/div>","protected":false},"excerpt":{"rendered":"","protected":false},"author":1320,"featured_media":0,"parent":0,"menu_order":0,"comment_status":"closed","ping_status":"closed","template":"","meta":{"_acf_changed":true,"inline_featured_image":false,"footnotes":""},"class_list":["post-92550","page","type-page","status-publish","hentry"],"acf":[],"yoast_head":"<title>Como funciona - SME Climate Hub<\/title>\n<meta name=\"robots\" content=\"index, follow, max-snippet:-1, max-image-preview:large, max-video-preview:-1\" \/>\n<link rel=\"canonical\" href=\"https:\/\/smeclimatehub.org\/pt-br\/como-funciona\/\" \/>\n<meta property=\"og:locale\" content=\"pt_BR\" \/>\n<meta property=\"og:type\" content=\"article\" \/>\n<meta property=\"og:title\" content=\"Como funciona - SME Climate Hub\" \/>\n<meta property=\"og:url\" content=\"https:\/\/smeclimatehub.org\/pt-br\/como-funciona\/\" \/>\n<meta property=\"og:site_name\" content=\"SME Climate Hub\" \/>\n<meta property=\"article:modified_time\" content=\"2025-11-06T15:35:35+00:00\" \/>\n<meta property=\"og:image\" content=\"https:\/\/smeclimatehub.org\/wp-content\/uploads\/2024\/08\/Preview_four.png\" \/>\n\t<meta property=\"og:image:width\" content=\"2000\" \/>\n\t<meta property=\"og:image:height\" content=\"1124\" \/>\n\t<meta property=\"og:image:type\" content=\"image\/png\" \/>\n<meta name=\"twitter:card\" content=\"summary_large_image\" \/>\n<meta name=\"twitter:label1\" content=\"Est. reading time\" \/>\n\t<meta name=\"twitter:data1\" content=\"1 minuto\" \/>\n<script type=\"application\/ld+json\" class=\"yoast-schema-graph\">{\"@context\":\"https:\/\/schema.org\",\"@graph\":[{\"@type\":\"WebPage\",\"@id\":\"https:\/\/smeclimatehub.org\/pt-br\/como-funciona\/\",\"url\":\"https:\/\/smeclimatehub.org\/pt-br\/como-funciona\/\",\"name\":\"Como funciona - SME Climate Hub\",\"isPartOf\":{\"@id\":\"https:\/\/businessclimatehub.org\/es\/#website\"},\"datePublished\":\"2022-03-13T18:51:27+00:00\",\"dateModified\":\"2025-11-06T15:35:35+00:00\",\"breadcrumb\":{\"@id\":\"https:\/\/smeclimatehub.org\/pt-br\/como-funciona\/#breadcrumb\"},\"inLanguage\":\"pt-BR\",\"potentialAction\":[{\"@type\":\"ReadAction\",\"target\":[\"https:\/\/smeclimatehub.org\/pt-br\/como-funciona\/\"]}]},{\"@type\":\"BreadcrumbList\",\"@id\":\"https:\/\/smeclimatehub.org\/pt-br\/como-funciona\/#breadcrumb\",\"itemListElement\":[{\"@type\":\"ListItem\",\"position\":1,\"name\":\"Home\",\"item\":\"https:\/\/smeclimatehub.org\/pt-br\/\"},{\"@type\":\"ListItem\",\"position\":2,\"name\":\"Como funciona\"}]},{\"@type\":\"WebSite\",\"@id\":\"https:\/\/businessclimatehub.org\/es\/#website\",\"url\":\"https:\/\/businessclimatehub.org\/es\/\",\"name\":\"SME Climate hub\",\"description\":\"\",\"publisher\":{\"@id\":\"https:\/\/businessclimatehub.org\/es\/#organization\"},\"potentialAction\":[{\"@type\":\"SearchAction\",\"target\":{\"@type\":\"EntryPoint\",\"urlTemplate\":\"https:\/\/businessclimatehub.org\/es\/?s={search_term_string}\"},\"query-input\":{\"@type\":\"PropertyValueSpecification\",\"valueRequired\":true,\"valueName\":\"search_term_string\"}}],\"inLanguage\":\"pt-BR\"},{\"@type\":\"Organization\",\"@id\":\"https:\/\/businessclimatehub.org\/es\/#organization\",\"name\":\"SME Climate hub\",\"url\":\"https:\/\/businessclimatehub.org\/es\/\",\"logo\":{\"@type\":\"ImageObject\",\"inLanguage\":\"pt-BR\",\"@id\":\"https:\/\/businessclimatehub.org\/es\/#\/schema\/logo\/image\/\",\"url\":\"https:\/\/smeclimatehub.org\/wp-content\/uploads\/2025\/03\/smeLogo-1.png\",\"contentUrl\":\"https:\/\/smeclimatehub.org\/wp-content\/uploads\/2025\/03\/smeLogo-1.png\",\"width\":465,\"height\":245,\"caption\":\"SME Climate hub\"},\"image\":{\"@id\":\"https:\/\/businessclimatehub.org\/es\/#\/schema\/logo\/image\/\"}}]}<\/script>","yoast_head_json":{"title":"Como funciona - SME Climate Hub","robots":{"index":"index","follow":"follow","max-snippet":"max-snippet:-1","max-image-preview":"max-image-preview:large","max-video-preview":"max-video-preview:-1"},"canonical":"https:\/\/smeclimatehub.org\/pt-br\/como-funciona\/","og_locale":"pt_BR","og_type":"article","og_title":"Como funciona - SME Climate Hub","og_url":"https:\/\/smeclimatehub.org\/pt-br\/como-funciona\/","og_site_name":"SME Climate Hub","article_modified_time":"2025-11-06T15:35:35+00:00","og_image":[{"width":2000,"height":1124,"url":"https:\/\/smeclimatehub.org\/wp-content\/uploads\/2024\/08\/Preview_four.png","type":"image\/png"}],"twitter_card":"summary_large_image","twitter_misc":{"Est. reading time":"1 minuto"},"schema":{"@context":"https:\/\/schema.org","@graph":[{"@type":"WebPage","@id":"https:\/\/smeclimatehub.org\/pt-br\/como-funciona\/","url":"https:\/\/smeclimatehub.org\/pt-br\/como-funciona\/","name":"Como funciona - SME Climate Hub","isPartOf":{"@id":"https:\/\/businessclimatehub.org\/es\/#website"},"datePublished":"2022-03-13T18:51:27+00:00","dateModified":"2025-11-06T15:35:35+00:00","breadcrumb":{"@id":"https:\/\/smeclimatehub.org\/pt-br\/como-funciona\/#breadcrumb"},"inLanguage":"pt-BR","potentialAction":[{"@type":"ReadAction","target":["https:\/\/smeclimatehub.org\/pt-br\/como-funciona\/"]}]},{"@type":"BreadcrumbList","@id":"https:\/\/smeclimatehub.org\/pt-br\/como-funciona\/#breadcrumb","itemListElement":[{"@type":"ListItem","position":1,"name":"Home","item":"https:\/\/smeclimatehub.org\/pt-br\/"},{"@type":"ListItem","position":2,"name":"Como funciona"}]},{"@type":"WebSite","@id":"https:\/\/businessclimatehub.org\/es\/#website","url":"https:\/\/businessclimatehub.org\/es\/","name":"SME Climate hub","description":"","publisher":{"@id":"https:\/\/businessclimatehub.org\/es\/#organization"},"potentialAction":[{"@type":"SearchAction","target":{"@type":"EntryPoint","urlTemplate":"https:\/\/businessclimatehub.org\/es\/?s={search_term_string}"},"query-input":{"@type":"PropertyValueSpecification","valueRequired":true,"valueName":"search_term_string"}}],"inLanguage":"pt-BR"},{"@type":"Organization","@id":"https:\/\/businessclimatehub.org\/es\/#organization","name":"SME Climate hub","url":"https:\/\/businessclimatehub.org\/es\/","logo":{"@type":"ImageObject","inLanguage":"pt-BR","@id":"https:\/\/businessclimatehub.org\/es\/#\/schema\/logo\/image\/","url":"https:\/\/smeclimatehub.org\/wp-content\/uploads\/2025\/03\/smeLogo-1.png","contentUrl":"https:\/\/smeclimatehub.org\/wp-content\/uploads\/2025\/03\/smeLogo-1.png","width":465,"height":245,"caption":"SME Climate hub"},"image":{"@id":"https:\/\/businessclimatehub.org\/es\/#\/schema\/logo\/image\/"}}]}},"_links":{"self":[{"href":"https:\/\/smeclimatehub.org\/pt-br\/wp-json\/wp\/v2\/pages\/92550","targetHints":{"allow":["GET"]}}],"collection":[{"href":"https:\/\/smeclimatehub.org\/pt-br\/wp-json\/wp\/v2\/pages"}],"about":[{"href":"https:\/\/smeclimatehub.org\/pt-br\/wp-json\/wp\/v2\/types\/page"}],"author":[{"embeddable":true,"href":"https:\/\/smeclimatehub.org\/pt-br\/wp-json\/wp\/v2\/users\/1320"}],"replies":[{"embeddable":true,"href":"https:\/\/smeclimatehub.org\/pt-br\/wp-json\/wp\/v2\/comments?post=92550"}],"version-history":[{"count":0,"href":"https:\/\/smeclimatehub.org\/pt-br\/wp-json\/wp\/v2\/pages\/92550\/revisions"}],"wp:attachment":[{"href":"https:\/\/smeclimatehub.org\/pt-br\/wp-json\/wp\/v2\/media?parent=92550"}],"curies":[{"name":"wp","href":"https:\/\/api.w.org\/{rel}","templated":true}]}}