
{"id":81344,"date":"2025-04-08T13:54:33","date_gmt":"2025-04-08T12:54:33","guid":{"rendered":"https:\/\/smeclimatehub.org\/?page_id=81344"},"modified":"2025-04-09T08:41:23","modified_gmt":"2025-04-09T07:41:23","slug":"the-sme-climate-hub-survey","status":"publish","type":"page","link":"https:\/\/smeclimatehub.org\/pt-br\/the-sme-climate-hub-survey\/","title":{"rendered":"The SME Climate Hub Survey"},"content":{"rendered":"<section id=\"block-67ed198892b6c\"  class=\"hero-section align-content-top secondary-bg middle-image\">\n\t<div class=\"container\">\n\t\t<div class=\"content\">\n\t\t\t<div class=\"text\">\n\t\t\t\t<div class=\"acf-innerblocks-container\">\n\n<h2 class=\"wp-block-heading\">The SME Climate Hub 2025 Survey<\/h2>\n\n\n\n<p>Learn how small and medium-sized businesses are tackling climate change<\/p>\n\n<\/div>\t\t\t\t\t\t\t\t\t\t\t\t\t\t\t\t\t<a target=\"_self\" class=\"button\" href=\"#readMore\">Read more<\/a>\n\t\t\t\t\t\t\t\t\t\t\t<\/div>\n\t\t\t\t\t\t\t\t\t\t<div class=\"image\">\n\t\t\t\t\t<img fetchpriority=\"high\" decoding=\"async\" width=\"612\" height=\"792\" src=\"https:\/\/smeclimatehub.org\/wp-content\/uploads\/2025\/04\/Title-Page.jpg\" class=\"attachment-full size-full\" alt=\"\" loading=\"eager\" srcset=\"https:\/\/smeclimatehub.org\/wp-content\/uploads\/2025\/04\/Title-Page.jpg 612w, https:\/\/smeclimatehub.org\/wp-content\/uploads\/2025\/04\/Title-Page-232x300.jpg 232w\" sizes=\"(max-width: 612px) 100vw, 612px\" \/>\t\t\t\t<\/div>\n\t\t\t\t\t\t\t\t<\/div>\n\t<\/div>\n<\/section>\n\n\n\n<section id=\"block-67f3e1966310f\" class=\"content-editor-section light-bg pt-full pb-full\">\n\t<div class=\"container\">\n\t\t<div class=\"content-block \">\n\t\t\t<div class=\"text\">\n\t\t\t\t<div class=\"acf-innerblocks-container\">\n\n<h2 class=\"wp-block-heading\">Mobilizing Small Businesses to Net Zero<\/h2>\n\n\n\n<p>The SME Climate Hub surveyed its global community of small and medium-sized businesses (SMEs), collecting insights from 471 SMEs across 53 countries at varying stages of their climate action journey.<\/p>\n\n\n\n<p>The results show that an important trend is accelerating: SMEs are taking climate action not just because it\u2019s the right thing to do, but because it makes solid business sense. However, SMEs need the right ecosystem support to set and reach net zero goals.<\/p>\n\n\n\n<p><a href=\"#readMore\" data-type=\"internal\" data-id=\"#readMore\">Download the survey<\/a> today to better understand the momentum driving SME climate action, the barriers that persist, and the policy support businesses need to reduce emissions.<\/p>\n\n<\/div>\t\t\t\t\t\t\t<\/div>\n\t\t\t\t\t<\/div>\n\t<\/div>\n<\/section>\n\n<section id=\"readMore\"  class=\"survey-section align-content-top light-bg\">\n\t<div class=\"container\">\n\t\t<div class=\"content\">\n\t\t\t<div class=\"form\">\n\t\t\t<form action=\"#\" id=\"downloadSurvey\" data-target=\"downloadSurvey\">\n    <div class=\"fields-group\">\n<h3>Download the SME Climate Hub 2025 Survey<\/h3>\n<p>Learn how small and medium-sized businesses are tackling climate change.<\/p>\n\t\t\t\t\t\t\t\t\t\t\t\t\t\t\t\t\t\n<div class=\"row\">\n<div class=\"field mb-10\">\n<label for=\"f_name\">Primeiro nome*<\/label>\n<input value=\"\" class=\"grey\" required=\"\" id=\"f_name\" name=\"f_name\" type=\"text\">\n<div data-target=\"error_message\" data-error-for=\"f_name\" class=\"error-message\"><\/div>\n<\/div>\t\n<div class=\"field mb-10\">\n<label for=\"l_name\">Sobrenome*<\/label>\n<input value=\"\" class=\"grey\" required=\"\" id=\"l_name\" name=\"l_name\" type=\"text\">\n<div data-target=\"error_message\" data-error-for=\"l_name\" class=\"error-message\"><\/div>\n<\/div>\n<\/div>\n<div class=\"row\">\n<div class=\"field mb-10\">\n<label for=\"email\">E-mail*<\/label>\n<input value=\"\" class=\"grey\" required=\"\" id=\"email\" name=\"email\" type=\"email\">\n<div data-target=\"error_message\" data-error-for=\"email\" class=\"error-message\"><\/div>\n<\/div>\n<div class=\"field mb-10\">\n<label for=\"company\">Nome da empresa*<\/label>\n<input value=\"\" class=\"grey\" required=\"\" id=\"company\" name=\"company\" type=\"text\">\n<div data-target=\"error_message\" class=\"error-message\" data-error-for=\"company\"><\/div>\n<\/div>\t\n<\/div>\n\n<div class=\"field mb-10\">\n<label for=\"organization_type\">Que tipo de organiza\u00e7\u00e3o voc\u00eas s\u00e3o?*<\/label>\n            <select class=\"grey\" required=\"\" name=\"organization_type\" id=\"organization_type\">\n                <option disabled=\"disabled\" selected=\"\" value=\"\">Que tipo de organiza\u00e7\u00e3o voc\u00eas s\u00e3o?*<\/option>\n                 <option value=\"SME (1-500 employees)\">PME (1-500 funcion\u00e1rios)<\/option>\n                 <option value=\"Large corporate (500+ employees)\">Grande empresa (mais de 500 funcion\u00e1rios)<\/option>\n                 <option value=\"Government\">Governo<\/option>\n                 <option value=\"Bank \/ Financial institution\">Banco\/Institui\u00e7\u00e3o financeira<\/option>\n                 <option value=\"Other\">Outro<\/option>\n                 <\/select>\n   \n                 <div data-target=\"error_message\" class=\"error-message\" data-error-for=\"organization_type\"><\/div>\n        <\/div>\n        <div class=\"field mb-10\" style=\"display:none;\" id=\"moreInfo\">\n<label for=\"more_info\">Por favor, informe o tipo de organiza\u00e7\u00e3o.<\/label>\n<input value=\"\" class=\"grey\" id=\"more_info\" name=\"more_info\" type=\"text\">\n<\/div>\t\n        <div class=\"checkbox-wrapper mb-10\">\n                <input  id=\"agree\" name=\"agree\" type=\"checkbox\" required>\n                <label for=\"agree\">Li e aceito a <a href=\"https:\/\/smeclimatehub.org\/privacy-policy\/\">pol\u00edtica de prote\u00e7\u00e3o de dados e privacidade<\/a> do SME Climate Hub e concordo em fornecer minhas informa\u00e7\u00f5es para acessar os recursos do SME Climate Hub.*<\/label>\n                <div data-target=\"error_message\" data-error-for=\"agree\" class=\"error-message\"><\/div>\n        <\/div>\n\n        <div class=\"checkbox-wrapper mb-10\">\n                <input  id=\"newsleter\" name=\"newsleter\" type=\"checkbox\">\n                <label for=\"newsleter\">Gostaria de me inscrever na newsletter do SME Climate Hub e receber atualiza\u00e7\u00f5es sobre os \u00faltimos desenvolvimentos clim\u00e1ticos.<\/label>\n        <\/div>\n            <\/div>\n<input name=\"action\" value=\"download_survey_new\" type=\"hidden\">\n\n<div class=\"wp-block-button\">\n\t\t<input type=\"hidden\" name=\"file_id\" value=\"110636\">\n\n<button type=\"button\" class=\"button\" data-target=\"downloadButton\">Download<\/button>\n\t<\/div>\n<div class=\"overlay-container\" id=\"overlay\">\n<div class=\"inside-overlay\">\n<img decoding=\"async\" src=\"https:\/\/smeclimatehub.org\/wp-content\/themes\/newsme\/assets\/images\/check.png\">\n<h3>Obrigado por baixar nossa pesquisa.<\/h3>\n<\/div>\n<\/div>\n<\/form>\n\n\t\t\t<\/div>\n<div class=\"image\">\n<img decoding=\"async\" src=\"https:\/\/smeclimatehub.org\/wp-content\/uploads\/2025\/04\/Title-Page.jpg\">\n<\/div>\n\n\t\n\t\t<\/div>\n\n\t<\/div>\n<\/section>\n\n<section id=\"block-67ee32df9e848\"  class=\"previous-surveys align-content-top light-bg\">\n<div class=\"container\">\n<div class=\"content\">\n<div class=\"title\">\nPrevious surveys<\/div>\n\t        <div class=\"surveys-wrapper\">\n<div class=\"survey-block\" data-url=\"https:\/\/smeclimatehub.org\/wp-content\/uploads\/2025\/04\/SME_Climate_Hub_2024_Survey.pdf\">\n<div class=\"image\">\n<img decoding=\"async\" src=\"https:\/\/smeclimatehub.org\/wp-content\/uploads\/2025\/04\/2024-sme-survey.jpg\">\n<\/div>\n\t    <div class=\"info\">\n      <div class=\"title\">\n      Mobilizing Small Businesses to Net Zero      <\/div>\n       <div class=\"date\">\n      <p>Publicado<\/p>\n      <p> April 2024<\/p>\n       <\/div>\n    <\/div>\n<\/div>\n\n        <div class=\"survey-block\" data-url=\"https:\/\/smeclimatehub.org\/wp-content\/uploads\/2025\/04\/SME-Climate-Hub-Survey-2023-1.pdf\">\n<div class=\"image\">\n<img decoding=\"async\" src=\"https:\/\/smeclimatehub.org\/wp-content\/uploads\/2025\/04\/2023-sme-survey.jpg\">\n<\/div>\n\t    <div class=\"info\">\n      <div class=\"title\">\n      Small Business Climate Action      <\/div>\n       <div class=\"date\">\n      <p>Publicado<\/p>\n      <p> April 2023<\/p>\n       <\/div>\n    <\/div>\n<\/div>\n\n        \n\n<\/div>\n<\/div>\n<\/div>\n<\/section>","protected":false},"excerpt":{"rendered":"","protected":false},"author":10027,"featured_media":0,"parent":0,"menu_order":0,"comment_status":"closed","ping_status":"closed","template":"","meta":{"_acf_changed":true,"inline_featured_image":false,"footnotes":""},"class_list":["post-81344","page","type-page","status-publish","hentry"],"acf":[],"yoast_head":"<title>The SME Climate Hub Survey - SME Climate Hub<\/title>\n<meta name=\"robots\" content=\"index, follow, max-snippet:-1, max-image-preview:large, max-video-preview:-1\" \/>\n<link rel=\"canonical\" href=\"https:\/\/smeclimatehub.org\/the-sme-climate-hub-survey\/\" \/>\n<meta property=\"og:locale\" content=\"pt_BR\" \/>\n<meta property=\"og:type\" content=\"article\" \/>\n<meta property=\"og:title\" content=\"The SME Climate Hub Survey - SME Climate Hub\" \/>\n<meta property=\"og:url\" content=\"https:\/\/smeclimatehub.org\/the-sme-climate-hub-survey\/\" \/>\n<meta property=\"og:site_name\" content=\"SME Climate Hub\" \/>\n<meta property=\"article:modified_time\" content=\"2025-04-09T07:41:23+00:00\" \/>\n<meta property=\"og:image\" content=\"https:\/\/smeclimatehub.org\/wp-content\/uploads\/2024\/08\/Preview_four.png\" \/>\n\t<meta property=\"og:image:width\" content=\"2000\" \/>\n\t<meta property=\"og:image:height\" content=\"1124\" \/>\n\t<meta property=\"og:image:type\" content=\"image\/png\" \/>\n<meta name=\"twitter:card\" content=\"summary_large_image\" \/>\n<meta name=\"twitter:label1\" content=\"Est. reading time\" \/>\n\t<meta name=\"twitter:data1\" content=\"2 minutos\" \/>\n<script type=\"application\/ld+json\" class=\"yoast-schema-graph\">{\"@context\":\"https:\/\/schema.org\",\"@graph\":[{\"@type\":\"WebPage\",\"@id\":\"https:\/\/smeclimatehub.org\/the-sme-climate-hub-survey\/\",\"url\":\"https:\/\/smeclimatehub.org\/the-sme-climate-hub-survey\/\",\"name\":\"The SME Climate Hub Survey - SME Climate Hub\",\"isPartOf\":{\"@id\":\"https:\/\/businessclimatehub.org\/es\/#website\"},\"datePublished\":\"2025-04-08T12:54:33+00:00\",\"dateModified\":\"2025-04-09T07:41:23+00:00\",\"breadcrumb\":{\"@id\":\"https:\/\/smeclimatehub.org\/the-sme-climate-hub-survey\/#breadcrumb\"},\"inLanguage\":\"pt-BR\",\"potentialAction\":[{\"@type\":\"ReadAction\",\"target\":[\"https:\/\/smeclimatehub.org\/the-sme-climate-hub-survey\/\"]}]},{\"@type\":\"BreadcrumbList\",\"@id\":\"https:\/\/smeclimatehub.org\/the-sme-climate-hub-survey\/#breadcrumb\",\"itemListElement\":[{\"@type\":\"ListItem\",\"position\":1,\"name\":\"Home\",\"item\":\"https:\/\/smeclimatehub.org\/pt-br\/\"},{\"@type\":\"ListItem\",\"position\":2,\"name\":\"The SME Climate Hub Survey\"}]},{\"@type\":\"WebSite\",\"@id\":\"https:\/\/businessclimatehub.org\/es\/#website\",\"url\":\"https:\/\/businessclimatehub.org\/es\/\",\"name\":\"SME Climate hub\",\"description\":\"\",\"publisher\":{\"@id\":\"https:\/\/businessclimatehub.org\/es\/#organization\"},\"potentialAction\":[{\"@type\":\"SearchAction\",\"target\":{\"@type\":\"EntryPoint\",\"urlTemplate\":\"https:\/\/businessclimatehub.org\/es\/?s={search_term_string}\"},\"query-input\":{\"@type\":\"PropertyValueSpecification\",\"valueRequired\":true,\"valueName\":\"search_term_string\"}}],\"inLanguage\":\"pt-BR\"},{\"@type\":\"Organization\",\"@id\":\"https:\/\/businessclimatehub.org\/es\/#organization\",\"name\":\"SME Climate hub\",\"url\":\"https:\/\/businessclimatehub.org\/es\/\",\"logo\":{\"@type\":\"ImageObject\",\"inLanguage\":\"pt-BR\",\"@id\":\"https:\/\/businessclimatehub.org\/es\/#\/schema\/logo\/image\/\",\"url\":\"https:\/\/smeclimatehub.org\/wp-content\/uploads\/2025\/03\/smeLogo-1.png\",\"contentUrl\":\"https:\/\/smeclimatehub.org\/wp-content\/uploads\/2025\/03\/smeLogo-1.png\",\"width\":465,\"height\":245,\"caption\":\"SME Climate hub\"},\"image\":{\"@id\":\"https:\/\/businessclimatehub.org\/es\/#\/schema\/logo\/image\/\"}}]}<\/script>","yoast_head_json":{"title":"The SME Climate Hub Survey - SME Climate Hub","robots":{"index":"index","follow":"follow","max-snippet":"max-snippet:-1","max-image-preview":"max-image-preview:large","max-video-preview":"max-video-preview:-1"},"canonical":"https:\/\/smeclimatehub.org\/the-sme-climate-hub-survey\/","og_locale":"pt_BR","og_type":"article","og_title":"The SME Climate Hub Survey - SME Climate Hub","og_url":"https:\/\/smeclimatehub.org\/the-sme-climate-hub-survey\/","og_site_name":"SME Climate Hub","article_modified_time":"2025-04-09T07:41:23+00:00","og_image":[{"width":2000,"height":1124,"url":"https:\/\/smeclimatehub.org\/wp-content\/uploads\/2024\/08\/Preview_four.png","type":"image\/png"}],"twitter_card":"summary_large_image","twitter_misc":{"Est. reading time":"2 minutos"},"schema":{"@context":"https:\/\/schema.org","@graph":[{"@type":"WebPage","@id":"https:\/\/smeclimatehub.org\/the-sme-climate-hub-survey\/","url":"https:\/\/smeclimatehub.org\/the-sme-climate-hub-survey\/","name":"The SME Climate Hub Survey - SME Climate Hub","isPartOf":{"@id":"https:\/\/businessclimatehub.org\/es\/#website"},"datePublished":"2025-04-08T12:54:33+00:00","dateModified":"2025-04-09T07:41:23+00:00","breadcrumb":{"@id":"https:\/\/smeclimatehub.org\/the-sme-climate-hub-survey\/#breadcrumb"},"inLanguage":"pt-BR","potentialAction":[{"@type":"ReadAction","target":["https:\/\/smeclimatehub.org\/the-sme-climate-hub-survey\/"]}]},{"@type":"BreadcrumbList","@id":"https:\/\/smeclimatehub.org\/the-sme-climate-hub-survey\/#breadcrumb","itemListElement":[{"@type":"ListItem","position":1,"name":"Home","item":"https:\/\/smeclimatehub.org\/pt-br\/"},{"@type":"ListItem","position":2,"name":"The SME Climate Hub Survey"}]},{"@type":"WebSite","@id":"https:\/\/businessclimatehub.org\/es\/#website","url":"https:\/\/businessclimatehub.org\/es\/","name":"SME Climate hub","description":"","publisher":{"@id":"https:\/\/businessclimatehub.org\/es\/#organization"},"potentialAction":[{"@type":"SearchAction","target":{"@type":"EntryPoint","urlTemplate":"https:\/\/businessclimatehub.org\/es\/?s={search_term_string}"},"query-input":{"@type":"PropertyValueSpecification","valueRequired":true,"valueName":"search_term_string"}}],"inLanguage":"pt-BR"},{"@type":"Organization","@id":"https:\/\/businessclimatehub.org\/es\/#organization","name":"SME Climate hub","url":"https:\/\/businessclimatehub.org\/es\/","logo":{"@type":"ImageObject","inLanguage":"pt-BR","@id":"https:\/\/businessclimatehub.org\/es\/#\/schema\/logo\/image\/","url":"https:\/\/smeclimatehub.org\/wp-content\/uploads\/2025\/03\/smeLogo-1.png","contentUrl":"https:\/\/smeclimatehub.org\/wp-content\/uploads\/2025\/03\/smeLogo-1.png","width":465,"height":245,"caption":"SME Climate hub"},"image":{"@id":"https:\/\/businessclimatehub.org\/es\/#\/schema\/logo\/image\/"}}]}},"_links":{"self":[{"href":"https:\/\/smeclimatehub.org\/pt-br\/wp-json\/wp\/v2\/pages\/81344","targetHints":{"allow":["GET"]}}],"collection":[{"href":"https:\/\/smeclimatehub.org\/pt-br\/wp-json\/wp\/v2\/pages"}],"about":[{"href":"https:\/\/smeclimatehub.org\/pt-br\/wp-json\/wp\/v2\/types\/page"}],"author":[{"embeddable":true,"href":"https:\/\/smeclimatehub.org\/pt-br\/wp-json\/wp\/v2\/users\/10027"}],"replies":[{"embeddable":true,"href":"https:\/\/smeclimatehub.org\/pt-br\/wp-json\/wp\/v2\/comments?post=81344"}],"version-history":[{"count":0,"href":"https:\/\/smeclimatehub.org\/pt-br\/wp-json\/wp\/v2\/pages\/81344\/revisions"}],"wp:attachment":[{"href":"https:\/\/smeclimatehub.org\/pt-br\/wp-json\/wp\/v2\/media?parent=81344"}],"curies":[{"name":"wp","href":"https:\/\/api.w.org\/{rel}","templated":true}]}}