
{"id":3,"date":"2020-08-24T13:44:39","date_gmt":"2020-08-24T13:44:39","guid":{"rendered":"http:\/\/localhost\/smeclimate\/?page_id=3"},"modified":"2025-09-15T09:31:57","modified_gmt":"2025-09-15T08:31:57","slug":"privacy-policy","status":"publish","type":"page","link":"https:\/\/smeclimatehub.org\/no\/privacy-policy\/","title":{"rendered":"Privacy policy"},"content":{"rendered":"<section id=\"block-6513dd211eb9f\"  class=\"hero-section align-content-center bg-image default center-text\">\n\t<div class=\"container\">\n\t\t<div class=\"content\">\n\t\t\t<div class=\"text\">\n\t\t\t\t<div class=\"acf-innerblocks-container\">\n\n<h1 class=\"wp-block-heading\">Privacy Policy<\/h1>\n\n\n\n<p>Last revised: September 15, 2025<\/p>\n\n<\/div>\t\t\t\t\t\t\t\t\t\t\t\t\t\t\t\t\t\t\t<\/div>\n\t\t\t\t\t\t\t\t\t\t\t\t\t<div class=\"background-image\">\n\t\t\t\t\t<img fetchpriority=\"high\" decoding=\"async\" width=\"2560\" height=\"747\" src=\"https:\/\/smeclimatehub.org\/wp-content\/uploads\/2024\/07\/Banner-tree-scaled.jpg\" class=\"attachment-full size-full\" alt=\"\" loading=\"eager\" srcset=\"https:\/\/smeclimatehub.org\/wp-content\/uploads\/2024\/07\/Banner-tree-scaled.jpg 2560w, https:\/\/smeclimatehub.org\/wp-content\/uploads\/2024\/07\/Banner-tree-300x88.jpg 300w, https:\/\/smeclimatehub.org\/wp-content\/uploads\/2024\/07\/Banner-tree-1024x299.jpg 1024w, https:\/\/smeclimatehub.org\/wp-content\/uploads\/2024\/07\/Banner-tree-768x224.jpg 768w, https:\/\/smeclimatehub.org\/wp-content\/uploads\/2024\/07\/Banner-tree-1536x448.jpg 1536w, https:\/\/smeclimatehub.org\/wp-content\/uploads\/2024\/07\/Banner-tree-2048x597.jpg 2048w\" sizes=\"(max-width: 2560px) 100vw, 2560px\" \/>\t\t\t\t<\/div>\n\t\t\t\t\t<\/div>\n\t<\/div>\n<\/section>\n\n\n\n<section id=\"block-6513dd211ec7f\" class=\"content-editor-section transparent pt-full pb-half\">\n\t<div class=\"container\">\n\t\t<div class=\"content-block \">\n\t\t\t<div class=\"text\">\n\t\t\t\t<div class=\"acf-innerblocks-container\">\n\n<h2 class=\"wp-block-heading\">DATA PROTECTION POLICY<\/h2>\n\n\n\n<p>Last updated: September 15, 2025<\/p>\n\n\n\n<p>Information collected through and about this website is collected and processed by the We Mean Business Coalition (\u201cWMBC\u201d), in its capacity as the host organization of the SME Climate Hub and data controller.<\/p>\n\n\n\n<p>We Mean Business Coalition (\u201cWe Mean Business,\u201d \u201cwe,\u201d \u201cour,\u201d or \u201cus\u201d) provides this Privacy Policy to describe how we collect, use, and share the information of individuals who visit or use our website at smeclimatehub.org (the \u201cSite\u201d). Please be sure to read this entire Privacy Policy before using or submitting information via the Site.<\/p>\n\n\n\n<h2 class=\"wp-block-heading\">INFORMATION COLLECTION<\/h2>\n\n\n\n<p>When you use our Site, you may voluntarily provide information about yourself and your organization, including your name, email address, and any other information you choose to provide. We collect this information when you register as a user of the Site, contact us, or interact with us for any other purpose.<\/p>\n\n\n\n<p>We also automatically collect information relating to your interactions with us and our Site, including browser type, IP address, pages visited and other activities on the Site, device type, time and date of visit, and other information we collect through the use of cookies, web beacons, tags, and similar technologies. See the \u201cDigital Advertising &amp; Analytics\u201d section of this Privacy Policy to learn more about the use of this information and the choices available to you.<\/p>\n\n\n\n<h2 class=\"wp-block-heading\">INFORMATION USE<\/h2>\n\n\n\n<p>We may use provided information for any lawful purpose, including the following:<\/p>\n\n\n\n<ul class=\"wp-block-list\">\n<li>To contact you by email or other forms of communication regarding updates or informative communications related to our mission and initiatives, your and\/or your organization\u2019s relationship with us, and the functionalities, products, or contracted services we provide to you or your organization;<\/li>\n\n\n\n<li>To provide and maintain our Site, including to monitor the usage of our services;<\/li>\n\n\n\n<li>To respond to your inquiries and manage requests you submit to us;<\/li>\n\n\n\n<li>To manage your account, including to manage your registration as a user of the Site and the personal data you provide;<\/li>\n\n\n\n<li>To provide you with news, special offers, and general information about other goods, services, and events we offer that may be of interest to you;<\/li>\n\n\n\n<li>To operate and improve our services;<\/li>\n\n\n\n<li>To operate, personalize, and improve the Site, including for advertising and analytics purposes;<\/li>\n\n\n\n<li>To prevent and detect fraud;<\/li>\n\n\n\n<li>To comply with the law and maintain the security of the Site; or<\/li>\n\n\n\n<li>With consent, or as otherwise disclosed at the time information is collected.<\/li>\n<\/ul>\n\n\n\n<h2 class=\"wp-block-heading\">INFORMATION SHARING<\/h2>\n\n\n\n<p>We may share the information we collect with other parties, including the following:<\/p>\n\n\n\n<ul class=\"wp-block-list\">\n<li>With our participating companies and organizations;<\/li>\n\n\n\n<li>With third-party service providers or vendors who process data on our behalf to help our business operations, such as email service providers;<\/li>\n\n\n\n<li>With third parties or other vetted partners;<\/li>\n\n\n\n<li>With affiliates, including our parent company and any other subsidiaries, joint venture partners, or other companies under common control, in which case we will require such affiliates to honor this Privacy Policy;<\/li>\n\n\n\n<li>When necessary to comply with our legal and\/or regulatory obligations, or when we are compelled to do so by a governmental agency, court, or other entity (e.g., in response to subpoenas, court orders, or legal process);<\/li>\n\n\n\n<li>When necessary or appropriate to protect or defend the rights, safety, or property of We Mean Business, users of the Site, or any other person, including to enforce our agreements, policies, and terms of use;<\/li>\n\n\n\n<li>In the event of a bankruptcy, merger, acquisition, transfer of control, joint venture, or other business combination involving us, or our related companies; or<\/li>\n\n\n\n<li>With your consent, or as otherwise disclosed at the time of data collection or sharing.<\/li>\n<\/ul>\n\n\n\n<p>We may share information that has been de-identified or aggregated without limitation.<\/p>\n\n\n\n<h2 class=\"wp-block-heading\">SECURITY<\/h2>\n\n\n\n<p>To prevent unauthorized access, use, or disclosure of information we collect, we have put in place commercially reasonable physical, electronic, and managerial procedures designed to safeguard personal data.<\/p>\n\n\n\n<h2 class=\"wp-block-heading\">COOKIES<\/h2>\n\n\n\n<p>Cookies are small files placed on your device when viewing a website. You can instruct your browser to refuse all cookies. However, if you do not accept cookies, you may not be able to use some parts of the Site. We use both \u201cpersistent\u201d and \u201csession\u201d cookies for the purposes set out below:<\/p>\n\n\n\n<h3 class=\"wp-block-heading\">NECESSARY COOKIES<\/h3>\n\n\n\n<p>Type: Session Cookies<br>Administered by: Us<\/p>\n\n\n\n<p>Purpose: These cookies are essential to provide you with services available through the Site and to enable you to use its features. They help to authenticate users and prevent fraudulent use of user accounts. Without these cookies, the services you have requested cannot be provided, and we use these cookies only to provide you with those services.<\/p>\n\n\n\n<h3 class=\"wp-block-heading\">FUNCTIONAL COOKIES<\/h3>\n\n\n\n<p>Type: Persistent Cookies<br>Administered by: Us<\/p>\n\n\n\n<p>Purpose: These cookies allow us to remember choices you make when you use the Site, such as remembering your login details or language preference. The purpose of these cookies is to provide you with a more personal experience and to avoid you having to re-enter your preferences every time you use the Site.<\/p>\n\n\n\n<h3 class=\"wp-block-heading\">PERFORMANCE COOKIES<\/h3>\n\n\n\n<p>Type: Persistent Cookies<br>Administered by: Third-Parties<\/p>\n\n\n\n<p>Purpose: These cookies are used to track information about traffic to the Site and how users use the Site. The information gathered via these cookies may directly or indirectly identify you as an individual visitor. This is because the information collected is typically linked to a pseudonymous identifier associated with the device you use to access the Site. We may also use these cookies to test new pages, features or new functionality of the Website to see how our users react to them.<\/p>\n\n\n\n<h3 class=\"wp-block-heading\">TARGETING COOKIES<\/h3>\n\n\n\n<p>Type: Persistent Cookies<br>Administered by: Third Parties<\/p>\n\n\n\n<p>Purpose: These cookies are set by our advertising partners and may be used by those companies to build a profile of your interests and show you relevant advertisements on other sites. If you do not allow these cookies, you will experience less targeted advertising.<\/p>\n\n\n\n<h2 class=\"wp-block-heading\">DIGITAL ADVERTISING AND ANALYTICS<\/h2>\n\n\n\n<p>We may partner with ad networks and other ad serving providers (\u201cAdvertising Providers\u201d) that serve ads on behalf of us and others on non-affiliated platforms.\u202fSome of those ads may be personalized, meaning that they are intended to be relevant to you based on information Advertising Providers collect about your use of the Site and other sites or apps over time, including information about relationships among different browsers and devices. This type of advertising is known as interest-based advertising.<\/p>\n\n\n\n<p>We may also work with third parties that collect data about your use of the Site and other sites or apps over time for non-advertising purposes.\u202fWe use Google Analytics and other third-party services to improve the performance of the Site and for analytics and marketing purposes.\u202fFor more information about how Google Analytics collects and uses data when you use our Site, visit\u202f<a rel=\"noreferrer noopener\" href=\"https:\/\/policies.google.com\/technologies\/partner-sites\" target=\"_blank\">www.google.com\/policies\/privacy\/partners<\/a>, and to opt out of Google Analytics, visit\u202f<a rel=\"noreferrer noopener\" href=\"https:\/\/tools.google.com\/dlpage\/gaoptout\" target=\"_blank\">https:\/\/tools.google.com\/dlpage\/gaoptout<\/a>.<\/p>\n\n\n\n<h2 class=\"wp-block-heading\">THIRD-PARTY LINKS AND TOOLS<\/h2>\n\n\n\n<p>We may provide links on the Site to third-party websites or apps, including plug-ins that link to social media sites such as Facebook and YouTube.\u202f\u202fThese websites and apps are independent from We Mean Business and have their own separate privacy policies.\u202fWe Mean Business is not responsible for the privacy practices or content of such third-party websites or apps.\u202fWe recommend that you review the third-parties\u2019 privacy polices before you visit these websites or apps to learn about their data practices.<\/p>\n\n\n\n<p>The Site may also include integrated social media tools or \u201cplug-ins,\u201d such as social networking tools offered by third parties.\u202fIf you use these tools to share information or you otherwise interact with these features on the Site, those companies may collect information about you and may use and share such information in accordance with your account settings, including by sharing such information with the general public.\u202fYour interactions with third-party companies and your use of their features are governed by the privacy notices of the companies that provide those features.\u202fWe encourage you to carefully read the privacy notices of any accounts you create and use.<\/p>\n\n\n\n<h2 class=\"wp-block-heading\">OPTING OUT OF EMAILS<\/h2>\n\n\n\n<p>We may use personal data to provide newsletters, communications, or other information that may be of interest to you. You may opt out of receiving these communications from us by following the \u201cunsubscribe\u201d link or instructions provided in such emails or by contacting us at&nbsp;<a href=\"mailto:operations@wmbcoalition.org\">operations@wmbcoalition.org<\/a>.<\/p>\n\n\n\n<p>Note that you cannot opt out of emails that provide information about your organization\u2019s climate pledges or that confirm donations.<\/p>\n\n\n\n<h2 class=\"wp-block-heading\">NON-U.S. USERS<\/h2>\n\n\n\n<p>This section applies to visitors that access the Site or provide information to us from the European Economic Area (\u201cEEA\u201d), Switzerland, or the United Kingdom (\u201cUK\u201d).<\/p>\n\n\n\n<h3 class=\"wp-block-heading\">LEGAL BASIS FOR PROCESSING<\/h3>\n\n\n\n<p>We may rely on the following legal bases to process personal data about you:<\/p>\n\n\n\n<ul class=\"wp-block-list\">\n<li>Consent: where you have provided your consent to process personal data for one or more specific purposes, such as for email promotional messages. You have the right to withdraw consent by contacting us at\u00a0<a href=\"mailto:operations@wmbcoalition.org\">operations@wmbcoalition.org<\/a>, and with respect to email, you can also withdraw consent as described above;<\/li>\n\n\n\n<li>Performance of a contract: where processing personal data is necessary for the performance of an agreement with you or your organization or you have requested we do something before creating a contract, such as making a climate pledge or providing a donation;<\/li>\n\n\n\n<li>Legal obligation: where processing personal data is necessary to fulfill our legal and regulatory obligations<\/li>\n\n\n\n<li>Vital interests: where processing is necessary to protect the vital interests of you or another person;<\/li>\n\n\n\n<li>Legitimate interest: Where it is necessary to process personal data for purposes of an important commercial or business interest.<\/li>\n<\/ul>\n\n\n\n<h3 class=\"wp-block-heading\">DATA SUBJECT RIGHTS<\/h3>\n\n\n\n<p>You have the right to:<\/p>\n\n\n\n<ul class=\"wp-block-list\">\n<li>Request access to the personal data we hold about you;<\/li>\n\n\n\n<li>Request correction and\/or erasure of personal data we hold about you;<\/li>\n\n\n\n<li>Request that we restrict processing of personal data about you in certain circumstances;<\/li>\n\n\n\n<li>Object to any automated decision-making based on your conduct, such as analytics for direct marketing conducted by us;<\/li>\n\n\n\n<li>Request the transfer of personal data we hold about you to another party (i.e., the right of data portability) where processing is based on our contract with you or on your consent);<\/li>\n\n\n\n<li>Withdraw your consent to process personal data, where we previously obtained your consent.<\/li>\n<\/ul>\n\n\n\n<p>To exercise any of these rights, please contact us using the \u201cContact Us\u201d section below. Please note that We Mean Business may be unable to afford these rights to you under certain circumstances, such as if we are legally prevented from doing so. Additionally, you have the right to lodge a complaint against us. To do so, contact the data protection authority in your country of residence.<\/p>\n\n\n\n<h3 class=\"wp-block-heading\">RETENTION OF PERSONAL DATA<\/h3>\n\n\n\n<p>We will retain personal data only for as long as is necessary for the purposes set out in this Privacy Policy. We will retain and use personal data to the extent necessary to comply with our legal obligations (for example, if we are required to retain your data to comply with applicable laws), resolve disputes, and enforce our legal agreements and policies.<\/p>\n\n\n\n<p>We will also retain usage data for internal analysis purposes. Usage data is generally retained for a shorter period of time, except when this data is used to strengthen the security or to improve the functionality of the Site, or we are legally obligated to retain this data for longer time periods.<\/p>\n\n\n\n<h3 class=\"wp-block-heading\">TRANSFER OF PERSONAL DATA<\/h3>\n\n\n\n<p>Personal data we collect may be transferred to and maintained on servers or databases located outside of your state, province, country or other governmental jurisdiction where the data protection laws may differ from those in your jurisdiction, including in the United States. When transferring personal data to countries outside the EEA or the UK, we will take all steps reasonably necessary to ensure that adequate controls are in place to assure the protection of personal data.<\/p>\n\n\n\n<h2 class=\"wp-block-heading\">CHANGES TO THIS PRIVACY POLICY<\/h2>\n\n\n\n<p>We may change this Privacy Policy from time to time. You should check this page periodically to learn of any updates. If we make changes to this Privacy Policy, we will post the amended version on our Site and the effective date will be updated.<\/p>\n\n\n\n<h2 class=\"wp-block-heading\">CONTACT US<\/h2>\n\n\n\n<p>If you have any questions about this Privacy Policy, you can contact us by email at&nbsp;<a href=\"mailto:operations@wmbcoalition.org\">operations@wmbcoalition.org<\/a>.<\/p>\n\n<\/div>\t\t\t\t\t\t\t<\/div>\n\t\t\t\t\t<\/div>\n\t<\/div>\n<\/section>\n\n\n<div class=\"stay-updated-block darkBackground \">\n\t<div class=\"container\">\n<div class=\"column\">\n<h2>Hold deg oppdatert<\/h2>\n<p>Abonner p\u00e5 nyhetsbrevet v\u00e5rt for \u00e5 holde deg oppdatert om de siste klimanyhetene.<\/p>\n<\/div>\n<div class=\"column\">\n\t<button data-popup-button=\"stay-updated-form\" type=\"button\" class=\"button none\">Abonnere<\/button>\n<\/div>\n<\/div>\n\n<\/div>","protected":false},"excerpt":{"rendered":"","protected":false},"author":1,"featured_media":0,"parent":0,"menu_order":0,"comment_status":"closed","ping_status":"closed","template":"","meta":{"_acf_changed":false,"inline_featured_image":false,"footnotes":""},"class_list":["post-3","page","type-page","status-publish","hentry"],"acf":[],"yoast_head":"<title>Privacy policy - SME Climate Hub<\/title>\n<meta name=\"robots\" content=\"index, follow, max-snippet:-1, max-image-preview:large, max-video-preview:-1\" \/>\n<link rel=\"canonical\" href=\"https:\/\/smeclimatehub.org\/privacy-policy\/\" \/>\n<meta property=\"og:locale\" content=\"nb_NO\" \/>\n<meta property=\"og:type\" content=\"article\" \/>\n<meta property=\"og:title\" content=\"Privacy policy - SME Climate Hub\" \/>\n<meta property=\"og:url\" content=\"https:\/\/smeclimatehub.org\/privacy-policy\/\" \/>\n<meta property=\"og:site_name\" content=\"SME Climate Hub\" \/>\n<meta property=\"article:modified_time\" content=\"2025-09-15T08:31:57+00:00\" \/>\n<meta property=\"og:image\" content=\"https:\/\/smeclimatehub.org\/wp-content\/uploads\/2024\/08\/Preview_four.png\" \/>\n\t<meta property=\"og:image:width\" content=\"2000\" \/>\n\t<meta property=\"og:image:height\" content=\"1124\" \/>\n\t<meta property=\"og:image:type\" content=\"image\/png\" \/>\n<meta name=\"twitter:card\" content=\"summary_large_image\" \/>\n<meta name=\"twitter:label1\" content=\"Est. reading time\" \/>\n\t<meta name=\"twitter:data1\" content=\"9 minutter\" \/>\n<script type=\"application\/ld+json\" class=\"yoast-schema-graph\">{\"@context\":\"https:\/\/schema.org\",\"@graph\":[{\"@type\":\"WebPage\",\"@id\":\"https:\/\/smeclimatehub.org\/privacy-policy\/\",\"url\":\"https:\/\/smeclimatehub.org\/privacy-policy\/\",\"name\":\"Privacy policy - SME Climate Hub\",\"isPartOf\":{\"@id\":\"https:\/\/businessclimatehub.org\/es\/#website\"},\"datePublished\":\"2020-08-24T13:44:39+00:00\",\"dateModified\":\"2025-09-15T08:31:57+00:00\",\"breadcrumb\":{\"@id\":\"https:\/\/smeclimatehub.org\/privacy-policy\/#breadcrumb\"},\"inLanguage\":\"nb-NO\",\"potentialAction\":[{\"@type\":\"ReadAction\",\"target\":[\"https:\/\/smeclimatehub.org\/privacy-policy\/\"]}]},{\"@type\":\"BreadcrumbList\",\"@id\":\"https:\/\/smeclimatehub.org\/privacy-policy\/#breadcrumb\",\"itemListElement\":[{\"@type\":\"ListItem\",\"position\":1,\"name\":\"Home\",\"item\":\"https:\/\/smeclimatehub.org\/\"},{\"@type\":\"ListItem\",\"position\":2,\"name\":\"Privacy policy\"}]},{\"@type\":\"WebSite\",\"@id\":\"https:\/\/businessclimatehub.org\/es\/#website\",\"url\":\"https:\/\/businessclimatehub.org\/es\/\",\"name\":\"SME Climate hub\",\"description\":\"\",\"publisher\":{\"@id\":\"https:\/\/businessclimatehub.org\/es\/#organization\"},\"potentialAction\":[{\"@type\":\"SearchAction\",\"target\":{\"@type\":\"EntryPoint\",\"urlTemplate\":\"https:\/\/businessclimatehub.org\/es\/?s={search_term_string}\"},\"query-input\":{\"@type\":\"PropertyValueSpecification\",\"valueRequired\":true,\"valueName\":\"search_term_string\"}}],\"inLanguage\":\"nb-NO\"},{\"@type\":\"Organization\",\"@id\":\"https:\/\/businessclimatehub.org\/es\/#organization\",\"name\":\"SME Climate hub\",\"url\":\"https:\/\/businessclimatehub.org\/es\/\",\"logo\":{\"@type\":\"ImageObject\",\"inLanguage\":\"nb-NO\",\"@id\":\"https:\/\/businessclimatehub.org\/es\/#\/schema\/logo\/image\/\",\"url\":\"https:\/\/smeclimatehub.org\/wp-content\/uploads\/2025\/03\/smeLogo-1.png\",\"contentUrl\":\"https:\/\/smeclimatehub.org\/wp-content\/uploads\/2025\/03\/smeLogo-1.png\",\"width\":465,\"height\":245,\"caption\":\"SME Climate hub\"},\"image\":{\"@id\":\"https:\/\/businessclimatehub.org\/es\/#\/schema\/logo\/image\/\"}}]}<\/script>","yoast_head_json":{"title":"Privacy policy - SME Climate Hub","robots":{"index":"index","follow":"follow","max-snippet":"max-snippet:-1","max-image-preview":"max-image-preview:large","max-video-preview":"max-video-preview:-1"},"canonical":"https:\/\/smeclimatehub.org\/privacy-policy\/","og_locale":"nb_NO","og_type":"article","og_title":"Privacy policy - SME Climate Hub","og_url":"https:\/\/smeclimatehub.org\/privacy-policy\/","og_site_name":"SME Climate Hub","article_modified_time":"2025-09-15T08:31:57+00:00","og_image":[{"width":2000,"height":1124,"url":"https:\/\/smeclimatehub.org\/wp-content\/uploads\/2024\/08\/Preview_four.png","type":"image\/png"}],"twitter_card":"summary_large_image","twitter_misc":{"Est. reading time":"9 minutter"},"schema":{"@context":"https:\/\/schema.org","@graph":[{"@type":"WebPage","@id":"https:\/\/smeclimatehub.org\/privacy-policy\/","url":"https:\/\/smeclimatehub.org\/privacy-policy\/","name":"Privacy policy - SME Climate Hub","isPartOf":{"@id":"https:\/\/businessclimatehub.org\/es\/#website"},"datePublished":"2020-08-24T13:44:39+00:00","dateModified":"2025-09-15T08:31:57+00:00","breadcrumb":{"@id":"https:\/\/smeclimatehub.org\/privacy-policy\/#breadcrumb"},"inLanguage":"nb-NO","potentialAction":[{"@type":"ReadAction","target":["https:\/\/smeclimatehub.org\/privacy-policy\/"]}]},{"@type":"BreadcrumbList","@id":"https:\/\/smeclimatehub.org\/privacy-policy\/#breadcrumb","itemListElement":[{"@type":"ListItem","position":1,"name":"Home","item":"https:\/\/smeclimatehub.org\/"},{"@type":"ListItem","position":2,"name":"Privacy policy"}]},{"@type":"WebSite","@id":"https:\/\/businessclimatehub.org\/es\/#website","url":"https:\/\/businessclimatehub.org\/es\/","name":"SME Climate hub","description":"","publisher":{"@id":"https:\/\/businessclimatehub.org\/es\/#organization"},"potentialAction":[{"@type":"SearchAction","target":{"@type":"EntryPoint","urlTemplate":"https:\/\/businessclimatehub.org\/es\/?s={search_term_string}"},"query-input":{"@type":"PropertyValueSpecification","valueRequired":true,"valueName":"search_term_string"}}],"inLanguage":"nb-NO"},{"@type":"Organization","@id":"https:\/\/businessclimatehub.org\/es\/#organization","name":"SME Climate hub","url":"https:\/\/businessclimatehub.org\/es\/","logo":{"@type":"ImageObject","inLanguage":"nb-NO","@id":"https:\/\/businessclimatehub.org\/es\/#\/schema\/logo\/image\/","url":"https:\/\/smeclimatehub.org\/wp-content\/uploads\/2025\/03\/smeLogo-1.png","contentUrl":"https:\/\/smeclimatehub.org\/wp-content\/uploads\/2025\/03\/smeLogo-1.png","width":465,"height":245,"caption":"SME Climate hub"},"image":{"@id":"https:\/\/businessclimatehub.org\/es\/#\/schema\/logo\/image\/"}}]}},"_links":{"self":[{"href":"https:\/\/smeclimatehub.org\/no\/wp-json\/wp\/v2\/pages\/3","targetHints":{"allow":["GET"]}}],"collection":[{"href":"https:\/\/smeclimatehub.org\/no\/wp-json\/wp\/v2\/pages"}],"about":[{"href":"https:\/\/smeclimatehub.org\/no\/wp-json\/wp\/v2\/types\/page"}],"author":[{"embeddable":true,"href":"https:\/\/smeclimatehub.org\/no\/wp-json\/wp\/v2\/users\/1"}],"replies":[{"embeddable":true,"href":"https:\/\/smeclimatehub.org\/no\/wp-json\/wp\/v2\/comments?post=3"}],"version-history":[{"count":0,"href":"https:\/\/smeclimatehub.org\/no\/wp-json\/wp\/v2\/pages\/3\/revisions"}],"wp:attachment":[{"href":"https:\/\/smeclimatehub.org\/no\/wp-json\/wp\/v2\/media?parent=3"}],"curies":[{"name":"wp","href":"https:\/\/api.w.org\/{rel}","templated":true}]}}