
{"id":86398,"date":"2025-07-31T11:29:27","date_gmt":"2025-07-31T10:29:27","guid":{"rendered":"https:\/\/smeclimatehub.org\/?page_id=86398"},"modified":"2025-07-31T12:09:39","modified_gmt":"2025-07-31T11:09:39","slug":"understand-your-customers-climate-expectations","status":"publish","type":"page","link":"https:\/\/smeclimatehub.org\/fr\/food-and-beverage-manufacturing\/understand-your-customers-climate-expectations\/","title":{"rendered":"\u200b\u200bUnderstand your \u200bcustomers\u2019 climate expectations"},"content":{"rendered":"\n<section id=\"block-6877a1920cb0e\"  class=\"keysteps light\">\n\t<div class=\"container\">\n\t\t<div class=\"content-block\">\n\n\t\t\t\t\t\t<div class=\"left\">\n\t\t\t\t\t<h2 class=\"title-section\">\n\t\t\t\t\tKey steps for SMEs to take\t\t\t\t<\/h2>\n\t\t\t<\/div>\n\t\t\t\t\t\t\t\t<div class=\"right\">\n\t\t\t\t<div class=\"inside\">\n\t\t<div class=\"block default\">\n\t <div class=\"block-title\">\n\t1. Understand<\/div>\n\t\u200bUnderstand customer expectations and needs when it comes to the climate impact of the products they purchase.<\/div>\n\n\n\t\t<div class=\"block default\">\n\t <div class=\"block-title\">\n\t2. Review<\/div>\n\tReview your customers\u2019 sustainability reports to understand how your SME capitalizes on those initiatives.\u200b<\/div>\n\n\n\t\t<div class=\"block default\">\n\t <div class=\"block-title\">\n\t3. Lead<\/div>\n\tLeverage the rising demand for low-carbon products by positioning your business as a sustainability leader. <\/div>\n\n\n\t\t<div class=\"block default\">\n\t <div class=\"block-title\">\n\t4. Engage<\/div>\n\tEngage with consumers on sustainability, empowering them to lower their carbon footprint with your product(s). <\/div>\n\n\n\t\t<div class=\"block default\">\n\t <div class=\"block-title\">\n\t5. Monitor<\/div>\n\tMonitor customer-related metrics to guide future decisions. <\/div>\n\n\n\t\t\t<\/div>\n\t\t\t<\/div>\n\t\t\t\t\n\t\t\n\n\n\t\t<\/div>\n\t<\/div>\n<\/section>\n\n\n<section id=\"block-6877a1920cb0e\"  class=\"keysteps dark\">\n\t<div class=\"container\">\n\t\t<div class=\"content-block\">\n\n\t\t\t\t\t\t<div class=\"left\">\n\t\t\t\t\t<h2 class=\"title-section\">\n\t\t\t\t\tExamples of SME actions\t\t\t\t<\/h2>\n\t\t\t<\/div>\n\t\t\t\t\t\t\t\t<div class=\"right\">\n\t\t\t\t<div class=\"inside\">\n\t\t<div class=\"block round\">\n\t Survey your customers and \u200banalyze purchase data to understand their appetite for low carbon products. <\/div>\n\n\n\t\t<div class=\"block round\">\n\t \u200b\u200bTell the story of the actions you\u2019ve taken to reduce your emissions, through press releases, posts on your social channels, and in promotional displays.\u200b\u200b\u200b <\/div>\n\n\n\t\t<div class=\"block round\">\n\t Track the following metrics to quantify the benefits of your climate action to inform future decision making: \r\n\u2022 Customer Retention Rate \r\n\u2022 Customer Satisfaction Score  \r\n\u2022 Customer Lifetime Value. <\/div>\n\n\n\t\t<div class=\"block round\">\n\t Compare engagement metrics and sales to calculate impacts of your climate actions.<\/div>\n\n\n\t\t\t<\/div>\n\t\t\t<\/div>\n\t\t\t\t\n\t\t\n\n\n\t\t<\/div>\n\t<\/div>\n<\/section>\n\n    <section class=\"action-page-resources pb-full pt-full\">\n        <div class=\"container\">\n            <div class=\"content-block\">\n                <h2 class=\"title-section\">\n                    Relevant resources                <\/h2>\n\n                                    <div class=\"action-swiper swiper\">\n                        <div class=\"resource-blocks swiper-wrapper\">\n                            \n\n                                <div class=\"block swiper-slide action-resource \">\n                                    <div class=\"inner\">\n                                        <div class=\"image\">\n                                            <img decoding=\"async\" src=\"https:\/\/smeclimatehub.org\/wp-content\/uploads\/2024\/10\/climatefit-6.jpg\">\n\n                                        <\/div>\n                                        <div class=\"text\">\n                                                                                        <h3 class=\"title\">Engagez vos collaborateurs et votre communaut\u00e9<\/h3>\n                                            <p><p>Engagez votre personnel et votre communaut\u00e9 \u00e0 soutenir les ambitions climatiques.<\/p>\n<\/p>\n                                        <\/div>\n\n\n\n\n                                        <span class=\"resource-trigger\" data-resource=\"engagez-vos-collaborateurs-et-votre-communaute\" title=\"Engagez vos collaborateurs et votre communaut\u00e9\"><\/span>\n\n                                    <\/div>\n\n                                <\/div>\n\n\n                            \n\n                                <div class=\"block swiper-slide action-resource \">\n                                    <div class=\"inner\">\n                                        <div class=\"image\">\n                                            <img decoding=\"async\" src=\"https:\/\/smeclimatehub.org\/wp-content\/uploads\/2024\/10\/climatefit-7.jpg\">\n\n                                        <\/div>\n                                        <div class=\"text\">\n                                                                                        <h3 class=\"title\">R\u00e9cits de z\u00e9ro \u00e9mission nette<\/h3>\n                                            <p><p>Int\u00e9grez l\u2019engagement et la communication dans votre strat\u00e9gie climatique.<\/p>\n<\/p>\n                                        <\/div>\n\n\n\n\n                                        <span class=\"resource-trigger\" data-resource=\"recits-de-zero-emission-nette\" title=\"R\u00e9cits de z\u00e9ro \u00e9mission nette\"><\/span>\n\n                                    <\/div>\n\n                                <\/div>\n\n\n                            \n                        <\/div>\n                        <div class=\"btn-slider-wrap\">\n                            <div class=\"btn-slider slider-featured-prev\">\n                                <img decoding=\"async\" src=\"https:\/\/smeclimatehub.org\/wp-content\/themes\/newsme\/assets\/images\/backIco.svg\">\n\n                            <\/div>\n                            <div class=\"btn-slider slider-featured-next\">\n                                <img decoding=\"async\" src=\"https:\/\/smeclimatehub.org\/wp-content\/themes\/newsme\/assets\/images\/nextIco.svg\">\n                            <\/div>\n                        <\/div>\n\n                    <\/div>\n                \n            <\/div>\n                            <div class=\"bottom-links\">\n                                            <a href=\"https:\/\/smeclimatehub.org\/food-and-beverage-manufacturing\/reduce-waste-from-your-operations\/\" class=\"button action-page-btn\" target=\"\"><img decoding=\"async\" src=\"https:\/\/smeclimatehub.org\/wp-content\/themes\/newsme\/assets\/images\/back.svg\"> Back to \u201cReduce waste from your operations\u00a0\u00bb<\/a>\n                                                                <a href=\"https:\/\/smeclimatehub.org\/food-and-beverage-manufacturing\/reduce-energy-use\/\" class=\"button action-page-btn\" target=\"\">Next: \u201cReduce energy use\u201c <img decoding=\"async\" src=\"https:\/\/smeclimatehub.org\/wp-content\/themes\/newsme\/assets\/images\/next.svg\"><\/a>\n                    \n                <\/div>\n                    <\/div>\n\n                        <div class=\"resource-modal\" tabindex=\"-1\" id=\"f-resource-engagez-vos-collaborateurs-et-votre-communaute\" data-scrollable=\"true\">\n                    <div class=\"modal-container\">\n                        <div class=\"close\">\n                            <button class=\"hide-button\" data-target=\"close_f_resource\" type=\"button\">\n                                <svg width=\"24\" height=\"24\" viewBox=\"0 0 684 684\" fill=\"none\" xmlns=\"http:\/\/www.w3.org\/2000\/svg\">\n                                    <path d=\"M640.66 0.659851C652.88 0.659851 663.044 4.7149 671.155 12.825C679.265 20.9351 683.32 31.1 683.32 43.3197C683.32 55.321 679.21 65.4313 670.991 73.6506L402.314 341.98L670.991 610.308C679.21 618.528 683.32 628.638 683.32 640.639C683.32 652.859 679.265 663.024 671.155 671.134C663.044 679.244 652.88 683.299 640.66 683.299C628.659 683.299 618.548 679.19 610.329 670.97L342 402.293L73.671 670.97C65.4517 679.19 55.3414 683.299 43.3401 683.299C31.1204 683.299 20.9555 679.244 12.8454 671.134C4.73535 663.024 0.680298 652.859 0.680298 640.639C0.680298 628.638 4.78996 618.528 13.0093 610.308L281.686 341.98L13.0093 73.6506C4.78996 65.4313 0.680298 55.321 0.680298 43.3197C0.680298 31.1 4.73535 20.9351 12.8454 12.825C20.9555 4.7149 31.1204 0.659851 43.3401 0.659851C55.3414 0.659851 65.4517 4.76951 73.671 12.9888L342 281.666L610.329 12.9888C618.548 4.76951 628.659 0.659851 640.66 0.659851Z\" fill=\"#125B60\"><\/path>\n                                <\/svg>\n                            <\/button>\n                        <\/div>\n                        <div class=\"resource-wrapper\">\n                            <div class=\"media-wrapper\">\n                                                                    <div class=\"media\">\n                                                                                    <img decoding=\"async\" src=\"https:\/\/smeclimatehub.org\/wp-content\/uploads\/2024\/10\/climatefit-6.jpg\">\n                                                                            <\/div>\n\n                                                            <\/div>\n                            <div class=\"content\">\n                                                                <h3>Engagez vos collaborateurs et votre communaut\u00e9<\/h3>\n\n                                <div class=\"description\">\n                                    <p>Ce module vous aide \u00e0 mobiliser tous les secteurs de votre entreprise autour de votre strat\u00e9gie climatique et \u00e0 d\u00e9velopper les comp\u00e9tences n\u00e9cessaires. Il comprend des initiatives pour inciter le personnel \u00e0 soutenir les ambitions climatiques et renforcer la r\u00e9silience des communaut\u00e9s locales, en veillant \u00e0 ne causer aucun pr\u00e9judice. Nos cours sont con\u00e7us pour les PME de toutes tailles et constituent un bon point d\u2019entr\u00e9e pour ceux qui d\u00e9butent. <\/p>\n                                <\/div>\n                                                                    <div class=\"time\">\n                                        <img decoding=\"async\" src=\"https:\/\/smeclimatehub.org\/wp-content\/themes\/newsme\/assets\/images\/time.svg\">\n                                        <p>Dur\u00e9e de r\u00e9alisation : 30 minutes<\/p>\n                                    <\/div>\n                                                                                                    <div class=\"provider\">\n                                                                                    <img decoding=\"async\" src=\"https:\/\/smeclimatehub.org\/wp-content\/uploads\/2024\/10\/BSR-AND-CISL.png\">\n                                                                                                                    <\/div>\n                                                                                                    <div class=\"access\">\n                                        <a href=\"https:\/\/smeclimatehub.org\/wp-json\/lw\/v1\/sso?redirectUrl=https%3A%2F%2Facademy.smeclimatehub.org%2Fcourse%2Fengaging-your-people-and-community-in-your-climate-ambitions\" class=\"button\" target=\"_blank\" title=\"Engagez vos collaborateurs et votre communaut\u00e9\">Acc\u00e9der aux ressources<\/a>\n                                    <\/div>\n                                                                <div class=\"star-rating-container\" data-resource=\"engagez-vos-collaborateurs-et-votre-communaute\">\n                                                                        <div class=\"loading\">\n                                        <span class=\"loader-new\"><\/span>\n                                    <\/div>\n                                <\/div>\n\n\n                            <\/div>\n                        <\/div>\n                    <\/div>\n                <\/div>\n\n                        <div class=\"resource-modal\" tabindex=\"-1\" id=\"f-resource-recits-de-zero-emission-nette\" data-scrollable=\"true\">\n                    <div class=\"modal-container\">\n                        <div class=\"close\">\n                            <button class=\"hide-button\" data-target=\"close_f_resource\" type=\"button\">\n                                <svg width=\"24\" height=\"24\" viewBox=\"0 0 684 684\" fill=\"none\" xmlns=\"http:\/\/www.w3.org\/2000\/svg\">\n                                    <path d=\"M640.66 0.659851C652.88 0.659851 663.044 4.7149 671.155 12.825C679.265 20.9351 683.32 31.1 683.32 43.3197C683.32 55.321 679.21 65.4313 670.991 73.6506L402.314 341.98L670.991 610.308C679.21 618.528 683.32 628.638 683.32 640.639C683.32 652.859 679.265 663.024 671.155 671.134C663.044 679.244 652.88 683.299 640.66 683.299C628.659 683.299 618.548 679.19 610.329 670.97L342 402.293L73.671 670.97C65.4517 679.19 55.3414 683.299 43.3401 683.299C31.1204 683.299 20.9555 679.244 12.8454 671.134C4.73535 663.024 0.680298 652.859 0.680298 640.639C0.680298 628.638 4.78996 618.528 13.0093 610.308L281.686 341.98L13.0093 73.6506C4.78996 65.4313 0.680298 55.321 0.680298 43.3197C0.680298 31.1 4.73535 20.9351 12.8454 12.825C20.9555 4.7149 31.1204 0.659851 43.3401 0.659851C55.3414 0.659851 65.4517 4.76951 73.671 12.9888L342 281.666L610.329 12.9888C618.548 4.76951 628.659 0.659851 640.66 0.659851Z\" fill=\"#125B60\"><\/path>\n                                <\/svg>\n                            <\/button>\n                        <\/div>\n                        <div class=\"resource-wrapper\">\n                            <div class=\"media-wrapper\">\n                                                                    <div class=\"media\">\n                                                                                    <img decoding=\"async\" src=\"https:\/\/smeclimatehub.org\/wp-content\/uploads\/2024\/10\/climatefit-7.jpg\">\n                                                                            <\/div>\n\n                                                            <\/div>\n                            <div class=\"content\">\n                                                                <h3>R\u00e9cits de z\u00e9ro \u00e9mission nette<\/h3>\n\n                                <div class=\"description\">\n                                    <p>Ce module vous aidera \u00e0 mettre en \u0153uvre l\u2019engagement et la communication internes et externes dans votre strat\u00e9gie climatique pour contribuer \u00e0 la croissance de votre entreprise.<\/p>\n<p>Nos cours sont con\u00e7us pour les PME de toutes tailles et constituent un bon point de d\u00e9part pour ceux qui se lancent.<\/p>\n                                <\/div>\n                                                                    <div class=\"time\">\n                                        <img decoding=\"async\" src=\"https:\/\/smeclimatehub.org\/wp-content\/themes\/newsme\/assets\/images\/time.svg\">\n                                        <p>Dur\u00e9e de r\u00e9alisation : 30 minutes<\/p>\n                                    <\/div>\n                                                                                                    <div class=\"provider\">\n                                                                                    <img decoding=\"async\" src=\"https:\/\/smeclimatehub.org\/wp-content\/uploads\/2024\/10\/BSR-AND-CISL.png\">\n                                                                                                                    <\/div>\n                                                                                                    <div class=\"access\">\n                                        <a href=\"https:\/\/smeclimatehub.org\/wp-json\/lw\/v1\/sso?redirectUrl=https%3A%2F%2Facademy.smeclimatehub.org%2Fcourse%2Fnet-zero-storytelling\" class=\"button\" target=\"_blank\" title=\"R\u00e9cits de z\u00e9ro \u00e9mission nette\">Acc\u00e9der aux ressources<\/a>\n                                    <\/div>\n                                                                <div class=\"star-rating-container\" data-resource=\"recits-de-zero-emission-nette\">\n                                                                        <div class=\"loading\">\n                                        <span class=\"loader-new\"><\/span>\n                                    <\/div>\n                                <\/div>\n\n\n                            <\/div>\n                        <\/div>\n                    <\/div>\n                <\/div>\n\n            <\/section>\n\n\n\n<div class=\"stay-updated-block darkBackground  pt-full-new\">\n\t<div class=\"container\">\n<div class=\"column\">\n<h2>Stay updated<\/h2>\n<p>Sign up for our newsletter to stay updated with the latest climate developments.<\/p>\n<\/div>\n<div class=\"column\">\n\t<button data-popup-button=\"stay-updated-form\" type=\"button\" class=\"button none\">Subscribe<\/button>\n<\/div>\n<\/div>\n\n<\/div>","protected":false},"excerpt":{"rendered":"","protected":false},"author":10027,"featured_media":0,"parent":86324,"menu_order":0,"comment_status":"closed","ping_status":"closed","template":"template-action-page.php","meta":{"_acf_changed":true,"inline_featured_image":false,"footnotes":""},"class_list":["post-86398","page","type-page","status-publish","hentry"],"acf":[],"yoast_head":"<title>\u200b\u200bUnderstand your \u200bcustomers\u2019 climate expectations - SME Climate Hub<\/title>\n<meta name=\"robots\" content=\"index, follow, max-snippet:-1, max-image-preview:large, max-video-preview:-1\" \/>\n<link rel=\"canonical\" href=\"https:\/\/smeclimatehub.org\/food-and-beverage-manufacturing\/understand-your-customers-climate-expectations\/\" \/>\n<meta property=\"og:locale\" content=\"fr_FR\" \/>\n<meta property=\"og:type\" content=\"article\" \/>\n<meta property=\"og:title\" content=\"\u200b\u200bUnderstand your \u200bcustomers\u2019 climate expectations - SME Climate Hub\" \/>\n<meta property=\"og:url\" content=\"https:\/\/smeclimatehub.org\/food-and-beverage-manufacturing\/understand-your-customers-climate-expectations\/\" \/>\n<meta property=\"og:site_name\" content=\"SME Climate Hub\" \/>\n<meta property=\"article:modified_time\" content=\"2025-07-31T11:09:39+00:00\" \/>\n<meta property=\"og:image\" content=\"https:\/\/smeclimatehub.org\/wp-content\/uploads\/2024\/08\/Preview_four.png\" \/>\n\t<meta property=\"og:image:width\" content=\"2000\" \/>\n\t<meta property=\"og:image:height\" content=\"1124\" \/>\n\t<meta property=\"og:image:type\" content=\"image\/png\" \/>\n<meta name=\"twitter:card\" content=\"summary_large_image\" \/>\n<meta name=\"twitter:label1\" content=\"Est. reading time\" \/>\n\t<meta name=\"twitter:data1\" content=\"2 minutes\" \/>\n<script type=\"application\/ld+json\" class=\"yoast-schema-graph\">{\"@context\":\"https:\/\/schema.org\",\"@graph\":[{\"@type\":\"WebPage\",\"@id\":\"https:\/\/smeclimatehub.org\/food-and-beverage-manufacturing\/understand-your-customers-climate-expectations\/\",\"url\":\"https:\/\/smeclimatehub.org\/food-and-beverage-manufacturing\/understand-your-customers-climate-expectations\/\",\"name\":\"\u200b\u200bUnderstand your \u200bcustomers\u2019 climate expectations - SME Climate Hub\",\"isPartOf\":{\"@id\":\"https:\/\/businessclimatehub.org\/es\/#website\"},\"datePublished\":\"2025-07-31T10:29:27+00:00\",\"dateModified\":\"2025-07-31T11:09:39+00:00\",\"breadcrumb\":{\"@id\":\"https:\/\/smeclimatehub.org\/food-and-beverage-manufacturing\/understand-your-customers-climate-expectations\/#breadcrumb\"},\"inLanguage\":\"fr-FR\",\"potentialAction\":[{\"@type\":\"ReadAction\",\"target\":[\"https:\/\/smeclimatehub.org\/food-and-beverage-manufacturing\/understand-your-customers-climate-expectations\/\"]}]},{\"@type\":\"BreadcrumbList\",\"@id\":\"https:\/\/smeclimatehub.org\/food-and-beverage-manufacturing\/understand-your-customers-climate-expectations\/#breadcrumb\",\"itemListElement\":[{\"@type\":\"ListItem\",\"position\":1,\"name\":\"Home\",\"item\":\"https:\/\/smeclimatehub.org\/fr\/\"},{\"@type\":\"ListItem\",\"position\":2,\"name\":\"Food and Beverage Manufacturing\",\"item\":\"https:\/\/smeclimatehub.org\/food-and-beverage-manufacturing\/\"},{\"@type\":\"ListItem\",\"position\":3,\"name\":\"\u200b\u200bUnderstand your \u200bcustomers\u2019 climate expectations\"}]},{\"@type\":\"WebSite\",\"@id\":\"https:\/\/businessclimatehub.org\/es\/#website\",\"url\":\"https:\/\/businessclimatehub.org\/es\/\",\"name\":\"SME Climate hub\",\"description\":\"\",\"publisher\":{\"@id\":\"https:\/\/businessclimatehub.org\/es\/#organization\"},\"potentialAction\":[{\"@type\":\"SearchAction\",\"target\":{\"@type\":\"EntryPoint\",\"urlTemplate\":\"https:\/\/businessclimatehub.org\/es\/?s={search_term_string}\"},\"query-input\":{\"@type\":\"PropertyValueSpecification\",\"valueRequired\":true,\"valueName\":\"search_term_string\"}}],\"inLanguage\":\"fr-FR\"},{\"@type\":\"Organization\",\"@id\":\"https:\/\/businessclimatehub.org\/es\/#organization\",\"name\":\"SME Climate hub\",\"url\":\"https:\/\/businessclimatehub.org\/es\/\",\"logo\":{\"@type\":\"ImageObject\",\"inLanguage\":\"fr-FR\",\"@id\":\"https:\/\/businessclimatehub.org\/es\/#\/schema\/logo\/image\/\",\"url\":\"https:\/\/smeclimatehub.org\/wp-content\/uploads\/2025\/03\/smeLogo-1.png\",\"contentUrl\":\"https:\/\/smeclimatehub.org\/wp-content\/uploads\/2025\/03\/smeLogo-1.png\",\"width\":465,\"height\":245,\"caption\":\"SME Climate hub\"},\"image\":{\"@id\":\"https:\/\/businessclimatehub.org\/es\/#\/schema\/logo\/image\/\"}}]}<\/script>","yoast_head_json":{"title":"\u200b\u200bUnderstand your \u200bcustomers\u2019 climate expectations - SME Climate Hub","robots":{"index":"index","follow":"follow","max-snippet":"max-snippet:-1","max-image-preview":"max-image-preview:large","max-video-preview":"max-video-preview:-1"},"canonical":"https:\/\/smeclimatehub.org\/food-and-beverage-manufacturing\/understand-your-customers-climate-expectations\/","og_locale":"fr_FR","og_type":"article","og_title":"\u200b\u200bUnderstand your \u200bcustomers\u2019 climate expectations - SME Climate Hub","og_url":"https:\/\/smeclimatehub.org\/food-and-beverage-manufacturing\/understand-your-customers-climate-expectations\/","og_site_name":"SME Climate Hub","article_modified_time":"2025-07-31T11:09:39+00:00","og_image":[{"width":2000,"height":1124,"url":"https:\/\/smeclimatehub.org\/wp-content\/uploads\/2024\/08\/Preview_four.png","type":"image\/png"}],"twitter_card":"summary_large_image","twitter_misc":{"Est. reading time":"2 minutes"},"schema":{"@context":"https:\/\/schema.org","@graph":[{"@type":"WebPage","@id":"https:\/\/smeclimatehub.org\/food-and-beverage-manufacturing\/understand-your-customers-climate-expectations\/","url":"https:\/\/smeclimatehub.org\/food-and-beverage-manufacturing\/understand-your-customers-climate-expectations\/","name":"\u200b\u200bUnderstand your \u200bcustomers\u2019 climate expectations - SME Climate Hub","isPartOf":{"@id":"https:\/\/businessclimatehub.org\/es\/#website"},"datePublished":"2025-07-31T10:29:27+00:00","dateModified":"2025-07-31T11:09:39+00:00","breadcrumb":{"@id":"https:\/\/smeclimatehub.org\/food-and-beverage-manufacturing\/understand-your-customers-climate-expectations\/#breadcrumb"},"inLanguage":"fr-FR","potentialAction":[{"@type":"ReadAction","target":["https:\/\/smeclimatehub.org\/food-and-beverage-manufacturing\/understand-your-customers-climate-expectations\/"]}]},{"@type":"BreadcrumbList","@id":"https:\/\/smeclimatehub.org\/food-and-beverage-manufacturing\/understand-your-customers-climate-expectations\/#breadcrumb","itemListElement":[{"@type":"ListItem","position":1,"name":"Home","item":"https:\/\/smeclimatehub.org\/fr\/"},{"@type":"ListItem","position":2,"name":"Food and Beverage Manufacturing","item":"https:\/\/smeclimatehub.org\/food-and-beverage-manufacturing\/"},{"@type":"ListItem","position":3,"name":"\u200b\u200bUnderstand your \u200bcustomers\u2019 climate expectations"}]},{"@type":"WebSite","@id":"https:\/\/businessclimatehub.org\/es\/#website","url":"https:\/\/businessclimatehub.org\/es\/","name":"SME Climate hub","description":"","publisher":{"@id":"https:\/\/businessclimatehub.org\/es\/#organization"},"potentialAction":[{"@type":"SearchAction","target":{"@type":"EntryPoint","urlTemplate":"https:\/\/businessclimatehub.org\/es\/?s={search_term_string}"},"query-input":{"@type":"PropertyValueSpecification","valueRequired":true,"valueName":"search_term_string"}}],"inLanguage":"fr-FR"},{"@type":"Organization","@id":"https:\/\/businessclimatehub.org\/es\/#organization","name":"SME Climate hub","url":"https:\/\/businessclimatehub.org\/es\/","logo":{"@type":"ImageObject","inLanguage":"fr-FR","@id":"https:\/\/businessclimatehub.org\/es\/#\/schema\/logo\/image\/","url":"https:\/\/smeclimatehub.org\/wp-content\/uploads\/2025\/03\/smeLogo-1.png","contentUrl":"https:\/\/smeclimatehub.org\/wp-content\/uploads\/2025\/03\/smeLogo-1.png","width":465,"height":245,"caption":"SME Climate hub"},"image":{"@id":"https:\/\/businessclimatehub.org\/es\/#\/schema\/logo\/image\/"}}]}},"_links":{"self":[{"href":"https:\/\/smeclimatehub.org\/fr\/wp-json\/wp\/v2\/pages\/86398","targetHints":{"allow":["GET"]}}],"collection":[{"href":"https:\/\/smeclimatehub.org\/fr\/wp-json\/wp\/v2\/pages"}],"about":[{"href":"https:\/\/smeclimatehub.org\/fr\/wp-json\/wp\/v2\/types\/page"}],"author":[{"embeddable":true,"href":"https:\/\/smeclimatehub.org\/fr\/wp-json\/wp\/v2\/users\/10027"}],"replies":[{"embeddable":true,"href":"https:\/\/smeclimatehub.org\/fr\/wp-json\/wp\/v2\/comments?post=86398"}],"version-history":[{"count":0,"href":"https:\/\/smeclimatehub.org\/fr\/wp-json\/wp\/v2\/pages\/86398\/revisions"}],"up":[{"embeddable":true,"href":"https:\/\/smeclimatehub.org\/fr\/wp-json\/wp\/v2\/pages\/86324"}],"wp:attachment":[{"href":"https:\/\/smeclimatehub.org\/fr\/wp-json\/wp\/v2\/media?parent=86398"}],"curies":[{"name":"wp","href":"https:\/\/api.w.org\/{rel}","templated":true}]}}