
{"id":76821,"date":"2020-09-13T15:07:17","date_gmt":"2020-09-13T14:07:17","guid":{"rendered":"https:\/\/smeclimatehub.org\/politique-de-cookies\/"},"modified":"2025-03-27T17:39:24","modified_gmt":"2025-03-27T16:39:24","slug":"politique-de-cookies","status":"publish","type":"page","link":"https:\/\/smeclimatehub.org\/fr\/politique-de-cookies\/","title":{"rendered":"Politique de cookies"},"content":{"rendered":"<section id=\"block-64d4ef38955ff\"  class=\"hero-section align-content-center bg-image default center-text\">\n\t<div class=\"container\">\n\t\t<div class=\"content\">\n\t\t\t<div class=\"text\">\n\t\t\t\t<div class=\"acf-innerblocks-container\">\n\n<h1 class=\"wp-block-heading\">Politique de cookies<\/h1>\n\n<\/div>\t\t\t\t\t\t\t\t\t\t\t\t\t\t\t\t\t\t\t<\/div>\n\t\t\t\t\t\t\t\t\t\t\t\t\t<div class=\"background-image\">\n\t\t\t\t\t<img fetchpriority=\"high\" decoding=\"async\" width=\"2560\" height=\"747\" src=\"https:\/\/smeclimatehub.org\/wp-content\/uploads\/2024\/07\/Banner-tree-scaled.jpg\" class=\"attachment-full size-full\" alt=\"\" loading=\"eager\" srcset=\"https:\/\/smeclimatehub.org\/wp-content\/uploads\/2024\/07\/Banner-tree-scaled.jpg 2560w, https:\/\/smeclimatehub.org\/wp-content\/uploads\/2024\/07\/Banner-tree-300x88.jpg 300w, https:\/\/smeclimatehub.org\/wp-content\/uploads\/2024\/07\/Banner-tree-1024x299.jpg 1024w, https:\/\/smeclimatehub.org\/wp-content\/uploads\/2024\/07\/Banner-tree-768x224.jpg 768w, https:\/\/smeclimatehub.org\/wp-content\/uploads\/2024\/07\/Banner-tree-1536x448.jpg 1536w, https:\/\/smeclimatehub.org\/wp-content\/uploads\/2024\/07\/Banner-tree-2048x597.jpg 2048w\" sizes=\"(max-width: 2560px) 100vw, 2560px\" \/>\t\t\t\t<\/div>\n\t\t\t\t\t<\/div>\n\t<\/div>\n<\/section>\n\n<div id=\"block-64d4ef3895671\"  class=\"banner-with-image align-content-top no-image pt-half pb-half\">\n\t<div class=\"container\">\n\t\t<div class=\"content\">\n\t\t\t\t\t\t<div class=\"text\">\n\t\t\t\t\t\t\t\t\t<div class=\"acf-innerblocks-container\">\n\n<p class=\"has-medium-font-size\">The SME Climate Hub uses cookies on <a href=\"\/\">smeclimatehub.org<\/a> to improve the user experience of the website.<\/p>\n\n\n\n<p class=\"has-medium-font-size\">Conform\u00e9ment \u00e0 la l\u00e9gislation de l\u2019UE sur les cookies, les visiteurs du site Web de Climate Hub doivent \u00eatre inform\u00e9s de l\u2019utilisation des cookies et \u00e0 quelles fins ils sont utilis\u00e9s. Les visiteurs doivent \u00e9galement avoir la possibilit\u00e9 de consentir au stockage de cookies sur leur appareil. Le consentement peut \u00eatre donn\u00e9 ou refus\u00e9 via les param\u00e8tres du navigateur du visiteur.  <\/p>\n\n\n\n<div id=\"block-64d4ef3895680\"  class=\"grouped-paragraph\">\n\t<div class=\"acf-innerblocks-container\">\n\n<h3 class=\"wp-block-heading\">Cookies utilis\u00e9s<\/h3>\n\n\n\n<p class=\"has-medium-font-size\">_ga, _gid, _gat : Utilis\u00e9 par Google Analytics pour distinguer les visiteurs et limiter les demandes.<\/p>\n\n\n\n<p class=\"has-medium-font-size\">code_pays : Utilis\u00e9 pour d\u00e9cider si les composants des m\u00e9dias sociaux doivent \u00eatre charg\u00e9s en fonction du pays du visiteur.<\/p>\n\n\n\n<p class=\"has-medium-font-size\">gcflan : Utilis\u00e9 pour stocker la langue du site Web choisie par le visiteur.<\/p>\n\n\n\n<p class=\"has-medium-font-size\">id_token : Utilis\u00e9 pour authentifier le visiteur.<\/p>\n\n\n\n<p class=\"has-medium-font-size\">cookien: Utilis\u00e9 pour d\u00e9cider d\u2019afficher ou non la notification de cookie.<\/p>\n\n<\/div><\/div>\n\n\n<div id=\"block-64d4f09f290c5\"  class=\"grouped-paragraph\">\n\t<div class=\"acf-innerblocks-container\">\n\n<h3 class=\"wp-block-heading\">Comment puis-je refuser le stockage de cookies ?<\/h3>\n\n\n\n<p class=\"has-medium-font-size\">Si vous ne souhaitez pas que des cookies soient stock\u00e9s sur votre ordinateur, vous pouvez configurer votre navigateur pour emp\u00eacher le t\u00e9l\u00e9chargement de cookies. Vous pouvez \u00e9galement configurer votre navigateur pour qu\u2019il vous demande votre autorisation \u00e0 chaque fois qu\u2019un site Web souhaite stocker un cookie. <\/p>\n\n<\/div><\/div>\n<\/div>\t\t\t\t\t\t\t<\/div>\n\t\t<\/div>\n\t<\/div>\n<\/div>\n<div class=\"stay-updated-block darkBackground \">\n\t<div class=\"container\">\n<div class=\"column\">\n<h2>Restez inform\u00e9<\/h2>\n<p>Inscrivez-vous \u00e0 notre newsletter pour rester inform\u00e9 des derni\u00e8res \u00e9volutions climatiques.<\/p>\n<\/div>\n<div class=\"column\">\n\t<button data-popup-button=\"stay-updated-form\" type=\"button\" class=\"button none\">S&rsquo;abonner<\/button>\n<\/div>\n<\/div>\n\n<\/div>","protected":false},"excerpt":{"rendered":"","protected":false},"author":17,"featured_media":0,"parent":0,"menu_order":0,"comment_status":"closed","ping_status":"closed","template":"","meta":{"_acf_changed":false,"inline_featured_image":false,"footnotes":""},"class_list":["post-76821","page","type-page","status-publish","hentry"],"acf":[],"yoast_head":"<title>Politique de cookies - SME Climate Hub<\/title>\n<meta name=\"robots\" content=\"index, follow, max-snippet:-1, max-image-preview:large, max-video-preview:-1\" \/>\n<link rel=\"canonical\" href=\"https:\/\/smeclimatehub.org\/fr\/politique-de-cookies\/\" \/>\n<meta property=\"og:locale\" content=\"fr_FR\" \/>\n<meta property=\"og:type\" content=\"article\" \/>\n<meta property=\"og:title\" content=\"Politique de cookies - SME Climate Hub\" \/>\n<meta property=\"og:url\" content=\"https:\/\/smeclimatehub.org\/fr\/politique-de-cookies\/\" \/>\n<meta property=\"og:site_name\" content=\"SME Climate Hub\" \/>\n<meta property=\"article:modified_time\" content=\"2025-03-27T16:39:24+00:00\" \/>\n<meta property=\"og:image\" content=\"https:\/\/smeclimatehub.org\/wp-content\/uploads\/2024\/08\/Preview_four.png\" \/>\n\t<meta property=\"og:image:width\" content=\"2000\" \/>\n\t<meta property=\"og:image:height\" content=\"1124\" \/>\n\t<meta property=\"og:image:type\" content=\"image\/png\" \/>\n<meta name=\"twitter:card\" content=\"summary_large_image\" \/>\n<meta name=\"twitter:label1\" content=\"Est. reading time\" \/>\n\t<meta name=\"twitter:data1\" content=\"1 minute\" \/>\n<script type=\"application\/ld+json\" class=\"yoast-schema-graph\">{\"@context\":\"https:\/\/schema.org\",\"@graph\":[{\"@type\":\"WebPage\",\"@id\":\"https:\/\/smeclimatehub.org\/fr\/politique-de-cookies\/\",\"url\":\"https:\/\/smeclimatehub.org\/fr\/politique-de-cookies\/\",\"name\":\"Politique de cookies - SME Climate Hub\",\"isPartOf\":{\"@id\":\"https:\/\/businessclimatehub.org\/es\/#website\"},\"datePublished\":\"2020-09-13T14:07:17+00:00\",\"dateModified\":\"2025-03-27T16:39:24+00:00\",\"breadcrumb\":{\"@id\":\"https:\/\/smeclimatehub.org\/fr\/politique-de-cookies\/#breadcrumb\"},\"inLanguage\":\"fr-FR\",\"potentialAction\":[{\"@type\":\"ReadAction\",\"target\":[\"https:\/\/smeclimatehub.org\/fr\/politique-de-cookies\/\"]}]},{\"@type\":\"BreadcrumbList\",\"@id\":\"https:\/\/smeclimatehub.org\/fr\/politique-de-cookies\/#breadcrumb\",\"itemListElement\":[{\"@type\":\"ListItem\",\"position\":1,\"name\":\"Home\",\"item\":\"https:\/\/smeclimatehub.org\/fr\/\"},{\"@type\":\"ListItem\",\"position\":2,\"name\":\"Politique de cookies\"}]},{\"@type\":\"WebSite\",\"@id\":\"https:\/\/businessclimatehub.org\/es\/#website\",\"url\":\"https:\/\/businessclimatehub.org\/es\/\",\"name\":\"SME Climate hub\",\"description\":\"\",\"publisher\":{\"@id\":\"https:\/\/businessclimatehub.org\/es\/#organization\"},\"potentialAction\":[{\"@type\":\"SearchAction\",\"target\":{\"@type\":\"EntryPoint\",\"urlTemplate\":\"https:\/\/businessclimatehub.org\/es\/?s={search_term_string}\"},\"query-input\":{\"@type\":\"PropertyValueSpecification\",\"valueRequired\":true,\"valueName\":\"search_term_string\"}}],\"inLanguage\":\"fr-FR\"},{\"@type\":\"Organization\",\"@id\":\"https:\/\/businessclimatehub.org\/es\/#organization\",\"name\":\"SME Climate hub\",\"url\":\"https:\/\/businessclimatehub.org\/es\/\",\"logo\":{\"@type\":\"ImageObject\",\"inLanguage\":\"fr-FR\",\"@id\":\"https:\/\/businessclimatehub.org\/es\/#\/schema\/logo\/image\/\",\"url\":\"https:\/\/smeclimatehub.org\/wp-content\/uploads\/2025\/03\/smeLogo-1.png\",\"contentUrl\":\"https:\/\/smeclimatehub.org\/wp-content\/uploads\/2025\/03\/smeLogo-1.png\",\"width\":465,\"height\":245,\"caption\":\"SME Climate hub\"},\"image\":{\"@id\":\"https:\/\/businessclimatehub.org\/es\/#\/schema\/logo\/image\/\"}}]}<\/script>","yoast_head_json":{"title":"Politique de cookies - SME Climate Hub","robots":{"index":"index","follow":"follow","max-snippet":"max-snippet:-1","max-image-preview":"max-image-preview:large","max-video-preview":"max-video-preview:-1"},"canonical":"https:\/\/smeclimatehub.org\/fr\/politique-de-cookies\/","og_locale":"fr_FR","og_type":"article","og_title":"Politique de cookies - SME Climate Hub","og_url":"https:\/\/smeclimatehub.org\/fr\/politique-de-cookies\/","og_site_name":"SME Climate Hub","article_modified_time":"2025-03-27T16:39:24+00:00","og_image":[{"width":2000,"height":1124,"url":"https:\/\/smeclimatehub.org\/wp-content\/uploads\/2024\/08\/Preview_four.png","type":"image\/png"}],"twitter_card":"summary_large_image","twitter_misc":{"Est. reading time":"1 minute"},"schema":{"@context":"https:\/\/schema.org","@graph":[{"@type":"WebPage","@id":"https:\/\/smeclimatehub.org\/fr\/politique-de-cookies\/","url":"https:\/\/smeclimatehub.org\/fr\/politique-de-cookies\/","name":"Politique de cookies - SME Climate Hub","isPartOf":{"@id":"https:\/\/businessclimatehub.org\/es\/#website"},"datePublished":"2020-09-13T14:07:17+00:00","dateModified":"2025-03-27T16:39:24+00:00","breadcrumb":{"@id":"https:\/\/smeclimatehub.org\/fr\/politique-de-cookies\/#breadcrumb"},"inLanguage":"fr-FR","potentialAction":[{"@type":"ReadAction","target":["https:\/\/smeclimatehub.org\/fr\/politique-de-cookies\/"]}]},{"@type":"BreadcrumbList","@id":"https:\/\/smeclimatehub.org\/fr\/politique-de-cookies\/#breadcrumb","itemListElement":[{"@type":"ListItem","position":1,"name":"Home","item":"https:\/\/smeclimatehub.org\/fr\/"},{"@type":"ListItem","position":2,"name":"Politique de cookies"}]},{"@type":"WebSite","@id":"https:\/\/businessclimatehub.org\/es\/#website","url":"https:\/\/businessclimatehub.org\/es\/","name":"SME Climate hub","description":"","publisher":{"@id":"https:\/\/businessclimatehub.org\/es\/#organization"},"potentialAction":[{"@type":"SearchAction","target":{"@type":"EntryPoint","urlTemplate":"https:\/\/businessclimatehub.org\/es\/?s={search_term_string}"},"query-input":{"@type":"PropertyValueSpecification","valueRequired":true,"valueName":"search_term_string"}}],"inLanguage":"fr-FR"},{"@type":"Organization","@id":"https:\/\/businessclimatehub.org\/es\/#organization","name":"SME Climate hub","url":"https:\/\/businessclimatehub.org\/es\/","logo":{"@type":"ImageObject","inLanguage":"fr-FR","@id":"https:\/\/businessclimatehub.org\/es\/#\/schema\/logo\/image\/","url":"https:\/\/smeclimatehub.org\/wp-content\/uploads\/2025\/03\/smeLogo-1.png","contentUrl":"https:\/\/smeclimatehub.org\/wp-content\/uploads\/2025\/03\/smeLogo-1.png","width":465,"height":245,"caption":"SME Climate hub"},"image":{"@id":"https:\/\/businessclimatehub.org\/es\/#\/schema\/logo\/image\/"}}]}},"_links":{"self":[{"href":"https:\/\/smeclimatehub.org\/fr\/wp-json\/wp\/v2\/pages\/76821","targetHints":{"allow":["GET"]}}],"collection":[{"href":"https:\/\/smeclimatehub.org\/fr\/wp-json\/wp\/v2\/pages"}],"about":[{"href":"https:\/\/smeclimatehub.org\/fr\/wp-json\/wp\/v2\/types\/page"}],"author":[{"embeddable":true,"href":"https:\/\/smeclimatehub.org\/fr\/wp-json\/wp\/v2\/users\/17"}],"replies":[{"embeddable":true,"href":"https:\/\/smeclimatehub.org\/fr\/wp-json\/wp\/v2\/comments?post=76821"}],"version-history":[{"count":0,"href":"https:\/\/smeclimatehub.org\/fr\/wp-json\/wp\/v2\/pages\/76821\/revisions"}],"wp:attachment":[{"href":"https:\/\/smeclimatehub.org\/fr\/wp-json\/wp\/v2\/media?parent=76821"}],"curies":[{"name":"wp","href":"https:\/\/api.w.org\/{rel}","templated":true}]}}