
{"id":76820,"date":"2022-04-20T10:15:31","date_gmt":"2022-04-20T09:15:31","guid":{"rendered":"https:\/\/smeclimatehub.org\/engagement\/"},"modified":"2026-04-17T15:50:31","modified_gmt":"2026-04-17T14:50:31","slug":"engagement","status":"publish","type":"page","link":"https:\/\/smeclimatehub.org\/fr\/engagement\/","title":{"rendered":"Engagement"},"content":{"rendered":"<section id=\"block-6426c876b27bb\"  class=\"hero-section align-content-center secondary-bg no-image\">\n\t<div class=\"container\">\n\t\t<div class=\"content\">\n\t\t\t<div class=\"text\">\n\t\t\t\t<div class=\"acf-innerblocks-container\">\n\n<h1 class=\"wp-block-heading\">Engagement des PME en faveur du climat<\/h1>\n\n\n\n<p>Engagez-vous aujourd\u2019hui pour assurer l\u2019avenir de votre entreprise<\/p>\n\n<\/div>\t\t\t\t\t\t\t\t\t\t\t\t\t\t\t\t\t\t\t<\/div>\n\t\t\t\t\t\t\t\t\t\t\t<\/div>\n\t<\/div>\n<\/section>\n\n\n\n<section id=\"block-69e248b569f60\"  class=\"text-attachment-section content-block light-bg white right-side heading-center row pt-full pb-full default\">\n\t<div class=\"container\">\n\t\t<div class=\"content-block\">\n\t\t\t\t\t\t\t\t\t\t\t\t\t\t\t\t\t\t\t\t\t\t\t\t\t\t\t\t\n\t\t\t\t\t\t<div class=\"text\">\n\t\t\t\t\t\t\t<h2 style=\"text-align: center;\">L\u2019Engagement des PME en faveur du climat<\/h2>\n<p>Reconnaissant que le changement climatique constitue une menace pour l\u2019\u00e9conomie, la nature et la soci\u00e9t\u00e9 dans son ensemble, notre entreprise s\u2019engage \u00e0 agir imm\u00e9diatement afin de:<\/p>\n<ul class=\"wp-block-list\">\n<li><strong>R\u00e9duire de moiti\u00e9 nos \u00e9missions de gaz \u00e0 effet de serre avant 2030<\/strong><\/li>\n<li><strong>Atteindre z\u00e9ro \u00e9mission nette avant 2050<\/strong><\/li>\n<li><strong>Divulguer nos progr\u00e8s sur une base annuelle<\/strong><\/li>\n<\/ul>\n<p>Ce faisant, nous sommes fiers d\u2019\u00eatre reconnus par la campagne Race to Zero du Champion de haut niveau des Nations Unies pour le changement climatique et de rejoindre les gouvernements, les entreprises, les villes, les r\u00e9gions et les universit\u00e9s du monde entier qui partagent la m\u00eame mission.<\/p>\n\t\t\t\t\t\t<\/div>\n\t\t\t\t\t\n\t\t\t\t\t\t\t\t\t\t<div class=\"content\">\n\t\t\t\t<div class=\"text\">\n\t\t\t\t\t\t\t\t\t\t\t\t\t\t\t\t\t\t\t\t\t\t\t<div class=\"acf-innerblocks-container\"><\/div>\t\t\t\t<\/div>\n\n\t\t\t<\/div>\n\t\t\t\t\t\t\t<div class=\"button-wrapper\">\n\t\t\t\t\t\t\t\t\t\t<a class=\"button\" target=\"_self\" href=\"https:\/\/smeclimatehub.org\/register\/committed-user\">\n\t\t\t\t\t\tEngagez-vous \t\t\t\t\t<\/a>\n\t\t\t\t\t\t\t\t\t\t\t\t\t\t\t\t<a class=\"second-btn\" target=\"_blank\" href=\"https:\/\/faq.smeclimatehub.org\/hc\/en-us\/categories\/17678950560658-The-SME-Climate-Commitment\">\n\t\t\t\t\t\t\u00c0 propos du SME Climate Commitment \t\t\t\t\t<\/a>\n\t\t\t\t\t\t\t\t\t<\/div>\n\t\t\t\t\t<\/div>\n\t<\/div>\n<\/section>\n\n\n<p><\/p>\n","protected":false},"excerpt":{"rendered":"","protected":false},"author":1320,"featured_media":0,"parent":0,"menu_order":0,"comment_status":"closed","ping_status":"closed","template":"template-full-width.php","meta":{"_acf_changed":true,"inline_featured_image":false,"footnotes":""},"class_list":["post-76820","page","type-page","status-publish","hentry"],"acf":[],"yoast_head":"<title>Engagement - SME Climate Hub<\/title>\n<meta name=\"robots\" content=\"index, follow, max-snippet:-1, max-image-preview:large, max-video-preview:-1\" \/>\n<link rel=\"canonical\" href=\"https:\/\/smeclimatehub.org\/fr\/engagement\/\" \/>\n<meta property=\"og:locale\" content=\"fr_FR\" \/>\n<meta property=\"og:type\" content=\"article\" \/>\n<meta property=\"og:title\" content=\"Engagement - SME Climate Hub\" \/>\n<meta property=\"og:url\" content=\"https:\/\/smeclimatehub.org\/fr\/engagement\/\" \/>\n<meta property=\"og:site_name\" content=\"SME Climate Hub\" \/>\n<meta property=\"article:modified_time\" content=\"2026-04-17T14:50:31+00:00\" \/>\n<meta property=\"og:image\" content=\"https:\/\/smeclimatehub.org\/wp-content\/uploads\/2022\/11\/SMECH-General-thumbnail-1024x576.png\" \/>\n<meta name=\"twitter:card\" content=\"summary_large_image\" \/>\n<meta name=\"twitter:image\" content=\"https:\/\/smeclimatehub.org\/wp-content\/uploads\/2022\/11\/SMECH-General-thumbnail-1024x576.png\" \/>\n<meta name=\"twitter:label1\" content=\"Est. reading time\" \/>\n\t<meta name=\"twitter:data1\" content=\"1 minute\" \/>\n<script type=\"application\/ld+json\" class=\"yoast-schema-graph\">{\"@context\":\"https:\/\/schema.org\",\"@graph\":[{\"@type\":\"WebPage\",\"@id\":\"https:\/\/smeclimatehub.org\/fr\/engagement\/\",\"url\":\"https:\/\/smeclimatehub.org\/fr\/engagement\/\",\"name\":\"Engagement - SME Climate Hub\",\"isPartOf\":{\"@id\":\"https:\/\/businessclimatehub.org\/es\/#website\"},\"datePublished\":\"2022-04-20T09:15:31+00:00\",\"dateModified\":\"2026-04-17T14:50:31+00:00\",\"breadcrumb\":{\"@id\":\"https:\/\/smeclimatehub.org\/fr\/engagement\/#breadcrumb\"},\"inLanguage\":\"fr-FR\",\"potentialAction\":[{\"@type\":\"ReadAction\",\"target\":[\"https:\/\/smeclimatehub.org\/fr\/engagement\/\"]}]},{\"@type\":\"BreadcrumbList\",\"@id\":\"https:\/\/smeclimatehub.org\/fr\/engagement\/#breadcrumb\",\"itemListElement\":[{\"@type\":\"ListItem\",\"position\":1,\"name\":\"Home\",\"item\":\"https:\/\/smeclimatehub.org\/fr\/\"},{\"@type\":\"ListItem\",\"position\":2,\"name\":\"Engagement\"}]},{\"@type\":\"WebSite\",\"@id\":\"https:\/\/businessclimatehub.org\/es\/#website\",\"url\":\"https:\/\/businessclimatehub.org\/es\/\",\"name\":\"SME Climate hub\",\"description\":\"\",\"publisher\":{\"@id\":\"https:\/\/businessclimatehub.org\/es\/#organization\"},\"potentialAction\":[{\"@type\":\"SearchAction\",\"target\":{\"@type\":\"EntryPoint\",\"urlTemplate\":\"https:\/\/businessclimatehub.org\/es\/?s={search_term_string}\"},\"query-input\":{\"@type\":\"PropertyValueSpecification\",\"valueRequired\":true,\"valueName\":\"search_term_string\"}}],\"inLanguage\":\"fr-FR\"},{\"@type\":\"Organization\",\"@id\":\"https:\/\/businessclimatehub.org\/es\/#organization\",\"name\":\"SME Climate hub\",\"url\":\"https:\/\/businessclimatehub.org\/es\/\",\"logo\":{\"@type\":\"ImageObject\",\"inLanguage\":\"fr-FR\",\"@id\":\"https:\/\/businessclimatehub.org\/es\/#\/schema\/logo\/image\/\",\"url\":\"https:\/\/smeclimatehub.org\/wp-content\/uploads\/2025\/03\/smeLogo-1.png\",\"contentUrl\":\"https:\/\/smeclimatehub.org\/wp-content\/uploads\/2025\/03\/smeLogo-1.png\",\"width\":465,\"height\":245,\"caption\":\"SME Climate hub\"},\"image\":{\"@id\":\"https:\/\/businessclimatehub.org\/es\/#\/schema\/logo\/image\/\"}}]}<\/script>","yoast_head_json":{"title":"Engagement - SME Climate Hub","robots":{"index":"index","follow":"follow","max-snippet":"max-snippet:-1","max-image-preview":"max-image-preview:large","max-video-preview":"max-video-preview:-1"},"canonical":"https:\/\/smeclimatehub.org\/fr\/engagement\/","og_locale":"fr_FR","og_type":"article","og_title":"Engagement - SME Climate Hub","og_url":"https:\/\/smeclimatehub.org\/fr\/engagement\/","og_site_name":"SME Climate Hub","article_modified_time":"2026-04-17T14:50:31+00:00","og_image":[{"url":"https:\/\/smeclimatehub.org\/wp-content\/uploads\/2022\/11\/SMECH-General-thumbnail-1024x576.png","type":"","width":"","height":""}],"twitter_card":"summary_large_image","twitter_image":"https:\/\/smeclimatehub.org\/wp-content\/uploads\/2022\/11\/SMECH-General-thumbnail-1024x576.png","twitter_misc":{"Est. reading time":"1 minute"},"schema":{"@context":"https:\/\/schema.org","@graph":[{"@type":"WebPage","@id":"https:\/\/smeclimatehub.org\/fr\/engagement\/","url":"https:\/\/smeclimatehub.org\/fr\/engagement\/","name":"Engagement - SME Climate Hub","isPartOf":{"@id":"https:\/\/businessclimatehub.org\/es\/#website"},"datePublished":"2022-04-20T09:15:31+00:00","dateModified":"2026-04-17T14:50:31+00:00","breadcrumb":{"@id":"https:\/\/smeclimatehub.org\/fr\/engagement\/#breadcrumb"},"inLanguage":"fr-FR","potentialAction":[{"@type":"ReadAction","target":["https:\/\/smeclimatehub.org\/fr\/engagement\/"]}]},{"@type":"BreadcrumbList","@id":"https:\/\/smeclimatehub.org\/fr\/engagement\/#breadcrumb","itemListElement":[{"@type":"ListItem","position":1,"name":"Home","item":"https:\/\/smeclimatehub.org\/fr\/"},{"@type":"ListItem","position":2,"name":"Engagement"}]},{"@type":"WebSite","@id":"https:\/\/businessclimatehub.org\/es\/#website","url":"https:\/\/businessclimatehub.org\/es\/","name":"SME Climate hub","description":"","publisher":{"@id":"https:\/\/businessclimatehub.org\/es\/#organization"},"potentialAction":[{"@type":"SearchAction","target":{"@type":"EntryPoint","urlTemplate":"https:\/\/businessclimatehub.org\/es\/?s={search_term_string}"},"query-input":{"@type":"PropertyValueSpecification","valueRequired":true,"valueName":"search_term_string"}}],"inLanguage":"fr-FR"},{"@type":"Organization","@id":"https:\/\/businessclimatehub.org\/es\/#organization","name":"SME Climate hub","url":"https:\/\/businessclimatehub.org\/es\/","logo":{"@type":"ImageObject","inLanguage":"fr-FR","@id":"https:\/\/businessclimatehub.org\/es\/#\/schema\/logo\/image\/","url":"https:\/\/smeclimatehub.org\/wp-content\/uploads\/2025\/03\/smeLogo-1.png","contentUrl":"https:\/\/smeclimatehub.org\/wp-content\/uploads\/2025\/03\/smeLogo-1.png","width":465,"height":245,"caption":"SME Climate hub"},"image":{"@id":"https:\/\/businessclimatehub.org\/es\/#\/schema\/logo\/image\/"}}]}},"_links":{"self":[{"href":"https:\/\/smeclimatehub.org\/fr\/wp-json\/wp\/v2\/pages\/76820","targetHints":{"allow":["GET"]}}],"collection":[{"href":"https:\/\/smeclimatehub.org\/fr\/wp-json\/wp\/v2\/pages"}],"about":[{"href":"https:\/\/smeclimatehub.org\/fr\/wp-json\/wp\/v2\/types\/page"}],"author":[{"embeddable":true,"href":"https:\/\/smeclimatehub.org\/fr\/wp-json\/wp\/v2\/users\/1320"}],"replies":[{"embeddable":true,"href":"https:\/\/smeclimatehub.org\/fr\/wp-json\/wp\/v2\/comments?post=76820"}],"version-history":[{"count":0,"href":"https:\/\/smeclimatehub.org\/fr\/wp-json\/wp\/v2\/pages\/76820\/revisions"}],"wp:attachment":[{"href":"https:\/\/smeclimatehub.org\/fr\/wp-json\/wp\/v2\/media?parent=76820"}],"curies":[{"name":"wp","href":"https:\/\/api.w.org\/{rel}","templated":true}]}}