
{"id":76053,"date":"2022-03-13T19:51:27","date_gmt":"2022-03-13T18:51:27","guid":{"rendered":"https:\/\/smeclimatehub.org\/how-it-works\/"},"modified":"2025-04-14T10:22:04","modified_gmt":"2025-04-14T09:22:04","slug":"how-it-works","status":"publish","type":"page","link":"https:\/\/smeclimatehub.org\/fr\/how-it-works\/","title":{"rendered":"Comment \u00e7a fonctionne"},"content":{"rendered":"<section id=\"block-6424578fe7d74\"  class=\"hero-section align-content-top secondary-bg none\">\n\t<div class=\"container\">\n\t\t<div class=\"content\">\n\t\t\t<div class=\"text\">\n\t\t\t\t<div class=\"acf-innerblocks-container\">\n\n<h1 class=\"wp-block-heading\">Entamez votre parcours vers le net z\u00e9ro<\/h1>\n\n\n\n<p>D\u00e9couvrez les mesures que votre entreprise peut prendre pour un avenir plus durable gr\u00e2ce \u00e0 nos ressources en acc\u00e8s libre<\/p>\n\n<\/div>\t\t\t\t\t\t\t\t\t\t\t\t\t\t\t\t\t\t\t<\/div>\n\t\t\t\t\t\t\t\t\t\t<div class=\"image\">\n\t\t\t\t\t<img fetchpriority=\"high\" decoding=\"async\" width=\"868\" height=\"821\" src=\"https:\/\/smeclimatehub.org\/wp-content\/uploads\/2023\/10\/hero-2.png\" class=\"attachment-full size-full\" alt=\"\" loading=\"eager\" srcset=\"https:\/\/smeclimatehub.org\/wp-content\/uploads\/2023\/10\/hero-2.png 868w, https:\/\/smeclimatehub.org\/wp-content\/uploads\/2023\/10\/hero-2-300x284.png 300w, https:\/\/smeclimatehub.org\/wp-content\/uploads\/2023\/10\/hero-2-768x726.png 768w\" sizes=\"(max-width: 868px) 100vw, 868px\" \/>\t\t\t\t<\/div>\n\t\t\t\t\t\t\t\t<\/div>\n\t<\/div>\n<\/section>\n\n<section id=\"block-642539b6207ce\"  class=\"how-it-works content-block light-bg white pt-full none\">\n\t<div class=\"container\">\n\t\t<div class=\"groups-wrapper\">\n\t\t\t<div class=\"acf-innerblocks-container\">\n\n<div id=\"block-642539b6207dd\"  class=\"group\">\n\t\t\t<h2 class=\"title\">\n\t\t\tComprendre vos \u00e9missions et prendre des mesures pour les r\u00e9duire\t\t<\/h2>\n\t\t\t\t<p>Apprenez-en davantage sur les enjeux et votre r\u00f4le dans la crise climatique. Mesurez vos propres \u00e9missions et d\u00e9couvrez les outils gratuits disponibles pour vous aider \u00e0 les r\u00e9duire.  <\/p>\n\t\t<div class=\"acf-innerblocks-container\">\n\n<div id=\"block-64254290e0c99\"  data-accordion-init=\"false\" data-target=\"accordion\" class=\"accordion-block content-block open\">\n\t<div class=\"header\">\n\t\t\t\t\t<h3>\n\t\t\t\tPrincipes fondamentaux\t\t\t<\/h3>\n\t\t\t\t\t\t\t<p>\n\t\t\t\tComprendre les bases de l\u2019entreprise et les \u00e9tapes cl\u00e9s telles que la mesure des \u00e9missions et la d\u00e9finition d\u2019objectifs climatiques.\t\t\t<\/p>\n\t\t\t\t<svg width=\"18\" height=\"12\" viewBox=\"0 0 18 12\" fill=\"none\" xmlns=\"http:\/\/www.w3.org\/2000\/svg\">\n\t\t\t<g>\n\t\t\t\t<path d=\"M2.115 0L9 7.417L15.885 0L18 2.2834L9 12L0 2.2834L2.115 0Z\" fill=\"black\" \/>\n\t\t\t<\/g>\n\t\t\t<defs>\n\t\t\t\t<clipPath>\n\t\t\t\t\t<rect width=\"18\" height=\"12\" fill=\"white\" transform=\"matrix(-1 0 0 1 18 0)\" \/>\n\t\t\t\t<\/clipPath>\n\t\t\t<\/defs>\n\t\t<\/svg>\n\t<\/div>\n\t<div class=\"content\">\n\t\t<div class=\"acf-innerblocks-container\">\n<div id=\"block-64254290e0ca2\"  class=\"text-image\">\n\t\t\t<div class=\"image\">\n\t\t\t<img decoding=\"async\" width=\"2560\" height=\"1463\" src=\"https:\/\/smeclimatehub.org\/wp-content\/uploads\/2024\/10\/business-basics-1-scaled-1.jpg\" class=\"attachment-full size-full\" alt=\"\" loading=\"lazy\" srcset=\"https:\/\/smeclimatehub.org\/wp-content\/uploads\/2024\/10\/business-basics-1-scaled-1.jpg 2560w, https:\/\/smeclimatehub.org\/wp-content\/uploads\/2024\/10\/business-basics-1-scaled-1-300x171.jpg 300w, https:\/\/smeclimatehub.org\/wp-content\/uploads\/2024\/10\/business-basics-1-scaled-1-1024x585.jpg 1024w, https:\/\/smeclimatehub.org\/wp-content\/uploads\/2024\/10\/business-basics-1-scaled-1-768x439.jpg 768w, https:\/\/smeclimatehub.org\/wp-content\/uploads\/2024\/10\/business-basics-1-scaled-1-1536x878.jpg 1536w, https:\/\/smeclimatehub.org\/wp-content\/uploads\/2024\/10\/business-basics-1-scaled-1-2048x1170.jpg 2048w\" sizes=\"auto, (max-width: 2560px) 100vw, 2560px\" \/>\t\t<\/div>\n\t\t<div class=\"text\">\n\t\t\t\t\t\t\t<p>\n\t\t\t\tGr\u00e2ce aux outils des Principes fondamentaux pour les entreprises, les entreprises peuvent mesurer leurs \u00e9missions, fixez des objectifs de z\u00e9ro \u00e9mission nette et acc\u00e9dez \u00e0 un soutien financier pour l&#039;action climatique\t\t\t<\/p>\n\t\t\t\t\t\t\t<a class=\"button\" target=\"_self\" href=\"https:\/\/smeclimatehub.org\/action-space\/business-basics\/\">Principes fondamentaux<\/a>\n\t\t\t<\/div>\n<\/div>\n<\/div>\t<\/div>\n<\/div>\n\n\n<div id=\"block-64255a0933c3e\"  data-accordion-init=\"false\" data-target=\"accordion\" class=\"accordion-block content-block\">\n\t<div class=\"header\">\n\t\t\t\t\t<h3>\n\t\t\t\t\u00c9missions op\u00e9rationnelles\t\t\t<\/h3>\n\t\t\t\t\t\t\t<p>\n\t\t\t\tPrenez des mesures pour r\u00e9duire les \u00e9missions op\u00e9rationnelles.\t\t\t<\/p>\n\t\t\t\t<svg width=\"18\" height=\"12\" viewBox=\"0 0 18 12\" fill=\"none\" xmlns=\"http:\/\/www.w3.org\/2000\/svg\">\n\t\t\t<g>\n\t\t\t\t<path d=\"M2.115 0L9 7.417L15.885 0L18 2.2834L9 12L0 2.2834L2.115 0Z\" fill=\"black\" \/>\n\t\t\t<\/g>\n\t\t\t<defs>\n\t\t\t\t<clipPath>\n\t\t\t\t\t<rect width=\"18\" height=\"12\" fill=\"white\" transform=\"matrix(-1 0 0 1 18 0)\" \/>\n\t\t\t\t<\/clipPath>\n\t\t\t<\/defs>\n\t\t<\/svg>\n\t<\/div>\n\t<div class=\"content\">\n\t\t<div class=\"acf-innerblocks-container\">\n<div id=\"block-64255a0933ccd\"  class=\"text-image\">\n\t\t\t<div class=\"image\">\n\t\t\t<img decoding=\"async\" width=\"2399\" height=\"1369\" src=\"https:\/\/smeclimatehub.org\/wp-content\/uploads\/2024\/10\/Group-1171275214.jpg\" class=\"attachment-full size-full\" alt=\"\" loading=\"lazy\" srcset=\"https:\/\/smeclimatehub.org\/wp-content\/uploads\/2024\/10\/Group-1171275214.jpg 2399w, https:\/\/smeclimatehub.org\/wp-content\/uploads\/2024\/10\/Group-1171275214-300x171.jpg 300w, https:\/\/smeclimatehub.org\/wp-content\/uploads\/2024\/10\/Group-1171275214-1024x584.jpg 1024w, https:\/\/smeclimatehub.org\/wp-content\/uploads\/2024\/10\/Group-1171275214-768x438.jpg 768w, https:\/\/smeclimatehub.org\/wp-content\/uploads\/2024\/10\/Group-1171275214-1536x877.jpg 1536w, https:\/\/smeclimatehub.org\/wp-content\/uploads\/2024\/10\/Group-1171275214-2048x1169.jpg 2048w\" sizes=\"auto, (max-width: 2399px) 100vw, 2399px\" \/>\t\t<\/div>\n\t\t<div class=\"text\">\n\t\t\t\t\t\t\t<p>\n\t\t\t\tAcc\u00e9dez \u00e0 des cours et des ressources p\u00e9dagogiques pour apprendre des techniques de r\u00e9duction des \u00e9missions dans l&#039;ensemble des activit\u00e9s de votre entreprise, y compris celles li\u00e9es \u00e0 vos locaux, d\u00e9placements et sources d\u2019\u00e9nergie\t\t\t<\/p>\n\t\t\t\t\t\t\t<a class=\"button\" target=\"_self\" href=\"https:\/\/smeclimatehub.org\/action-space\/operational-emissions\/\">\u00c9missions op\u00e9rationnelles<\/a>\n\t\t\t<\/div>\n<\/div>\n<\/div>\t<\/div>\n<\/div>\n\n\n<div id=\"block-64255a59b3777\"  data-accordion-init=\"false\" data-target=\"accordion\" class=\"accordion-block content-block\">\n\t<div class=\"header\">\n\t\t\t\t\t<h3>\n\t\t\t\tAllez plus loin\t\t\t<\/h3>\n\t\t\t\t\t\t\t<p>\n\t\t\t\tEnrichissez vos connaissances pour \u00e9largir et acc\u00e9l\u00e9rer vos objectifs de r\u00e9duction des \u00e9missions.\t\t\t<\/p>\n\t\t\t\t<svg width=\"18\" height=\"12\" viewBox=\"0 0 18 12\" fill=\"none\" xmlns=\"http:\/\/www.w3.org\/2000\/svg\">\n\t\t\t<g>\n\t\t\t\t<path d=\"M2.115 0L9 7.417L15.885 0L18 2.2834L9 12L0 2.2834L2.115 0Z\" fill=\"black\" \/>\n\t\t\t<\/g>\n\t\t\t<defs>\n\t\t\t\t<clipPath>\n\t\t\t\t\t<rect width=\"18\" height=\"12\" fill=\"white\" transform=\"matrix(-1 0 0 1 18 0)\" \/>\n\t\t\t\t<\/clipPath>\n\t\t\t<\/defs>\n\t\t<\/svg>\n\t<\/div>\n\t<div class=\"content\">\n\t\t<div class=\"acf-innerblocks-container\">\n\n\t<div id=\"block-64255a59b3783\"  data-target=\"slider_inside_accordion\" class=\"blocks swiper\">\n\t\t<div class=\"swiper-wrapper\">\n\t\t\t\t\t\t\t<div class=\"block swiper-slide\">\n\t\t\t\t\t<div class=\"inner\">\n\t\t\t\t\t\t\t\t\t\t\t\t\t<div class=\"image\">\n\t\t\t\t\t\t\t\t<img decoding=\"async\" width=\"2400\" height=\"987\" src=\"https:\/\/smeclimatehub.org\/wp-content\/uploads\/2024\/10\/supplyChain-emissions-1.jpg\" class=\"attachment-full size-full\" alt=\"\" loading=\"lazy\" srcset=\"https:\/\/smeclimatehub.org\/wp-content\/uploads\/2024\/10\/supplyChain-emissions-1.jpg 2400w, https:\/\/smeclimatehub.org\/wp-content\/uploads\/2024\/10\/supplyChain-emissions-1-300x123.jpg 300w, https:\/\/smeclimatehub.org\/wp-content\/uploads\/2024\/10\/supplyChain-emissions-1-1024x421.jpg 1024w, https:\/\/smeclimatehub.org\/wp-content\/uploads\/2024\/10\/supplyChain-emissions-1-768x316.jpg 768w, https:\/\/smeclimatehub.org\/wp-content\/uploads\/2024\/10\/supplyChain-emissions-1-1536x632.jpg 1536w, https:\/\/smeclimatehub.org\/wp-content\/uploads\/2024\/10\/supplyChain-emissions-1-2048x842.jpg 2048w\" sizes=\"auto, (max-width: 2400px) 100vw, 2400px\" \/>\t\t\t\t\t\t\t<\/div>\n\t\t\t\t\t\t\t\t\t\t\t\t\t\t\t\t\t\t\t<div class=\"text\">\n\t\t\t\t\t\t\t\t\t\t\t\t\t\t\t\t\t<h4>\n\t\t\t\t\t\t\t\t\t\tCha\u00eenes d&#039;approvisionnement\t\t\t\t\t\t\t\t\t<\/h4>\n\t\t\t\t\t\t\t\t\t\t\t\t\t\t\t\t\t\t\t\t\t\t\t\t\t<p>\n\t\t\t\t\t\t\t\t\t\tIdentifiez et traitez les \u00e9missions de votre cha\u00eene d\u2019approvisionnement par l\u2019engagement et l\u2019action.\t\t\t\t\t\t\t\t\t<\/p>\n\t\t\t\t\t\t\t\t\t\t\t\t\t\t\t<\/div>\n\t\t\t\t\t\t\t\t\t\t\t\t\t\t\t\t\t\t\t<a href=\"https:\/\/smeclimatehub.org\/action-space\/supply-chains\/\" target=\"_self\" class=\"link\"><\/a>\n\t\t\t\t\t\t\t\t\t\t\t<\/div>\n\t\t\t\t<\/div>\n\t\t\t\t\t\t\t<div class=\"block swiper-slide\">\n\t\t\t\t\t<div class=\"inner\">\n\t\t\t\t\t\t\t\t\t\t\t\t\t<div class=\"image\">\n\t\t\t\t\t\t\t\t<img decoding=\"async\" width=\"2400\" height=\"1200\" src=\"https:\/\/smeclimatehub.org\/wp-content\/uploads\/2024\/10\/finance-1.jpg\" class=\"attachment-full size-full\" alt=\"\" loading=\"lazy\" srcset=\"https:\/\/smeclimatehub.org\/wp-content\/uploads\/2024\/10\/finance-1.jpg 2400w, https:\/\/smeclimatehub.org\/wp-content\/uploads\/2024\/10\/finance-1-300x150.jpg 300w, https:\/\/smeclimatehub.org\/wp-content\/uploads\/2024\/10\/finance-1-1024x512.jpg 1024w, https:\/\/smeclimatehub.org\/wp-content\/uploads\/2024\/10\/finance-1-768x384.jpg 768w, https:\/\/smeclimatehub.org\/wp-content\/uploads\/2024\/10\/finance-1-1536x768.jpg 1536w, https:\/\/smeclimatehub.org\/wp-content\/uploads\/2024\/10\/finance-1-2048x1024.jpg 2048w\" sizes=\"auto, (max-width: 2400px) 100vw, 2400px\" \/>\t\t\t\t\t\t\t<\/div>\n\t\t\t\t\t\t\t\t\t\t\t\t\t\t\t\t\t\t\t<div class=\"text\">\n\t\t\t\t\t\t\t\t\t\t\t\t\t\t\t\t\t<h4>\n\t\t\t\t\t\t\t\t\t\tLa finance\t\t\t\t\t\t\t\t\t<\/h4>\n\t\t\t\t\t\t\t\t\t\t\t\t\t\t\t\t\t\t\t\t\t\t\t\t\t<p>\n\t\t\t\t\t\t\t\t\t\tComprenez comment financer vos ambitions climatiques.\t\t\t\t\t\t\t\t\t<\/p>\n\t\t\t\t\t\t\t\t\t\t\t\t\t\t\t<\/div>\n\t\t\t\t\t\t\t\t\t\t\t\t\t\t\t\t\t\t\t<a href=\"https:\/\/smeclimatehub.org\/action-space\/finance\/\" target=\"_self\" class=\"link\"><\/a>\n\t\t\t\t\t\t\t\t\t\t\t<\/div>\n\t\t\t\t<\/div>\n\t\t\t\t\t\t\t<div class=\"block swiper-slide\">\n\t\t\t\t\t<div class=\"inner\">\n\t\t\t\t\t\t\t\t\t\t\t\t\t<div class=\"image\">\n\t\t\t\t\t\t\t\t<img decoding=\"async\" width=\"2560\" height=\"1705\" src=\"https:\/\/smeclimatehub.org\/wp-content\/uploads\/2024\/10\/ebebd5731c3ababc6eea1cce8ae10948-1.jpg\" class=\"attachment-full size-full\" alt=\"\" loading=\"lazy\" srcset=\"https:\/\/smeclimatehub.org\/wp-content\/uploads\/2024\/10\/ebebd5731c3ababc6eea1cce8ae10948-1.jpg 2560w, https:\/\/smeclimatehub.org\/wp-content\/uploads\/2024\/10\/ebebd5731c3ababc6eea1cce8ae10948-1-300x200.jpg 300w, https:\/\/smeclimatehub.org\/wp-content\/uploads\/2024\/10\/ebebd5731c3ababc6eea1cce8ae10948-1-1024x682.jpg 1024w, https:\/\/smeclimatehub.org\/wp-content\/uploads\/2024\/10\/ebebd5731c3ababc6eea1cce8ae10948-1-768x512.jpg 768w, https:\/\/smeclimatehub.org\/wp-content\/uploads\/2024\/10\/ebebd5731c3ababc6eea1cce8ae10948-1-1536x1023.jpg 1536w, https:\/\/smeclimatehub.org\/wp-content\/uploads\/2024\/10\/ebebd5731c3ababc6eea1cce8ae10948-1-2048x1364.jpg 2048w\" sizes=\"auto, (max-width: 2560px) 100vw, 2560px\" \/>\t\t\t\t\t\t\t<\/div>\n\t\t\t\t\t\t\t\t\t\t\t\t\t\t\t\t\t\t\t<div class=\"text\">\n\t\t\t\t\t\t\t\t\t\t\t\t\t\t\t\t\t<h4>\n\t\t\t\t\t\t\t\t\t\tAction Space\t\t\t\t\t\t\t\t\t<\/h4>\n\t\t\t\t\t\t\t\t\t\t\t\t\t\t\t\t\t\t\t\t\t\t\t\t\t<p>\n\t\t\t\t\t\t\t\t\t\tD\u00e9couvrez d\u2019autres sujets dans notre Action Space.\t\t\t\t\t\t\t\t\t<\/p>\n\t\t\t\t\t\t\t\t\t\t\t\t\t\t\t<\/div>\n\t\t\t\t\t\t\t\t\t\t\t\t\t\t\t\t\t\t\t<a href=\"\/tools\/\" target=\"_self\" class=\"link\"><\/a>\n\t\t\t\t\t\t\t\t\t\t\t<\/div>\n\t\t\t\t<\/div>\n\t\t\t\t\t<\/div>\n\t<\/div>\n\n<\/div>\t<\/div>\n<\/div>\n<\/div><\/div>\n\n\n<div id=\"block-6425649d47d16\"  class=\"group\">\n\t\t\t<h2 class=\"title\">\n\t\t\tS&#039;engager publiquement\t\t<\/h2>\n\t\t\t\t<p>Rejoignez des milliers d&#039;autres entreprises dans la campagne Race to Zero pour la plan\u00e8te et pour votre entreprise.<\/p>\n\t\t<div class=\"acf-innerblocks-container\">\n\n<div id=\"block-6425649d47d5e\"  data-accordion-init=\"false\" data-target=\"accordion\" class=\"accordion-block content-block\">\n\t<div class=\"header\">\n\t\t\t\t\t<h3>\n\t\t\t\tS&#039;engager \u00e0 r\u00e9duire\t\t\t<\/h3>\n\t\t\t\t\t\t\t<p>\n\t\t\t\tPrenez un engagement simple et public pour r\u00e9duire vos \u00e9missions\t\t\t<\/p>\n\t\t\t\t<svg width=\"18\" height=\"12\" viewBox=\"0 0 18 12\" fill=\"none\" xmlns=\"http:\/\/www.w3.org\/2000\/svg\">\n\t\t\t<g>\n\t\t\t\t<path d=\"M2.115 0L9 7.417L15.885 0L18 2.2834L9 12L0 2.2834L2.115 0Z\" fill=\"black\" \/>\n\t\t\t<\/g>\n\t\t\t<defs>\n\t\t\t\t<clipPath>\n\t\t\t\t\t<rect width=\"18\" height=\"12\" fill=\"white\" transform=\"matrix(-1 0 0 1 18 0)\" \/>\n\t\t\t\t<\/clipPath>\n\t\t\t<\/defs>\n\t\t<\/svg>\n\t<\/div>\n\t<div class=\"content\">\n\t\t<div class=\"acf-innerblocks-container\">\n\n<div id=\"block-6425667a125a2\"  class=\"list\">\n\t<div class=\"acf-innerblocks-container\">\n\n<ul class=\"wp-block-list\">\n<li><strong>R\u00e9duisez vos \u00e9missions de moiti\u00e9 avant 2030<\/strong><\/li>\n\n\n\n<li><strong>Atteignez le net z\u00e9ro avant 2050<\/strong><\/li>\n\n\n\n<li><strong>Publiez vos progr\u00e8s sur une base annuelle<\/strong><\/li>\n<\/ul>\n\n<\/div>\t\t\t<a target=\"_self\" class=\"button\" href=\"\/sme-climate-commitment\/\">Engagez-vous maintenant<\/a>\n\t<\/div>\n<\/div>\t<\/div>\n<\/div>\n\n\n<div id=\"block-64256aeb4a91c\"  data-accordion-init=\"false\" data-target=\"accordion\" class=\"accordion-block content-block\">\n\t<div class=\"header\">\n\t\t\t\t\t<h3>\n\t\t\t\tSoyez reconnu\t\t\t<\/h3>\n\t\t\t\t\t\t\t<p>\n\t\t\t\tAffichez votre engagement climatique avec le badge SME Climate Hub\t\t\t<\/p>\n\t\t\t\t<svg width=\"18\" height=\"12\" viewBox=\"0 0 18 12\" fill=\"none\" xmlns=\"http:\/\/www.w3.org\/2000\/svg\">\n\t\t\t<g>\n\t\t\t\t<path d=\"M2.115 0L9 7.417L15.885 0L18 2.2834L9 12L0 2.2834L2.115 0Z\" fill=\"black\" \/>\n\t\t\t<\/g>\n\t\t\t<defs>\n\t\t\t\t<clipPath>\n\t\t\t\t\t<rect width=\"18\" height=\"12\" fill=\"white\" transform=\"matrix(-1 0 0 1 18 0)\" \/>\n\t\t\t\t<\/clipPath>\n\t\t\t<\/defs>\n\t\t<\/svg>\n\t<\/div>\n\t<div class=\"content\">\n\t\t<div class=\"acf-innerblocks-container\">\n\n<div id=\"block-65607461cecdb\"  class=\"list\">\n\t<div class=\"acf-innerblocks-container\"><\/div>\t\t\t<a target=\"_self\" class=\"button\" href=\"\/sme-climate-commitment\/\">Engagez-vous maintenant<\/a>\n\t<\/div>\n<\/div>\t<\/div>\n<\/div>\n<\/div><\/div>\n\n\n<div id=\"block-64256aeb4a8c9\"  class=\"group\">\n\t\t\t<h2 class=\"title\">\n\t\t\tFaire valoir votre leadership climatique\t\t<\/h2>\n\t\t\t<div class=\"acf-innerblocks-container\">\n\n<div id=\"block-64256aeb4a8e8\"  data-accordion-init=\"false\" data-target=\"accordion\" class=\"accordion-block content-block\">\n\t<div class=\"header\">\n\t\t\t\t\t<h3>\n\t\t\t\tReporting\t\t\t<\/h3>\n\t\t\t\t\t\t\t<p>\n\t\t\t\tT\u00e9l\u00e9chargez ou cr\u00e9ez votre propre rapport climatique \u00e0 l&#039;aide de l&#039;outil de reporting pour les PME.\t\t\t<\/p>\n\t\t\t\t<svg width=\"18\" height=\"12\" viewBox=\"0 0 18 12\" fill=\"none\" xmlns=\"http:\/\/www.w3.org\/2000\/svg\">\n\t\t\t<g>\n\t\t\t\t<path d=\"M2.115 0L9 7.417L15.885 0L18 2.2834L9 12L0 2.2834L2.115 0Z\" fill=\"black\" \/>\n\t\t\t<\/g>\n\t\t\t<defs>\n\t\t\t\t<clipPath>\n\t\t\t\t\t<rect width=\"18\" height=\"12\" fill=\"white\" transform=\"matrix(-1 0 0 1 18 0)\" \/>\n\t\t\t\t<\/clipPath>\n\t\t\t<\/defs>\n\t\t<\/svg>\n\t<\/div>\n\t<div class=\"content\">\n\t\t<div class=\"acf-innerblocks-container\">\n\n<div id=\"block-670d1e307fc6f\"  class=\"list\">\n\t<div class=\"acf-innerblocks-container\"><\/div>\t\t\t<a target=\"_self\" class=\"button\" href=\"https:\/\/smeclimatehub.org\/report-your-progress\/\">Publiez vos progr\u00e8s<\/a>\n\t<\/div>\n<\/div>\t<\/div>\n<\/div>\n\n\n<div id=\"block-65775bf2ecfae\"  data-accordion-init=\"false\" data-target=\"accordion\" class=\"accordion-block content-block\">\n\t<div class=\"header\">\n\t\t\t\t\t<h3>\n\t\t\t\tFaites l&#039;objet d&#039;une \u00e9tude de cas\t\t\t<\/h3>\n\t\t\t\t\t\t\t<p>\n\t\t\t\tSouhaitez-vous partager votre propre parcours climatique pour qu&#039;il soit pris en compte en tant qu&#039;exemple d&#039;entreprise?\t\t\t<\/p>\n\t\t\t\t<svg width=\"18\" height=\"12\" viewBox=\"0 0 18 12\" fill=\"none\" xmlns=\"http:\/\/www.w3.org\/2000\/svg\">\n\t\t\t<g>\n\t\t\t\t<path d=\"M2.115 0L9 7.417L15.885 0L18 2.2834L9 12L0 2.2834L2.115 0Z\" fill=\"black\" \/>\n\t\t\t<\/g>\n\t\t\t<defs>\n\t\t\t\t<clipPath>\n\t\t\t\t\t<rect width=\"18\" height=\"12\" fill=\"white\" transform=\"matrix(-1 0 0 1 18 0)\" \/>\n\t\t\t\t<\/clipPath>\n\t\t\t<\/defs>\n\t\t<\/svg>\n\t<\/div>\n\t<div class=\"content\">\n\t\t<div class=\"acf-innerblocks-container\">\n<div id=\"block-65775bf2ed07a\"  class=\"text-image\">\n\t\t<div class=\"text\">\n\t\t\t\t\t\t\t<p>\n\t\t\t\tSoumettez le formulaire ci-dessous pour \u00eatre pris en consid\u00e9ration pour des \u00e9tudes de cas, des campagnes sur les r\u00e9seaux sociaux et des opportunit\u00e9s de prise de parole \u00e0 des \u00e9v\u00e9nements cl\u00e9s.\t\t\t<\/p>\n\t\t\t\t\t<\/div>\n<\/div>\n\n\n<div id=\"block-670d1e307fd05\"  class=\"list\">\n\t<div class=\"acf-innerblocks-container\"><\/div>\t\t\t<a target=\"_self\" class=\"button\" href=\"https:\/\/www.surveymonkey.com\/r\/5BJJ9QW\">Partagez votre histoire<\/a>\n\t<\/div>\n<\/div>\t<\/div>\n<\/div>\n<\/div><\/div>\n<\/div>\t\t<\/div>\n\t<\/div>\n<\/section>\n<div class=\"stay-updated-block darkBackground \">\n\t<div class=\"container\">\n<div class=\"column\">\n<h2>Restez inform\u00e9<\/h2>\n<p>Inscrivez-vous \u00e0 notre newsletter pour rester inform\u00e9 des derni\u00e8res \u00e9volutions climatiques.<\/p>\n<\/div>\n<div class=\"column\">\n\t<button data-popup-button=\"stay-updated-form\" type=\"button\" class=\"button none\">S&rsquo;abonner<\/button>\n<\/div>\n<\/div>\n\n<\/div>","protected":false},"excerpt":{"rendered":"","protected":false},"author":1320,"featured_media":0,"parent":0,"menu_order":0,"comment_status":"closed","ping_status":"closed","template":"","meta":{"_acf_changed":false,"inline_featured_image":false,"footnotes":""},"class_list":["post-76053","page","type-page","status-publish","hentry"],"acf":[],"yoast_head":"<title>Comment \u00e7a fonctionne - SME Climate Hub<\/title>\n<meta name=\"robots\" content=\"index, follow, max-snippet:-1, max-image-preview:large, max-video-preview:-1\" \/>\n<link rel=\"canonical\" href=\"https:\/\/smeclimatehub.org\/fr\/how-it-works\/\" \/>\n<meta property=\"og:locale\" content=\"fr_FR\" \/>\n<meta property=\"og:type\" content=\"article\" \/>\n<meta property=\"og:title\" content=\"Comment \u00e7a fonctionne - SME Climate Hub\" \/>\n<meta property=\"og:url\" content=\"https:\/\/smeclimatehub.org\/fr\/how-it-works\/\" \/>\n<meta property=\"og:site_name\" content=\"SME Climate Hub\" \/>\n<meta property=\"article:modified_time\" content=\"2025-04-14T09:22:04+00:00\" \/>\n<meta property=\"og:image\" content=\"https:\/\/smeclimatehub.org\/wp-content\/uploads\/2024\/08\/Preview_four.png\" \/>\n\t<meta property=\"og:image:width\" content=\"2000\" \/>\n\t<meta property=\"og:image:height\" content=\"1124\" \/>\n\t<meta property=\"og:image:type\" content=\"image\/png\" \/>\n<meta name=\"twitter:card\" content=\"summary_large_image\" \/>\n<script type=\"application\/ld+json\" class=\"yoast-schema-graph\">{\"@context\":\"https:\/\/schema.org\",\"@graph\":[{\"@type\":\"WebPage\",\"@id\":\"https:\/\/smeclimatehub.org\/fr\/how-it-works\/\",\"url\":\"https:\/\/smeclimatehub.org\/fr\/how-it-works\/\",\"name\":\"Comment \u00e7a fonctionne - SME Climate Hub\",\"isPartOf\":{\"@id\":\"https:\/\/businessclimatehub.org\/es\/#website\"},\"datePublished\":\"2022-03-13T18:51:27+00:00\",\"dateModified\":\"2025-04-14T09:22:04+00:00\",\"breadcrumb\":{\"@id\":\"https:\/\/smeclimatehub.org\/fr\/how-it-works\/#breadcrumb\"},\"inLanguage\":\"fr-FR\",\"potentialAction\":[{\"@type\":\"ReadAction\",\"target\":[\"https:\/\/smeclimatehub.org\/fr\/how-it-works\/\"]}]},{\"@type\":\"BreadcrumbList\",\"@id\":\"https:\/\/smeclimatehub.org\/fr\/how-it-works\/#breadcrumb\",\"itemListElement\":[{\"@type\":\"ListItem\",\"position\":1,\"name\":\"Home\",\"item\":\"https:\/\/smeclimatehub.org\/fr\/\"},{\"@type\":\"ListItem\",\"position\":2,\"name\":\"Comment \u00e7a fonctionne\"}]},{\"@type\":\"WebSite\",\"@id\":\"https:\/\/businessclimatehub.org\/es\/#website\",\"url\":\"https:\/\/businessclimatehub.org\/es\/\",\"name\":\"SME Climate hub\",\"description\":\"\",\"publisher\":{\"@id\":\"https:\/\/businessclimatehub.org\/es\/#organization\"},\"potentialAction\":[{\"@type\":\"SearchAction\",\"target\":{\"@type\":\"EntryPoint\",\"urlTemplate\":\"https:\/\/businessclimatehub.org\/es\/?s={search_term_string}\"},\"query-input\":{\"@type\":\"PropertyValueSpecification\",\"valueRequired\":true,\"valueName\":\"search_term_string\"}}],\"inLanguage\":\"fr-FR\"},{\"@type\":\"Organization\",\"@id\":\"https:\/\/businessclimatehub.org\/es\/#organization\",\"name\":\"SME Climate hub\",\"url\":\"https:\/\/businessclimatehub.org\/es\/\",\"logo\":{\"@type\":\"ImageObject\",\"inLanguage\":\"fr-FR\",\"@id\":\"https:\/\/businessclimatehub.org\/es\/#\/schema\/logo\/image\/\",\"url\":\"https:\/\/smeclimatehub.org\/wp-content\/uploads\/2025\/03\/smeLogo-1.png\",\"contentUrl\":\"https:\/\/smeclimatehub.org\/wp-content\/uploads\/2025\/03\/smeLogo-1.png\",\"width\":465,\"height\":245,\"caption\":\"SME Climate hub\"},\"image\":{\"@id\":\"https:\/\/businessclimatehub.org\/es\/#\/schema\/logo\/image\/\"}}]}<\/script>","yoast_head_json":{"title":"Comment \u00e7a fonctionne - SME Climate Hub","robots":{"index":"index","follow":"follow","max-snippet":"max-snippet:-1","max-image-preview":"max-image-preview:large","max-video-preview":"max-video-preview:-1"},"canonical":"https:\/\/smeclimatehub.org\/fr\/how-it-works\/","og_locale":"fr_FR","og_type":"article","og_title":"Comment \u00e7a fonctionne - SME Climate Hub","og_url":"https:\/\/smeclimatehub.org\/fr\/how-it-works\/","og_site_name":"SME Climate Hub","article_modified_time":"2025-04-14T09:22:04+00:00","og_image":[{"width":2000,"height":1124,"url":"https:\/\/smeclimatehub.org\/wp-content\/uploads\/2024\/08\/Preview_four.png","type":"image\/png"}],"twitter_card":"summary_large_image","schema":{"@context":"https:\/\/schema.org","@graph":[{"@type":"WebPage","@id":"https:\/\/smeclimatehub.org\/fr\/how-it-works\/","url":"https:\/\/smeclimatehub.org\/fr\/how-it-works\/","name":"Comment \u00e7a fonctionne - SME Climate Hub","isPartOf":{"@id":"https:\/\/businessclimatehub.org\/es\/#website"},"datePublished":"2022-03-13T18:51:27+00:00","dateModified":"2025-04-14T09:22:04+00:00","breadcrumb":{"@id":"https:\/\/smeclimatehub.org\/fr\/how-it-works\/#breadcrumb"},"inLanguage":"fr-FR","potentialAction":[{"@type":"ReadAction","target":["https:\/\/smeclimatehub.org\/fr\/how-it-works\/"]}]},{"@type":"BreadcrumbList","@id":"https:\/\/smeclimatehub.org\/fr\/how-it-works\/#breadcrumb","itemListElement":[{"@type":"ListItem","position":1,"name":"Home","item":"https:\/\/smeclimatehub.org\/fr\/"},{"@type":"ListItem","position":2,"name":"Comment \u00e7a fonctionne"}]},{"@type":"WebSite","@id":"https:\/\/businessclimatehub.org\/es\/#website","url":"https:\/\/businessclimatehub.org\/es\/","name":"SME Climate hub","description":"","publisher":{"@id":"https:\/\/businessclimatehub.org\/es\/#organization"},"potentialAction":[{"@type":"SearchAction","target":{"@type":"EntryPoint","urlTemplate":"https:\/\/businessclimatehub.org\/es\/?s={search_term_string}"},"query-input":{"@type":"PropertyValueSpecification","valueRequired":true,"valueName":"search_term_string"}}],"inLanguage":"fr-FR"},{"@type":"Organization","@id":"https:\/\/businessclimatehub.org\/es\/#organization","name":"SME Climate hub","url":"https:\/\/businessclimatehub.org\/es\/","logo":{"@type":"ImageObject","inLanguage":"fr-FR","@id":"https:\/\/businessclimatehub.org\/es\/#\/schema\/logo\/image\/","url":"https:\/\/smeclimatehub.org\/wp-content\/uploads\/2025\/03\/smeLogo-1.png","contentUrl":"https:\/\/smeclimatehub.org\/wp-content\/uploads\/2025\/03\/smeLogo-1.png","width":465,"height":245,"caption":"SME Climate hub"},"image":{"@id":"https:\/\/businessclimatehub.org\/es\/#\/schema\/logo\/image\/"}}]}},"_links":{"self":[{"href":"https:\/\/smeclimatehub.org\/fr\/wp-json\/wp\/v2\/pages\/76053","targetHints":{"allow":["GET"]}}],"collection":[{"href":"https:\/\/smeclimatehub.org\/fr\/wp-json\/wp\/v2\/pages"}],"about":[{"href":"https:\/\/smeclimatehub.org\/fr\/wp-json\/wp\/v2\/types\/page"}],"author":[{"embeddable":true,"href":"https:\/\/smeclimatehub.org\/fr\/wp-json\/wp\/v2\/users\/1320"}],"replies":[{"embeddable":true,"href":"https:\/\/smeclimatehub.org\/fr\/wp-json\/wp\/v2\/comments?post=76053"}],"version-history":[{"count":0,"href":"https:\/\/smeclimatehub.org\/fr\/wp-json\/wp\/v2\/pages\/76053\/revisions"}],"wp:attachment":[{"href":"https:\/\/smeclimatehub.org\/fr\/wp-json\/wp\/v2\/media?parent=76053"}],"curies":[{"name":"wp","href":"https:\/\/api.w.org\/{rel}","templated":true}]}}