
{"id":81483,"date":"2025-04-08T13:54:33","date_gmt":"2025-04-08T12:54:33","guid":{"rendered":"https:\/\/smeclimatehub.org\/la-encuesta-del-sme-climate-hub\/"},"modified":"2025-04-09T08:45:34","modified_gmt":"2025-04-09T07:45:34","slug":"la-encuesta-del-sme-climate-hub","status":"publish","type":"page","link":"https:\/\/smeclimatehub.org\/es\/la-encuesta-del-sme-climate-hub\/","title":{"rendered":"La Encuesta del SME Climate Hub"},"content":{"rendered":"<section id=\"block-67ed198892b6c\"  class=\"hero-section align-content-top secondary-bg middle-image\">\n\t<div class=\"container\">\n\t\t<div class=\"content\">\n\t\t\t<div class=\"text\">\n\t\t\t\t<div class=\"acf-innerblocks-container\">\n\n<h2 class=\"wp-block-heading\">La Encuesta 2025 del SME Climate Hub<\/h2>\n\n\n\n<p>Descubre c\u00f3mo las peque\u00f1as y medianas empresas est\u00e1n abordando el cambio clim\u00e1tico<\/p>\n\n<\/div>\t\t\t\t\t\t\t\t\t\t\t\t\t\t\t\t\t<a target=\"_self\" class=\"button\" href=\"#readMore\">Leer m\u00e1s<\/a>\n\t\t\t\t\t\t\t\t\t\t\t<\/div>\n\t\t\t\t\t\t\t\t\t\t<div class=\"image\">\n\t\t\t\t\t<img fetchpriority=\"high\" decoding=\"async\" width=\"612\" height=\"792\" src=\"https:\/\/smeclimatehub.org\/wp-content\/uploads\/2025\/04\/Title-Page.jpg\" class=\"attachment-full size-full\" alt=\"\" loading=\"eager\" srcset=\"https:\/\/smeclimatehub.org\/wp-content\/uploads\/2025\/04\/Title-Page.jpg 612w, https:\/\/smeclimatehub.org\/wp-content\/uploads\/2025\/04\/Title-Page-232x300.jpg 232w\" sizes=\"(max-width: 612px) 100vw, 612px\" \/>\t\t\t\t<\/div>\n\t\t\t\t\t\t\t\t<\/div>\n\t<\/div>\n<\/section>\n\n<section id=\"block-67f3e1966310f\" class=\"content-editor-section light-bg pt-full pb-full\">\n\t<div class=\"container\">\n\t\t<div class=\"content-block \">\n\t\t\t<div class=\"text\">\n\t\t\t\t<div class=\"acf-innerblocks-container\">\n\n<h2 class=\"wp-block-heading\">Movilizando a las peque\u00f1as empresas hacia emisiones netas cero<\/h2>\n\n\n\n<p>El SME Climate Hub encuest\u00f3 a su comunidad global de peque\u00f1as y medianas empresas (PYMEs), recopilando informaci\u00f3n de 471 PYMEs en 53 pa\u00edses, en diferentes etapas de su camino hacia la acci\u00f3n clim\u00e1tica.<\/p>\n\n\n\n<p>Los resultados muestran que una tendencia importante se est\u00e1 acelerando: las PYMEs est\u00e1n tomando medidas clim\u00e1ticas no solo porque es lo correcto, sino porque tiene un sentido empresarial s\u00f3lido. Sin embargo, las PYMEs necesitan el apoyo adecuado del ecosistema para establecer y alcanzar sus objetivos de emisiones netas cero. <\/p>\n\n\n\n<p><a href=\"#readMore\" data-type=\"internal\" data-id=\"#readMore\">Descarga la encuesta <\/a>hoy para comprender mejor el impulso que est\u00e1 detr\u00e1s de la acci\u00f3n clim\u00e1tica de las PYMEs, las barreras que persisten y el apoyo pol\u00edtico que las empresas necesitan para reducir sus emisiones.<\/p>\n\n<\/div>\t\t\t\t\t\t\t<\/div>\n\t\t\t\t\t<\/div>\n\t<\/div>\n<\/section><section id=\"readMore\"  class=\"survey-section align-content-top light-bg\">\n\t<div class=\"container\">\n\t\t<div class=\"content\">\n\t\t\t<div class=\"form\">\n\t\t\t<form action=\"#\" id=\"downloadSurvey\" data-target=\"downloadSurvey\">\n    <div class=\"fields-group\">\n<h3>Descarga la Encuesta 2025 del SME Climate Hub<\/h3>\n<p>Descubre c\u00f3mo las peque\u00f1as y medianas empresas est\u00e1n enfrentando el cambio clim\u00e1tico.<\/p>\n\t\t\t\t\t\t\t\t\t\t\t\t\t\t\t\t\t\n<div class=\"row\">\n<div class=\"field mb-10\">\n<label for=\"f_name\">Nombre*<\/label>\n<input value=\"\" class=\"grey\" required=\"\" id=\"f_name\" name=\"f_name\" type=\"text\">\n<div data-target=\"error_message\" data-error-for=\"f_name\" class=\"error-message\"><\/div>\n<\/div>\t\n<div class=\"field mb-10\">\n<label for=\"l_name\">Apellido*<\/label>\n<input value=\"\" class=\"grey\" required=\"\" id=\"l_name\" name=\"l_name\" type=\"text\">\n<div data-target=\"error_message\" data-error-for=\"l_name\" class=\"error-message\"><\/div>\n<\/div>\n<\/div>\n<div class=\"row\">\n<div class=\"field mb-10\">\n<label for=\"email\">Correo electr\u00f3nico*<\/label>\n<input value=\"\" class=\"grey\" required=\"\" id=\"email\" name=\"email\" type=\"email\">\n<div data-target=\"error_message\" data-error-for=\"email\" class=\"error-message\"><\/div>\n<\/div>\n<div class=\"field mb-10\">\n<label for=\"company\">Nombre de empresa*<\/label>\n<input value=\"\" class=\"grey\" required=\"\" id=\"company\" name=\"company\" type=\"text\">\n<div data-target=\"error_message\" class=\"error-message\" data-error-for=\"company\"><\/div>\n<\/div>\t\n<\/div>\n\n<div class=\"field mb-10\">\n<label for=\"organization_type\">\u00bfQu\u00e9 tipo de organizaci\u00f3n es la suya?*<\/label>\n            <select class=\"grey\" required=\"\" name=\"organization_type\" id=\"organization_type\">\n                <option disabled=\"disabled\" selected=\"\" value=\"\">\u00bfQu\u00e9 tipo de organizaci\u00f3n es la suya?*<\/option>\n                 <option value=\"SME (1-500 employees)\">PYME (1-500 empleados)<\/option>\n                 <option value=\"Large corporate (500+ employees)\">Gran corporaci\u00f3n (m\u00e1s de 500 empleados)<\/option>\n                 <option value=\"Government\">Gobierno<\/option>\n                 <option value=\"Bank \/ Financial institution\">Banco \/ Instituci\u00f3n financiera<\/option>\n                 <option value=\"Other\">Otros<\/option>\n                 <\/select>\n   \n                 <div data-target=\"error_message\" class=\"error-message\" data-error-for=\"organization_type\"><\/div>\n        <\/div>\n        <div class=\"field mb-10\" style=\"display:none;\" id=\"moreInfo\">\n<label for=\"more_info\">Por favor, indique el tipo de organizaci\u00f3n<\/label>\n<input value=\"\" class=\"grey\" id=\"more_info\" name=\"more_info\" type=\"text\">\n<\/div>\t\n        <div class=\"checkbox-wrapper mb-10\">\n                <input  id=\"agree\" name=\"agree\" type=\"checkbox\" required>\n                <label for=\"agree\">He le\u00eddo y acepto la <a href=\"https:\/\/smeclimatehub.org\/privacy-policy\/\">pol\u00edtica de protecci\u00f3n de datos y privacidad<\/a> del SME Climate Hub y acepto proporcionar mi informaci\u00f3n para acceder a los recursos del SME Climate Hub.*<\/label>\n                <div data-target=\"error_message\" data-error-for=\"agree\" class=\"error-message\"><\/div>\n        <\/div>\n\n        <div class=\"checkbox-wrapper mb-10\">\n                <input  id=\"newsleter\" name=\"newsleter\" type=\"checkbox\">\n                <label for=\"newsleter\">Me gustar\u00eda suscribirme al bolet\u00edn informativo del SME Climate Hub y recibir actualizaciones de noticias sobre los \u00faltimos avances clim\u00e1ticos.<\/label>\n        <\/div>\n            <\/div>\n<input name=\"action\" value=\"download_survey_new\" type=\"hidden\">\n\n<div class=\"wp-block-button\">\n\t\t<input type=\"hidden\" name=\"file_id\" value=\"81359\">\n\n<button type=\"button\" class=\"button\" data-target=\"downloadButton\">Descargar<\/button>\n\t<\/div>\n<div class=\"overlay-container\" id=\"overlay\">\n<div class=\"inside-overlay\">\n<img decoding=\"async\" src=\"https:\/\/smeclimatehub.org\/wp-content\/themes\/newsme\/assets\/images\/check.png\">\n<h3>Thank you for downloading our survey<\/h3>\n<\/div>\n<\/div>\n<\/form>\n\n\t\t\t<\/div>\n<div class=\"image\">\n<img decoding=\"async\" src=\"https:\/\/smeclimatehub.org\/wp-content\/uploads\/2025\/04\/Title-Page.jpg\">\n<\/div>\n\n\t\n\t\t<\/div>\n\n\t<\/div>\n<\/section><section id=\"block-67ee32df9e848\"  class=\"previous-surveys align-content-top light-bg\">\n<div class=\"container\">\n<div class=\"content\">\n<div class=\"title\">\nEncuestas anteriores<\/div>\n\t        <div class=\"surveys-wrapper\">\n<div class=\"survey-block\" data-url=\"https:\/\/smeclimatehub.org\/wp-content\/uploads\/2025\/04\/SME_Climate_Hub_2024_Survey.pdf\">\n<div class=\"image\">\n<img decoding=\"async\" src=\"https:\/\/smeclimatehub.org\/wp-content\/uploads\/2025\/04\/2024-sme-survey.jpg\">\n<\/div>\n\t    <div class=\"info\">\n      <div class=\"title\">\n      Movilizando a las peque\u00f1as empresas hacia emisiones netas cero      <\/div>\n       <div class=\"date\">\n      <p>Published<\/p>\n      <p> Abril de 2024<\/p>\n       <\/div>\n    <\/div>\n<\/div>\n\n        <div class=\"survey-block\" data-url=\"https:\/\/smeclimatehub.org\/wp-content\/uploads\/2025\/04\/SME-Climate-Hub-Survey-2023-1.pdf\">\n<div class=\"image\">\n<img decoding=\"async\" src=\"https:\/\/smeclimatehub.org\/wp-content\/uploads\/2025\/04\/2023-sme-survey.jpg\">\n<\/div>\n\t    <div class=\"info\">\n      <div class=\"title\">\n      Acci\u00f3n Clim\u00e1tica de las Peque\u00f1as Empresas      <\/div>\n       <div class=\"date\">\n      <p>Published<\/p>\n      <p> Abril de 2023<\/p>\n       <\/div>\n    <\/div>\n<\/div>\n\n        \n\n<\/div>\n<\/div>\n<\/div>\n<\/section>","protected":false},"excerpt":{"rendered":"","protected":false},"author":10027,"featured_media":0,"parent":0,"menu_order":0,"comment_status":"closed","ping_status":"closed","template":"","meta":{"_acf_changed":false,"inline_featured_image":false,"footnotes":""},"class_list":["post-81483","page","type-page","status-publish","hentry"],"acf":[],"yoast_head":"<title>La Encuesta del SME Climate Hub - SME Climate Hub<\/title>\n<meta name=\"robots\" content=\"index, follow, max-snippet:-1, max-image-preview:large, max-video-preview:-1\" \/>\n<link rel=\"canonical\" href=\"https:\/\/smeclimatehub.org\/es\/la-encuesta-del-sme-climate-hub\/\" \/>\n<meta property=\"og:locale\" content=\"es_ES\" \/>\n<meta property=\"og:type\" content=\"article\" \/>\n<meta property=\"og:title\" content=\"La Encuesta del SME Climate Hub - SME Climate Hub\" \/>\n<meta property=\"og:url\" content=\"https:\/\/smeclimatehub.org\/es\/la-encuesta-del-sme-climate-hub\/\" \/>\n<meta property=\"og:site_name\" content=\"SME Climate Hub\" \/>\n<meta property=\"article:modified_time\" content=\"2025-04-09T07:45:34+00:00\" \/>\n<meta property=\"og:image\" content=\"https:\/\/smeclimatehub.org\/wp-content\/uploads\/2024\/08\/Preview_four.png\" \/>\n\t<meta property=\"og:image:width\" content=\"2000\" \/>\n\t<meta property=\"og:image:height\" content=\"1124\" \/>\n\t<meta property=\"og:image:type\" content=\"image\/png\" \/>\n<meta name=\"twitter:card\" content=\"summary_large_image\" \/>\n<meta name=\"twitter:label1\" content=\"Est. reading time\" \/>\n\t<meta name=\"twitter:data1\" content=\"1 minuto\" \/>\n<script type=\"application\/ld+json\" class=\"yoast-schema-graph\">{\"@context\":\"https:\/\/schema.org\",\"@graph\":[{\"@type\":\"WebPage\",\"@id\":\"https:\/\/smeclimatehub.org\/es\/la-encuesta-del-sme-climate-hub\/\",\"url\":\"https:\/\/smeclimatehub.org\/es\/la-encuesta-del-sme-climate-hub\/\",\"name\":\"La Encuesta del SME Climate Hub - SME Climate Hub\",\"isPartOf\":{\"@id\":\"https:\/\/businessclimatehub.org\/es\/#website\"},\"datePublished\":\"2025-04-08T12:54:33+00:00\",\"dateModified\":\"2025-04-09T07:45:34+00:00\",\"breadcrumb\":{\"@id\":\"https:\/\/smeclimatehub.org\/es\/la-encuesta-del-sme-climate-hub\/#breadcrumb\"},\"inLanguage\":\"es\",\"potentialAction\":[{\"@type\":\"ReadAction\",\"target\":[\"https:\/\/smeclimatehub.org\/es\/la-encuesta-del-sme-climate-hub\/\"]}]},{\"@type\":\"BreadcrumbList\",\"@id\":\"https:\/\/smeclimatehub.org\/es\/la-encuesta-del-sme-climate-hub\/#breadcrumb\",\"itemListElement\":[{\"@type\":\"ListItem\",\"position\":1,\"name\":\"Home\",\"item\":\"https:\/\/smeclimatehub.org\/es\/\"},{\"@type\":\"ListItem\",\"position\":2,\"name\":\"La Encuesta del SME Climate Hub\"}]},{\"@type\":\"WebSite\",\"@id\":\"https:\/\/businessclimatehub.org\/es\/#website\",\"url\":\"https:\/\/businessclimatehub.org\/es\/\",\"name\":\"SME Climate hub\",\"description\":\"\",\"publisher\":{\"@id\":\"https:\/\/businessclimatehub.org\/es\/#organization\"},\"potentialAction\":[{\"@type\":\"SearchAction\",\"target\":{\"@type\":\"EntryPoint\",\"urlTemplate\":\"https:\/\/businessclimatehub.org\/es\/?s={search_term_string}\"},\"query-input\":{\"@type\":\"PropertyValueSpecification\",\"valueRequired\":true,\"valueName\":\"search_term_string\"}}],\"inLanguage\":\"es\"},{\"@type\":\"Organization\",\"@id\":\"https:\/\/businessclimatehub.org\/es\/#organization\",\"name\":\"SME Climate hub\",\"url\":\"https:\/\/businessclimatehub.org\/es\/\",\"logo\":{\"@type\":\"ImageObject\",\"inLanguage\":\"es\",\"@id\":\"https:\/\/businessclimatehub.org\/es\/#\/schema\/logo\/image\/\",\"url\":\"https:\/\/smeclimatehub.org\/wp-content\/uploads\/2025\/03\/smeLogo-1.png\",\"contentUrl\":\"https:\/\/smeclimatehub.org\/wp-content\/uploads\/2025\/03\/smeLogo-1.png\",\"width\":465,\"height\":245,\"caption\":\"SME Climate hub\"},\"image\":{\"@id\":\"https:\/\/businessclimatehub.org\/es\/#\/schema\/logo\/image\/\"}}]}<\/script>","yoast_head_json":{"title":"La Encuesta del SME Climate Hub - SME Climate Hub","robots":{"index":"index","follow":"follow","max-snippet":"max-snippet:-1","max-image-preview":"max-image-preview:large","max-video-preview":"max-video-preview:-1"},"canonical":"https:\/\/smeclimatehub.org\/es\/la-encuesta-del-sme-climate-hub\/","og_locale":"es_ES","og_type":"article","og_title":"La Encuesta del SME Climate Hub - SME Climate Hub","og_url":"https:\/\/smeclimatehub.org\/es\/la-encuesta-del-sme-climate-hub\/","og_site_name":"SME Climate Hub","article_modified_time":"2025-04-09T07:45:34+00:00","og_image":[{"width":2000,"height":1124,"url":"https:\/\/smeclimatehub.org\/wp-content\/uploads\/2024\/08\/Preview_four.png","type":"image\/png"}],"twitter_card":"summary_large_image","twitter_misc":{"Est. reading time":"1 minuto"},"schema":{"@context":"https:\/\/schema.org","@graph":[{"@type":"WebPage","@id":"https:\/\/smeclimatehub.org\/es\/la-encuesta-del-sme-climate-hub\/","url":"https:\/\/smeclimatehub.org\/es\/la-encuesta-del-sme-climate-hub\/","name":"La Encuesta del SME Climate Hub - SME Climate Hub","isPartOf":{"@id":"https:\/\/businessclimatehub.org\/es\/#website"},"datePublished":"2025-04-08T12:54:33+00:00","dateModified":"2025-04-09T07:45:34+00:00","breadcrumb":{"@id":"https:\/\/smeclimatehub.org\/es\/la-encuesta-del-sme-climate-hub\/#breadcrumb"},"inLanguage":"es","potentialAction":[{"@type":"ReadAction","target":["https:\/\/smeclimatehub.org\/es\/la-encuesta-del-sme-climate-hub\/"]}]},{"@type":"BreadcrumbList","@id":"https:\/\/smeclimatehub.org\/es\/la-encuesta-del-sme-climate-hub\/#breadcrumb","itemListElement":[{"@type":"ListItem","position":1,"name":"Home","item":"https:\/\/smeclimatehub.org\/es\/"},{"@type":"ListItem","position":2,"name":"La Encuesta del SME Climate Hub"}]},{"@type":"WebSite","@id":"https:\/\/businessclimatehub.org\/es\/#website","url":"https:\/\/businessclimatehub.org\/es\/","name":"SME Climate hub","description":"","publisher":{"@id":"https:\/\/businessclimatehub.org\/es\/#organization"},"potentialAction":[{"@type":"SearchAction","target":{"@type":"EntryPoint","urlTemplate":"https:\/\/businessclimatehub.org\/es\/?s={search_term_string}"},"query-input":{"@type":"PropertyValueSpecification","valueRequired":true,"valueName":"search_term_string"}}],"inLanguage":"es"},{"@type":"Organization","@id":"https:\/\/businessclimatehub.org\/es\/#organization","name":"SME Climate hub","url":"https:\/\/businessclimatehub.org\/es\/","logo":{"@type":"ImageObject","inLanguage":"es","@id":"https:\/\/businessclimatehub.org\/es\/#\/schema\/logo\/image\/","url":"https:\/\/smeclimatehub.org\/wp-content\/uploads\/2025\/03\/smeLogo-1.png","contentUrl":"https:\/\/smeclimatehub.org\/wp-content\/uploads\/2025\/03\/smeLogo-1.png","width":465,"height":245,"caption":"SME Climate hub"},"image":{"@id":"https:\/\/businessclimatehub.org\/es\/#\/schema\/logo\/image\/"}}]}},"_links":{"self":[{"href":"https:\/\/smeclimatehub.org\/es\/wp-json\/wp\/v2\/pages\/81483","targetHints":{"allow":["GET"]}}],"collection":[{"href":"https:\/\/smeclimatehub.org\/es\/wp-json\/wp\/v2\/pages"}],"about":[{"href":"https:\/\/smeclimatehub.org\/es\/wp-json\/wp\/v2\/types\/page"}],"author":[{"embeddable":true,"href":"https:\/\/smeclimatehub.org\/es\/wp-json\/wp\/v2\/users\/10027"}],"replies":[{"embeddable":true,"href":"https:\/\/smeclimatehub.org\/es\/wp-json\/wp\/v2\/comments?post=81483"}],"version-history":[{"count":0,"href":"https:\/\/smeclimatehub.org\/es\/wp-json\/wp\/v2\/pages\/81483\/revisions"}],"wp:attachment":[{"href":"https:\/\/smeclimatehub.org\/es\/wp-json\/wp\/v2\/media?parent=81483"}],"curies":[{"name":"wp","href":"https:\/\/api.w.org\/{rel}","templated":true}]}}