
{"id":74638,"date":"2020-09-14T15:23:20","date_gmt":"2020-09-14T14:23:20","guid":{"rendered":"https:\/\/smeclimatehub.org\/successful-activation-page\/"},"modified":"2024-12-11T21:11:37","modified_gmt":"2024-12-11T20:11:37","slug":"successful-activation-page","status":"publish","type":"page","link":"https:\/\/smeclimatehub.org\/es\/successful-activation-page\/","title":{"rendered":"Successful Activation Page"},"content":{"rendered":"<section id=\"block-64d4e3cf42a9a\"  class=\"hero-section align-content-center bg-image default center-text\">\n\t<div class=\"container\">\n\t\t<div class=\"content\">\n\t\t\t<div class=\"text\">\n\t\t\t\t<div class=\"acf-innerblocks-container\">\n\n<h1 class=\"wp-block-heading\">\u00a1Activaci\u00f3n exitosa!<\/h1>\n\n<\/div>\t\t\t\t\t\t\t\t\t\t\t\t\t\t\t\t\t\t\t<\/div>\n\t\t\t\t\t\t\t\t\t\t\t\t\t<div class=\"background-image\">\n\t\t\t\t\t<img fetchpriority=\"high\" decoding=\"async\" width=\"2560\" height=\"747\" src=\"https:\/\/smeclimatehub.org\/wp-content\/uploads\/2024\/07\/Banner-growth-scaled.jpg\" class=\"attachment-full size-full\" alt=\"\" loading=\"eager\" srcset=\"https:\/\/smeclimatehub.org\/wp-content\/uploads\/2024\/07\/Banner-growth-scaled.jpg 2560w, https:\/\/smeclimatehub.org\/wp-content\/uploads\/2024\/07\/Banner-growth-300x88.jpg 300w, https:\/\/smeclimatehub.org\/wp-content\/uploads\/2024\/07\/Banner-growth-1024x299.jpg 1024w, https:\/\/smeclimatehub.org\/wp-content\/uploads\/2024\/07\/Banner-growth-768x224.jpg 768w, https:\/\/smeclimatehub.org\/wp-content\/uploads\/2024\/07\/Banner-growth-1536x448.jpg 1536w, https:\/\/smeclimatehub.org\/wp-content\/uploads\/2024\/07\/Banner-growth-2048x597.jpg 2048w\" sizes=\"(max-width: 2560px) 100vw, 2560px\" \/>\t\t\t\t<\/div>\n\t\t\t\t\t<\/div>\n\t<\/div>\n<\/section>\n\n<div id=\"block-652bc6b3ce0b9\"  class=\"banner-with-image align-content-top no-image pt-full pb-full\">\n\t<div class=\"container\">\n\t\t<div class=\"content\">\n\t\t\t\t\t\t<div class=\"text\">\n\t\t\t\t\t\t\t\t\t<div class=\"acf-innerblocks-container\">\n\n<p><strong>Su compromiso est\u00e1 siendo procesado por nuestro equipo. Dentro de dos a cinco d\u00edas h\u00e1biles, recibir\u00e1 confirmaci\u00f3n por correo electr\u00f3nico y m\u00e1s informaci\u00f3n <\/strong>.<\/p>\n\n\n\n<p><strong>Mientras tanto, explore los pasos que su empresa puede seguir para <a href=\"https:\/\/smeclimatehub.org\/es\/como-funciona\/\">comenzar su viaje hacia <\/a><a href=\"https:\/\/smeclimatehub.org\/es\/como-funciona\/\" target=\"_blank\" rel=\"noreferrer noopener\">cero emisiones netas.<\/a><\/strong>.<\/p>\n\n<\/div>\t\t\t\t\t\t\t<\/div>\n\t\t<\/div>\n\t<\/div>\n<\/div>\n<script>jQuery(document).ready(function ($) {\ngtag('event', 'activation_successful', {\n'event_category': 'activation_successful',\n'event_label': 'activation_successful'\n});\n});\n<\/script>\n","protected":false},"excerpt":{"rendered":"","protected":false},"author":1,"featured_media":0,"parent":0,"menu_order":0,"comment_status":"closed","ping_status":"closed","template":"","meta":{"_acf_changed":false,"inline_featured_image":false,"footnotes":""},"class_list":["post-74638","page","type-page","status-publish","hentry"],"acf":[],"yoast_head":"<title>Successful Activation Page - SME Climate Hub<\/title>\n<meta name=\"robots\" content=\"index, follow, max-snippet:-1, max-image-preview:large, max-video-preview:-1\" \/>\n<link rel=\"canonical\" href=\"https:\/\/smeclimatehub.org\/es\/successful-activation-page\/\" \/>\n<meta property=\"og:locale\" content=\"es_ES\" \/>\n<meta property=\"og:type\" content=\"article\" \/>\n<meta property=\"og:title\" content=\"Successful Activation Page - SME Climate Hub\" \/>\n<meta property=\"og:url\" content=\"https:\/\/smeclimatehub.org\/es\/successful-activation-page\/\" \/>\n<meta property=\"og:site_name\" content=\"SME Climate Hub\" \/>\n<meta property=\"article:modified_time\" content=\"2024-12-11T20:11:37+00:00\" \/>\n<meta property=\"og:image\" content=\"https:\/\/smeclimatehub.org\/wp-content\/uploads\/2024\/08\/Preview_four.png\" \/>\n\t<meta property=\"og:image:width\" content=\"2000\" \/>\n\t<meta property=\"og:image:height\" content=\"1124\" \/>\n\t<meta property=\"og:image:type\" content=\"image\/png\" \/>\n<meta name=\"twitter:card\" content=\"summary_large_image\" \/>\n<script type=\"application\/ld+json\" class=\"yoast-schema-graph\">{\"@context\":\"https:\/\/schema.org\",\"@graph\":[{\"@type\":\"WebPage\",\"@id\":\"https:\/\/smeclimatehub.org\/es\/successful-activation-page\/\",\"url\":\"https:\/\/smeclimatehub.org\/es\/successful-activation-page\/\",\"name\":\"Successful Activation Page - SME Climate Hub\",\"isPartOf\":{\"@id\":\"https:\/\/businessclimatehub.org\/es\/#website\"},\"datePublished\":\"2020-09-14T14:23:20+00:00\",\"dateModified\":\"2024-12-11T20:11:37+00:00\",\"breadcrumb\":{\"@id\":\"https:\/\/smeclimatehub.org\/es\/successful-activation-page\/#breadcrumb\"},\"inLanguage\":\"es\",\"potentialAction\":[{\"@type\":\"ReadAction\",\"target\":[\"https:\/\/smeclimatehub.org\/es\/successful-activation-page\/\"]}]},{\"@type\":\"BreadcrumbList\",\"@id\":\"https:\/\/smeclimatehub.org\/es\/successful-activation-page\/#breadcrumb\",\"itemListElement\":[{\"@type\":\"ListItem\",\"position\":1,\"name\":\"Home\",\"item\":\"https:\/\/smeclimatehub.org\/es\/\"},{\"@type\":\"ListItem\",\"position\":2,\"name\":\"Successful Activation Page\"}]},{\"@type\":\"WebSite\",\"@id\":\"https:\/\/businessclimatehub.org\/es\/#website\",\"url\":\"https:\/\/businessclimatehub.org\/es\/\",\"name\":\"SME Climate hub\",\"description\":\"\",\"publisher\":{\"@id\":\"https:\/\/businessclimatehub.org\/es\/#organization\"},\"potentialAction\":[{\"@type\":\"SearchAction\",\"target\":{\"@type\":\"EntryPoint\",\"urlTemplate\":\"https:\/\/businessclimatehub.org\/es\/?s={search_term_string}\"},\"query-input\":{\"@type\":\"PropertyValueSpecification\",\"valueRequired\":true,\"valueName\":\"search_term_string\"}}],\"inLanguage\":\"es\"},{\"@type\":\"Organization\",\"@id\":\"https:\/\/businessclimatehub.org\/es\/#organization\",\"name\":\"SME Climate hub\",\"url\":\"https:\/\/businessclimatehub.org\/es\/\",\"logo\":{\"@type\":\"ImageObject\",\"inLanguage\":\"es\",\"@id\":\"https:\/\/businessclimatehub.org\/es\/#\/schema\/logo\/image\/\",\"url\":\"https:\/\/smeclimatehub.org\/wp-content\/uploads\/2025\/03\/smeLogo-1.png\",\"contentUrl\":\"https:\/\/smeclimatehub.org\/wp-content\/uploads\/2025\/03\/smeLogo-1.png\",\"width\":465,\"height\":245,\"caption\":\"SME Climate hub\"},\"image\":{\"@id\":\"https:\/\/businessclimatehub.org\/es\/#\/schema\/logo\/image\/\"}}]}<\/script>","yoast_head_json":{"title":"Successful Activation Page - SME Climate Hub","robots":{"index":"index","follow":"follow","max-snippet":"max-snippet:-1","max-image-preview":"max-image-preview:large","max-video-preview":"max-video-preview:-1"},"canonical":"https:\/\/smeclimatehub.org\/es\/successful-activation-page\/","og_locale":"es_ES","og_type":"article","og_title":"Successful Activation Page - SME Climate Hub","og_url":"https:\/\/smeclimatehub.org\/es\/successful-activation-page\/","og_site_name":"SME Climate Hub","article_modified_time":"2024-12-11T20:11:37+00:00","og_image":[{"width":2000,"height":1124,"url":"https:\/\/smeclimatehub.org\/wp-content\/uploads\/2024\/08\/Preview_four.png","type":"image\/png"}],"twitter_card":"summary_large_image","schema":{"@context":"https:\/\/schema.org","@graph":[{"@type":"WebPage","@id":"https:\/\/smeclimatehub.org\/es\/successful-activation-page\/","url":"https:\/\/smeclimatehub.org\/es\/successful-activation-page\/","name":"Successful Activation Page - SME Climate Hub","isPartOf":{"@id":"https:\/\/businessclimatehub.org\/es\/#website"},"datePublished":"2020-09-14T14:23:20+00:00","dateModified":"2024-12-11T20:11:37+00:00","breadcrumb":{"@id":"https:\/\/smeclimatehub.org\/es\/successful-activation-page\/#breadcrumb"},"inLanguage":"es","potentialAction":[{"@type":"ReadAction","target":["https:\/\/smeclimatehub.org\/es\/successful-activation-page\/"]}]},{"@type":"BreadcrumbList","@id":"https:\/\/smeclimatehub.org\/es\/successful-activation-page\/#breadcrumb","itemListElement":[{"@type":"ListItem","position":1,"name":"Home","item":"https:\/\/smeclimatehub.org\/es\/"},{"@type":"ListItem","position":2,"name":"Successful Activation Page"}]},{"@type":"WebSite","@id":"https:\/\/businessclimatehub.org\/es\/#website","url":"https:\/\/businessclimatehub.org\/es\/","name":"SME Climate hub","description":"","publisher":{"@id":"https:\/\/businessclimatehub.org\/es\/#organization"},"potentialAction":[{"@type":"SearchAction","target":{"@type":"EntryPoint","urlTemplate":"https:\/\/businessclimatehub.org\/es\/?s={search_term_string}"},"query-input":{"@type":"PropertyValueSpecification","valueRequired":true,"valueName":"search_term_string"}}],"inLanguage":"es"},{"@type":"Organization","@id":"https:\/\/businessclimatehub.org\/es\/#organization","name":"SME Climate hub","url":"https:\/\/businessclimatehub.org\/es\/","logo":{"@type":"ImageObject","inLanguage":"es","@id":"https:\/\/businessclimatehub.org\/es\/#\/schema\/logo\/image\/","url":"https:\/\/smeclimatehub.org\/wp-content\/uploads\/2025\/03\/smeLogo-1.png","contentUrl":"https:\/\/smeclimatehub.org\/wp-content\/uploads\/2025\/03\/smeLogo-1.png","width":465,"height":245,"caption":"SME Climate hub"},"image":{"@id":"https:\/\/businessclimatehub.org\/es\/#\/schema\/logo\/image\/"}}]}},"_links":{"self":[{"href":"https:\/\/smeclimatehub.org\/es\/wp-json\/wp\/v2\/pages\/74638","targetHints":{"allow":["GET"]}}],"collection":[{"href":"https:\/\/smeclimatehub.org\/es\/wp-json\/wp\/v2\/pages"}],"about":[{"href":"https:\/\/smeclimatehub.org\/es\/wp-json\/wp\/v2\/types\/page"}],"author":[{"embeddable":true,"href":"https:\/\/smeclimatehub.org\/es\/wp-json\/wp\/v2\/users\/1"}],"replies":[{"embeddable":true,"href":"https:\/\/smeclimatehub.org\/es\/wp-json\/wp\/v2\/comments?post=74638"}],"version-history":[{"count":0,"href":"https:\/\/smeclimatehub.org\/es\/wp-json\/wp\/v2\/pages\/74638\/revisions"}],"wp:attachment":[{"href":"https:\/\/smeclimatehub.org\/es\/wp-json\/wp\/v2\/media?parent=74638"}],"curies":[{"name":"wp","href":"https:\/\/api.w.org\/{rel}","templated":true}]}}