
{"id":74559,"date":"2021-12-14T09:40:46","date_gmt":"2021-12-14T08:40:46","guid":{"rendered":"https:\/\/smeclimatehub.org\/curso-climate-fit\/"},"modified":"2024-12-10T21:50:05","modified_gmt":"2024-12-10T20:50:05","slug":"curso-climate-fit","status":"publish","type":"page","link":"https:\/\/smeclimatehub.org\/es\/curso-climate-fit\/","title":{"rendered":"Curso Climate Fit"},"content":{"rendered":"\n<section id=\"block-650bfa3078f32\" class=\"content-editor-section light-bg pt-half pb-full\">\n\t<div class=\"container\">\n\t\t<div class=\"content-block \">\n\t\t\t<div class=\"text\">\n\t\t\t\t<div class=\"acf-innerblocks-container\">\n\n<figure class=\"wp-block-image size-large is-resized\"><img loading=\"lazy\" decoding=\"async\" width=\"1024\" height=\"580\" src=\"https:\/\/smeclimatehub.org\/wp-content\/uploads\/2023\/10\/climateFitBanner-1024x580.jpg\" alt=\"\" class=\"wp-image-19434\" style=\"aspect-ratio:1.7655172413793103;width:1024px;height:auto\" srcset=\"https:\/\/smeclimatehub.org\/wp-content\/uploads\/2023\/10\/climateFitBanner-1024x580.jpg 1024w, https:\/\/smeclimatehub.org\/wp-content\/uploads\/2023\/10\/climateFitBanner-300x170.jpg 300w, https:\/\/smeclimatehub.org\/wp-content\/uploads\/2023\/10\/climateFitBanner-768x435.jpg 768w, https:\/\/smeclimatehub.org\/wp-content\/uploads\/2023\/10\/climateFitBanner-1536x871.jpg 1536w, https:\/\/smeclimatehub.org\/wp-content\/uploads\/2023\/10\/climateFitBanner-2048x1161.jpg 2048w\" sizes=\"auto, (max-width: 1024px) 100vw, 1024px\" \/><\/figure>\n\n\n\n<p>Climate Fit es un curso de capacitaci\u00f3n en l\u00ednea gratuito que brinda a las pymes una gu\u00eda pr\u00e1ctica paso a paso sobre c\u00f3mo adoptar medidas clim\u00e1ticas en toda la empresa. Climate Fit consta de siete cursos de 20 a 30 minutos cada uno. <\/p>\n\n\n\n<p class=\"button-wrapper\"><a class=\"button\" target=\"blank\" href=\"https:\/\/academy.smeclimatehub.org\/climate-fit-courses\" rel=\"noopener\">Accede a los cursos de Climate Fit<\/a><\/p>\n\n<\/div>\t\t\t\t\t\t\t<\/div>\n\t\t\t\t\t<\/div>\n\t<\/div>\n<\/section>\n<section id=\"block-650bfeac11298\" class=\"content-editor-section content-block light-bg white pt-half pb-half\">\n\t<div class=\"container\">\n\t\t<div class=\"content-block \">\n\t\t\t<div class=\"text\">\n\t\t\t\t<div class=\"acf-innerblocks-container\">\n\n<h2 class=\"wp-block-heading\">\u00bfPara qui\u00e9n es?<\/h2>\n\n\n\n<p>Climate Fit ha sido dise\u00f1ado espec\u00edficamente para PYMES.<\/p>\n\n\n\n<p>Para afrontar los retos de mitigaci\u00f3n de emisiones y adaptaci\u00f3n al cambio clim\u00e1tico, es dif\u00edcil saber por donde empezar. La complejidad del problema, la falta de informaci\u00f3n y los recursos limitados deja a muchos sin saber c\u00f3mo tomar acci\u00f3n. <\/p>\n\n\n\n<p>D\u00f3nde sea que est\u00e9s en el mundo, y ya seas un equipo de 2 o 100, este curso tiene como objetivo ayudar a peque\u00f1os y medianos negocios a avanzar por el camino de la neutralidad de carbono, en siete sencillos pasos.<\/p>\n\n<\/div>\t\t\t\t\t\t\t<\/div>\n\t\t\t\t\t<\/div>\n\t<\/div>\n<\/section>\n<section id=\"block-650bfeac112d9\" class=\"content-editor-section content-block no-paddings-inside light-bg white pt-half pb-half\">\n\t<div class=\"container\">\n\t\t<div class=\"content-block \">\n\t\t\t<div class=\"text\">\n\t\t\t\t<div class=\"acf-innerblocks-container\">\n\n<div id=\"block-650bfed8d75eb\"  class=\"youtube-video\">\n\t\t\t<div data-target=\"youtube_video\" data-video-id=\"Bjo5HKj55iE\" class=\"video\"><\/div>\n\t<\/div>\n<\/div>\t\t\t\t\t\t\t<\/div>\n\t\t\t\t\t<\/div>\n\t<\/div>\n<\/section>\n<section id=\"block-650c042b63e98\" class=\"content-editor-section content-block light-bg white pt-half pb-half\">\n\t<div class=\"container\">\n\t\t<div class=\"content-block \">\n\t\t\t<div class=\"text\">\n\t\t\t\t<div class=\"acf-innerblocks-container\">\n\n<h2 class=\"wp-block-heading\">Toma acci\u00f3n en 7 sencillos pasos<\/h2>\n\n\n\t<ul id=\"block-650c055fd8081\"  class=\"list-with-icons no-list\">\n\t\t\t\t\t<li>\n\t\t\t\t\t\t\t\t\t<div class=\"icon\">\n\t\t\t\t\t\t<img decoding=\"async\" width=\"60\" height=\"41\" src=\"https:\/\/smeclimatehub.org\/wp-content\/uploads\/2023\/10\/Copy-of-Climate-Fit-icon_strategy-_-governance1-1-1.png\" class=\"attachment-full size-full\" alt=\"\" loading=\"lazy\" \/>\t\t\t\t\t<\/div>\n\t\t\t\t\t\t\t\t\t\t\t\t\t<p><strong><a href=\"https:\/\/smeclimatehub.org\/wp-json\/lw\/v1\/sso?redirectUrl=https%3A%2F%2Facademy.smeclimatehub.org%2Fcourse%2Fclimate-strategy-and-governance\" target=\"_blank\" rel=\"noopener\">Gobernanza y estrategia<\/a>:<\/strong> Incorpore la sostenibilidad en el coraz\u00f3n de su estrategia empresarial e identifique d\u00f3nde puede generar el mayor impacto<\/p>\n\t\t\t\t\t\t\t<\/li>\n\t\t\t\t\t<li>\n\t\t\t\t\t\t\t\t\t<div class=\"icon\">\n\t\t\t\t\t\t<img decoding=\"async\" width=\"31\" height=\"40\" src=\"https:\/\/smeclimatehub.org\/wp-content\/uploads\/2023\/10\/Copy-of-Climate-Fit-icon_operations2New-1.png\" class=\"attachment-full size-full\" alt=\"\" loading=\"lazy\" \/>\t\t\t\t\t<\/div>\n\t\t\t\t\t\t\t\t\t\t\t\t\t<p><strong><a href=\"https:\/\/smeclimatehub.org\/wp-json\/lw\/v1\/sso?redirectUrl=https%3A%2F%2Facademy.smeclimatehub.org%2Fcourse%2Fclimate-action-for-your-operations\" target=\"_blank\" rel=\"noopener\">Operaciones<\/a>:<\/strong> Operaciones: Descubra c\u00f3mo mejorar su eficiencia energ\u00e9tica, reducir emisiones e implementar energ\u00eda renovable<\/p>\n\t\t\t\t\t\t\t<\/li>\n\t\t\t\t\t<li>\n\t\t\t\t\t\t\t\t\t<div class=\"icon\">\n\t\t\t\t\t\t<img decoding=\"async\" width=\"34\" height=\"40\" src=\"https:\/\/smeclimatehub.org\/wp-content\/uploads\/2023\/10\/Copy-of-Climate-Fit-icon_supply-chain3-1-1.png\" class=\"attachment-full size-full\" alt=\"\" loading=\"lazy\" \/>\t\t\t\t\t<\/div>\n\t\t\t\t\t\t\t\t\t\t\t\t\t<p><strong><a href=\"https:\/\/smeclimatehub.org\/wp-json\/lw\/v1\/sso?redirectUrl=https%3A%2F%2Facademy.smeclimatehub.org%2Fcourse%2Freducing-emissions-in-your-supply-chain\" target=\"_blank\" rel=\"noopener\">Cadena de suministro<\/a>:<\/strong> Integre consideraciones clim\u00e1ticas en sus procesos de adquisici\u00f3n est\u00e1ndar<\/p>\n\t\t\t\t\t\t\t<\/li>\n\t\t\t\t\t<li>\n\t\t\t\t\t\t\t\t\t<div class=\"icon\">\n\t\t\t\t\t\t<img decoding=\"async\" width=\"40\" height=\"40\" src=\"https:\/\/smeclimatehub.org\/wp-content\/uploads\/2023\/10\/Copy-of-Climate-Fit-icon_product-design4-copy-1.png\" class=\"attachment-full size-full\" alt=\"\" loading=\"lazy\" \/>\t\t\t\t\t<\/div>\n\t\t\t\t\t\t\t\t\t\t\t\t\t<p><strong><a href=\"https:\/\/smeclimatehub.org\/wp-json\/lw\/v1\/sso?redirectUrl=https%3A%2F%2Facademy.smeclimatehub.org%2Fcourse%2Fdesign-for-net-zero\" target=\"_blank\" rel=\"noopener\">Dise\u00f1o<\/a>:<\/strong> Aprenda a aplicar un enfoque de pensamiento de ciclo de vida al dise\u00f1o, tome decisiones inteligentes sobre los materiales y dise\u00f1e para obtener el mejor rendimiento con un impacto m\u00ednimo.<\/p>\n\t\t\t\t\t\t\t<\/li>\n\t\t\t\t\t<li>\n\t\t\t\t\t\t\t\t\t<div class=\"icon\">\n\t\t\t\t\t\t<img decoding=\"async\" width=\"34\" height=\"40\" src=\"https:\/\/smeclimatehub.org\/wp-content\/uploads\/2023\/10\/Copy-of-Climate-Fit-icon_finance5-1.png\" class=\"attachment-full size-full\" alt=\"\" loading=\"lazy\" \/>\t\t\t\t\t<\/div>\n\t\t\t\t\t\t\t\t\t\t\t\t\t<p><strong><a href=\"https:\/\/smeclimatehub.org\/wp-json\/lw\/v1\/sso?redirectUrl=https%3A%2F%2Facademy.smeclimatehub.org%2Fcourse%2Ffinancing-net-zero-transition\" target=\"_blank\" rel=\"noopener\">Finanzas<\/a>:<\/strong> Construya un caso de negocios s\u00f3lido y descubra c\u00f3mo asegurar financiamiento verde.<\/p>\n\t\t\t\t\t\t\t<\/li>\n\t\t\t\t\t<li>\n\t\t\t\t\t\t\t\t\t<div class=\"icon\">\n\t\t\t\t\t\t<img decoding=\"async\" width=\"59\" height=\"40\" src=\"https:\/\/smeclimatehub.org\/wp-content\/uploads\/2023\/10\/Copy-of-Climate-Fit-icon_people-_-community6-2.png\" class=\"attachment-full size-full\" alt=\"\" loading=\"lazy\" \/>\t\t\t\t\t<\/div>\n\t\t\t\t\t\t\t\t\t\t\t\t\t<p><strong><a href=\"https:\/\/smeclimatehub.org\/wp-json\/lw\/v1\/sso?redirectUrl=https%3A%2F%2Facademy.smeclimatehub.org%2Fcourse%2Fengaging-your-people-and-community-in-your-climate-ambitions\" target=\"_blank\" rel=\"noopener\">Personas y comunidades<\/a>:<\/strong> Involucre e inspire primero a sus empleados, luego a su comunidad, e incorpore a las personas en su viaje hacia el cero neto.<\/p>\n\t\t\t\t\t\t\t<\/li>\n\t\t\t\t\t<li>\n\t\t\t\t\t\t\t\t\t<div class=\"icon\">\n\t\t\t\t\t\t<img decoding=\"async\" width=\"60\" height=\"29\" src=\"https:\/\/smeclimatehub.org\/wp-content\/uploads\/2023\/10\/Copy-of-Climate-Fit-icon_storytelling7-2.png\" class=\"attachment-full size-full\" alt=\"\" loading=\"lazy\" \/>\t\t\t\t\t<\/div>\n\t\t\t\t\t\t\t\t\t\t\t\t\t<p><strong><a href=\"https:\/\/smeclimatehub.org\/wp-json\/lw\/v1\/sso?redirectUrl=https%3A%2F%2Facademy.smeclimatehub.org%2Fcourse%2Fnet-zero-storytelling\" target=\"_blank\" rel=\"noopener\">Narrativa de cero emisiones netas<\/a>:<\/strong> Comunique el progreso y los objetivos a diferentes audiencias, aline\u00e1ndolos con la misi\u00f3n y la visi\u00f3n de su empresa<\/p>\n\t\t\t\t\t\t\t<\/li>\n\t\t\t<\/ul>\n\n<\/div>\t\t\t\t\t\t\t<\/div>\n\t\t\t\t\t<\/div>\n\t<\/div>\n<\/section>\n<section id=\"block-650c08c35c447\" class=\"content-editor-section content-block light-bg white pt-half pb-half\">\n\t<div class=\"container\">\n\t\t<div class=\"content-block \">\n\t\t\t<div class=\"text\">\n\t\t\t\t<div class=\"acf-innerblocks-container\">\n\n<h2 class=\"wp-block-heading\">C\u00f3mo funciona:<\/h2>\n\n\n\n<ul class=\"wp-block-list more-space\">\n<li><strong>Gratuito y abierto para todas las pymes. <\/strong>Acceda a los cursos en l\u00ednea desde cualquier parte del mundo.<\/li>\n\n\n\n<li><strong>Siete cursos<\/strong> que dividen las tareas en pasos alcanzables.<\/li>\n\n\n\n<li><strong>Los cursos autoguiados duran entre 20 y 30 minutos<\/strong> y est\u00e1n dise\u00f1ados para que usted pueda marcar el ritmo.<\/li>\n\n\n\n<li><strong>Muy interactivo<\/strong>, incluye v\u00eddeos, actividades y evaluaciones para ayudarte en tu camino de aprendizaje.<\/li>\n\n\n\n<li><strong>Aprende de tus pares<\/strong>, con casos de estudio sobre negocios que lideran el camino en la acci\u00f3n clim\u00e1tica<\/li>\n\n\n\n<li><strong>Establece acciones concretas<\/strong>, que puedas implementar en tu negocio para generar un cambio.<\/li>\n\n\n\n<li><strong>Opciones de lenguaje<\/strong> \u2013 Spanish translation coming soon!<\/li>\n\n\n\n<li><strong>Ser\u00e1s guiado por nuestros eco-atletas<\/strong>, quienes te motivar\u00e1n en cada paso del camino.<\/li>\n<\/ul>\n\n<\/div>\t\t\t\t\t\t\t<\/div>\n\t\t\t\t\t<\/div>\n\t<\/div>\n<\/section>\n<section id=\"block-650c0cc0a278a\" class=\"content-editor-section content-block light-bg white pt-half pb-half\">\n\t<div class=\"container\">\n\t\t<div class=\"content-block \">\n\t\t\t<div class=\"text\">\n\t\t\t\t<div class=\"acf-innerblocks-container\">\n\n<h2 class=\"wp-block-heading\">\u00bfQu\u00e9 puedes ganar?<\/h2>\n\n\n\n<p>En caso que proteger el Planeta Tierra para las futuras generaciones no fuera suficiente, al tomar acci\u00f3n tu empresa puede:<\/p>\n\n\n\n<ul class=\"wp-block-list more-space\">\n<li>Satisfacer una demanda creciente de consumidores por marcas sostenibles<\/li>\n\n\n\n<li>Descubrir c\u00f3mo ahorrar dinero y crear nuevos ingresos a trav\u00e9s de pr\u00e1cticas sostenibles<\/li>\n\n\n\n<li>Ganar y retener negocios con empresas l\u00edderes que tienen la expectativa de tener proveedores sostenibles<\/li>\n\n\n\n<li>Gestiona riegos y aumenta la resiliencia<\/li>\n\n\n\n<li>Mejora tu acceso a capital<\/li>\n\n\n\n<li>Atrae y ret\u00e9n al mejor talento buscando trabajar en empresas enfocadas en la sustenibilidad<\/li>\n\n\n\n<li>Adel\u00e1ntate a los cambios regulatorios<\/li>\n<\/ul>\n\n<\/div>\t\t\t\t\t\t\t<\/div>\n\t\t\t\t\t<\/div>\n\t<\/div>\n<\/section>\n<section id=\"block-650c0cc0a27d0\" class=\"content-editor-section content-block light-bg white pt-half pb-half\">\n\t<div class=\"container\">\n\t\t<div class=\"content-block with-link\">\n\t\t\t<div class=\"text\">\n\t\t\t\t<div class=\"acf-innerblocks-container\">\n\n<h2 class=\"wp-block-heading\">Desarrollado por expertos en negocios y sustenibilidad:<\/h2>\n\n\n\n<figure class=\"wp-block-image size-full\"><img decoding=\"async\" src=\"http:\/\/localhost\/newsme\/wp-content\/uploads\/2023\/09\/CISL_logo_RGB_HIRES-1-1-1.png\" alt=\"\" class=\"wp-image-3142\"\/><\/figure>\n\n\n\n<p><a href=\"https:\/\/www.cisl.cam.ac.uk\/\" data-type=\"URL\" data-id=\"https:\/\/www.cisl.cam.ac.uk\/\">El Instituto de Liderazgo en Sostenibilidad de la Universidad de Cambridge<\/a> es un instituto influyente a nivel global que viene desarrollando liderazgo y soluciones para una econom\u00eda sostenible. En los \u00faltimos 30 a\u00f1os, ha construido una <a href=\"https:\/\/www.cisl.cam.ac.uk\/network\" data-type=\"URL\" data-id=\"https:\/\/www.cisl.cam.ac.uk\/network\">red de l\u00edderes<\/a> de m\u00e1s de 20,000 profesionales de empresas, gobiernos y sociedad civil, qui\u00e9nes han tenido un impacto en cada sector y en cada continente. <\/p>\n\n\n\n<figure class=\"wp-block-image size-full\"><img decoding=\"async\" src=\"http:\/\/localhost\/newsme\/wp-content\/uploads\/2023\/09\/BSR-1-300x118-1-1.png\" alt=\"\" class=\"wp-image-3157\"\/><\/figure>\n\n\n\n<p><a href=\"https:\/\/www.bsr.org\/en\/\">BSR\u2122<\/a> es una organizaci\u00f3n de expertos en negocios sostenibles que trabajan con la red de empresas l\u00edderes para construir un mundo justo y sostenible. Con oficinas en Asia, Europa y Norte Am\u00e9rica, BSR\u2122 provee informaci\u00f3n, asesor\u00eda e iniciativas colaborativas para ayudarte a ver un mundo cambiante de manera m\u00e1s clara, crear valor empresarial a largo plazo y escalar el impacto. <\/p>\n\n<\/div>\t\t\t\t\t\t\t<\/div>\n\t\t\t\t\t\t\t<div class=\"link\">\n\t\t\t\t\t<a target=\"_blank\" href=\"https:\/\/academy.smeclimatehub.org\/climate-fit-courses\">\u00bfQu\u00e9 est\u00e1s esperando? Comienza tu entrenamiento Climate Fit hoy <\/a>\n\t\t\t\t<\/div>\n\t\t\t\t\t<\/div>\n\t<\/div>\n<\/section>\n<section id=\"block-650c0f8992bd2\" class=\"content-editor-section content-block light-bg white pt-half none\">\n\t<div class=\"container\">\n\t\t<div class=\"content-block \">\n\t\t\t<div class=\"text\">\n\t\t\t\t<div class=\"acf-innerblocks-container\">\n\n<h2 class=\"wp-block-heading\">\u00bfQuieres saber m\u00e1s?<\/h2>\n\n\n\n<p>Para m\u00e1s informaci\u00f3n sobre el Climate Fit, revisa nuestro webinar el cual provee un resumen del curso.<\/p>\n\n\n\n<p><a href=\"https:\/\/www.youtube.com\/watch?v=SCgRNzLLf-I\">El lanzamiento de Climate Fit: un entrenamiento gratutito y sencillo de neutralidad de carbono para PYMES.<\/a><\/p>\n\n\n\n<div id=\"block-650c0f8992c06\"  class=\"youtube-video\">\n\t\t\t<div data-target=\"youtube_video\" data-video-id=\"SCgRNzLLf-I\" class=\"video\"><\/div>\n\t<\/div>\n<\/div>\t\t\t\t\t\t\t<\/div>\n\t\t\t\t\t<\/div>\n\t<\/div>\n<\/section>\n<script>jQuery(document).ready(function ($) {\nlang_code = Transifex.live.detectLanguage();\nif (lang_code == \"es\"){\n    var link = '\/courses\/bienvenido-al-clima-fit\/';\n    $(\"div.courseLink a\").attr(\"href\", link);\n}else{\n    var link = '\/courses\/education\/';\n    $(\"div.courseLink a\").attr(\"href\", link);\n}\nTransifex.live.onTranslatePage(function(language_code) {\n  if (language_code === \"es\") {\n            var link = '\/courses\/bienvenido-al-clima-fit\/';\n            $(\"div.courseLink a\").attr(\"href\", link);\n        } else {\n            var link = '\/courses\/education\/';\n            $(\"div.courseLink a\").attr(\"href\", link);\n        }\n});\n});\n\n<\/script>\n\n<p><\/p>\n","protected":false},"excerpt":{"rendered":"","protected":false},"author":1320,"featured_media":0,"parent":0,"menu_order":0,"comment_status":"closed","ping_status":"closed","template":"","meta":{"_acf_changed":false,"inline_featured_image":false,"footnotes":""},"class_list":["post-74559","page","type-page","status-publish","hentry"],"acf":[],"yoast_head":"<title>Curso Climate Fit - SME Climate Hub<\/title>\n<meta name=\"robots\" content=\"index, follow, max-snippet:-1, max-image-preview:large, max-video-preview:-1\" \/>\n<link rel=\"canonical\" href=\"https:\/\/smeclimatehub.org\/es\/curso-climate-fit\/\" \/>\n<meta property=\"og:locale\" content=\"es_ES\" \/>\n<meta property=\"og:type\" content=\"article\" \/>\n<meta property=\"og:title\" content=\"Curso Climate Fit - SME Climate Hub\" \/>\n<meta property=\"og:url\" content=\"https:\/\/smeclimatehub.org\/es\/curso-climate-fit\/\" \/>\n<meta property=\"og:site_name\" content=\"SME Climate Hub\" \/>\n<meta property=\"article:modified_time\" content=\"2024-12-10T20:50:05+00:00\" \/>\n<meta property=\"og:image\" content=\"https:\/\/smeclimatehub.org\/wp-content\/uploads\/2023\/10\/climateFitBanner-1024x580.jpg\" \/>\n<meta name=\"twitter:card\" content=\"summary_large_image\" \/>\n<meta name=\"twitter:label1\" content=\"Est. reading time\" \/>\n\t<meta name=\"twitter:data1\" content=\"3 minutos\" \/>\n<script type=\"application\/ld+json\" class=\"yoast-schema-graph\">{\"@context\":\"https:\/\/schema.org\",\"@graph\":[{\"@type\":\"WebPage\",\"@id\":\"https:\/\/smeclimatehub.org\/es\/curso-climate-fit\/\",\"url\":\"https:\/\/smeclimatehub.org\/es\/curso-climate-fit\/\",\"name\":\"Curso Climate Fit - SME Climate Hub\",\"isPartOf\":{\"@id\":\"https:\/\/businessclimatehub.org\/es\/#website\"},\"primaryImageOfPage\":{\"@id\":\"https:\/\/smeclimatehub.org\/es\/curso-climate-fit\/#primaryimage\"},\"image\":{\"@id\":\"https:\/\/smeclimatehub.org\/es\/curso-climate-fit\/#primaryimage\"},\"thumbnailUrl\":\"https:\/\/smeclimatehub.org\/wp-content\/uploads\/2023\/10\/climateFitBanner-1024x580.jpg\",\"datePublished\":\"2021-12-14T08:40:46+00:00\",\"dateModified\":\"2024-12-10T20:50:05+00:00\",\"breadcrumb\":{\"@id\":\"https:\/\/smeclimatehub.org\/es\/curso-climate-fit\/#breadcrumb\"},\"inLanguage\":\"es\",\"potentialAction\":[{\"@type\":\"ReadAction\",\"target\":[\"https:\/\/smeclimatehub.org\/es\/curso-climate-fit\/\"]}]},{\"@type\":\"ImageObject\",\"inLanguage\":\"es\",\"@id\":\"https:\/\/smeclimatehub.org\/es\/curso-climate-fit\/#primaryimage\",\"url\":\"https:\/\/smeclimatehub.org\/wp-content\/uploads\/2023\/10\/climateFitBanner-1024x580.jpg\",\"contentUrl\":\"https:\/\/smeclimatehub.org\/wp-content\/uploads\/2023\/10\/climateFitBanner-1024x580.jpg\"},{\"@type\":\"BreadcrumbList\",\"@id\":\"https:\/\/smeclimatehub.org\/es\/curso-climate-fit\/#breadcrumb\",\"itemListElement\":[{\"@type\":\"ListItem\",\"position\":1,\"name\":\"Home\",\"item\":\"https:\/\/smeclimatehub.org\/es\/\"},{\"@type\":\"ListItem\",\"position\":2,\"name\":\"Curso Climate Fit\"}]},{\"@type\":\"WebSite\",\"@id\":\"https:\/\/businessclimatehub.org\/es\/#website\",\"url\":\"https:\/\/businessclimatehub.org\/es\/\",\"name\":\"SME Climate hub\",\"description\":\"\",\"publisher\":{\"@id\":\"https:\/\/businessclimatehub.org\/es\/#organization\"},\"potentialAction\":[{\"@type\":\"SearchAction\",\"target\":{\"@type\":\"EntryPoint\",\"urlTemplate\":\"https:\/\/businessclimatehub.org\/es\/?s={search_term_string}\"},\"query-input\":{\"@type\":\"PropertyValueSpecification\",\"valueRequired\":true,\"valueName\":\"search_term_string\"}}],\"inLanguage\":\"es\"},{\"@type\":\"Organization\",\"@id\":\"https:\/\/businessclimatehub.org\/es\/#organization\",\"name\":\"SME Climate hub\",\"url\":\"https:\/\/businessclimatehub.org\/es\/\",\"logo\":{\"@type\":\"ImageObject\",\"inLanguage\":\"es\",\"@id\":\"https:\/\/businessclimatehub.org\/es\/#\/schema\/logo\/image\/\",\"url\":\"https:\/\/smeclimatehub.org\/wp-content\/uploads\/2025\/03\/smeLogo-1.png\",\"contentUrl\":\"https:\/\/smeclimatehub.org\/wp-content\/uploads\/2025\/03\/smeLogo-1.png\",\"width\":465,\"height\":245,\"caption\":\"SME Climate hub\"},\"image\":{\"@id\":\"https:\/\/businessclimatehub.org\/es\/#\/schema\/logo\/image\/\"}}]}<\/script>","yoast_head_json":{"title":"Curso Climate Fit - SME Climate Hub","robots":{"index":"index","follow":"follow","max-snippet":"max-snippet:-1","max-image-preview":"max-image-preview:large","max-video-preview":"max-video-preview:-1"},"canonical":"https:\/\/smeclimatehub.org\/es\/curso-climate-fit\/","og_locale":"es_ES","og_type":"article","og_title":"Curso Climate Fit - SME Climate Hub","og_url":"https:\/\/smeclimatehub.org\/es\/curso-climate-fit\/","og_site_name":"SME Climate Hub","article_modified_time":"2024-12-10T20:50:05+00:00","og_image":[{"url":"https:\/\/smeclimatehub.org\/wp-content\/uploads\/2023\/10\/climateFitBanner-1024x580.jpg","type":"","width":"","height":""}],"twitter_card":"summary_large_image","twitter_misc":{"Est. reading time":"3 minutos"},"schema":{"@context":"https:\/\/schema.org","@graph":[{"@type":"WebPage","@id":"https:\/\/smeclimatehub.org\/es\/curso-climate-fit\/","url":"https:\/\/smeclimatehub.org\/es\/curso-climate-fit\/","name":"Curso Climate Fit - SME Climate Hub","isPartOf":{"@id":"https:\/\/businessclimatehub.org\/es\/#website"},"primaryImageOfPage":{"@id":"https:\/\/smeclimatehub.org\/es\/curso-climate-fit\/#primaryimage"},"image":{"@id":"https:\/\/smeclimatehub.org\/es\/curso-climate-fit\/#primaryimage"},"thumbnailUrl":"https:\/\/smeclimatehub.org\/wp-content\/uploads\/2023\/10\/climateFitBanner-1024x580.jpg","datePublished":"2021-12-14T08:40:46+00:00","dateModified":"2024-12-10T20:50:05+00:00","breadcrumb":{"@id":"https:\/\/smeclimatehub.org\/es\/curso-climate-fit\/#breadcrumb"},"inLanguage":"es","potentialAction":[{"@type":"ReadAction","target":["https:\/\/smeclimatehub.org\/es\/curso-climate-fit\/"]}]},{"@type":"ImageObject","inLanguage":"es","@id":"https:\/\/smeclimatehub.org\/es\/curso-climate-fit\/#primaryimage","url":"https:\/\/smeclimatehub.org\/wp-content\/uploads\/2023\/10\/climateFitBanner-1024x580.jpg","contentUrl":"https:\/\/smeclimatehub.org\/wp-content\/uploads\/2023\/10\/climateFitBanner-1024x580.jpg"},{"@type":"BreadcrumbList","@id":"https:\/\/smeclimatehub.org\/es\/curso-climate-fit\/#breadcrumb","itemListElement":[{"@type":"ListItem","position":1,"name":"Home","item":"https:\/\/smeclimatehub.org\/es\/"},{"@type":"ListItem","position":2,"name":"Curso Climate Fit"}]},{"@type":"WebSite","@id":"https:\/\/businessclimatehub.org\/es\/#website","url":"https:\/\/businessclimatehub.org\/es\/","name":"SME Climate hub","description":"","publisher":{"@id":"https:\/\/businessclimatehub.org\/es\/#organization"},"potentialAction":[{"@type":"SearchAction","target":{"@type":"EntryPoint","urlTemplate":"https:\/\/businessclimatehub.org\/es\/?s={search_term_string}"},"query-input":{"@type":"PropertyValueSpecification","valueRequired":true,"valueName":"search_term_string"}}],"inLanguage":"es"},{"@type":"Organization","@id":"https:\/\/businessclimatehub.org\/es\/#organization","name":"SME Climate hub","url":"https:\/\/businessclimatehub.org\/es\/","logo":{"@type":"ImageObject","inLanguage":"es","@id":"https:\/\/businessclimatehub.org\/es\/#\/schema\/logo\/image\/","url":"https:\/\/smeclimatehub.org\/wp-content\/uploads\/2025\/03\/smeLogo-1.png","contentUrl":"https:\/\/smeclimatehub.org\/wp-content\/uploads\/2025\/03\/smeLogo-1.png","width":465,"height":245,"caption":"SME Climate hub"},"image":{"@id":"https:\/\/businessclimatehub.org\/es\/#\/schema\/logo\/image\/"}}]}},"_links":{"self":[{"href":"https:\/\/smeclimatehub.org\/es\/wp-json\/wp\/v2\/pages\/74559","targetHints":{"allow":["GET"]}}],"collection":[{"href":"https:\/\/smeclimatehub.org\/es\/wp-json\/wp\/v2\/pages"}],"about":[{"href":"https:\/\/smeclimatehub.org\/es\/wp-json\/wp\/v2\/types\/page"}],"author":[{"embeddable":true,"href":"https:\/\/smeclimatehub.org\/es\/wp-json\/wp\/v2\/users\/1320"}],"replies":[{"embeddable":true,"href":"https:\/\/smeclimatehub.org\/es\/wp-json\/wp\/v2\/comments?post=74559"}],"version-history":[{"count":0,"href":"https:\/\/smeclimatehub.org\/es\/wp-json\/wp\/v2\/pages\/74559\/revisions"}],"wp:attachment":[{"href":"https:\/\/smeclimatehub.org\/es\/wp-json\/wp\/v2\/media?parent=74559"}],"curies":[{"name":"wp","href":"https:\/\/api.w.org\/{rel}","templated":true}]}}