
{"id":74511,"date":"2020-09-13T15:07:17","date_gmt":"2020-09-13T14:07:17","guid":{"rendered":"https:\/\/smeclimatehub.org\/politica-de-cookies\/"},"modified":"2025-03-27T17:39:03","modified_gmt":"2025-03-27T16:39:03","slug":"politica-de-cookies","status":"publish","type":"page","link":"https:\/\/smeclimatehub.org\/es\/politica-de-cookies\/","title":{"rendered":"Pol\u00edtica de cookies"},"content":{"rendered":"<section id=\"block-64d4ef38955ff\"  class=\"hero-section align-content-center bg-image default center-text\">\n\t<div class=\"container\">\n\t\t<div class=\"content\">\n\t\t\t<div class=\"text\">\n\t\t\t\t<div class=\"acf-innerblocks-container\">\n\n<h1 class=\"wp-block-heading\">Pol\u00edtica de cookies<\/h1>\n\n<\/div>\t\t\t\t\t\t\t\t\t\t\t\t\t\t\t\t\t\t\t<\/div>\n\t\t\t\t\t\t\t\t\t\t\t\t\t<div class=\"background-image\">\n\t\t\t\t\t<img fetchpriority=\"high\" decoding=\"async\" width=\"2560\" height=\"747\" src=\"https:\/\/smeclimatehub.org\/wp-content\/uploads\/2024\/07\/Banner-tree-scaled.jpg\" class=\"attachment-full size-full\" alt=\"\" loading=\"eager\" srcset=\"https:\/\/smeclimatehub.org\/wp-content\/uploads\/2024\/07\/Banner-tree-scaled.jpg 2560w, https:\/\/smeclimatehub.org\/wp-content\/uploads\/2024\/07\/Banner-tree-300x88.jpg 300w, https:\/\/smeclimatehub.org\/wp-content\/uploads\/2024\/07\/Banner-tree-1024x299.jpg 1024w, https:\/\/smeclimatehub.org\/wp-content\/uploads\/2024\/07\/Banner-tree-768x224.jpg 768w, https:\/\/smeclimatehub.org\/wp-content\/uploads\/2024\/07\/Banner-tree-1536x448.jpg 1536w, https:\/\/smeclimatehub.org\/wp-content\/uploads\/2024\/07\/Banner-tree-2048x597.jpg 2048w\" sizes=\"(max-width: 2560px) 100vw, 2560px\" \/>\t\t\t\t<\/div>\n\t\t\t\t\t<\/div>\n\t<\/div>\n<\/section>\n\n<div id=\"block-64d4ef3895671\"  class=\"banner-with-image align-content-top no-image pt-half pb-half\">\n\t<div class=\"container\">\n\t\t<div class=\"content\">\n\t\t\t\t\t\t<div class=\"text\">\n\t\t\t\t\t\t\t\t\t<div class=\"acf-innerblocks-container\">\n\n<p class=\"has-medium-font-size\">The SME Climate Hub uses cookies on <a href=\"\/\">smeclimatehub.org<\/a> to improve the user experience of the website.<\/p>\n\n\n\n<p class=\"has-medium-font-size\">De acuerdo con la legislaci\u00f3n de la UE sobre cookies, los visitantes de la p\u00e1gina web del Climate Hub deben ser informados sobre el uso de cookies y para qu\u00e9 prop\u00f3sito est\u00e1n siendo utilizadas. Los visitantes deben tambi\u00e9n tener la habilidad para consentir el uso de cookies que se almacenar\u00e1 en sus dispositivos. El consentimiento puede ser dado o no en los ajustes del navegador web del usuario.  <\/p>\n\n\n\n<div id=\"block-64d4ef3895680\"  class=\"grouped-paragraph\">\n\t<div class=\"acf-innerblocks-container\">\n\n<h3 class=\"wp-block-heading\">Cookies utilizadas<\/h3>\n\n\n\n<p class=\"has-medium-font-size\">_ga, _gid, _gat: Utilizados por Google Analytics para distinguir entre visitantes y solicitudes de aceleraci\u00f3n.<\/p>\n\n\n\n<p class=\"has-medium-font-size\">c\u00f3digo de \u00e1rea: Utilizado para decidir si ciertos componentes de redes sociales deber\u00edan cargarse seg\u00fan el pa\u00eds del visitante.<\/p>\n\n\n\n<p class=\"has-medium-font-size\">gcflan: Utilizado para guardar el lenguaje elegido por el visitante.<\/p>\n\n\n\n<p class=\"has-medium-font-size\">id_token: Utilizado para autenticar al visitante.<\/p>\n\n\n\n<p class=\"has-medium-font-size\">cookien: Utilizado para saber si mostrar o no la notificaci\u00f3n de cookies.<\/p>\n\n<\/div><\/div>\n\n\n<div id=\"block-64d4f09f290c5\"  class=\"grouped-paragraph\">\n\t<div class=\"acf-innerblocks-container\">\n\n<h3 class=\"wp-block-heading\">\u00bfC\u00f3mo puedo declinar que las cookies se almacenen?<\/h3>\n\n\n\n<p class=\"has-medium-font-size\">Si no deseas que las cookies sean almacenadas en tu computadora, puedes configurar tu navegador para prevenir que las cookies se descarguen. Tambi\u00e9n puedes configurar tu navegador para pedir permiso cada vez que una p\u00e1gina web desee almacenar una cookie. <\/p>\n\n<\/div><\/div>\n<\/div>\t\t\t\t\t\t\t<\/div>\n\t\t<\/div>\n\t<\/div>\n<\/div>\n<div class=\"stay-updated-block darkBackground \">\n\t<div class=\"container\">\n<div class=\"column\">\n<h2>Mantente al d\u00eda<\/h2>\n<p>Suscr\u00edbete a nuestro bolet\u00edn para estar al d\u00eda de las novedades del \u00e1mbito clim\u00e1tico.<\/p>\n<\/div>\n<div class=\"column\">\n\t<button data-popup-button=\"stay-updated-form\" type=\"button\" class=\"button none\">Suscribirse<\/button>\n<\/div>\n<\/div>\n\n<\/div>","protected":false},"excerpt":{"rendered":"","protected":false},"author":17,"featured_media":0,"parent":0,"menu_order":0,"comment_status":"closed","ping_status":"closed","template":"","meta":{"_acf_changed":false,"inline_featured_image":false,"footnotes":""},"class_list":["post-74511","page","type-page","status-publish","hentry"],"acf":[],"yoast_head":"<title>Pol\u00edtica de cookies - SME Climate Hub<\/title>\n<meta name=\"robots\" content=\"index, follow, max-snippet:-1, max-image-preview:large, max-video-preview:-1\" \/>\n<link rel=\"canonical\" href=\"https:\/\/smeclimatehub.org\/es\/politica-de-cookies\/\" \/>\n<meta property=\"og:locale\" content=\"es_ES\" \/>\n<meta property=\"og:type\" content=\"article\" \/>\n<meta property=\"og:title\" content=\"Pol\u00edtica de cookies - SME Climate Hub\" \/>\n<meta property=\"og:url\" content=\"https:\/\/smeclimatehub.org\/es\/politica-de-cookies\/\" \/>\n<meta property=\"og:site_name\" content=\"SME Climate Hub\" \/>\n<meta property=\"article:modified_time\" content=\"2025-03-27T16:39:03+00:00\" \/>\n<meta property=\"og:image\" content=\"https:\/\/smeclimatehub.org\/wp-content\/uploads\/2024\/08\/Preview_four.png\" \/>\n\t<meta property=\"og:image:width\" content=\"2000\" \/>\n\t<meta property=\"og:image:height\" content=\"1124\" \/>\n\t<meta property=\"og:image:type\" content=\"image\/png\" \/>\n<meta name=\"twitter:card\" content=\"summary_large_image\" \/>\n<meta name=\"twitter:label1\" content=\"Est. reading time\" \/>\n\t<meta name=\"twitter:data1\" content=\"1 minuto\" \/>\n<script type=\"application\/ld+json\" class=\"yoast-schema-graph\">{\"@context\":\"https:\/\/schema.org\",\"@graph\":[{\"@type\":\"WebPage\",\"@id\":\"https:\/\/smeclimatehub.org\/es\/politica-de-cookies\/\",\"url\":\"https:\/\/smeclimatehub.org\/es\/politica-de-cookies\/\",\"name\":\"Pol\u00edtica de cookies - SME Climate Hub\",\"isPartOf\":{\"@id\":\"https:\/\/businessclimatehub.org\/es\/#website\"},\"datePublished\":\"2020-09-13T14:07:17+00:00\",\"dateModified\":\"2025-03-27T16:39:03+00:00\",\"breadcrumb\":{\"@id\":\"https:\/\/smeclimatehub.org\/es\/politica-de-cookies\/#breadcrumb\"},\"inLanguage\":\"es\",\"potentialAction\":[{\"@type\":\"ReadAction\",\"target\":[\"https:\/\/smeclimatehub.org\/es\/politica-de-cookies\/\"]}]},{\"@type\":\"BreadcrumbList\",\"@id\":\"https:\/\/smeclimatehub.org\/es\/politica-de-cookies\/#breadcrumb\",\"itemListElement\":[{\"@type\":\"ListItem\",\"position\":1,\"name\":\"Home\",\"item\":\"https:\/\/smeclimatehub.org\/es\/\"},{\"@type\":\"ListItem\",\"position\":2,\"name\":\"Pol\u00edtica de cookies\"}]},{\"@type\":\"WebSite\",\"@id\":\"https:\/\/businessclimatehub.org\/es\/#website\",\"url\":\"https:\/\/businessclimatehub.org\/es\/\",\"name\":\"SME Climate hub\",\"description\":\"\",\"publisher\":{\"@id\":\"https:\/\/businessclimatehub.org\/es\/#organization\"},\"potentialAction\":[{\"@type\":\"SearchAction\",\"target\":{\"@type\":\"EntryPoint\",\"urlTemplate\":\"https:\/\/businessclimatehub.org\/es\/?s={search_term_string}\"},\"query-input\":{\"@type\":\"PropertyValueSpecification\",\"valueRequired\":true,\"valueName\":\"search_term_string\"}}],\"inLanguage\":\"es\"},{\"@type\":\"Organization\",\"@id\":\"https:\/\/businessclimatehub.org\/es\/#organization\",\"name\":\"SME Climate hub\",\"url\":\"https:\/\/businessclimatehub.org\/es\/\",\"logo\":{\"@type\":\"ImageObject\",\"inLanguage\":\"es\",\"@id\":\"https:\/\/businessclimatehub.org\/es\/#\/schema\/logo\/image\/\",\"url\":\"https:\/\/smeclimatehub.org\/wp-content\/uploads\/2025\/03\/smeLogo-1.png\",\"contentUrl\":\"https:\/\/smeclimatehub.org\/wp-content\/uploads\/2025\/03\/smeLogo-1.png\",\"width\":465,\"height\":245,\"caption\":\"SME Climate hub\"},\"image\":{\"@id\":\"https:\/\/businessclimatehub.org\/es\/#\/schema\/logo\/image\/\"}}]}<\/script>","yoast_head_json":{"title":"Pol\u00edtica de cookies - SME Climate Hub","robots":{"index":"index","follow":"follow","max-snippet":"max-snippet:-1","max-image-preview":"max-image-preview:large","max-video-preview":"max-video-preview:-1"},"canonical":"https:\/\/smeclimatehub.org\/es\/politica-de-cookies\/","og_locale":"es_ES","og_type":"article","og_title":"Pol\u00edtica de cookies - SME Climate Hub","og_url":"https:\/\/smeclimatehub.org\/es\/politica-de-cookies\/","og_site_name":"SME Climate Hub","article_modified_time":"2025-03-27T16:39:03+00:00","og_image":[{"width":2000,"height":1124,"url":"https:\/\/smeclimatehub.org\/wp-content\/uploads\/2024\/08\/Preview_four.png","type":"image\/png"}],"twitter_card":"summary_large_image","twitter_misc":{"Est. reading time":"1 minuto"},"schema":{"@context":"https:\/\/schema.org","@graph":[{"@type":"WebPage","@id":"https:\/\/smeclimatehub.org\/es\/politica-de-cookies\/","url":"https:\/\/smeclimatehub.org\/es\/politica-de-cookies\/","name":"Pol\u00edtica de cookies - SME Climate Hub","isPartOf":{"@id":"https:\/\/businessclimatehub.org\/es\/#website"},"datePublished":"2020-09-13T14:07:17+00:00","dateModified":"2025-03-27T16:39:03+00:00","breadcrumb":{"@id":"https:\/\/smeclimatehub.org\/es\/politica-de-cookies\/#breadcrumb"},"inLanguage":"es","potentialAction":[{"@type":"ReadAction","target":["https:\/\/smeclimatehub.org\/es\/politica-de-cookies\/"]}]},{"@type":"BreadcrumbList","@id":"https:\/\/smeclimatehub.org\/es\/politica-de-cookies\/#breadcrumb","itemListElement":[{"@type":"ListItem","position":1,"name":"Home","item":"https:\/\/smeclimatehub.org\/es\/"},{"@type":"ListItem","position":2,"name":"Pol\u00edtica de cookies"}]},{"@type":"WebSite","@id":"https:\/\/businessclimatehub.org\/es\/#website","url":"https:\/\/businessclimatehub.org\/es\/","name":"SME Climate hub","description":"","publisher":{"@id":"https:\/\/businessclimatehub.org\/es\/#organization"},"potentialAction":[{"@type":"SearchAction","target":{"@type":"EntryPoint","urlTemplate":"https:\/\/businessclimatehub.org\/es\/?s={search_term_string}"},"query-input":{"@type":"PropertyValueSpecification","valueRequired":true,"valueName":"search_term_string"}}],"inLanguage":"es"},{"@type":"Organization","@id":"https:\/\/businessclimatehub.org\/es\/#organization","name":"SME Climate hub","url":"https:\/\/businessclimatehub.org\/es\/","logo":{"@type":"ImageObject","inLanguage":"es","@id":"https:\/\/businessclimatehub.org\/es\/#\/schema\/logo\/image\/","url":"https:\/\/smeclimatehub.org\/wp-content\/uploads\/2025\/03\/smeLogo-1.png","contentUrl":"https:\/\/smeclimatehub.org\/wp-content\/uploads\/2025\/03\/smeLogo-1.png","width":465,"height":245,"caption":"SME Climate hub"},"image":{"@id":"https:\/\/businessclimatehub.org\/es\/#\/schema\/logo\/image\/"}}]}},"_links":{"self":[{"href":"https:\/\/smeclimatehub.org\/es\/wp-json\/wp\/v2\/pages\/74511","targetHints":{"allow":["GET"]}}],"collection":[{"href":"https:\/\/smeclimatehub.org\/es\/wp-json\/wp\/v2\/pages"}],"about":[{"href":"https:\/\/smeclimatehub.org\/es\/wp-json\/wp\/v2\/types\/page"}],"author":[{"embeddable":true,"href":"https:\/\/smeclimatehub.org\/es\/wp-json\/wp\/v2\/users\/17"}],"replies":[{"embeddable":true,"href":"https:\/\/smeclimatehub.org\/es\/wp-json\/wp\/v2\/comments?post=74511"}],"version-history":[{"count":0,"href":"https:\/\/smeclimatehub.org\/es\/wp-json\/wp\/v2\/pages\/74511\/revisions"}],"wp:attachment":[{"href":"https:\/\/smeclimatehub.org\/es\/wp-json\/wp\/v2\/media?parent=74511"}],"curies":[{"name":"wp","href":"https:\/\/api.w.org\/{rel}","templated":true}]}}