
{"id":72732,"date":"2020-11-13T18:10:35","date_gmt":"2020-11-13T17:10:35","guid":{"rendered":"https:\/\/smeclimatehub.org\/noticias\/"},"modified":"2025-03-27T17:49:27","modified_gmt":"2025-03-27T16:49:27","slug":"news","status":"publish","type":"page","link":"https:\/\/smeclimatehub.org\/es\/news\/","title":{"rendered":"Noticias"},"content":{"rendered":"<section id=\"block-6425798859848\"  class=\"hero-section align-content-top secondary-bg none\">\n\t<div class=\"container\">\n\t\t<div class=\"content\">\n\t\t\t<div class=\"text\">\n\t\t\t\t<div class=\"acf-innerblocks-container\">\n\n<h1 class=\"wp-block-heading\">Lee las noticias de actualidad<\/h1>\n\n\n\n<p>Todas las novedades (en ingl\u00e9s)<\/p>\n\n<\/div>\t\t\t\t\t\t\t\t\t\t\t\t\t\t\t\t\t\t\t<\/div>\n\t\t\t\t\t\t\t\t\t\t<div class=\"image\">\n\t\t\t\t\t<img fetchpriority=\"high\" decoding=\"async\" width=\"444\" height=\"437\" src=\"https:\/\/smeclimatehub.org\/wp-content\/uploads\/2023\/10\/news-hero.png\" class=\"attachment-full size-full\" alt=\"\" loading=\"eager\" srcset=\"https:\/\/smeclimatehub.org\/wp-content\/uploads\/2023\/10\/news-hero.png 444w, https:\/\/smeclimatehub.org\/wp-content\/uploads\/2023\/10\/news-hero-300x295.png 300w\" sizes=\"(max-width: 444px) 100vw, 444px\" \/>\t\t\t\t<\/div>\n\t\t\t\t\t\t\t\t<\/div>\n\t<\/div>\n<\/section>\n\n<section id=\"block-6425819a117b0\" class=\"news-section light-bg pt-full pb-full\">\n\t<div class=\"container\">\n\t\t<div class=\"content\">\n\t\t\t<form data-target=\"filter_form\" action=\"#\">\n\t\t\t\t<input type=\"hidden\" value=\"6\" name=\"numberposts\">\n\t\t\t\t<input value=\"all\" name=\"category\" type=\"hidden\">\n\t\t\t\t<input type=\"hidden\" name=\"page\" value=\"1\">\n\t\t\t\t<input type=\"hidden\" name=\"action\" value=\"sme_news_filter\">\n\t\t\t\t\t\t\t\t\t<div class=\"header\">\n\t\t\t\t\t\t<div data-target=\"select\" class=\"selector\">\n\t\t\t\t\t\t\t<h2>\n\t\t\t\t\t\t\t\t<label for=\"category\">\n\t\t\t\t\t\t\t\tCategor\u00eda:\n\t\t\t\t\t\t\t\t<\/label>\n\t\t\t\t\t\t\t<\/h2>\n\t\t\t\t\t\t\t<div class=\"select\">\n\t\t\t\t\t\t\t\t<select name=\"category\" id=\"category\">\n\t\t\t\t\t\t\t\t\t<option selected value=\"all\">Todas<\/option>\n\t\t\t\t\t\t\t\t\t\t\t\t\t\t\t\t\t\t\t<option  value=\"1-5c-supply-chain-leaders\">1.5\u00b0C Supply Chain Leaders\t\t\t\t\t\t\t\t\t\t\t\t\t\t\t\t\t\t\t<\/option>\n\t\t\t\t\t\t\t\t\t\t\t\t\t\t\t\t\t\t<\/option>\n\t\t\t\t\t\t\t\t\t\t\t\t\t\t\t\t\t\t\t<option  value=\"article\">Article\t\t\t\t\t\t\t\t\t\t\t\t\t\t\t\t\t\t\t<\/option>\n\t\t\t\t\t\t\t\t\t\t\t\t\t\t\t\t\t\t\t<option  value=\"event\">Event\t\t\t\t\t\t\t\t\t\t\t\t\t\t\t\t\t\t\t<\/option>\n\t\t\t\t\t\t\t\t\t\t\t\t\t\t\t\t\t\t\t<option  value=\"newsletter\">Newsletter\t\t\t\t\t\t\t\t\t\t\t\t\t\t\t\t\t\t\t<\/option>\n\t\t\t\t\t\t\t\t\t\t\t\t\t\t\t\t\t\t\t<option  value=\"posts\">Posts\t\t\t\t\t\t\t\t\t\t\t\t\t\t\t\t\t\t\t<\/option>\n\t\t\t\t\t\t\t\t\t\t\t\t\t\t\t\t\t\t\t<option  value=\"press-announcement\">Press announcement\t\t\t\t\t\t\t\t\t\t\t\t\t\t\t\t\t\t\t<\/option>\n\t\t\t\t\t\t\t\t\t\t\t\t\t\t\t\t\t\t\t<option  value=\"sme\">SME Stories\t\t\t\t\t\t\t\t\t\t\t\t\t\t\t\t\t\t\t<\/option>\n\t\t\t\t\t\t\t\t\t\t\t\t\t\t\t\t\t<\/select>\n\t\t\t\t\t\t\t<\/div>\n\t\t\t\t\t\t<\/div>\n\t\t\t\t\t<\/div>\n\t\t\t\t\t\t\t\t\t\t\t\t\t<div data-target=\"result_wrapper\" class=\"posts\">\n\t\t\t\t\t\t\n<div class=\"blog-post\">\n   \n    <div class=\"inner\">\n                    <div class=\"image\">\n                            <\/div>\n            <div class=\"text\">\n                <h3 class=\"title\">\n                    Free tool helps small firms cut energy bills and go green in under an hour\u00a0                <\/h3>\n                <span class=\"date\">\n                    abril 07, 2026                <\/span>\n                <p>\n                    The\u00a0SME Climate Hub, in partnership with\u00a0Giki\u00a0and\u00a0supported by the UK Government\u2019s Department for Energy Security and Net Zero, has la&#8230;                <\/p>\n            <\/div>\n            <a aria-label=\"Free tool helps small firms cut energy bills and go green in under an hour\u00a0\"\n                href=\"https:\/\/smeclimatehub.org\/es\/free-tool-helps-small-firms-cut-energy-bills-and-go-green-in-under-an-hour\/\" class=\"link\"><\/a>\n            <\/div>\n<\/div>\n<div class=\"blog-post\">\n   \n    <div class=\"inner\">\n                    <div class=\"image\">\n                <img decoding=\"async\" width=\"1920\" height=\"1280\" src=\"https:\/\/smeclimatehub.org\/wp-content\/uploads\/2025\/11\/20251711_Flagship_SMECH_SMEs-at-Risk-SMEs-as-Solution_-12-1.jpg\" class=\"attachment-full size-full\" alt=\"\" loading=\"lazy\" srcset=\"https:\/\/smeclimatehub.org\/wp-content\/uploads\/2025\/11\/20251711_Flagship_SMECH_SMEs-at-Risk-SMEs-as-Solution_-12-1.jpg 1920w, https:\/\/smeclimatehub.org\/wp-content\/uploads\/2025\/11\/20251711_Flagship_SMECH_SMEs-at-Risk-SMEs-as-Solution_-12-1-300x200.jpg 300w, https:\/\/smeclimatehub.org\/wp-content\/uploads\/2025\/11\/20251711_Flagship_SMECH_SMEs-at-Risk-SMEs-as-Solution_-12-1-1024x683.jpg 1024w, https:\/\/smeclimatehub.org\/wp-content\/uploads\/2025\/11\/20251711_Flagship_SMECH_SMEs-at-Risk-SMEs-as-Solution_-12-1-768x512.jpg 768w, https:\/\/smeclimatehub.org\/wp-content\/uploads\/2025\/11\/20251711_Flagship_SMECH_SMEs-at-Risk-SMEs-as-Solution_-12-1-1536x1024.jpg 1536w\" sizes=\"auto, (max-width: 1920px) 100vw, 1920px\" \/>            <\/div>\n            <div class=\"text\">\n                <h3 class=\"title\">\n                    3 takeaways from Bel\u00e9m: how SMEs are at risk \u2013 but are also the solution\u00a0                <\/h3>\n                <span class=\"date\">\n                    noviembre 19, 2025                <\/span>\n                <p>\n                    Pamela Jouven, Director, SME Climate Hub\u00a0 COP30 reminded me that we\u2019ve come a long way over the past few years. \u00a0 After decades of inatt&#8230;                <\/p>\n            <\/div>\n            <a aria-label=\"3 takeaways from Bel\u00e9m: how SMEs are at risk \u2013 but are also the solution\u00a0\"\n                href=\"https:\/\/smeclimatehub.org\/es\/3-takeaways-from-belem-how-smes-are-at-risk-but-are-also-the-solution\/\" class=\"link\"><\/a>\n            <\/div>\n<\/div>\n<div class=\"blog-post\">\n   \n    <div class=\"inner\">\n                    <div class=\"image\">\n                <img decoding=\"async\" width=\"663\" height=\"917\" src=\"https:\/\/smeclimatehub.org\/wp-content\/uploads\/2025\/11\/Screenshot-2025-11-15-142520.png\" class=\"attachment-full size-full\" alt=\"\" loading=\"lazy\" srcset=\"https:\/\/smeclimatehub.org\/wp-content\/uploads\/2025\/11\/Screenshot-2025-11-15-142520.png 663w, https:\/\/smeclimatehub.org\/wp-content\/uploads\/2025\/11\/Screenshot-2025-11-15-142520-217x300.png 217w\" sizes=\"auto, (max-width: 663px) 100vw, 663px\" \/>            <\/div>\n            <div class=\"text\">\n                <h3 class=\"title\">\n                    We asked 50 experts how governments can help small business climate action                <\/h3>\n                <span class=\"date\">\n                    noviembre 17, 2025                <\/span>\n                <p>\n                    Small- and medium-sized enterprises (SMEs) must act in order to meet global goals for net-zero emissions. But they can&#8217;t go at it alon&#8230;                <\/p>\n            <\/div>\n            <a aria-label=\"We asked 50 experts how governments can help small business climate action\"\n                href=\"https:\/\/smeclimatehub.org\/es\/we-asked-50-experts-how-governments-can-help-small-business-climate-action\/\" class=\"link\"><\/a>\n            <\/div>\n<\/div>\n<div class=\"blog-post\">\n   \n    <div class=\"inner\">\n                    <div class=\"image\">\n                <img decoding=\"async\" width=\"2560\" height=\"1705\" src=\"https:\/\/smeclimatehub.org\/wp-content\/uploads\/2025\/10\/latam-page-header-amazon.jpg\" class=\"attachment-full size-full\" alt=\"\" loading=\"lazy\" srcset=\"https:\/\/smeclimatehub.org\/wp-content\/uploads\/2025\/10\/latam-page-header-amazon.jpg 2560w, https:\/\/smeclimatehub.org\/wp-content\/uploads\/2025\/10\/latam-page-header-amazon-300x200.jpg 300w, https:\/\/smeclimatehub.org\/wp-content\/uploads\/2025\/10\/latam-page-header-amazon-1024x682.jpg 1024w, https:\/\/smeclimatehub.org\/wp-content\/uploads\/2025\/10\/latam-page-header-amazon-768x512.jpg 768w, https:\/\/smeclimatehub.org\/wp-content\/uploads\/2025\/10\/latam-page-header-amazon-1536x1023.jpg 1536w, https:\/\/smeclimatehub.org\/wp-content\/uploads\/2025\/10\/latam-page-header-amazon-2048x1364.jpg 2048w\" sizes=\"auto, (max-width: 2560px) 100vw, 2560px\" \/>            <\/div>\n            <div class=\"text\">\n                <h3 class=\"title\">\n                    SME Climate Hub and Global SME Support Community Urge World Leaders at COP30 to Adopt Policies to Unlock Climate Action in Small and Medium-Sized Businesses                <\/h3>\n                <span class=\"date\">\n                    noviembre 11, 2025                <\/span>\n                <p>\n                    Organizations Representing Over Six Million SMEs Across the Globe Demand Coordinated Policy Action to Incentivize SMEs, Streamline Guidance &#8230;                <\/p>\n            <\/div>\n            <a aria-label=\"SME Climate Hub and Global SME Support Community Urge World Leaders at COP30 to Adopt Policies to Unlock Climate Action in Small and Medium-Sized Businesses\"\n                href=\"https:\/\/smeclimatehub.org\/es\/world-leaders-urged-to-unlock-climate-action-for-smes\/\" class=\"link\"><\/a>\n            <\/div>\n<\/div>\n<div class=\"blog-post\">\n   \n    <div class=\"inner\">\n                    <div class=\"image\">\n                <img decoding=\"async\" width=\"1707\" height=\"2560\" src=\"https:\/\/smeclimatehub.org\/wp-content\/uploads\/2025\/10\/09.26.25_BIH_6-scaled.jpg\" class=\"attachment-full size-full\" alt=\"\" loading=\"lazy\" srcset=\"https:\/\/smeclimatehub.org\/wp-content\/uploads\/2025\/10\/09.26.25_BIH_6-scaled.jpg 1707w, https:\/\/smeclimatehub.org\/wp-content\/uploads\/2025\/10\/09.26.25_BIH_6-200x300.jpg 200w, https:\/\/smeclimatehub.org\/wp-content\/uploads\/2025\/10\/09.26.25_BIH_6-683x1024.jpg 683w, https:\/\/smeclimatehub.org\/wp-content\/uploads\/2025\/10\/09.26.25_BIH_6-768x1152.jpg 768w, https:\/\/smeclimatehub.org\/wp-content\/uploads\/2025\/10\/09.26.25_BIH_6-1024x1536.jpg 1024w, https:\/\/smeclimatehub.org\/wp-content\/uploads\/2025\/10\/09.26.25_BIH_6-1365x2048.jpg 1365w\" sizes=\"auto, (max-width: 1707px) 100vw, 1707px\" \/>            <\/div>\n            <div class=\"text\">\n                <h3 class=\"title\">\n                    Small steps add up at Branding Iron Holdings                <\/h3>\n                <span class=\"date\">\n                    octubre 06, 2025                <\/span>\n                <p>\n                    Making the business more climate-friendly was not an expressed goal of the protein product company, Branding Iron Holdings, in 2022. At the &#8230;                <\/p>\n            <\/div>\n            <a aria-label=\"Small steps add up at Branding Iron Holdings\"\n                href=\"https:\/\/smeclimatehub.org\/es\/small-steps-add-up-at-branding-iron-holdings\/\" class=\"link\"><\/a>\n            <\/div>\n<\/div>\n<div class=\"blog-post\">\n   \n    <div class=\"inner\">\n                    <div class=\"image\">\n                <img decoding=\"async\" width=\"1200\" height=\"628\" src=\"https:\/\/smeclimatehub.org\/wp-content\/uploads\/2025\/09\/foodbev-blog-field-sun.png\" class=\"attachment-full size-full\" alt=\"\" loading=\"lazy\" srcset=\"https:\/\/smeclimatehub.org\/wp-content\/uploads\/2025\/09\/foodbev-blog-field-sun.png 1200w, https:\/\/smeclimatehub.org\/wp-content\/uploads\/2025\/09\/foodbev-blog-field-sun-300x157.png 300w, https:\/\/smeclimatehub.org\/wp-content\/uploads\/2025\/09\/foodbev-blog-field-sun-1024x536.png 1024w, https:\/\/smeclimatehub.org\/wp-content\/uploads\/2025\/09\/foodbev-blog-field-sun-768x402.png 768w\" sizes=\"auto, (max-width: 1200px) 100vw, 1200px\" \/>            <\/div>\n            <div class=\"text\">\n                <h3 class=\"title\">\n                    Turning the tables: How SMEs can shape the future of food sector decarbonization                <\/h3>\n                <span class=\"date\">\n                    septiembre 15, 2025                <\/span>\n                <p>\n                    From energy to logistics, SMEs hold the keys to faster, smarter decarbonization across the food and beverage sector.                <\/p>\n            <\/div>\n            <a aria-label=\"Turning the tables: How SMEs can shape the future of food sector decarbonization\"\n                href=\"https:\/\/smeclimatehub.org\/es\/turning-the-tables-how-smes-can-shape-the-future-of-food-sector-decarbonization\/\" class=\"link\"><\/a>\n            <\/div>\n<\/div>\t\t\t\t\t<\/div>\n\t\t\t\t\t\t\t\t<div class=\"button-wrapper\">\n\t\t\t\t\t<button class=\"button bigger\" data-target=\"load_more\" type=\"button\">Leer m\u00e1s<\/button>\n\t\t\t\t<\/div>\n\t\t\t<\/form>\n\t\t<\/div>\n\t<\/div>\n<\/section>\n<div class=\"stay-updated-block darkBackground \">\n\t<div class=\"container\">\n<div class=\"column\">\n<h2>Mantente al d\u00eda<\/h2>\n<p>Suscr\u00edbete a nuestro bolet\u00edn para estar al d\u00eda de las novedades del \u00e1mbito clim\u00e1tico.<\/p>\n<\/div>\n<div class=\"column\">\n\t<button data-popup-button=\"stay-updated-form\" type=\"button\" class=\"button none\">Suscribirse<\/button>\n<\/div>\n<\/div>\n\n<\/div>","protected":false},"excerpt":{"rendered":"","protected":false},"author":10027,"featured_media":0,"parent":0,"menu_order":0,"comment_status":"closed","ping_status":"closed","template":"","meta":{"_acf_changed":false,"inline_featured_image":false,"footnotes":""},"class_list":["post-72732","page","type-page","status-publish","hentry"],"acf":[],"yoast_head":"<title>Noticias - SME Climate Hub<\/title>\n<meta name=\"robots\" content=\"index, follow, max-snippet:-1, max-image-preview:large, max-video-preview:-1\" \/>\n<link rel=\"canonical\" href=\"https:\/\/businessclimatehub.org\/es\/news\/\" \/>\n<meta property=\"og:locale\" content=\"es_ES\" \/>\n<meta property=\"og:type\" content=\"article\" \/>\n<meta property=\"og:title\" content=\"Noticias - SME Climate Hub\" \/>\n<meta property=\"og:url\" content=\"https:\/\/businessclimatehub.org\/es\/news\/\" \/>\n<meta property=\"og:site_name\" content=\"SME Climate Hub\" \/>\n<meta property=\"article:modified_time\" content=\"2025-03-27T16:49:27+00:00\" \/>\n<meta property=\"og:image\" content=\"https:\/\/smeclimatehub.org\/wp-content\/uploads\/2024\/08\/Preview_four.png\" \/>\n\t<meta property=\"og:image:width\" content=\"2000\" \/>\n\t<meta property=\"og:image:height\" content=\"1124\" \/>\n\t<meta property=\"og:image:type\" content=\"image\/png\" \/>\n<meta name=\"twitter:card\" content=\"summary_large_image\" \/>\n<meta name=\"twitter:label1\" content=\"Est. reading time\" \/>\n\t<meta name=\"twitter:data1\" content=\"1 minuto\" \/>\n<script type=\"application\/ld+json\" class=\"yoast-schema-graph\">{\"@context\":\"https:\/\/schema.org\",\"@graph\":[{\"@type\":\"WebPage\",\"@id\":\"https:\/\/businessclimatehub.org\/es\/news\/\",\"url\":\"https:\/\/businessclimatehub.org\/es\/news\/\",\"name\":\"Noticias - SME Climate Hub\",\"isPartOf\":{\"@id\":\"https:\/\/businessclimatehub.org\/es\/#website\"},\"datePublished\":\"2020-11-13T17:10:35+00:00\",\"dateModified\":\"2025-03-27T16:49:27+00:00\",\"breadcrumb\":{\"@id\":\"https:\/\/businessclimatehub.org\/es\/news\/#breadcrumb\"},\"inLanguage\":\"es\",\"potentialAction\":[{\"@type\":\"ReadAction\",\"target\":[\"https:\/\/businessclimatehub.org\/es\/news\/\"]}]},{\"@type\":\"BreadcrumbList\",\"@id\":\"https:\/\/businessclimatehub.org\/es\/news\/#breadcrumb\",\"itemListElement\":[{\"@type\":\"ListItem\",\"position\":1,\"name\":\"Home\",\"item\":\"https:\/\/smeclimatehub.org\/es\/\"},{\"@type\":\"ListItem\",\"position\":2,\"name\":\"Noticias\"}]},{\"@type\":\"WebSite\",\"@id\":\"https:\/\/businessclimatehub.org\/es\/#website\",\"url\":\"https:\/\/businessclimatehub.org\/es\/\",\"name\":\"SME Climate hub\",\"description\":\"\",\"publisher\":{\"@id\":\"https:\/\/businessclimatehub.org\/es\/#organization\"},\"potentialAction\":[{\"@type\":\"SearchAction\",\"target\":{\"@type\":\"EntryPoint\",\"urlTemplate\":\"https:\/\/businessclimatehub.org\/es\/?s={search_term_string}\"},\"query-input\":{\"@type\":\"PropertyValueSpecification\",\"valueRequired\":true,\"valueName\":\"search_term_string\"}}],\"inLanguage\":\"es\"},{\"@type\":\"Organization\",\"@id\":\"https:\/\/businessclimatehub.org\/es\/#organization\",\"name\":\"SME Climate hub\",\"url\":\"https:\/\/businessclimatehub.org\/es\/\",\"logo\":{\"@type\":\"ImageObject\",\"inLanguage\":\"es\",\"@id\":\"https:\/\/businessclimatehub.org\/es\/#\/schema\/logo\/image\/\",\"url\":\"https:\/\/smeclimatehub.org\/wp-content\/uploads\/2025\/03\/smeLogo-1.png\",\"contentUrl\":\"https:\/\/smeclimatehub.org\/wp-content\/uploads\/2025\/03\/smeLogo-1.png\",\"width\":465,\"height\":245,\"caption\":\"SME Climate hub\"},\"image\":{\"@id\":\"https:\/\/businessclimatehub.org\/es\/#\/schema\/logo\/image\/\"}}]}<\/script>","yoast_head_json":{"title":"Noticias - SME Climate Hub","robots":{"index":"index","follow":"follow","max-snippet":"max-snippet:-1","max-image-preview":"max-image-preview:large","max-video-preview":"max-video-preview:-1"},"canonical":"https:\/\/businessclimatehub.org\/es\/news\/","og_locale":"es_ES","og_type":"article","og_title":"Noticias - SME Climate Hub","og_url":"https:\/\/businessclimatehub.org\/es\/news\/","og_site_name":"SME Climate Hub","article_modified_time":"2025-03-27T16:49:27+00:00","og_image":[{"width":2000,"height":1124,"url":"https:\/\/smeclimatehub.org\/wp-content\/uploads\/2024\/08\/Preview_four.png","type":"image\/png"}],"twitter_card":"summary_large_image","twitter_misc":{"Est. reading time":"1 minuto"},"schema":{"@context":"https:\/\/schema.org","@graph":[{"@type":"WebPage","@id":"https:\/\/businessclimatehub.org\/es\/news\/","url":"https:\/\/businessclimatehub.org\/es\/news\/","name":"Noticias - SME Climate Hub","isPartOf":{"@id":"https:\/\/businessclimatehub.org\/es\/#website"},"datePublished":"2020-11-13T17:10:35+00:00","dateModified":"2025-03-27T16:49:27+00:00","breadcrumb":{"@id":"https:\/\/businessclimatehub.org\/es\/news\/#breadcrumb"},"inLanguage":"es","potentialAction":[{"@type":"ReadAction","target":["https:\/\/businessclimatehub.org\/es\/news\/"]}]},{"@type":"BreadcrumbList","@id":"https:\/\/businessclimatehub.org\/es\/news\/#breadcrumb","itemListElement":[{"@type":"ListItem","position":1,"name":"Home","item":"https:\/\/smeclimatehub.org\/es\/"},{"@type":"ListItem","position":2,"name":"Noticias"}]},{"@type":"WebSite","@id":"https:\/\/businessclimatehub.org\/es\/#website","url":"https:\/\/businessclimatehub.org\/es\/","name":"SME Climate hub","description":"","publisher":{"@id":"https:\/\/businessclimatehub.org\/es\/#organization"},"potentialAction":[{"@type":"SearchAction","target":{"@type":"EntryPoint","urlTemplate":"https:\/\/businessclimatehub.org\/es\/?s={search_term_string}"},"query-input":{"@type":"PropertyValueSpecification","valueRequired":true,"valueName":"search_term_string"}}],"inLanguage":"es"},{"@type":"Organization","@id":"https:\/\/businessclimatehub.org\/es\/#organization","name":"SME Climate hub","url":"https:\/\/businessclimatehub.org\/es\/","logo":{"@type":"ImageObject","inLanguage":"es","@id":"https:\/\/businessclimatehub.org\/es\/#\/schema\/logo\/image\/","url":"https:\/\/smeclimatehub.org\/wp-content\/uploads\/2025\/03\/smeLogo-1.png","contentUrl":"https:\/\/smeclimatehub.org\/wp-content\/uploads\/2025\/03\/smeLogo-1.png","width":465,"height":245,"caption":"SME Climate hub"},"image":{"@id":"https:\/\/businessclimatehub.org\/es\/#\/schema\/logo\/image\/"}}]}},"_links":{"self":[{"href":"https:\/\/smeclimatehub.org\/es\/wp-json\/wp\/v2\/pages\/72732","targetHints":{"allow":["GET"]}}],"collection":[{"href":"https:\/\/smeclimatehub.org\/es\/wp-json\/wp\/v2\/pages"}],"about":[{"href":"https:\/\/smeclimatehub.org\/es\/wp-json\/wp\/v2\/types\/page"}],"author":[{"embeddable":true,"href":"https:\/\/smeclimatehub.org\/es\/wp-json\/wp\/v2\/users\/10027"}],"replies":[{"embeddable":true,"href":"https:\/\/smeclimatehub.org\/es\/wp-json\/wp\/v2\/comments?post=72732"}],"version-history":[{"count":0,"href":"https:\/\/smeclimatehub.org\/es\/wp-json\/wp\/v2\/pages\/72732\/revisions"}],"wp:attachment":[{"href":"https:\/\/smeclimatehub.org\/es\/wp-json\/wp\/v2\/media?parent=72732"}],"curies":[{"name":"wp","href":"https:\/\/api.w.org\/{rel}","templated":true}]}}